{"id":103,"date":"2018-03-23T16:50:34","date_gmt":"2018-03-23T16:50:34","guid":{"rendered":"https:\/\/essencial-portugal.com\/fr\/?page_id=103"},"modified":"2023-02-28T07:45:31","modified_gmt":"2023-02-28T07:45:31","slug":"permis-de-conduire-portugais","status":"publish","type":"page","link":"https:\/\/essencial-portugal.com\/fr\/prestations-vie-courante\/permis-de-conduire-portugais\/","title":{"rendered":"Permis de conduire portugais"},"content":{"rendered":"<p><img fetchpriority=\"high\" decoding=\"async\" class=\" wp-image-288 aligncenter\" src=\"https:\/\/essencial-portugal.com\/fr\/wp-content\/uploads\/2018\/04\/cartaconduo.jpg\" alt=\"permis de conduire portugais\" width=\"338\" height=\"393\" \/><\/p>\n<p>Vous allez probablement venir vivre \u00e0 Lisbonne ou ailleurs avec votre permis de conduire \u00e9tranger. Sachez qu&rsquo;il peut \u00eatre valable durant 2 ans au Portugal, apr\u00e8s quoi il faudra l&rsquo;\u00e9changer d\u00e9finitivement contre un permis de conduire portugais. Obligation que nous allons d\u00e9tailler ici mais que vous pourrez \u00e9galement trouver sur le site de l&rsquo;<a href=\"https:\/\/pt.ambafrance.org\/L-echange-d-un-permis-francais-pour-un-permis-portugais\">ambassade fran\u00e7aise au Portugal<\/a>.<\/p>\n<p>Les francophones non membres de l&rsquo;Union Europ\u00e9enne comme le Canada peuvent conduire au Portugal \u00e9galement et peuvent faire la demande d&rsquo;un permis de conduire international aux autorit\u00e9s comp\u00e9tentes avant leur d\u00e9part et installation au Portugal.<\/p>\n<h2>Le permis de conduire international<\/h2>\n<p>Le permis de conduire portugais n&rsquo;est donc pas obligatoire pour un court s\u00e9jour mais apr\u00e8s 2 ans de r\u00e9sidence au Portugal, vous devrez modifier votre permis aupr\u00e8s de l&rsquo;IMTT. Dans le cas o\u00f9 vous avez fait la demande d&rsquo;un permis de conduire international avant votre d\u00e9part, ne vous s\u00e9parez pas de votre permis de conduire d&rsquo;origine puisqu&rsquo;il vous faudra en cas de contr\u00f4le au Portugal pr\u00e9senter les deux documents.<\/p>\n<p>Les pi\u00e8ces g\u00e9n\u00e9ralement demand\u00e9es pour obtenir ce permis de conduire international sont :<\/p>\n<ul>\n<li>Deux photos d&rsquo;identit\u00e9 r\u00e9centes<\/li>\n<li>Votre permis de conduire valide<\/li>\n<li>Une pi\u00e8ce d&rsquo;identit\u00e9 ou un passeport valide<\/li>\n<li>Le formulaire de demande du permis de conduire international rempli et sign\u00e9<\/li>\n<\/ul>\n<h2>Changer votre permis de conduire au Portugal<\/h2>\n<p>Si vous venez vivre \u00e0 Lisbonne ou ailleurs au Portugal vous aurez l&rsquo;obligation de vous pr\u00e9senter, 60 jours apr\u00e8s votre arriv\u00e9e, \u00e0 l&rsquo;Institut de la Mobilit\u00e9 et des Transports portugais (l&rsquo;<a href=\"http:\/\/www.imtt.pt\/\">IMTT<\/a>) muni :<\/p>\n<ul>\n<li>Du <a href=\"http:\/\/www.imt-ip.pt\/sites\/IMTT\/Portugues\/Formularios\/Documents\/Mod1_IMT.pdf\">formulaire Modelo 1 IMT<\/a><\/li>\n<li>De votre permis de conduire valide<\/li>\n<li>De l&rsquo;original et d&rsquo;une photocopie de votre pi\u00e8ce d&rsquo;identit\u00e9<\/li>\n<\/ul>\n<p>Cette d\u00e9marche co\u00fbte 30 euros, tout comme celle d&rsquo;\u00e9changer votre permis de conduire original pour un permis de conduire portugais. Cet \u00e9change se fait \u00e9galement \u00e0 l&rsquo;IMTT, auquel il faudra vous pr\u00e9senter apr\u00e8s 2 ans de r\u00e9sidence avec les documents suivants :<\/p>\n<ul>\n<li>Un justificatif d&rsquo;autorisation de s\u00e9jour au Portugal (<a href=\"https:\/\/essencial-portugal.com\/fr\/installation-lisbonne-portugal\/certificat-de-registre-portugais\/\">Certificat de r\u00e9sidence portugais<\/a>)<\/li>\n<li>Votre <a href=\"https:\/\/essencial-portugal.com\/fr\/installation-lisbonne-portugal\/obtenir-numero-identification-fiscal\/\">Num\u00e9ro d&rsquo;Identification Fiscal<\/a> (NIF portugais)<\/li>\n<li>Une attestation m\u00e9dicale<\/li>\n<li>Un certificat d&rsquo;aptitude psychologique si vous demandez un permis autres que les A et B<\/li>\n<li>Le <a href=\"http:\/\/www.imt-ip.pt\/sites\/IMTT\/Portugues\/Formularios\/Documents\/Mod13IMT.pdf\">formulaire Modelo 13 IMT<\/a> t\u00e9l\u00e9chargeable sur le site officiel<\/li>\n<li>Votre permis de conduire valide<\/li>\n<li>Votre pi\u00e8ce d&rsquo;identit\u00e9 ou votre passeport valide + une photocopie<\/li>\n<\/ul>\n<p>Contactez nous pour conna\u00eetre l&rsquo;ensemble des documents n\u00e9cessaires pour obtenir votre permis de conduire portugais. Nous vous accompagnerons dans la compr\u00e9hension des d\u00e9marches administratives et directement dans les administrations pour \u00e9changer votre permis de conduire.<\/p>\n<h2>A savoir pour conduire au Portugal<\/h2>\n<p>Il est toujours important avant de conduire dans un pays d&rsquo;en conna\u00eetre les r\u00e8gles. Voici donc quelques informations qui pourront vous \u00eatre utiles apr\u00e8s votre installation au Portugal :<\/p>\n<ul>\n<li>La vitesse maximale sur les autoroutes est de 120 Km\/h<\/li>\n<li>Le taux maximal d&rsquo;alcol\u00e9mie est de 0,5g par litre dans le sang<\/li>\n<li>Comme ailleurs en Europe, vous devez \u00eatre \u00e9quip\u00e9 d&rsquo;un triangle rouge et d&rsquo;un gilet jaune dans votre v\u00e9hicule<\/li>\n<li>Les ronds-points se prennent sur la voie de droite pour tourner \u00e0 droite mais sur la voie de gauche pour aller tout droit ou \u00e0 gauche<\/li>\n<\/ul>\n<p>Hormis ces quelques points, le reste des signal\u00e9tiques et autres r\u00e8gles de conduite sont similaires aux autres pays d&rsquo;Europe et ne n\u00e9cessitent pas d&rsquo;\u00eatre d\u00e9taill\u00e9es davantage.<\/p>\n<p><img decoding=\"async\" class=\"aligncenter size-full wp-image-49\" src=\"https:\/\/essencial-portugal.com\/fr\/wp-content\/uploads\/2018\/03\/permis-de-conduire-portugal-lisbonne.jpg\" alt=\"signalisation routi\u00e8re au Portugal\" width=\"700\" height=\"420\" srcset=\"https:\/\/essencial-portugal.com\/fr\/wp-content\/uploads\/2018\/03\/permis-de-conduire-portugal-lisbonne.jpg 700w, https:\/\/essencial-portugal.com\/fr\/wp-content\/uploads\/2018\/03\/permis-de-conduire-portugal-lisbonne-300x180.jpg 300w\" sizes=\"(max-width: 700px) 100vw, 700px\" \/><\/p>\n<h2>Conduire votre v\u00e9hicule au Portugal<\/h2>\n<p>Il se peut que vous souhaitiez \u00e9galement faire venir votre v\u00e9hicule directement au Portugal pour le conduire. Dans ce cas l\u00e0, pr\u00e9parez davantage votre d\u00e9part et consultez les d\u00e9marches administratives n\u00e9cessaires pour faire <a href=\"https:\/\/essencial-portugal.com\/fr\/installation-lisbonne-portugal\/immatriculer-vehicule-portugal\/\">immatriculer votre v\u00e9hicule au Portugal<\/a>. Des d\u00e9marches souvent longues et difficiles \u00e0 mettre en place pour lesquelles je peux vous recommander les bons organismes.<\/p>\n","protected":false},"excerpt":{"rendered":"<p>Vous allez probablement venir vivre \u00e0 Lisbonne ou ailleurs avec votre permis de conduire \u00e9tranger. Sachez qu&rsquo;il peut \u00eatre valable durant 2 ans au Portugal, apr\u00e8s quoi il faudra l&rsquo;\u00e9changer d\u00e9finitivement contre un permis de conduire portugais. Obligation que nous allons d\u00e9tailler ici mais que vous pourrez \u00e9galement trouver sur le site de l&rsquo;ambassade fran\u00e7aise [&hellip;]<\/p>\n","protected":false},"author":1,"featured_media":48,"parent":101,"menu_order":0,"comment_status":"closed","ping_status":"closed","template":"","meta":{"om_disable_all_campaigns":false,"_monsterinsights_skip_tracking":false,"_monsterinsights_sitenote_active":false,"_monsterinsights_sitenote_note":"","_monsterinsights_sitenote_category":0,"_uf_show_specific_survey":0,"_uf_disable_surveys":false,"site-sidebar-layout":"default","site-content-layout":"default","ast-site-content-layout":"default","site-content-style":"default","site-sidebar-style":"default","ast-global-header-display":"","ast-banner-title-visibility":"","ast-main-header-display":"","ast-hfb-above-header-display":"","ast-hfb-below-header-display":"","ast-hfb-mobile-header-display":"","site-post-title":"","ast-breadcrumbs-content":"","ast-featured-img":"","footer-sml-layout":"","ast-disable-related-posts":"","theme-transparent-header-meta":"default","adv-header-id-meta":"","stick-header-meta":"","header-above-stick-meta":"","header-main-stick-meta":"","header-below-stick-meta":"","astra-migrate-meta-layouts":"default","ast-page-background-enabled":"default","ast-page-background-meta":{"desktop":{"background-color":"","background-image":"","background-repeat":"repeat","background-position":"center center","background-size":"auto","background-attachment":"scroll","background-type":"","background-media":"","overlay-type":"","overlay-color":"","overlay-opacity":"","overlay-gradient":""},"tablet":{"background-color":"","background-image":"","background-repeat":"repeat","background-position":"center center","background-size":"auto","background-attachment":"scroll","background-type":"","background-media":"","overlay-type":"","overlay-color":"","overlay-opacity":"","overlay-gradient":""},"mobile":{"background-color":"","background-image":"","background-repeat":"repeat","background-position":"center center","background-size":"auto","background-attachment":"scroll","background-type":"","background-media":"","overlay-type":"","overlay-color":"","overlay-opacity":"","overlay-gradient":""}},"ast-content-background-meta":{"desktop":{"background-color":"var(--ast-global-color-5)","background-image":"","background-repeat":"repeat","background-position":"center center","background-size":"auto","background-attachment":"scroll","background-type":"","background-media":"","overlay-type":"","overlay-color":"","overlay-opacity":"","overlay-gradient":""},"tablet":{"background-color":"var(--ast-global-color-5)","background-image":"","background-repeat":"repeat","background-position":"center center","background-size":"auto","background-attachment":"scroll","background-type":"","background-media":"","overlay-type":"","overlay-color":"","overlay-opacity":"","overlay-gradient":""},"mobile":{"background-color":"var(--ast-global-color-5)","background-image":"","background-repeat":"repeat","background-position":"center center","background-size":"auto","background-attachment":"scroll","background-type":"","background-media":"","overlay-type":"","overlay-color":"","overlay-opacity":"","overlay-gradient":""}},"footnotes":""},"class_list":["post-103","page","type-page","status-publish","has-post-thumbnail","hentry"],"aioseo_notices":[],"_links":{"self":[{"href":"https:\/\/essencial-portugal.com\/fr\/wp-json\/wp\/v2\/pages\/103","targetHints":{"allow":["GET"]}}],"collection":[{"href":"https:\/\/essencial-portugal.com\/fr\/wp-json\/wp\/v2\/pages"}],"about":[{"href":"https:\/\/essencial-portugal.com\/fr\/wp-json\/wp\/v2\/types\/page"}],"author":[{"embeddable":true,"href":"https:\/\/essencial-portugal.com\/fr\/wp-json\/wp\/v2\/users\/1"}],"replies":[{"embeddable":true,"href":"https:\/\/essencial-portugal.com\/fr\/wp-json\/wp\/v2\/comments?post=103"}],"version-history":[{"count":0,"href":"https:\/\/essencial-portugal.com\/fr\/wp-json\/wp\/v2\/pages\/103\/revisions"}],"up":[{"embeddable":true,"href":"https:\/\/essencial-portugal.com\/fr\/wp-json\/wp\/v2\/pages\/101"}],"wp:featuredmedia":[{"embeddable":true,"href":"https:\/\/essencial-portugal.com\/fr\/wp-json\/wp\/v2\/media\/48"}],"wp:attachment":[{"href":"https:\/\/essencial-portugal.com\/fr\/wp-json\/wp\/v2\/media?parent=103"}],"curies":[{"name":"wp","href":"https:\/\/api.w.org\/{rel}","templated":true}]}}