{"id":1473,"date":"2019-03-26T10:23:42","date_gmt":"2019-03-26T10:23:42","guid":{"rendered":"https:\/\/essencial-portugal.com\/fr\/?page_id=1473"},"modified":"2022-12-13T16:21:09","modified_gmt":"2022-12-13T16:21:09","slug":"mentions-legales","status":"publish","type":"page","link":"https:\/\/essencial-portugal.com\/fr\/mentions-legales\/","title":{"rendered":"Mentions l\u00e9gales"},"content":{"rendered":"\r\n<p>Les pr\u00e9sentes conditions g\u00e9n\u00e9rales fixent les modalit\u00e9s d\u2019utilisation du service web https:\/\/essencial-portugal.com\/.<br \/>L\u2019utilisateur reconnait avoir pris connaissance de ce document et accept\u00e9 l\u2019ensemble de ces informations, que cet usage soit fait \u00e0 titre personnel ou professionnel. Si cet usage est fait \u00e0 titre professionnel, l\u2019utilisateur garantit d\u00e9tenir les pouvoirs n\u00e9cessaires pour accepter ces conditions g\u00e9n\u00e9rales au sein de son organisation.<\/p>\r\n\r\n\r\n\r\n<p><strong>\u00c9diteur du site<\/strong><br \/>Ce site est \u00e9dit\u00e9 par Victor P.<\/p>\r\n\r\n\r\n\r\n<p><strong>H\u00e9bergement<\/strong><br \/>Ce site est h\u00e9berg\u00e9 par la soci\u00e9t\u00e9 Iveille (IPfixe).<\/p>\r\n\r\n\r\n\r\n<p><strong>Responsabilit\u00e9<\/strong><br \/>L\u2019\u00e9diteur du site met \u00e0 disposition un large contenu d\u2019informations gratuit. Il s\u2019assure en permanence de mettre les moyens \u00e0 sa disposition pour s\u2019assurer de la qualit\u00e9 de ces contenus. Toutefois, il advient \u00e0 l\u2019utilisateur de s\u2019assurer de la pertinence de ces informations au regard de sa situation. L\u2019utilisateur s\u2019engage donc \u00e0 utiliser ces informations sous son enti\u00e8re responsabilit\u00e9 et d\u00e9gage l\u2019\u00e9diteur de toute responsabilit\u00e9 \u00e0 cet \u00e9gard.<\/p>\r\n<p>Essencial Portugal est un site de mise en relation entre ses visiteurs et les professionnels agr\u00e9\u00e9s pour la r\u00e9alisation des services \u00e9nonc\u00e9s. Ces services ne peuvent \u00eatre r\u00e9alis\u00e9s, propos\u00e9s et factur\u00e9s que par des professionnels agr\u00e9\u00e9s au Portugal : comptables, avocats, professionnels de l&rsquo;immobilier, architectes, solicitadors, courtiers en assurance&#8230;<\/p>\r\n\r\n\r\n\r\n<p><strong>Propri\u00e9t\u00e9 intellectuelle<\/strong><br \/>La structure g\u00e9n\u00e9rale ainsi que les textes, images et vid\u00e9os, son savoir-faire et tous les autres \u00e9l\u00e9ments composant le site sont la propri\u00e9t\u00e9 exclusive de l\u2019\u00e9diteur du site, sauf mention contraire.<\/p>\r\n\r\n\r\n\r\n<p>Toute repr\u00e9sentation totale ou partielle de ce site par quelle que personne que ce soit, sans l\u2019autorisation expresse de l\u2019\u00e9diteur est interdite et constituerait une contrefa\u00e7on sanctionn\u00e9e par les articles L. 335-2 et suivants du Code de la propri\u00e9t\u00e9 intellectuelle. Cela dit, conform\u00e9ment \u00e0 l\u2019article L. 122-5 du Code de la propri\u00e9t\u00e9 intellectuelle, les courtes citations du contenu sont autoris\u00e9es, sous r\u00e9serve que soient indiqu\u00e9s clairement le nom de l\u2019auteur et de la source, par un lien vers une des pages de ce site web.<\/p>\r\n\r\n\r\n\r\n<p><strong>Responsabilit\u00e9 dans l\u2019utilisation du service<\/strong><br \/>L\u2019utilisateur s\u2019engage \u00e0 ne pas perturber le fonctionnement du service offert sur https:\/\/essencial-portugal.com\/ de quelque mani\u00e8re que ce soit.<br \/>En particulier, l\u2019utilisateur s\u2019engage \u00e0 s\u2019abstenir de poster des messages illicites, diffamants ou insultants sur tout ou partie du site.<\/p>\r\n\r\n\r\n\r\n<p>Les commentaires d\u00e9pos\u00e9s par les internautes refl\u00e8tent exclusivement l\u2019avis de leurs auteurs et demeurent sous leur responsabilit\u00e9. En \u00e9crivant des commentaires sur le site, l\u2019internaute accepte de se soumettre aux lois fran\u00e7aises et internationales.<\/p>\r\n\r\n\r\n\r\n<p>Les administrateurs du site se r\u00e9servent le droit de mod\u00e9rer, modifier ou supprimer tout commentaire qu\u2019ils jugeraient contraire \u00e0 ces lois.<\/p>\r\n\r\n\r\n\r\n<p><strong>Cookies<\/strong><br \/>L\u2019utilisateur est inform\u00e9 que des cookies peuvent s\u2019installer sur son navigateur. Dans tous les cas l\u2019utilisateur peut librement effacer ses cookies de son navigateur.<\/p>\r\n\r\n\r\n\r\n<p><strong>Affiliation\/partenariat<\/strong><br \/>Par ce site internet, je cherche avant tout \u00e0 vous apporter le plus d&rsquo;informations possibles, de fa\u00e7on gratuite. Pour ce faire, j\u2019ai une relation d\u2019affili\u00e9\/partenariat avec certains fournisseurs de biens et de services dont je parle sur le site internet. Je peux donc recevoir une compensation quand vous achetez un bien ou un service \u00e0 ces fournisseurs, sans que cela augmente le prix final que vous allez payer. Ces commissions me permettent de vous offrir toujours plus de contenu gratuitement. Sachez que par int\u00e9grit\u00e9 intellectuelle et professionnelle, je ne recommanderai jamais un service que je n\u2019estime pas \u00eatre de qualit\u00e9.<\/p>\r\n<p><strong>Protection des donn\u00e9es<br \/><\/strong>En remplissant les formulaires de contact pr\u00e9sents sur le site internet www.essencial-portugal.com, l&rsquo;utilisateur donne son autorisation au propri\u00e9taire Victor P. de transmettre ses coordonn\u00e9es \u00e0 un partenaire pouvant r\u00e9pondre \u00e0 sa demande afin d&rsquo;\u00eatre recontact\u00e9 et accompagn\u00e9 dans sa demande.\u00a0<\/p>\r\n<p>Sur le site www.essencial-portugal.com, le propri\u00e9taire du site ne collecte que les informations personnelles transmises par l&rsquo;utilisateur pour le besoin des services demand\u00e9s et propos\u00e9s par des partenaires tri\u00e9s sur le volet. L&rsquo;utilisateur fournit ces informations en toute connaissance de cause, notamment lorsqu&rsquo;il proc\u00e8de par lui-m\u00eame \u00e0 leur saisie et pour \u00eatre recontact\u00e9 par un prestataire r\u00e9pondant \u00e0 ses besoins. Il est alors pr\u00e9cis\u00e9 \u00e0 l&rsquo;utilisateur du site www.essencial-portugal.com l\u2019obligation ou non de fournir ces informations.<\/p>\r\n<p>Aucune information personnelle de l&rsquo;utilisateur du site www.essencial-portugal.com n&rsquo;est publi\u00e9e, \u00e9chang\u00e9e, transf\u00e9r\u00e9e, c\u00e9d\u00e9e ou vendue sur un support quelconque \u00e0 des tiers \u00e0 son insu.<\/p>\r\n<p>Victor P. ne dispose d&rsquo;aucune Base de donn\u00e9e r\u00e9coltant et enregistrant les donn\u00e9es personnelles des utilisateurs. Seule une copie de la demande transmise via les formulaires de contact peut \u00eatre conserv\u00e9e par e-mail.<\/p>\r\n<p>Conform\u00e9ment aux dispositions des articles 38 et suivants de la loi 78-17 du 6 janvier 1978 relative \u00e0 l\u2019informatique, aux fichiers et aux libert\u00e9s, tout utilisateur dispose d\u2019un droit d\u2019acc\u00e8s, de rectification, de suppression et d\u2019opposition aux donn\u00e9es personnelles le concernant. Pour l\u2019exercer, adressez votre demande par email \u00e0 [contact at essencial-portugal.com], accompagn\u00e9e d\u2019une copie du titre d\u2019identit\u00e9 avec signature du titulaire de la pi\u00e8ce. La copie de votre email de contact sera imm\u00e9diatement supprim\u00e9e.<\/p>\r\n\r\n\r\n\r\n<p><strong>Propri\u00e9t\u00e9<\/strong><br \/>Ce site est la propri\u00e9t\u00e9 exclusive de Victor P. et de la soci\u00e9t\u00e9 BESEEO, UNIPESSOAL LDA. Toute reproduction ou traduction sans son autorisation, \u00e0 des fins de publication en ligne ou de transmission \u00e0 des tiers est formellement interdite.<\/p>\r\n","protected":false},"excerpt":{"rendered":"<p>Les pr\u00e9sentes conditions g\u00e9n\u00e9rales fixent les modalit\u00e9s d\u2019utilisation du service web https:\/\/essencial-portugal.com\/.L\u2019utilisateur reconnait avoir pris connaissance de ce document et accept\u00e9 l\u2019ensemble de ces informations, que cet usage soit fait \u00e0 titre personnel ou professionnel. Si cet usage est fait \u00e0 titre professionnel, l\u2019utilisateur garantit d\u00e9tenir les pouvoirs n\u00e9cessaires pour accepter ces conditions g\u00e9n\u00e9rales au [&hellip;]<\/p>\n","protected":false},"author":1,"featured_media":0,"parent":0,"menu_order":0,"comment_status":"closed","ping_status":"closed","template":"","meta":{"om_disable_all_campaigns":false,"_monsterinsights_skip_tracking":false,"_monsterinsights_sitenote_active":false,"_monsterinsights_sitenote_note":"","_monsterinsights_sitenote_category":0,"_uf_show_specific_survey":0,"_uf_disable_surveys":false,"site-sidebar-layout":"default","site-content-layout":"default","ast-site-content-layout":"default","site-content-style":"default","site-sidebar-style":"default","ast-global-header-display":"","ast-banner-title-visibility":"","ast-main-header-display":"","ast-hfb-above-header-display":"","ast-hfb-below-header-display":"","ast-hfb-mobile-header-display":"","site-post-title":"","ast-breadcrumbs-content":"","ast-featured-img":"","footer-sml-layout":"","ast-disable-related-posts":"","theme-transparent-header-meta":"default","adv-header-id-meta":"","stick-header-meta":"","header-above-stick-meta":"","header-main-stick-meta":"","header-below-stick-meta":"","astra-migrate-meta-layouts":"default","ast-page-background-enabled":"default","ast-page-background-meta":{"desktop":{"background-color":"","background-image":"","background-repeat":"repeat","background-position":"center center","background-size":"auto","background-attachment":"scroll","background-type":"","background-media":"","overlay-type":"","overlay-color":"","overlay-opacity":"","overlay-gradient":""},"tablet":{"background-color":"","background-image":"","background-repeat":"repeat","background-position":"center center","background-size":"auto","background-attachment":"scroll","background-type":"","background-media":"","overlay-type":"","overlay-color":"","overlay-opacity":"","overlay-gradient":""},"mobile":{"background-color":"","background-image":"","background-repeat":"repeat","background-position":"center center","background-size":"auto","background-attachment":"scroll","background-type":"","background-media":"","overlay-type":"","overlay-color":"","overlay-opacity":"","overlay-gradient":""}},"ast-content-background-meta":{"desktop":{"background-color":"var(--ast-global-color-5)","background-image":"","background-repeat":"repeat","background-position":"center center","background-size":"auto","background-attachment":"scroll","background-type":"","background-media":"","overlay-type":"","overlay-color":"","overlay-opacity":"","overlay-gradient":""},"tablet":{"background-color":"var(--ast-global-color-5)","background-image":"","background-repeat":"repeat","background-position":"center center","background-size":"auto","background-attachment":"scroll","background-type":"","background-media":"","overlay-type":"","overlay-color":"","overlay-opacity":"","overlay-gradient":""},"mobile":{"background-color":"var(--ast-global-color-5)","background-image":"","background-repeat":"repeat","background-position":"center center","background-size":"auto","background-attachment":"scroll","background-type":"","background-media":"","overlay-type":"","overlay-color":"","overlay-opacity":"","overlay-gradient":""}},"footnotes":""},"class_list":["post-1473","page","type-page","status-publish","hentry"],"aioseo_notices":[],"_links":{"self":[{"href":"https:\/\/essencial-portugal.com\/fr\/wp-json\/wp\/v2\/pages\/1473","targetHints":{"allow":["GET"]}}],"collection":[{"href":"https:\/\/essencial-portugal.com\/fr\/wp-json\/wp\/v2\/pages"}],"about":[{"href":"https:\/\/essencial-portugal.com\/fr\/wp-json\/wp\/v2\/types\/page"}],"author":[{"embeddable":true,"href":"https:\/\/essencial-portugal.com\/fr\/wp-json\/wp\/v2\/users\/1"}],"replies":[{"embeddable":true,"href":"https:\/\/essencial-portugal.com\/fr\/wp-json\/wp\/v2\/comments?post=1473"}],"version-history":[{"count":0,"href":"https:\/\/essencial-portugal.com\/fr\/wp-json\/wp\/v2\/pages\/1473\/revisions"}],"wp:attachment":[{"href":"https:\/\/essencial-portugal.com\/fr\/wp-json\/wp\/v2\/media?parent=1473"}],"curies":[{"name":"wp","href":"https:\/\/api.w.org\/{rel}","templated":true}]}}