{"id":177,"date":"2018-03-23T18:32:55","date_gmt":"2018-03-23T18:32:55","guid":{"rendered":"https:\/\/essencial-portugal.com\/fr\/?page_id=177"},"modified":"2023-01-06T06:42:54","modified_gmt":"2023-01-06T06:42:54","slug":"qui-sommes-nous","status":"publish","type":"page","link":"https:\/\/essencial-portugal.com\/fr\/qui-sommes-nous\/","title":{"rendered":"Qui suis-je ?"},"content":{"rendered":"<p>Essencial Portugal, c&rsquo;est avant tout mon histoire : Victor, originaire de Lyon, qui a d\u00e9cid\u00e9 en 2015 et du jour au lendemain de tout vendre, de monter dans sa voiture et de rouler jusqu&rsquo;au Portugal. Il a donc fallu avant le d\u00e9part que je me renseigne sur l&rsquo;ensemble des d\u00e9marches \u00e0 effectuer pour vivre dans ce nouveau pays et que je me confronte aux premi\u00e8res probl\u00e9matiques :<\/p>\n<ul>\n<li>Faire le tri dans les nombreuses informations contradictoires du web<\/li>\n<li>Trouver des correspondants sur place parlant le fran\u00e7ais pour nous \u00e9clairer<\/li>\n<li>Comprendre le march\u00e9 immobilier pour d\u00e9finir un lieu d&rsquo;installation<\/li>\n<li>D\u00e9marrer certaines d\u00e9marches \u00e0 distance comme le choix de la bonne mutuelle ou l&rsquo;immatriculation du v\u00e9hicule<\/li>\n<li>Pr\u00e9parer un plan d&rsquo;attaque de l&rsquo;ensemble des d\u00e9marches administratives obligatoires<\/li>\n<li>Comprendre le fonctionnement des syst\u00e8mes de sant\u00e9 pour notre fils<\/li>\n<\/ul>\n<p>Une \u00e9tape difficile mais n\u00e9cessaire qui par manque d&rsquo;interlocuteurs et d&rsquo;informations m&rsquo;a pouss\u00e9 \u00e0 faire des erreurs que j&rsquo;ai pu corriger avec le temps : mauvais choix d&rsquo;assurance, innombrables allers-retours dans les administrations, mauvaise connaissance dans l&rsquo;ordre des d\u00e9marches \u00e0 effectuer, beaucoup d&rsquo;argent perdu en locations saisonni\u00e8res, probl\u00e8mes de communication ou de compr\u00e9hension des documents en portugais, recherche d&rsquo;accompagnateurs dans la cr\u00e9ation de mon entreprise \u00e0 Lisbonne et j&rsquo;en passe.<\/p>\n<p>Est alors n\u00e9e l&rsquo;id\u00e9e que j&rsquo;aurais pu \u00e9conomiser beaucoup de temps, d&rsquo;argent et d&rsquo;\u00e9nergie si j&rsquo;avais eu les bons contacts, les bonnes informations et que j&rsquo;avais pu faire appel \u00e0 des franco-portugais capables de m&rsquo;accompagner dans tout mon processus d&rsquo;installation au Portugal. J&rsquo;ai donc d\u00e9cid\u00e9 de cr\u00e9er Essencial Portugal (Essentiel Portugal) sur la base de mes connaissances administratives et des probl\u00e8mes que j&rsquo;ai moi-m\u00eame rencontr\u00e9s. Je n&rsquo;ai qu&rsquo;un seul objectif : faciliter l&rsquo;installation et les d\u00e9marches de la vie courante de tous les francophones qui souhaiteraient eux aussi tenter l&rsquo;aventure au Portugal.<\/p>\n<p>Vous trouverez sur ce site web toutes les informations qui me semblent importantes pour vous renseigner et bien pr\u00e9parer votre expatriation. Une question ? Une demande particuli\u00e8re ? Une pr\u00e9cision ? Contactez-moi, j&rsquo;essayerais de vous renseigner et de vous rediriger au mieux vers des personnes francophones s\u00e9rieuses, de confiance et implant\u00e9es au Portugal.<\/p>\n<p style=\"text-align: center;\"><a class=\"Cbutton\" href=\"https:\/\/essencial-portugal.com\/fr\/contactez-essencial-portugal\" target=\"_blank\" rel=\"noopener noreferrer\">CONTACT<\/a><\/p>\n","protected":false},"excerpt":{"rendered":"<p>Essencial Portugal, c&rsquo;est avant tout mon histoire : Victor, originaire de Lyon, qui a d\u00e9cid\u00e9 en 2015 et du jour au lendemain de tout vendre, de monter dans sa voiture et de rouler jusqu&rsquo;au Portugal. Il a donc fallu avant le d\u00e9part que je me renseigne sur l&rsquo;ensemble des d\u00e9marches \u00e0 effectuer pour vivre dans [&hellip;]<\/p>\n","protected":false},"author":1,"featured_media":0,"parent":0,"menu_order":0,"comment_status":"closed","ping_status":"closed","template":"","meta":{"om_disable_all_campaigns":false,"_monsterinsights_skip_tracking":false,"_monsterinsights_sitenote_active":false,"_monsterinsights_sitenote_note":"","_monsterinsights_sitenote_category":0,"_uf_show_specific_survey":0,"_uf_disable_surveys":false,"site-sidebar-layout":"default","site-content-layout":"default","ast-site-content-layout":"default","site-content-style":"default","site-sidebar-style":"default","ast-global-header-display":"","ast-banner-title-visibility":"","ast-main-header-display":"","ast-hfb-above-header-display":"","ast-hfb-below-header-display":"","ast-hfb-mobile-header-display":"","site-post-title":"","ast-breadcrumbs-content":"","ast-featured-img":"","footer-sml-layout":"","ast-disable-related-posts":"","theme-transparent-header-meta":"default","adv-header-id-meta":"","stick-header-meta":"","header-above-stick-meta":"","header-main-stick-meta":"","header-below-stick-meta":"","astra-migrate-meta-layouts":"default","ast-page-background-enabled":"default","ast-page-background-meta":{"desktop":{"background-color":"","background-image":"","background-repeat":"repeat","background-position":"center center","background-size":"auto","background-attachment":"scroll","background-type":"","background-media":"","overlay-type":"","overlay-color":"","overlay-opacity":"","overlay-gradient":""},"tablet":{"background-color":"","background-image":"","background-repeat":"repeat","background-position":"center center","background-size":"auto","background-attachment":"scroll","background-type":"","background-media":"","overlay-type":"","overlay-color":"","overlay-opacity":"","overlay-gradient":""},"mobile":{"background-color":"","background-image":"","background-repeat":"repeat","background-position":"center center","background-size":"auto","background-attachment":"scroll","background-type":"","background-media":"","overlay-type":"","overlay-color":"","overlay-opacity":"","overlay-gradient":""}},"ast-content-background-meta":{"desktop":{"background-color":"var(--ast-global-color-5)","background-image":"","background-repeat":"repeat","background-position":"center center","background-size":"auto","background-attachment":"scroll","background-type":"","background-media":"","overlay-type":"","overlay-color":"","overlay-opacity":"","overlay-gradient":""},"tablet":{"background-color":"var(--ast-global-color-5)","background-image":"","background-repeat":"repeat","background-position":"center center","background-size":"auto","background-attachment":"scroll","background-type":"","background-media":"","overlay-type":"","overlay-color":"","overlay-opacity":"","overlay-gradient":""},"mobile":{"background-color":"var(--ast-global-color-5)","background-image":"","background-repeat":"repeat","background-position":"center center","background-size":"auto","background-attachment":"scroll","background-type":"","background-media":"","overlay-type":"","overlay-color":"","overlay-opacity":"","overlay-gradient":""}},"footnotes":""},"class_list":["post-177","page","type-page","status-publish","hentry"],"aioseo_notices":[],"_links":{"self":[{"href":"https:\/\/essencial-portugal.com\/fr\/wp-json\/wp\/v2\/pages\/177","targetHints":{"allow":["GET"]}}],"collection":[{"href":"https:\/\/essencial-portugal.com\/fr\/wp-json\/wp\/v2\/pages"}],"about":[{"href":"https:\/\/essencial-portugal.com\/fr\/wp-json\/wp\/v2\/types\/page"}],"author":[{"embeddable":true,"href":"https:\/\/essencial-portugal.com\/fr\/wp-json\/wp\/v2\/users\/1"}],"replies":[{"embeddable":true,"href":"https:\/\/essencial-portugal.com\/fr\/wp-json\/wp\/v2\/comments?post=177"}],"version-history":[{"count":0,"href":"https:\/\/essencial-portugal.com\/fr\/wp-json\/wp\/v2\/pages\/177\/revisions"}],"wp:attachment":[{"href":"https:\/\/essencial-portugal.com\/fr\/wp-json\/wp\/v2\/media?parent=177"}],"curies":[{"name":"wp","href":"https:\/\/api.w.org\/{rel}","templated":true}]}}