{"id":2958,"date":"2019-06-07T08:18:52","date_gmt":"2019-06-07T08:18:52","guid":{"rendered":"https:\/\/essencial-portugal.com\/fr\/?page_id=2958"},"modified":"2023-02-28T07:40:10","modified_gmt":"2023-02-28T07:40:10","slug":"comptable-francophone-lisbonne-portugal","status":"publish","type":"page","link":"https:\/\/essencial-portugal.com\/fr\/entreprise-portugal\/comptable-francophone-lisbonne-portugal\/","title":{"rendered":"Comptable francophone \u00e0 Lisbonne, Portugal"},"content":{"rendered":"<p>La cr\u00e9ation d&rsquo;une entreprise au Portugal est une chose mais la gestion de la comptabilit\u00e9 tout au long de l&rsquo;ann\u00e9e en est une autre. Quelle que soit la taille de votre entreprise, vous aurez la n\u00e9cessit\u00e9 durant l&rsquo;ann\u00e9e de g\u00e9rer votre facturation, d&rsquo;avoir une vue g\u00e9n\u00e9rale sur votre situation financi\u00e8re,\u00a0 de r\u00e9pondre aux diff\u00e9rentes obligations fiscales en vigueur au Portugal, d&rsquo;effectuer les d\u00e9clarations obligatoire, d&rsquo;\u00eatre accompagn\u00e9 d&rsquo;un <strong>expert comptable francophone<\/strong> en cas de contr\u00f4le fiscal ou encore si vous souhaitez r\u00e9aliser des analyses financi\u00e8res dans le cadre d&rsquo;investissements ou de financements.<\/p>\n<p>&nbsp;<\/p>\n<p><img fetchpriority=\"high\" decoding=\"async\" class=\"aligncenter size-full wp-image-2965\" src=\"https:\/\/essencial-portugal.com\/fr\/wp-content\/uploads\/2019\/06\/expert-comptable-francophone-lisbonne-portugal.jpg\" alt=\"Expert comptable francophone Lisbonne Portugal\" width=\"620\" height=\"312\" srcset=\"https:\/\/essencial-portugal.com\/fr\/wp-content\/uploads\/2019\/06\/expert-comptable-francophone-lisbonne-portugal.jpg 620w, https:\/\/essencial-portugal.com\/fr\/wp-content\/uploads\/2019\/06\/expert-comptable-francophone-lisbonne-portugal-300x151.jpg 300w\" sizes=\"(max-width: 620px) 100vw, 620px\" \/><\/p>\n<p>&nbsp;<\/p>\n<h2>Cabinet comptable francophone \u00e0 Lisbonne<\/h2>\n<p>Vous pouvez utiliser le bouton de contact ci-dessous et remplir le formulaire d\u00e9di\u00e9 si vous souhaitez \u00eatre accompagn\u00e9 par un cabinet de <strong>comptables et d&rsquo;experts comptables francophones \u00e0 Lisbonne<\/strong>. Ils sont install\u00e9s dans la capitale portugaise mais peuvent effectuer la <strong>gestion comptable<\/strong> de votre entreprise \u00e0 distance sans que cela ne soit un probl\u00e8me. Ce cabinet est compos\u00e9 de nombreux comptables francophones et a accompagn\u00e9 ces 8 derni\u00e8res ann\u00e9es plus de 200 clients que ce soit pour la gestion comptable, l&rsquo;implantation d&rsquo;entreprises au Portugal, le rachat de soci\u00e9t\u00e9s ou encore l&rsquo;externalisation de toute la gestion des ressources humaines.<\/p>\n<p>Vous pouvez remplir le formulaire ci-dessous afin d&rsquo;\u00eatre recontact\u00e9 au plus vite pour discuter de votre <strong>projet d&rsquo;entreprise au Portugal<\/strong>, vous faire accompagner et consulter plus bas l&rsquo;ensemble de leurs services de <strong>comptabilit\u00e9 francophone \u00e0 Lisbonne et au Portugal<\/strong>.<\/p>\n<p style=\"text-align: center;\"><div class=\"wpforms-container wpforms-container-full\" id=\"wpforms-4009\"><form id=\"wpforms-form-4009\" class=\"wpforms-validate wpforms-form\" data-formid=\"4009\" method=\"post\" enctype=\"multipart\/form-data\" action=\"\/fr\/wp-json\/wp\/v2\/pages\/2958\" data-token=\"f189e0e1a9d89bec770f2f1da88f79d9\" data-token-time=\"1776649411\"><noscript class=\"wpforms-error-noscript\">Veuillez activer JavaScript dans votre navigateur pour remplir ce formulaire.<\/noscript><div class=\"wpforms-field-container\"><div id=\"wpforms-4009-field_0-container\" class=\"wpforms-field wpforms-field-name\" data-field-id=\"0\"><label class=\"wpforms-field-label\">Nom <span class=\"wpforms-required-label\">*<\/span><\/label><div class=\"wpforms-field-row wpforms-field-medium\"><div class=\"wpforms-field-row-block wpforms-first wpforms-one-half\"><input type=\"text\" id=\"wpforms-4009-field_0\" class=\"wpforms-field-name-first wpforms-field-required\" name=\"wpforms[fields][0][first]\" required><label for=\"wpforms-4009-field_0\" class=\"wpforms-field-sublabel after\">Pr\u00e9nom<\/label><\/div><div class=\"wpforms-field-row-block wpforms-one-half\"><input type=\"text\" id=\"wpforms-4009-field_0-last\" class=\"wpforms-field-name-last wpforms-field-required\" name=\"wpforms[fields][0][last]\" required><label for=\"wpforms-4009-field_0-last\" class=\"wpforms-field-sublabel after\">Nom<\/label><\/div><\/div><\/div><div id=\"wpforms-4009-field_1-container\" class=\"wpforms-field wpforms-field-email\" data-field-id=\"1\"><label class=\"wpforms-field-label\" for=\"wpforms-4009-field_1\">E-mail <span class=\"wpforms-required-label\">*<\/span><\/label><input type=\"email\" id=\"wpforms-4009-field_1\" class=\"wpforms-field-medium wpforms-field-required\" name=\"wpforms[fields][1]\" spellcheck=\"false\" required><\/div><div id=\"wpforms-4009-field_6-container\" class=\"wpforms-field wpforms-field-phone\" data-field-id=\"6\"><label class=\"wpforms-field-label\" for=\"wpforms-4009-field_6\">T\u00e9l\u00e9phone <span class=\"wpforms-required-label\">*<\/span><\/label><input type=\"tel\" id=\"wpforms-4009-field_6\" class=\"wpforms-field-medium wpforms-field-required wpforms-smart-phone-field\" data-rule-smart-phone-field=\"true\" name=\"wpforms[fields][6]\" aria-label=\"T\u00e9l\u00e9phone\" required><\/div><div id=\"wpforms-4009-field_5-container\" class=\"wpforms-field wpforms-field-text\" data-field-id=\"5\"><label class=\"wpforms-field-label\" for=\"wpforms-4009-field_5\">Objet <span class=\"wpforms-required-label\">*<\/span><\/label><input type=\"text\" id=\"wpforms-4009-field_5\" class=\"wpforms-field-medium wpforms-field-required\" name=\"wpforms[fields][5]\" required><\/div><div id=\"wpforms-4009-field_2-container\" class=\"wpforms-field wpforms-field-textarea\" data-field-id=\"2\"><label class=\"wpforms-field-label\" for=\"wpforms-4009-field_2\">Votre projet \/ Vos besoins <span class=\"wpforms-required-label\">*<\/span><\/label><textarea id=\"wpforms-4009-field_2\" class=\"wpforms-field-medium wpforms-field-required\" name=\"wpforms[fields][2]\" required><\/textarea><\/div><\/div><!-- .wpforms-field-container --><div class=\"wpforms-field wpforms-field-hp\"><label for=\"wpforms-4009-field-hp\" class=\"wpforms-field-label\">Email<\/label><input type=\"text\" name=\"wpforms[hp]\" id=\"wpforms-4009-field-hp\" class=\"wpforms-field-medium\"><\/div><div class=\"wpforms-submit-container\" ><input type=\"hidden\" name=\"wpforms[id]\" value=\"4009\"><input type=\"hidden\" name=\"page_title\" value=\"\"><input type=\"hidden\" name=\"page_url\" value=\"https:\/\/essencial-portugal.com\/fr\/wp-json\/wp\/v2\/pages\/2958\"><input type=\"hidden\" name=\"url_referer\" value=\"\"><button type=\"submit\" name=\"wpforms[submit]\" id=\"wpforms-submit-4009\" class=\"wpforms-submit\" data-alt-text=\"Envoi...\" data-submit-text=\"Envoyer\" aria-live=\"assertive\" value=\"wpforms-submit\">Envoyer<\/button><\/div><\/form><\/div>  <!-- .wpforms-container --><\/p>\n<blockquote><p>En validant le formulaire de contact, vous m&rsquo;autorisez \u00e0 transmettre votre demande \u00e0 une personne francophone qui pourra vous recontacter directement. Rien n&rsquo;est automatis\u00e9 : ce sont des personnes que je connais, bas\u00e9es \u00e0 Lisbonne et qui sont qualifi\u00e9es pour vous accompagner dans votre d\u00e9marche &amp; votre projet.<\/p>\n<p>Essencial Portugal est un site internet de mise en relation entre des particuliers \/ entreprises et professionnels agr\u00e9\u00e9s de confiance au Portugal pour la r\u00e9alisation de projets dans le pays. Seuls ces professionnels certifi\u00e9s et agr\u00e9\u00e9s sont en mesure de vous informer, de proposer et de facturer ces services.<\/p><\/blockquote>\n<h2>Gestion comptable francophone Lisbonne et Portugal<\/h2>\n<p>Vous trouverez ci-dessous l&rsquo;ensemble des services de comptabilit\u00e9 dans ou hors plan comptable et pour lesquels les comptables francophones de Lisbonne peuvent vous accompagner.<\/p>\n<h3>Services de comptabilit\u00e9 francophone (Plan comptable)<\/h3>\n<ul>\n<li>Encodage des factures de fournisseurs<\/li>\n<li>Encodage des factures et d\u00e9penses diverses<\/li>\n<li>Envoie du Fichier <em>Saft<\/em> (communication des documents de vente)<\/li>\n<li>Encodage des factures clients<\/li>\n<li>Enregistrement des mouvements de caisse<\/li>\n<li>Tr\u00e9sorerie, comptes bancaires, devises, r\u00e9conciliation bancaire<\/li>\n<li>Cr\u00e9ances et actifs<\/li>\n<li>Loyers, leasings<\/li>\n<li>Documents internes<\/li>\n<li>Comptabilisation du co\u00fbt salarial<\/li>\n<li>Pr\u00e9paration et envoie de la d\u00e9claration annuelle de revenus et retenu des r\u00e9sidents (Mod.10) et d\u00e9claration Individuelles des revenus<\/li>\n<li>Communication des inventaires<\/li>\n<li>V\u00e9rification et envoie des imp\u00f4ts (IUC , IMI, etc)<\/li>\n<li>Relev\u00e9s de comptes<\/li>\n<li>Bilan et analyse mensuelle ou trimestrielle (selon le r\u00e9gime de TVA)<\/li>\n<li>D\u00e9claration d\u2019Imp\u00f4ts et de la TVA<\/li>\n<li>\u00c9laboration des tableaux fiscaux<\/li>\n<li>Conseil Fiscal francophone<\/li>\n<\/ul>\n<h3>Services de comptabilit\u00e9 francophone (Hors plan comptable)<\/h3>\n<ul>\n<li>Enregistrement de votre soci\u00e9t\u00e9 dans le syst\u00e8me comptable (licence) payable une seule fois<\/li>\n<\/ul>\n<p>Ce cabinet comptable francophone travaille avec le syst\u00e8me \u00ab Primavera \u00bb. Au Portugal les softwares de comptabilit\u00e9 son li\u00e9s directement aux organismes fiscaux et sociaux.<\/p>\n<ul>\n<li>R\u00e9cup\u00e9ration TVA portugaise et intracommunautaire demand\u00e9e<\/li>\n<li>D\u00e9clarations bancaires pour les <em>transactions internationales<\/em> aupr\u00e8s de la Banque Nationale Portugaise (COPE)<\/li>\n<li>La r\u00e9alisation des factures du client \u00e0 ses clients<\/li>\n<li>Assistance et accompagnement d\u2019\u00e9ventuels contr\u00f4les fiscaux<\/li>\n<li>Cl\u00f4ture annuelle<\/li>\n<\/ul>\n<h3>Cl\u00f4ture annuelle d&rsquo;entreprise Lisbonne et Portugal<\/h3>\n<p>La r\u00e9alisation de la cl\u00f4ture annuelle pour votre entreprise portugaise comprend les \u00e9l\u00e9ments suivants :<\/p>\n<ul>\n<li>R\u00e9conciliation des comptes<\/li>\n<li>R\u00e9gularisation des comptes<\/li>\n<li>Circularisation des comptes des clients et fournisseurs<\/li>\n<li>\u00c9laboration du bilan et du compte d\u2019exploitation<\/li>\n<li>D\u00e9claration d\u2019imp\u00f4ts sur les soci\u00e9t\u00e9s, Inventaires, etc\u2026)<\/li>\n<li>\u00c9laboration du proc\u00e8s-verbal de la cl\u00f4ture<\/li>\n<li>Pr\u00e9paration et envoie de la d\u00e9claration annuelle des revenus (Mod.22)<\/li>\n<li>Pr\u00e9paration et envoie de l\u2019enregistrement de prestation de comptes annuels (IES)<\/li>\n<\/ul>\n<p>&nbsp;<\/p>\n<p>Vous trouverez ci-dessous d&rsquo;autres services li\u00e9s pour les entreprises francophones au Portugal, qui vous donneront un aper\u00e7u de l&rsquo;\u00e9tendu des professionnels qui peuvent vous accompagner :<\/p>\n<ul>\n<li><a href=\"https:\/\/essencial-portugal.com\/fr\/entreprise-portugal\/achat-entreprise-portugal\/\" target=\"_blank\" rel=\"noopener noreferrer\">Achat d&rsquo;entreprise au Portugal<\/a><\/li>\n<li><a href=\"https:\/\/essencial-portugal.com\/fr\/installation-lisbonne-portugal\/creation-entreprise-portugaise\/\" target=\"_blank\" rel=\"noopener noreferrer\">Cr\u00e9ation d&rsquo;entreprise au Portugal<\/a><\/li>\n<li><a href=\"https:\/\/essencial-portugal.com\/fr\/entreprise-portugal\/gestion-rh-francophone-portugal\/\" target=\"_blank\" rel=\"noopener noreferrer\">Gestion RH francophone Lisbonne et Portugal<\/a><\/li>\n<li><a href=\"https:\/\/essencial-portugal.com\/fr\/entreprise-portugal\/\" target=\"_blank\" rel=\"noopener noreferrer\">Implantation de soci\u00e9t\u00e9 au Portugal<\/a><\/li>\n<\/ul>\n","protected":false},"excerpt":{"rendered":"<p>La cr\u00e9ation d&rsquo;une entreprise au Portugal est une chose mais la gestion de la comptabilit\u00e9 tout au long de l&rsquo;ann\u00e9e en est une autre. Quelle que soit la taille de votre entreprise, vous aurez la n\u00e9cessit\u00e9 durant l&rsquo;ann\u00e9e de g\u00e9rer votre facturation, d&rsquo;avoir une vue g\u00e9n\u00e9rale sur votre situation financi\u00e8re,\u00a0 de r\u00e9pondre aux diff\u00e9rentes obligations [&hellip;]<\/p>\n","protected":false},"author":1,"featured_media":2965,"parent":2946,"menu_order":0,"comment_status":"closed","ping_status":"closed","template":"","meta":{"om_disable_all_campaigns":false,"_monsterinsights_skip_tracking":false,"_monsterinsights_sitenote_active":false,"_monsterinsights_sitenote_note":"","_monsterinsights_sitenote_category":0,"_uf_show_specific_survey":0,"_uf_disable_surveys":false,"site-sidebar-layout":"default","site-content-layout":"default","ast-site-content-layout":"default","site-content-style":"default","site-sidebar-style":"default","ast-global-header-display":"","ast-banner-title-visibility":"","ast-main-header-display":"","ast-hfb-above-header-display":"","ast-hfb-below-header-display":"","ast-hfb-mobile-header-display":"","site-post-title":"","ast-breadcrumbs-content":"","ast-featured-img":"","footer-sml-layout":"","ast-disable-related-posts":"","theme-transparent-header-meta":"default","adv-header-id-meta":"","stick-header-meta":"","header-above-stick-meta":"","header-main-stick-meta":"","header-below-stick-meta":"","astra-migrate-meta-layouts":"default","ast-page-background-enabled":"default","ast-page-background-meta":{"desktop":{"background-color":"","background-image":"","background-repeat":"repeat","background-position":"center center","background-size":"auto","background-attachment":"scroll","background-type":"","background-media":"","overlay-type":"","overlay-color":"","overlay-opacity":"","overlay-gradient":""},"tablet":{"background-color":"","background-image":"","background-repeat":"repeat","background-position":"center center","background-size":"auto","background-attachment":"scroll","background-type":"","background-media":"","overlay-type":"","overlay-color":"","overlay-opacity":"","overlay-gradient":""},"mobile":{"background-color":"","background-image":"","background-repeat":"repeat","background-position":"center center","background-size":"auto","background-attachment":"scroll","background-type":"","background-media":"","overlay-type":"","overlay-color":"","overlay-opacity":"","overlay-gradient":""}},"ast-content-background-meta":{"desktop":{"background-color":"var(--ast-global-color-5)","background-image":"","background-repeat":"repeat","background-position":"center center","background-size":"auto","background-attachment":"scroll","background-type":"","background-media":"","overlay-type":"","overlay-color":"","overlay-opacity":"","overlay-gradient":""},"tablet":{"background-color":"var(--ast-global-color-5)","background-image":"","background-repeat":"repeat","background-position":"center center","background-size":"auto","background-attachment":"scroll","background-type":"","background-media":"","overlay-type":"","overlay-color":"","overlay-opacity":"","overlay-gradient":""},"mobile":{"background-color":"var(--ast-global-color-5)","background-image":"","background-repeat":"repeat","background-position":"center center","background-size":"auto","background-attachment":"scroll","background-type":"","background-media":"","overlay-type":"","overlay-color":"","overlay-opacity":"","overlay-gradient":""}},"footnotes":""},"class_list":["post-2958","page","type-page","status-publish","has-post-thumbnail","hentry"],"aioseo_notices":[],"_links":{"self":[{"href":"https:\/\/essencial-portugal.com\/fr\/wp-json\/wp\/v2\/pages\/2958","targetHints":{"allow":["GET"]}}],"collection":[{"href":"https:\/\/essencial-portugal.com\/fr\/wp-json\/wp\/v2\/pages"}],"about":[{"href":"https:\/\/essencial-portugal.com\/fr\/wp-json\/wp\/v2\/types\/page"}],"author":[{"embeddable":true,"href":"https:\/\/essencial-portugal.com\/fr\/wp-json\/wp\/v2\/users\/1"}],"replies":[{"embeddable":true,"href":"https:\/\/essencial-portugal.com\/fr\/wp-json\/wp\/v2\/comments?post=2958"}],"version-history":[{"count":0,"href":"https:\/\/essencial-portugal.com\/fr\/wp-json\/wp\/v2\/pages\/2958\/revisions"}],"up":[{"embeddable":true,"href":"https:\/\/essencial-portugal.com\/fr\/wp-json\/wp\/v2\/pages\/2946"}],"wp:featuredmedia":[{"embeddable":true,"href":"https:\/\/essencial-portugal.com\/fr\/wp-json\/wp\/v2\/media\/2965"}],"wp:attachment":[{"href":"https:\/\/essencial-portugal.com\/fr\/wp-json\/wp\/v2\/media?parent=2958"}],"curies":[{"name":"wp","href":"https:\/\/api.w.org\/{rel}","templated":true}]}}