{"id":3004,"date":"2019-06-07T08:17:52","date_gmt":"2019-06-07T08:17:52","guid":{"rendered":"https:\/\/essencial-portugal.com\/fr\/?page_id=3004"},"modified":"2023-12-21T21:04:48","modified_gmt":"2023-12-21T21:04:48","slug":"achat-entreprise-portugal","status":"publish","type":"page","link":"https:\/\/essencial-portugal.com\/fr\/entreprise-portugal\/achat-entreprise-portugal\/","title":{"rendered":"Acheter une entreprise au Portugal"},"content":{"rendered":"\t\t<div data-elementor-type=\"wp-page\" data-elementor-id=\"3004\" class=\"elementor elementor-3004\" data-elementor-post-type=\"page\">\n\t\t\t\t\t\t<section class=\"elementor-section elementor-top-section elementor-element elementor-element-2dd3efe5 elementor-section-boxed elementor-section-height-default elementor-section-height-default\" data-id=\"2dd3efe5\" data-element_type=\"section\" data-e-type=\"section\">\n\t\t\t\t\t\t<div class=\"elementor-container elementor-column-gap-default\">\n\t\t\t\t\t<div class=\"elementor-column elementor-col-100 elementor-top-column elementor-element elementor-element-31b6f47f\" data-id=\"31b6f47f\" data-element_type=\"column\" data-e-type=\"column\">\n\t\t\t<div class=\"elementor-widget-wrap elementor-element-populated\">\n\t\t\t\t\t\t<div class=\"elementor-element elementor-element-23b7b9b0 elementor-widget elementor-widget-text-editor\" data-id=\"23b7b9b0\" data-element_type=\"widget\" data-e-type=\"widget\" data-widget_type=\"text-editor.default\">\n\t\t\t\t<div class=\"elementor-widget-container\">\n\t\t\t\t\t\t\t\t\t<p><img fetchpriority=\"high\" decoding=\"async\" class=\"aligncenter size-full wp-image-3007\" src=\"https:\/\/essencial-portugal.com\/fr\/wp-content\/uploads\/2019\/06\/rachat-societe-portugal.jpg\" alt=\"Achat entreprise Portugal\" width=\"1200\" height=\"800\" srcset=\"https:\/\/essencial-portugal.com\/fr\/wp-content\/uploads\/2019\/06\/rachat-societe-portugal.jpg 1200w, https:\/\/essencial-portugal.com\/fr\/wp-content\/uploads\/2019\/06\/rachat-societe-portugal-300x200.jpg 300w, https:\/\/essencial-portugal.com\/fr\/wp-content\/uploads\/2019\/06\/rachat-societe-portugal-768x512.jpg 768w, https:\/\/essencial-portugal.com\/fr\/wp-content\/uploads\/2019\/06\/rachat-societe-portugal-1024x683.jpg 1024w\" sizes=\"(max-width: 1200px) 100vw, 1200px\" \/><\/p><p>La recherche d\u2019une <strong>soci\u00e9t\u00e9 \u00e0 racheter au Portugal<\/strong> est un v\u00e9ritable d\u00e9fi. Il est important, avant de trouver une entreprise \u00e0 d\u00e9velopper, de faire une analyse de march\u00e9 exhaustive. Bien s\u00fbr, il existe des sites sp\u00e9cialis\u00e9s dans les annonces pour la vente et la revente de soci\u00e9t\u00e9s sur lesquels vous pourrez trouver des <strong>entreprise \u00e0 racheter<\/strong> mais si vous n\u2019avez pas une id\u00e9e pr\u00e9cise de ce que vous voulez et surtout de la situation de l&rsquo;entreprise, cela augmente consid\u00e9rablement les risques de cette op\u00e9ration capitale.<\/p><p>Le moyen le moins risqu\u00e9 de cr\u00e9er une nouvelle entreprise Portugal est d\u2019<strong>acheter une soci\u00e9t\u00e9 portugaise existante<\/strong>, que ce soit par franchisage ou par transfert. En effet, la soci\u00e9t\u00e9 a d\u00e9j\u00e0 une client\u00e8le fixe, une notori\u00e9t\u00e9 sur le march\u00e9 et une m\u00e9thode de travail ad\u00e9quate. En outre, l&rsquo;\u00e9quipe est d\u00e9j\u00e0 form\u00e9e, les licences, concessions, permis et autres enregistrements existent d\u00e9j\u00e0 et les banques pr\u00e9f\u00e8rent travailler avec des soci\u00e9t\u00e9s ayant des ant\u00e9c\u00e9dents.<\/p><p>Le Portugal est un pays d&rsquo;opportunit\u00e9s en pleine croissance dans lequel vous pouvez trouver les <strong>bonnes entreprises \u00e0 acheter<\/strong> mais il est aussi important de vous faire accompagner par les bons intervenants: ils serviront d&rsquo;interm\u00e9diaires francophones entre les entreprises, les administrations, les services et effectueront les \u00e9tudes n\u00e9cessaires pour que votre <strong>rachat de soci\u00e9t\u00e9 au Portugal<\/strong> soit sur et sans risques.<\/p><h2>Catalogue d&rsquo;investissements et d&rsquo;entreprises \u00e0 vendre au Portugal<\/h2><p>Essencial Portugal travaille en partenariat avec une soci\u00e9t\u00e9 portugaise sp\u00e9cialis\u00e9e dans l&rsquo;achat et la vente d&rsquo;entreprises au Portugal. Remplissez le formulaire ci-dessous pour \u00eatre mis en contact avec cette soci\u00e9t\u00e9 sp\u00e9cialis\u00e9e et discuter avec elle des investissements possibles au Portugal.<\/p><p>Cette soci\u00e9t\u00e9 servira de pont entre l&rsquo;investisseur et le partenaire tout au long du processus d&rsquo;achat ou de revente et peut \u00e9galement fournir une \u00e9quipe de gestion apr\u00e8s la conclusion de l&rsquo;accord afin d&rsquo;aider l&rsquo;investisseur \u00e0 faire la transition.<\/p><p>Vous trouverez ci-dessous une liste d&rsquo;entreprises disponibles pour des investissements au Portugal, ainsi que des informations sur chacune d&rsquo;entre elles.<\/p>\t\t\t\t\t\t\t\t<\/div>\n\t\t\t\t<\/div>\n\t\t\t\t\t<\/div>\n\t\t<\/div>\n\t\t\t\t\t<\/div>\n\t\t<\/section>\n\t\t\t\t<section class=\"elementor-section elementor-top-section elementor-element elementor-element-19fd6db elementor-section-boxed elementor-section-height-default elementor-section-height-default\" data-id=\"19fd6db\" data-element_type=\"section\" data-e-type=\"section\">\n\t\t\t\t\t\t<div class=\"elementor-container elementor-column-gap-default\">\n\t\t\t\t\t<div class=\"elementor-column elementor-col-100 elementor-top-column elementor-element elementor-element-28d4c3e\" data-id=\"28d4c3e\" data-element_type=\"column\" data-e-type=\"column\">\n\t\t\t<div class=\"elementor-widget-wrap elementor-element-populated\">\n\t\t\t\t\t\t<div class=\"elementor-element elementor-element-6ce8a6b elementor-widget elementor-widget-text-editor\" data-id=\"6ce8a6b\" data-element_type=\"widget\" data-e-type=\"widget\" data-widget_type=\"text-editor.default\">\n\t\t\t\t<div class=\"elementor-widget-container\">\n\t\t\t\t\t\t\t\t\t<h2>Rachat d&rsquo;entreprise portugaise : accompagnement francophone<\/h2><p>En remplissant le formulaire en bas de cette page, vous pourrez transmettre vos coordonn\u00e9es \u00e0 un <strong>cabinet de comptables et experts comptables francophones<\/strong> install\u00e9 \u00e0 Lisbonne. Depuis plus de 10 ans, ces experts ont accompagn\u00e9 pr\u00e8s de 200 entreprises dans leur implantation au Portugal mais aussi dans des op\u00e9rations d&rsquo;<strong>achat d&rsquo;entreprises portugaises<\/strong>.\u00a0 Ils reviendront vers vous au plus vite pour discuter de votre projet et de la mani\u00e8re dont ils peuvent vous aider au mieux \u00e0 le r\u00e9aliser.<\/p><p>Ces professionnels vous accompagneront tout au long du processus d&rsquo;achat d&rsquo;une entreprise au Portugal depuis l&rsquo;audit et l&rsquo;analyse jusqu&rsquo;\u00e0 la finalisation de l&rsquo;op\u00e9ration. Le meilleur moyen pour \u00e9valuer s&rsquo;il s&rsquo;agit ou non d&rsquo;un bon pari :<\/p><ul><li>Identification des entreprises potentielles pr\u00e9sentant le plus grand int\u00e9r\u00eat.<\/li><li>Structure de l&rsquo;achat et de la vente de l&rsquo;entreprise<\/li><li>N\u00e9gociation des conditions \u00e9conomiques et non \u00e9conomiques.<\/li><li>Accompagnement par une \u00e9quipe d\u2019experts en <strong>achat d\u2019entreprise au Portugal<\/strong><\/li><\/ul><p>Les experts vous informerons sur le bon choix ou non d&rsquo;<strong>acheter une entreprise portugaise particuli\u00e8re<\/strong> et si vous disposez des conditions n\u00e9cessaires pour g\u00e9n\u00e9rer de la valeur.<\/p><p style=\"text-align: center;\"><div class=\"wpforms-container wpforms-container-full\" id=\"wpforms-4009\"><form id=\"wpforms-form-4009\" class=\"wpforms-validate wpforms-form\" data-formid=\"4009\" method=\"post\" enctype=\"multipart\/form-data\" action=\"\/fr\/wp-json\/wp\/v2\/pages\/3004\" data-token=\"cfdabc5ace11393437391713ff4a4802\" data-token-time=\"1776324992\"><noscript class=\"wpforms-error-noscript\">Veuillez activer JavaScript dans votre navigateur pour remplir ce formulaire.<\/noscript><div class=\"wpforms-field-container\"><div id=\"wpforms-4009-field_0-container\" class=\"wpforms-field wpforms-field-name\" data-field-id=\"0\"><label class=\"wpforms-field-label\">Nom <span class=\"wpforms-required-label\">*<\/span><\/label><div class=\"wpforms-field-row wpforms-field-medium\"><div class=\"wpforms-field-row-block wpforms-first wpforms-one-half\"><input type=\"text\" id=\"wpforms-4009-field_0\" class=\"wpforms-field-name-first wpforms-field-required\" name=\"wpforms[fields][0][first]\" required><label for=\"wpforms-4009-field_0\" class=\"wpforms-field-sublabel after\">Pr\u00e9nom<\/label><\/div><div class=\"wpforms-field-row-block wpforms-one-half\"><input type=\"text\" id=\"wpforms-4009-field_0-last\" class=\"wpforms-field-name-last wpforms-field-required\" name=\"wpforms[fields][0][last]\" required><label for=\"wpforms-4009-field_0-last\" class=\"wpforms-field-sublabel after\">Nom<\/label><\/div><\/div><\/div><div id=\"wpforms-4009-field_1-container\" class=\"wpforms-field wpforms-field-email\" data-field-id=\"1\"><label class=\"wpforms-field-label\" for=\"wpforms-4009-field_1\">E-mail <span class=\"wpforms-required-label\">*<\/span><\/label><input type=\"email\" id=\"wpforms-4009-field_1\" class=\"wpforms-field-medium wpforms-field-required\" name=\"wpforms[fields][1]\" spellcheck=\"false\" required><\/div><div id=\"wpforms-4009-field_6-container\" class=\"wpforms-field wpforms-field-phone\" data-field-id=\"6\"><label class=\"wpforms-field-label\" for=\"wpforms-4009-field_6\">T\u00e9l\u00e9phone <span class=\"wpforms-required-label\">*<\/span><\/label><input type=\"tel\" id=\"wpforms-4009-field_6\" class=\"wpforms-field-medium wpforms-field-required wpforms-smart-phone-field\" data-rule-smart-phone-field=\"true\" name=\"wpforms[fields][6]\" aria-label=\"T\u00e9l\u00e9phone\" required><\/div><div id=\"wpforms-4009-field_5-container\" class=\"wpforms-field wpforms-field-text\" data-field-id=\"5\"><label class=\"wpforms-field-label\" for=\"wpforms-4009-field_5\">Objet <span class=\"wpforms-required-label\">*<\/span><\/label><input type=\"text\" id=\"wpforms-4009-field_5\" class=\"wpforms-field-medium wpforms-field-required\" name=\"wpforms[fields][5]\" required><\/div><div id=\"wpforms-4009-field_2-container\" class=\"wpforms-field wpforms-field-textarea\" data-field-id=\"2\"><label class=\"wpforms-field-label\" for=\"wpforms-4009-field_2\">Votre projet \/ Vos besoins <span class=\"wpforms-required-label\">*<\/span><\/label><textarea id=\"wpforms-4009-field_2\" class=\"wpforms-field-medium wpforms-field-required\" name=\"wpforms[fields][2]\" required><\/textarea><\/div><\/div><!-- .wpforms-field-container --><div class=\"wpforms-field wpforms-field-hp\"><label for=\"wpforms-4009-field-hp\" class=\"wpforms-field-label\">Email<\/label><input type=\"text\" name=\"wpforms[hp]\" id=\"wpforms-4009-field-hp\" class=\"wpforms-field-medium\"><\/div><div class=\"wpforms-submit-container\" ><input type=\"hidden\" name=\"wpforms[id]\" value=\"4009\"><input type=\"hidden\" name=\"page_title\" value=\"\"><input type=\"hidden\" name=\"page_url\" value=\"https:\/\/essencial-portugal.com\/fr\/wp-json\/wp\/v2\/pages\/3004\"><input type=\"hidden\" name=\"url_referer\" value=\"\"><button type=\"submit\" name=\"wpforms[submit]\" id=\"wpforms-submit-4009\" class=\"wpforms-submit\" data-alt-text=\"Envoi...\" data-submit-text=\"Envoyer\" aria-live=\"assertive\" value=\"wpforms-submit\">Envoyer<\/button><\/div><\/form><\/div>  <!-- .wpforms-container --><\/p><blockquote><p>En validant le formulaire de contact, vous m&rsquo;autorisez \u00e0 transmettre votre demande \u00e0 une personne francophone qui pourra vous recontacter directement. Rien n&rsquo;est automatis\u00e9 : ce sont des personnes que je connais, bas\u00e9es \u00e0 Lisbonne et qui sont qualifi\u00e9es pour vous accompagner dans votre d\u00e9marche &amp; votre projet.<\/p><p>Essencial Portugal est un site internet de mise en relation entre des particuliers \/ entreprises et professionnels agr\u00e9\u00e9s de confiance au Portugal pour la r\u00e9alisation de projets dans le pays. Seuls ces professionnels certifi\u00e9s et agr\u00e9\u00e9s sont en mesure de vous informer, de proposer et de facturer ces services.<\/p><\/blockquote><p>Vous trouverez ci-dessous d&rsquo;autres services li\u00e9s pour les entreprises francophones au Portugal, qui vous donneront un aper\u00e7u de l&rsquo;\u00e9tendu des professionnels qui peuvent vous accompagner :<\/p><ul><li><a href=\"https:\/\/essencial-portugal.com\/fr\/entreprise-portugal\/comptable-francophone-lisbonne-portugal\/\" target=\"_blank\" rel=\"noopener noreferrer\">Comptable francophone Lisbonne et Portugal<\/a><\/li><li><a href=\"https:\/\/essencial-portugal.com\/fr\/installation-lisbonne-portugal\/creation-entreprise-portugaise\/\" target=\"_blank\" rel=\"noopener noreferrer\">Cr\u00e9ation d&rsquo;entreprise au Portugal<\/a><\/li><li><a href=\"https:\/\/essencial-portugal.com\/fr\/entreprise-portugal\/gestion-rh-francophone-portugal\/\" target=\"_blank\" rel=\"noopener noreferrer\">Gestion RH francophone Lisbonne et Portugal<\/a><\/li><li><a href=\"https:\/\/essencial-portugal.com\/fr\/entreprise-portugal\/\" target=\"_blank\" rel=\"noopener noreferrer\">Installation d&rsquo;une entreprise au Portugal<\/a><\/li><\/ul>\t\t\t\t\t\t\t\t<\/div>\n\t\t\t\t<\/div>\n\t\t\t\t\t<\/div>\n\t\t<\/div>\n\t\t\t\t\t<\/div>\n\t\t<\/section>\n\t\t\t\t<section class=\"elementor-section elementor-top-section elementor-element elementor-element-193edc2e elementor-section-stretched elementor-section-full_width elementor-section-height-default elementor-section-height-default\" data-id=\"193edc2e\" data-element_type=\"section\" data-e-type=\"section\" data-settings=\"{&quot;stretch_section&quot;:&quot;section-stretched&quot;}\">\n\t\t\t\t\t\t<div class=\"elementor-container elementor-column-gap-default\">\n\t\t\t\t\t<div class=\"elementor-column elementor-col-100 elementor-top-column elementor-element elementor-element-74261451\" data-id=\"74261451\" data-element_type=\"column\" data-e-type=\"column\">\n\t\t\t<div class=\"elementor-widget-wrap\">\n\t\t\t\t\t\t\t<\/div>\n\t\t<\/div>\n\t\t\t\t\t<\/div>\n\t\t<\/section>\n\t\t\t\t<\/div>\n\t\t","protected":false},"excerpt":{"rendered":"<p>La recherche d\u2019une soci\u00e9t\u00e9 \u00e0 racheter au Portugal est un v\u00e9ritable d\u00e9fi. Il est important, avant de trouver une entreprise \u00e0 d\u00e9velopper, de faire une analyse de march\u00e9 exhaustive. Bien s\u00fbr, il existe des sites sp\u00e9cialis\u00e9s dans les annonces pour la vente et la revente de soci\u00e9t\u00e9s sur lesquels vous pourrez trouver des entreprise \u00e0 [&hellip;]<\/p>\n","protected":false},"author":1,"featured_media":3007,"parent":2946,"menu_order":0,"comment_status":"closed","ping_status":"closed","template":"","meta":{"om_disable_all_campaigns":false,"_monsterinsights_skip_tracking":false,"_monsterinsights_sitenote_active":false,"_monsterinsights_sitenote_note":"","_monsterinsights_sitenote_category":0,"_uf_show_specific_survey":0,"_uf_disable_surveys":false,"site-sidebar-layout":"default","site-content-layout":"default","ast-site-content-layout":"default","site-content-style":"default","site-sidebar-style":"default","ast-global-header-display":"","ast-banner-title-visibility":"","ast-main-header-display":"","ast-hfb-above-header-display":"","ast-hfb-below-header-display":"","ast-hfb-mobile-header-display":"","site-post-title":"","ast-breadcrumbs-content":"","ast-featured-img":"","footer-sml-layout":"","ast-disable-related-posts":"","theme-transparent-header-meta":"default","adv-header-id-meta":"","stick-header-meta":"","header-above-stick-meta":"","header-main-stick-meta":"","header-below-stick-meta":"","astra-migrate-meta-layouts":"default","ast-page-background-enabled":"default","ast-page-background-meta":{"desktop":{"background-color":"","background-image":"","background-repeat":"repeat","background-position":"center center","background-size":"auto","background-attachment":"scroll","background-type":"","background-media":"","overlay-type":"","overlay-color":"","overlay-opacity":"","overlay-gradient":""},"tablet":{"background-color":"","background-image":"","background-repeat":"repeat","background-position":"center center","background-size":"auto","background-attachment":"scroll","background-type":"","background-media":"","overlay-type":"","overlay-color":"","overlay-opacity":"","overlay-gradient":""},"mobile":{"background-color":"","background-image":"","background-repeat":"repeat","background-position":"center center","background-size":"auto","background-attachment":"scroll","background-type":"","background-media":"","overlay-type":"","overlay-color":"","overlay-opacity":"","overlay-gradient":""}},"ast-content-background-meta":{"desktop":{"background-color":"var(--ast-global-color-5)","background-image":"","background-repeat":"repeat","background-position":"center center","background-size":"auto","background-attachment":"scroll","background-type":"","background-media":"","overlay-type":"","overlay-color":"","overlay-opacity":"","overlay-gradient":""},"tablet":{"background-color":"var(--ast-global-color-5)","background-image":"","background-repeat":"repeat","background-position":"center center","background-size":"auto","background-attachment":"scroll","background-type":"","background-media":"","overlay-type":"","overlay-color":"","overlay-opacity":"","overlay-gradient":""},"mobile":{"background-color":"var(--ast-global-color-5)","background-image":"","background-repeat":"repeat","background-position":"center center","background-size":"auto","background-attachment":"scroll","background-type":"","background-media":"","overlay-type":"","overlay-color":"","overlay-opacity":"","overlay-gradient":""}},"footnotes":""},"class_list":["post-3004","page","type-page","status-publish","has-post-thumbnail","hentry"],"aioseo_notices":[],"_links":{"self":[{"href":"https:\/\/essencial-portugal.com\/fr\/wp-json\/wp\/v2\/pages\/3004","targetHints":{"allow":["GET"]}}],"collection":[{"href":"https:\/\/essencial-portugal.com\/fr\/wp-json\/wp\/v2\/pages"}],"about":[{"href":"https:\/\/essencial-portugal.com\/fr\/wp-json\/wp\/v2\/types\/page"}],"author":[{"embeddable":true,"href":"https:\/\/essencial-portugal.com\/fr\/wp-json\/wp\/v2\/users\/1"}],"replies":[{"embeddable":true,"href":"https:\/\/essencial-portugal.com\/fr\/wp-json\/wp\/v2\/comments?post=3004"}],"version-history":[{"count":3,"href":"https:\/\/essencial-portugal.com\/fr\/wp-json\/wp\/v2\/pages\/3004\/revisions"}],"predecessor-version":[{"id":11550,"href":"https:\/\/essencial-portugal.com\/fr\/wp-json\/wp\/v2\/pages\/3004\/revisions\/11550"}],"up":[{"embeddable":true,"href":"https:\/\/essencial-portugal.com\/fr\/wp-json\/wp\/v2\/pages\/2946"}],"wp:featuredmedia":[{"embeddable":true,"href":"https:\/\/essencial-portugal.com\/fr\/wp-json\/wp\/v2\/media\/3007"}],"wp:attachment":[{"href":"https:\/\/essencial-portugal.com\/fr\/wp-json\/wp\/v2\/media?parent=3004"}],"curies":[{"name":"wp","href":"https:\/\/api.w.org\/{rel}","templated":true}]}}