{"id":3012,"date":"2019-06-07T08:19:14","date_gmt":"2019-06-07T08:19:14","guid":{"rendered":"https:\/\/essencial-portugal.com\/fr\/?page_id=3012"},"modified":"2023-02-28T07:43:51","modified_gmt":"2023-02-28T07:43:51","slug":"gestion-rh-francophone-portugal","status":"publish","type":"page","link":"https:\/\/essencial-portugal.com\/fr\/entreprise-portugal\/gestion-rh-francophone-portugal\/","title":{"rendered":"Gestion RH comptable au Portugal"},"content":{"rendered":"<p><img fetchpriority=\"high\" decoding=\"async\" class=\"aligncenter size-full wp-image-3015\" src=\"https:\/\/essencial-portugal.com\/fr\/wp-content\/uploads\/2019\/06\/gestion-rh-ressources-humaines-francophone-portugal.jpg\" alt=\"Gestion RH francophone portugal\" width=\"1300\" height=\"597\" srcset=\"https:\/\/essencial-portugal.com\/fr\/wp-content\/uploads\/2019\/06\/gestion-rh-ressources-humaines-francophone-portugal.jpg 1300w, https:\/\/essencial-portugal.com\/fr\/wp-content\/uploads\/2019\/06\/gestion-rh-ressources-humaines-francophone-portugal-300x138.jpg 300w, https:\/\/essencial-portugal.com\/fr\/wp-content\/uploads\/2019\/06\/gestion-rh-ressources-humaines-francophone-portugal-768x353.jpg 768w, https:\/\/essencial-portugal.com\/fr\/wp-content\/uploads\/2019\/06\/gestion-rh-ressources-humaines-francophone-portugal-1024x470.jpg 1024w\" sizes=\"(max-width: 1300px) 100vw, 1300px\" \/><\/p>\n<p>Le <strong>gestion des ressources humaines d&rsquo;une entreprise portugaise<\/strong> n\u00e9cessite des connaissances du pays, de ses process et de ses administrations que vous pourriez ne pas avoir. La solution de l&rsquo;externalisation des RH est une option int\u00e9ressante qui vous permettra de profiter des comp\u00e9tences d&rsquo;une entreprise install\u00e9e depuis pr\u00e8s de 10 ans au Portugal, francophone et ayant acquis une grande exp\u00e9rience en accompagnant plus de 200 entreprises dans leur implantation et gestion sur le territoire portugais.<\/p>\n<p>L&rsquo;internalisation de <strong>gestion RH francophone dans une entreprise portugaise<\/strong> est une op\u00e9ration qui prend souvent du temps, n\u00e9cessite de trouver des comp\u00e9tences multi-langues rares et se trouve \u00eatre souvent plus ch\u00e8re qu&rsquo;une solution d&rsquo;externalisation.<\/p>\n<p>Si vous avez <strong>cr\u00e9\u00e9 une entreprise au Portugal<\/strong> ou <strong>achet\u00e9 une entreprise au Portugal<\/strong> et souhaitez vous faire accompagner par des comptables francophones experts pour la gestion de vos ressources humaines, vous pouvez remplir le formulaire ci-dessous et une personne comp\u00e9tente parlant parfaitement le fran\u00e7ais reviendra vers vous pour un premier \u00e9change autour de votre projet, afin de voir de quelle fa\u00e7on elle peut vous accompagner. Vous trouverez ci-dessous l&rsquo;ensemble des prestations de <strong>gestion RH au Portugal<\/strong> propos\u00e9es par ces experts comptables francophones.<\/p>\n<p style=\"text-align: center;\"><div class=\"wpforms-container wpforms-container-full\" id=\"wpforms-4009\"><form id=\"wpforms-form-4009\" class=\"wpforms-validate wpforms-form\" data-formid=\"4009\" method=\"post\" enctype=\"multipart\/form-data\" action=\"\/fr\/wp-json\/wp\/v2\/pages\/3012\" data-token=\"a5cca55874adb66fa1acb5f8242331c6\" data-token-time=\"1776493049\"><noscript class=\"wpforms-error-noscript\">Veuillez activer JavaScript dans votre navigateur pour remplir ce formulaire.<\/noscript><div class=\"wpforms-field-container\"><div id=\"wpforms-4009-field_0-container\" class=\"wpforms-field wpforms-field-name\" data-field-id=\"0\"><label class=\"wpforms-field-label\">Nom <span class=\"wpforms-required-label\">*<\/span><\/label><div class=\"wpforms-field-row wpforms-field-medium\"><div class=\"wpforms-field-row-block wpforms-first wpforms-one-half\"><input type=\"text\" id=\"wpforms-4009-field_0\" class=\"wpforms-field-name-first wpforms-field-required\" name=\"wpforms[fields][0][first]\" required><label for=\"wpforms-4009-field_0\" class=\"wpforms-field-sublabel after\">Pr\u00e9nom<\/label><\/div><div class=\"wpforms-field-row-block wpforms-one-half\"><input type=\"text\" id=\"wpforms-4009-field_0-last\" class=\"wpforms-field-name-last wpforms-field-required\" name=\"wpforms[fields][0][last]\" required><label for=\"wpforms-4009-field_0-last\" class=\"wpforms-field-sublabel after\">Nom<\/label><\/div><\/div><\/div><div id=\"wpforms-4009-field_1-container\" class=\"wpforms-field wpforms-field-email\" data-field-id=\"1\"><label class=\"wpforms-field-label\" for=\"wpforms-4009-field_1\">E-mail <span class=\"wpforms-required-label\">*<\/span><\/label><input type=\"email\" id=\"wpforms-4009-field_1\" class=\"wpforms-field-medium wpforms-field-required\" name=\"wpforms[fields][1]\" spellcheck=\"false\" required><\/div><div id=\"wpforms-4009-field_6-container\" class=\"wpforms-field wpforms-field-phone\" data-field-id=\"6\"><label class=\"wpforms-field-label\" for=\"wpforms-4009-field_6\">T\u00e9l\u00e9phone <span class=\"wpforms-required-label\">*<\/span><\/label><input type=\"tel\" id=\"wpforms-4009-field_6\" class=\"wpforms-field-medium wpforms-field-required wpforms-smart-phone-field\" data-rule-smart-phone-field=\"true\" name=\"wpforms[fields][6]\" aria-label=\"T\u00e9l\u00e9phone\" required><\/div><div id=\"wpforms-4009-field_5-container\" class=\"wpforms-field wpforms-field-text\" data-field-id=\"5\"><label class=\"wpforms-field-label\" for=\"wpforms-4009-field_5\">Objet <span class=\"wpforms-required-label\">*<\/span><\/label><input type=\"text\" id=\"wpforms-4009-field_5\" class=\"wpforms-field-medium wpforms-field-required\" name=\"wpforms[fields][5]\" required><\/div><div id=\"wpforms-4009-field_2-container\" class=\"wpforms-field wpforms-field-textarea\" data-field-id=\"2\"><label class=\"wpforms-field-label\" for=\"wpforms-4009-field_2\">Votre projet \/ Vos besoins <span class=\"wpforms-required-label\">*<\/span><\/label><textarea id=\"wpforms-4009-field_2\" class=\"wpforms-field-medium wpforms-field-required\" name=\"wpforms[fields][2]\" required><\/textarea><\/div><\/div><!-- .wpforms-field-container --><div class=\"wpforms-field wpforms-field-hp\"><label for=\"wpforms-4009-field-hp\" class=\"wpforms-field-label\">Comment<\/label><input type=\"text\" name=\"wpforms[hp]\" id=\"wpforms-4009-field-hp\" class=\"wpforms-field-medium\"><\/div><div class=\"wpforms-submit-container\" ><input type=\"hidden\" name=\"wpforms[id]\" value=\"4009\"><input type=\"hidden\" name=\"page_title\" value=\"\"><input type=\"hidden\" name=\"page_url\" value=\"https:\/\/essencial-portugal.com\/fr\/wp-json\/wp\/v2\/pages\/3012\"><input type=\"hidden\" name=\"url_referer\" value=\"\"><button type=\"submit\" name=\"wpforms[submit]\" id=\"wpforms-submit-4009\" class=\"wpforms-submit\" data-alt-text=\"Envoi...\" data-submit-text=\"Envoyer\" aria-live=\"assertive\" value=\"wpforms-submit\">Envoyer<\/button><\/div><\/form><\/div>  <!-- .wpforms-container --><\/p>\n<blockquote><p>En validant le formulaire de contact, vous m&rsquo;autorisez \u00e0 transmettre votre demande \u00e0 une personne francophone qui pourra vous recontacter directement. Rien n&rsquo;est automatis\u00e9 : ce sont des personnes que je connais, bas\u00e9es \u00e0 Lisbonne et qui sont qualifi\u00e9es pour vous accompagner dans votre d\u00e9marche &amp; votre projet.<\/p>\n<p>Essencial Portugal est un site internet de mise en relation entre des particuliers \/ entreprises et professionnels agr\u00e9\u00e9s de confiance au Portugal pour la r\u00e9alisation de projets dans le pays. Seuls ces professionnels certifi\u00e9s et agr\u00e9\u00e9s sont en mesure de vous informer, de proposer et de facturer ces services.<\/p><\/blockquote>\n<h2>Gestion ressource humaine francophone au Portugal<\/h2>\n<p>Vous trouverez ici tous les services d&rsquo;accompagnement que peut peuvent prendre en charge ces expert de la <strong>gestion des ressource humaine au Portugal<\/strong>. Contactez-les gr\u00e2ce au bouton ci-dessus.<\/p>\n<ul>\n<li>Communication des admissions et\/ou cessation des collaborateurs aupr\u00e8s des entit\u00e9s comp\u00e9tentes (S\u00e9curit\u00e9 Sociale, FCT, HSST, Assurances)<\/li>\n<li>Demande d\u2019aides pour l\u2019embauche des collaborateurs<\/li>\n<li>Traitement des salaires en accord avec les absences, cong\u00e9s, cong\u00e9s maladie, maternit\u00e9, paternit\u00e9, cong\u00e9s sans solde, etc\u2026 En ce qui concerne le traitement de salaire\u00a0:\n<ul>\n<li>\u00c9laboration et envoie de la fiche de paie<\/li>\n<li>\u00c9laboration et envoie du fichier pour les virements bancaires<\/li>\n<\/ul>\n<\/li>\n<li>Calcul du montant \u00e0 payer pour la r\u00e9solution du contrat de travail<\/li>\n<li>\u00c9laboration et envoie des d\u00e9clarations mensuelles de r\u00e9mun\u00e9rations aupr\u00e8s des entit\u00e9s comp\u00e9tentes (S\u00e9curit\u00e9 Social, Bureau de Finances)<\/li>\n<li>Emission et envoie des documents pour les paiements des imp\u00f4ts<\/li>\n<li>Traitement et contr\u00f4le des saisies sur les salaires des collaborateurs<\/li>\n<li>Communication avec les officiers de justice<\/li>\n<li>Emission et envoie du dossier des salaires pour l\u2019assurance d\u2019accidents de travail<\/li>\n<li>Emission de la d\u00e9claration annuelle des revenus de chaque collaborateur<\/li>\n<li>\u00c9laboration et envoie do Relat\u00f3rio \u00danico<\/li>\n<li>R\u00e9ponses \u00e0 l\u2019INE (Institut national des statistiques)<\/li>\n<li>Demande du document A1<\/li>\n<li>Communication\/\u00e9changes aupr\u00e8s des entit\u00e9s comp\u00e9tentes pour traitement et r\u00e9solutions des dossiers du d\u00e9partement des ressources humaines<\/li>\n<li>Assistances en cas de contr\u00f4le des entit\u00e9s comp\u00e9tentes (ACT, AT, SS, \u2026)<\/li>\n<li>Conseil et suivi des demandes du droit du travail et social aupr\u00e8s des clients<\/li>\n<\/ul>\n<p>&nbsp;<\/p>\n<p>Vous trouverez ci-dessous d&rsquo;autres services li\u00e9s pour les entreprises francophones au Portugal, qui vous donneront un aper\u00e7u de l&rsquo;\u00e9tendu des professionnels qui peuvent vous accompagner :<\/p>\n<ul>\n<li><a href=\"https:\/\/essencial-portugal.com\/fr\/entreprise-portugal\/comptable-francophone-lisbonne-portugal\/\" target=\"_blank\" rel=\"noopener noreferrer\">Comptable francophone Lisbonne et Portugal<\/a><\/li>\n<li><a href=\"https:\/\/essencial-portugal.com\/fr\/installation-lisbonne-portugal\/creation-entreprise-portugaise\/\" target=\"_blank\" rel=\"noopener noreferrer\">Cr\u00e9ation d&rsquo;entreprise au Portugal<\/a><\/li>\n<li><a href=\"https:\/\/essencial-portugal.com\/fr\/entreprise-portugal\/achat-entreprise-portugal\/\" target=\"_blank\" rel=\"noopener noreferrer\">Achat de soci\u00e9t\u00e9 portugaise<\/a><\/li>\n<li><a href=\"https:\/\/essencial-portugal.com\/fr\/entreprise-portugal\/\" target=\"_blank\" rel=\"noopener noreferrer\">Accompagnement d&rsquo;entreprises au Portugal<\/a><\/li>\n<\/ul>\n<p>&nbsp;<\/p>\n","protected":false},"excerpt":{"rendered":"<p>Le gestion des ressources humaines d&rsquo;une entreprise portugaise n\u00e9cessite des connaissances du pays, de ses process et de ses administrations que vous pourriez ne pas avoir. La solution de l&rsquo;externalisation des RH est une option int\u00e9ressante qui vous permettra de profiter des comp\u00e9tences d&rsquo;une entreprise install\u00e9e depuis pr\u00e8s de 10 ans au Portugal, francophone et [&hellip;]<\/p>\n","protected":false},"author":1,"featured_media":3015,"parent":2946,"menu_order":0,"comment_status":"closed","ping_status":"closed","template":"","meta":{"om_disable_all_campaigns":false,"_monsterinsights_skip_tracking":false,"_monsterinsights_sitenote_active":false,"_monsterinsights_sitenote_note":"","_monsterinsights_sitenote_category":0,"_uf_show_specific_survey":0,"_uf_disable_surveys":false,"site-sidebar-layout":"default","site-content-layout":"default","ast-site-content-layout":"default","site-content-style":"default","site-sidebar-style":"default","ast-global-header-display":"","ast-banner-title-visibility":"","ast-main-header-display":"","ast-hfb-above-header-display":"","ast-hfb-below-header-display":"","ast-hfb-mobile-header-display":"","site-post-title":"","ast-breadcrumbs-content":"","ast-featured-img":"","footer-sml-layout":"","ast-disable-related-posts":"","theme-transparent-header-meta":"default","adv-header-id-meta":"","stick-header-meta":"","header-above-stick-meta":"","header-main-stick-meta":"","header-below-stick-meta":"","astra-migrate-meta-layouts":"default","ast-page-background-enabled":"default","ast-page-background-meta":{"desktop":{"background-color":"","background-image":"","background-repeat":"repeat","background-position":"center center","background-size":"auto","background-attachment":"scroll","background-type":"","background-media":"","overlay-type":"","overlay-color":"","overlay-opacity":"","overlay-gradient":""},"tablet":{"background-color":"","background-image":"","background-repeat":"repeat","background-position":"center center","background-size":"auto","background-attachment":"scroll","background-type":"","background-media":"","overlay-type":"","overlay-color":"","overlay-opacity":"","overlay-gradient":""},"mobile":{"background-color":"","background-image":"","background-repeat":"repeat","background-position":"center center","background-size":"auto","background-attachment":"scroll","background-type":"","background-media":"","overlay-type":"","overlay-color":"","overlay-opacity":"","overlay-gradient":""}},"ast-content-background-meta":{"desktop":{"background-color":"var(--ast-global-color-5)","background-image":"","background-repeat":"repeat","background-position":"center center","background-size":"auto","background-attachment":"scroll","background-type":"","background-media":"","overlay-type":"","overlay-color":"","overlay-opacity":"","overlay-gradient":""},"tablet":{"background-color":"var(--ast-global-color-5)","background-image":"","background-repeat":"repeat","background-position":"center center","background-size":"auto","background-attachment":"scroll","background-type":"","background-media":"","overlay-type":"","overlay-color":"","overlay-opacity":"","overlay-gradient":""},"mobile":{"background-color":"var(--ast-global-color-5)","background-image":"","background-repeat":"repeat","background-position":"center center","background-size":"auto","background-attachment":"scroll","background-type":"","background-media":"","overlay-type":"","overlay-color":"","overlay-opacity":"","overlay-gradient":""}},"footnotes":""},"class_list":["post-3012","page","type-page","status-publish","has-post-thumbnail","hentry"],"aioseo_notices":[],"_links":{"self":[{"href":"https:\/\/essencial-portugal.com\/fr\/wp-json\/wp\/v2\/pages\/3012","targetHints":{"allow":["GET"]}}],"collection":[{"href":"https:\/\/essencial-portugal.com\/fr\/wp-json\/wp\/v2\/pages"}],"about":[{"href":"https:\/\/essencial-portugal.com\/fr\/wp-json\/wp\/v2\/types\/page"}],"author":[{"embeddable":true,"href":"https:\/\/essencial-portugal.com\/fr\/wp-json\/wp\/v2\/users\/1"}],"replies":[{"embeddable":true,"href":"https:\/\/essencial-portugal.com\/fr\/wp-json\/wp\/v2\/comments?post=3012"}],"version-history":[{"count":0,"href":"https:\/\/essencial-portugal.com\/fr\/wp-json\/wp\/v2\/pages\/3012\/revisions"}],"up":[{"embeddable":true,"href":"https:\/\/essencial-portugal.com\/fr\/wp-json\/wp\/v2\/pages\/2946"}],"wp:featuredmedia":[{"embeddable":true,"href":"https:\/\/essencial-portugal.com\/fr\/wp-json\/wp\/v2\/media\/3015"}],"wp:attachment":[{"href":"https:\/\/essencial-portugal.com\/fr\/wp-json\/wp\/v2\/media?parent=3012"}],"curies":[{"name":"wp","href":"https:\/\/api.w.org\/{rel}","templated":true}]}}