{"id":3878,"date":"2019-06-30T10:01:37","date_gmt":"2019-06-30T10:01:37","guid":{"rendered":"https:\/\/essencial-portugal.com\/fr\/?page_id=3878"},"modified":"2026-03-12T18:38:13","modified_gmt":"2026-03-12T18:38:13","slug":"assurance-habitation-portugal","status":"publish","type":"page","link":"https:\/\/essencial-portugal.com\/fr\/assurance-portugal\/assurance-habitation-portugal\/","title":{"rendered":"Assurance habitation au Portugal"},"content":{"rendered":"\t\t<div data-elementor-type=\"wp-page\" data-elementor-id=\"3878\" class=\"elementor elementor-3878\" data-elementor-post-type=\"page\">\n\t\t\t\t\t\t<section class=\"elementor-section elementor-top-section elementor-element elementor-element-5bb208ff elementor-section-boxed elementor-section-height-default elementor-section-height-default\" data-id=\"5bb208ff\" data-element_type=\"section\" data-e-type=\"section\">\n\t\t\t\t\t\t<div class=\"elementor-container elementor-column-gap-default\">\n\t\t\t\t\t<div class=\"elementor-column elementor-col-100 elementor-top-column elementor-element elementor-element-305e47d7\" data-id=\"305e47d7\" data-element_type=\"column\" data-e-type=\"column\">\n\t\t\t<div class=\"elementor-widget-wrap elementor-element-populated\">\n\t\t\t\t\t\t<div class=\"elementor-element elementor-element-02e24e0 elementor-toc--minimized-on-tablet elementor-widget elementor-widget-table-of-contents\" data-id=\"02e24e0\" data-element_type=\"widget\" data-e-type=\"widget\" data-settings=\"{&quot;headings_by_tags&quot;:[&quot;h2&quot;],&quot;exclude_headings_by_selector&quot;:[],&quot;marker_view&quot;:&quot;bullets&quot;,&quot;icon&quot;:{&quot;value&quot;:&quot;fas fa-check-square&quot;,&quot;library&quot;:&quot;fa-solid&quot;},&quot;no_headings_message&quot;:&quot;Aucun titre n\\u2019a \\u00e9t\\u00e9 trouv\\u00e9 sur cette page.&quot;,&quot;minimize_box&quot;:&quot;yes&quot;,&quot;minimized_on&quot;:&quot;tablet&quot;,&quot;hierarchical_view&quot;:&quot;yes&quot;,&quot;min_height&quot;:{&quot;unit&quot;:&quot;px&quot;,&quot;size&quot;:&quot;&quot;,&quot;sizes&quot;:[]},&quot;min_height_tablet&quot;:{&quot;unit&quot;:&quot;px&quot;,&quot;size&quot;:&quot;&quot;,&quot;sizes&quot;:[]},&quot;min_height_mobile&quot;:{&quot;unit&quot;:&quot;px&quot;,&quot;size&quot;:&quot;&quot;,&quot;sizes&quot;:[]}}\" data-widget_type=\"table-of-contents.default\">\n\t\t\t\t<div class=\"elementor-widget-container\">\n\t\t\t\t\t\t\t\t\t<div class=\"elementor-toc__header\">\n\t\t\t\t\t\t<h2 class=\"elementor-toc__header-title\">\n\t\t\t\tAssurance habitation au Portugal\t\t\t<\/h2>\n\t\t\t\t\t\t\t\t\t\t<div class=\"elementor-toc__toggle-button elementor-toc__toggle-button--expand\" role=\"button\" tabindex=\"0\" aria-controls=\"elementor-toc__02e24e0\" aria-expanded=\"true\" aria-label=\"Ouvrir la table des mati\u00e8res\"><i aria-hidden=\"true\" class=\"fas fa-caret-square-down\"><\/i><\/div>\n\t\t\t\t<div class=\"elementor-toc__toggle-button elementor-toc__toggle-button--collapse\" role=\"button\" tabindex=\"0\" aria-controls=\"elementor-toc__02e24e0\" aria-expanded=\"true\" aria-label=\"Fermer la table des mati\u00e8res\"><i aria-hidden=\"true\" class=\"fas fa-angle-double-up\"><\/i><\/div>\n\t\t\t\t\t<\/div>\n\t\t\t\t<div id=\"elementor-toc__02e24e0\" class=\"elementor-toc__body\">\n\t\t\t<div class=\"elementor-toc__spinner-container\">\n\t\t\t\t<i class=\"elementor-toc__spinner eicon-animation-spin eicon-loading\" aria-hidden=\"true\"><\/i>\t\t\t<\/div>\n\t\t<\/div>\n\t\t\t\t\t\t<\/div>\n\t\t\t\t<\/div>\n\t\t\t\t<div class=\"elementor-element elementor-element-7b28a0ea elementor-widget elementor-widget-text-editor\" data-id=\"7b28a0ea\" data-element_type=\"widget\" data-e-type=\"widget\" data-widget_type=\"text-editor.default\">\n\t\t\t\t<div class=\"elementor-widget-container\">\n\t\t\t\t\t\t\t\t\t<p>L&rsquo;assurance habitation au Portugal est obligatoire pour les propri\u00e9taires mais pas pour les locataires. La prime d&rsquo;assurance d\u00e9pend de beaucoup de facteurs et le choix de la bonne assurance habitation de ce que vous souhaitez couvrir au nom. L&rsquo;assurance multirisques n&rsquo;est pas obligatoire mais le propri\u00e9taire d&rsquo;un bien immobilier au Portugal est oblig\u00e9 de souscrire au minimum \u00e0 une assurance incendie qui couvre les murs d&rsquo;une maison ou d&rsquo;un appartement. Il sera ensuite de votre choix de savoir si vous souhaitez \u00e9galement couvrir l&rsquo;int\u00e9rieur de votre logement ou non.<\/p><h2>Assurance habitation au Portugal: accompagnement francophone<\/h2><p><img fetchpriority=\"high\" decoding=\"async\" class=\"aligncenter size-full wp-image-9\" src=\"https:\/\/essencial-portugal.com\/fr\/wp-content\/uploads\/2018\/03\/assurance-habitation-portugal.jpg\" alt=\"assurance habitation portugal\" width=\"354\" height=\"339\" srcset=\"https:\/\/essencial-portugal.com\/fr\/wp-content\/uploads\/2018\/03\/assurance-habitation-portugal.jpg 354w, https:\/\/essencial-portugal.com\/fr\/wp-content\/uploads\/2018\/03\/assurance-habitation-portugal-300x287.jpg 300w\" sizes=\"(max-width: 354px) 100vw, 354px\" \/><\/p><p>Si vous \u00eates propri\u00e9taire d&rsquo;un appartement ou d&rsquo;une maison au Portugal, alors vous devrez souscrire au minimum une assurance habitation pour les incendies. trouver la bonne assurance habitation, comparez les diff\u00e9rentes offres ou entrer en contact avec les assureurs au Portugal n&rsquo;est pas une chose facile si vous ne parlez pas la langue. Si vous parlez anglais, alors vous pourrez \u00e9changer par t\u00e9l\u00e9phone avec les assureurs mais il sera toujours compliqu\u00e9 de comprendre les contrats et leurs diff\u00e9rences.<\/p><p>Je vous propose d&rsquo;\u00eatre accompagn\u00e9 par un courtier francophone sp\u00e9cialis\u00e9 dans les assurances au Portugal. Il pourra discuter avec vous de votre projet et scanner les diff\u00e9rentes offres du march\u00e9 pour trouver l&rsquo;assurance habitation qui correspond parfaitement \u00e0 vos besoins. Pour cela, il vous suffit d&rsquo;utiliser le bouton ci-dessous et de remplir le formulaire associ\u00e9 pour un premier contact.<\/p><p style=\"text-align: center;\"><a class=\"maxbutton-1 maxbutton maxbutton-contact\" href=\"#formulaire\"><span class='mb-text'>Formulaire<\/span><\/a><\/p><h2>Co\u00fbt d&rsquo;une assurance habitation au Portugal<\/h2><p>L&rsquo;assurance habitation au Portugal est tr\u00e8s accessible si vous ne souhaitez que la protection minimale contre les incendies. Mais m\u00eame cette assurance minimum aura un co\u00fbt qui variera selon diff\u00e9rents \u00e9l\u00e9ments qui caract\u00e9risent la maison dont vous \u00eates propri\u00e9taire :<\/p><ul><li>Est-ce votre r\u00e9sidence principale ou secondaire ?<\/li><li>Dans quelle ville du Portugal se trouve votre logement ?<\/li><li>Quelle est sa surface ?<\/li><li>Quelle est sa valeur ?<\/li><li>Quelle est la valeur du contenu \u00e0 assurer ?<\/li><li>Etes-vous locataire ou propri\u00e9taire<\/li><\/ul><p>Autant de questions auxquelles l&rsquo;assureur devra r\u00e9pondre pour d\u00e9finir le prix de votre assurance habitation au Portugal. C&rsquo;est donc un co\u00fbt qui est variable et propre \u00e0 la situation et au bien de chaque assur\u00e9.<\/p><h2>Locataires et assurances habitation au Portugal<\/h2><p><img decoding=\"async\" class=\"aligncenter size-full wp-image-3969\" src=\"https:\/\/essencial-portugal.com\/fr\/wp-content\/uploads\/2019\/06\/assurance-habitation-portugal.jpg\" alt=\"assurance habitation portugal\" width=\"1088\" height=\"548\" srcset=\"https:\/\/essencial-portugal.com\/fr\/wp-content\/uploads\/2019\/06\/assurance-habitation-portugal.jpg 1088w, https:\/\/essencial-portugal.com\/fr\/wp-content\/uploads\/2019\/06\/assurance-habitation-portugal-300x151.jpg 300w, https:\/\/essencial-portugal.com\/fr\/wp-content\/uploads\/2019\/06\/assurance-habitation-portugal-768x387.jpg 768w, https:\/\/essencial-portugal.com\/fr\/wp-content\/uploads\/2019\/06\/assurance-habitation-portugal-1024x516.jpg 1024w\" sizes=\"(max-width: 1088px) 100vw, 1088px\" \/><\/p><p>En tant que locataire et contrairement aux propri\u00e9taires, vous n&rsquo;\u00eates pas tenu de souscrire une assurance habitation au Portugal. Vous avez cependant le devoir de vous assurer que votre propri\u00e9taire a bien souscrit une assurance incendie pour le logement que vous occupez. On parle ici de l&rsquo;assurance minimum couvrant uniquement les murs en cas d&rsquo;incendie.<\/p><p>M\u00eame si vous n&rsquo;en avez pas l&rsquo;obligation, l&rsquo;assurance habitation au Portugal en tant que propri\u00e9taire vous permettrait de garantir une s\u00e9r\u00e9nit\u00e9 contre diff\u00e9rentes choses pour lesquelles vous n&rsquo;\u00eates en aucun cas assur\u00e9 si vous n&rsquo;avez personnellement souscrit aucun assurance :<\/p><ul><li>Assurance de vos biens<\/li><li>Assurance des d\u00e9g\u00e2ts que vous pourriez causer dans votre logement<\/li><li>Assurance de votre responsabilit\u00e9 civile<\/li><\/ul><p>Il est donc fortement recommand\u00e9 m\u00eame en tant que locataire de souscrire \u00e0 une assurance habitation portugaise afin de vous prot\u00e9ger contre tout probl\u00e8me qui pourrait survenir avec votre propri\u00e9taire ou vos voisins.<\/p><p>Sachez que mon collaborateur francophone sp\u00e9cialis\u00e9 dans les assurances au Portugal ne propose que des assurances habitations qui prennent en charge la responsabilit\u00e9 civile des occupants du logement. Cette responsabilit\u00e9 civile couvre la totalit\u00e9 des membres de votre famille et d\u00e9g\u00e2ts physiques ou mat\u00e9riels caus\u00e9s \u00e0 des tiers. Un moyen d&rsquo;\u00eatre serein et d&rsquo;\u00e9viter tous les \u00e9ventuels probl\u00e8mes li\u00e9s \u00e0 votre logement comme un cambriolage, un incendie ou un d\u00e9g\u00e2t des eaux.<\/p><h2>Assurance habitation multirisques au Portugal<\/h2><p>Une assurance multirisque comprend g\u00e9n\u00e9ralement un ensemble de couvertures pr\u00e9d\u00e9termin\u00e9es. Il est \u00e9galement possible d\u2019ajouter des couvertures compl\u00e9mentaires qui influenceront bien s\u00fbr le co\u00fbt de votre assurance.<\/p><ul><li>L&rsquo;assurance habitation multirisques fournit une vaste couverture, y compris :<\/li><li>La r\u00e9paration des dommages aux b\u00e2timents caus\u00e9s par des facteurs autres que l&rsquo;incendie (inondations, les temp\u00eates et les risques \u00e9lectriques)<\/li><li>La protection des biens meubles du logement, en pr\u00e9voyant la r\u00e9paration des dommages qui y sont caus\u00e9s<\/li><li>Une indemnit\u00e9 pour vol<\/li><li>Une indemnit\u00e9 pour le d\u00e9c\u00e8s de l&rsquo;assur\u00e9 ou de son conjoint \u00e0 la suite d&rsquo;un incendie, d&rsquo;un \u00e9clair, d&rsquo;une explosion ou d&rsquo;un vol, lorsque ces \u00e9v\u00e9nements se sont produits dans le logement<\/li><li>Une garantie de responsabilit\u00e9 civile de l&rsquo;assur\u00e9 et des personnes de son m\u00e9nage s&rsquo;il est n\u00e9cessaire d&rsquo;indemniser des tiers pour les dommages caus\u00e9s.<\/li><\/ul><p>Notez que les banques exigent g\u00e9n\u00e9ralement une assurance multirisque si vous envisagez de recourir au pr\u00eat immobilier pour acheter une maison et que vous devez inclure une couverture antisismique.<\/p><h2>Crit\u00e8re de choix d&rsquo;une assurance habitation au Portugal<\/h2><p><img decoding=\"async\" class=\"aligncenter size-full wp-image-3970\" src=\"https:\/\/essencial-portugal.com\/fr\/wp-content\/uploads\/2019\/06\/courtier-assurance-habitation-portugal.jpg\" alt=\"courtier assurance habitation portugal\" width=\"960\" height=\"550\" srcset=\"https:\/\/essencial-portugal.com\/fr\/wp-content\/uploads\/2019\/06\/courtier-assurance-habitation-portugal.jpg 960w, https:\/\/essencial-portugal.com\/fr\/wp-content\/uploads\/2019\/06\/courtier-assurance-habitation-portugal-300x172.jpg 300w, https:\/\/essencial-portugal.com\/fr\/wp-content\/uploads\/2019\/06\/courtier-assurance-habitation-portugal-768x440.jpg 768w\" sizes=\"(max-width: 960px) 100vw, 960px\" \/><\/p><h3>\u00c9valuer vos besoins<\/h3><p>Si vous souhaitez souscrire une assurance habitation, il faut d&rsquo;abord vous demander ce que vous souhaitez prot\u00e9ger.<\/p><ul><li>Voulez-vous simplement inclure les murs ou voulez-vous \u00e9tendre votre assurance \u00e0 votre mobilier ?<\/li><li>Est-il essentiel d&rsquo;avoir une protection antisismique ? (\u00c0 Lisbonne le risque est plus accru)<\/li><\/ul><p>Une analyse doit toujours \u00eatre faite en fonction de votre situation sp\u00e9cifique : la couverture inondation dans votre assurance habitation peut-\u00eatre important pour un appartement au rez de chauss\u00e9e \u00e0 Mad\u00e8re, beaucoup moins pour un appartement au 3\u00e8me \u00e9tage sur les collines de Lisbonne.<\/p><p>Bien que l&rsquo;assurance multirisque comporte d\u00e9j\u00e0 certaines garanties \u00e0 la base, vous pouvez toujours l&rsquo;adapter et l&rsquo;ajuster \u00e0 vos besoins sp\u00e9cifiques en y ajoutant des garanties compl\u00e9mentaires qu&rsquo;un courtier francophone en assurance pourra vous conseiller.<\/p><h3>D\u00e9finir votre budget<\/h3><p>Il est important de d\u00e9cider \u00e0 l&rsquo;avance combien vous voulez d\u00e9penser pour votre assurance habitation au Portugal afin de bien g\u00e9rer vos finances personnelles et de comprendre \u00e0 quel point vous \u00eates pr\u00eat \u00e0 souscrire certaines protections. Veuillez noter que plus la couverture est compl\u00e8te, plus le montant de l&rsquo;assurance sera bien entendu \u00e9lev\u00e9e.<\/p><h3>Le logement \u00e0 assurer<\/h3><p>L&rsquo;\u00e9valuation du capital assur\u00e9 pour les murs est calcul\u00e9e sur la base de la surface du b\u00e2timent multipli\u00e9e par la valeur de reconstruction par m2 de la zone r\u00e9sidentielle.<\/p><p>La valeur du terrain n&rsquo;est pas prise en compte et donc la valeur de reconstruction sera toujours bien inf\u00e9rieure \u00e0 la valeur globale de votre bien si c&rsquo;est une maison. La proximit\u00e9 du logement \u00e0 assurer avec les transports publics, les zones commerciales, l&rsquo;exposition au soleil et autres points d&rsquo;\u00e9valuation de la valeur d&rsquo;un bien immobilier ne sont pas pris en compte pour l&rsquo;assurance habitation au Portugal.<\/p><h3>Le contenu de votre logement<\/h3><p>Le calcul de la valeur du contenu de votre maison ne d\u00e9pend pas d&rsquo;une formule. Dans ce cas, vous devez savoir ce que vous avez chez vous. Cette \u00e9valuation devrait vous assurer que la valeur de l&rsquo;<a href=\"https:\/\/portugal-insurance-hub.com\/fr\/\">assurance au Portugal<\/a> est suffisante pour remplacer tous les biens que vous poss\u00e9dez \u00e0 la maison comme les meubles, les appareils \u00e9lectrom\u00e9nagers, les v\u00eatements et autres biens. L&rsquo;id\u00e9al est bien s\u00fbr d&rsquo;avoir les toutes les factures mais c&rsquo;est rarement le cas.<\/p><p>Si vous avez des objets sp\u00e9ciaux comme des bijoux, des peintures, des tapisseries, des antiquit\u00e9s, ceux-ci doivent \u00eatre \u00e9valu\u00e9s individuellement dans la police d&rsquo;assurance habitation. Dans le cas contraire, l&rsquo;assureur n&rsquo;indemnise en r\u00e8gle g\u00e9n\u00e9rale que jusqu&rsquo;\u00e0 1.500 euros par objet m\u00eame si sa valeur est sup\u00e9rieure.<\/p><h2 id=\"6\"><strong>Obligations de l&rsquo;assur\u00e9 au Portugal<\/strong><\/h2><p>Il y a des obligations auxquelles l&rsquo;assur\u00e9 doit r\u00e9pondre en cas de sinistre.\u00a0L\u2019assureur est tenu de signaler le sinistre par \u00e9crit \u00e0 l\u2019assureur dans les meilleurs d\u00e9lais, en expliquant :<\/p><ul><li>Comment il s\u2019est produit<\/li><li>Quelles en sont les causes et les cons\u00e9quences<\/li><li>Ce rapport ne doit jamais d\u00e9passer huit jours \u00e0 compter de la date \u00e0 laquelle l&rsquo;assur\u00e9 a eu connaissance de l&rsquo;\u00e9v\u00e9nement<\/li><\/ul><p>La personne assur\u00e9e doit, dans la mesure du possible, prendre les mesures en son pouvoir pour pr\u00e9venir ou limiter les cons\u00e9quences de l&rsquo;accident et pour fournir \u00e0 l&rsquo;assureur, sur demande, toutes les informations relatives \u00e0 l&rsquo;accident et \u00e0 ses cons\u00e9quences.<\/p><p>Si l&rsquo;assur\u00e9 ne respecte pas toutes les r\u00e8gles de s\u00e9curit\u00e9 impos\u00e9es par la loi, les r\u00e9glementations l\u00e9gales et les clauses du contrat, la couverture et le montant de l&rsquo;indemnisation peuvent changer.<\/p><h2 id=\"6\"><strong>Obligations de l&rsquo;assureur au Portugal<\/strong><\/h2><p>L\u2019assureur a \u00e9galement des obligations en cas d\u2019accident et doit agir avec diligence.<\/p><p>Il appartient \u00e0 l\u2019assureur au Portugal :<\/p><div id=\"formulaire\">\u00a0<\/div><ul><li>D\u2019enqu\u00eater sur l\u2019accident<\/li><li>D\u2019\u00e9valuer les dommages et de les r\u00e9gler d\u00e8s que l\u2019enqu\u00eate et l\u2019\u00e9valuation des dommages sont termin\u00e9es<\/li><\/ul><p>Si il ne le fait pas dans un d\u00e9lai stipul\u00e9 de 30 jours, il pourra payer des int\u00e9r\u00eats sur le montant de l&rsquo;indemnit\u00e9.<\/p><h2>Courtier francophone assurance habitation Portugal<\/h2><p style=\"text-align: center;\"><div class=\"wpforms-container wpforms-container-full\" id=\"wpforms-6268\"><form id=\"wpforms-form-6268\" class=\"wpforms-validate wpforms-form\" data-formid=\"6268\" method=\"post\" enctype=\"multipart\/form-data\" action=\"\/fr\/wp-json\/wp\/v2\/pages\/3878\" data-token=\"93b405d9e1b6bd7d7c4a70a20463cc9a\" data-token-time=\"1776850114\"><noscript class=\"wpforms-error-noscript\">Veuillez activer JavaScript dans votre navigateur pour remplir ce formulaire.<\/noscript><div class=\"wpforms-field-container\"><div id=\"wpforms-6268-field_0-container\" class=\"wpforms-field wpforms-field-name\" data-field-id=\"0\"><label class=\"wpforms-field-label\">Nom <span class=\"wpforms-required-label\">*<\/span><\/label><div class=\"wpforms-field-row wpforms-field-medium\"><div class=\"wpforms-field-row-block wpforms-first wpforms-one-half\"><input type=\"text\" id=\"wpforms-6268-field_0\" class=\"wpforms-field-name-first wpforms-field-required\" name=\"wpforms[fields][0][first]\" required><label for=\"wpforms-6268-field_0\" class=\"wpforms-field-sublabel after\">Pr\u00e9nom<\/label><\/div><div class=\"wpforms-field-row-block wpforms-one-half\"><input type=\"text\" id=\"wpforms-6268-field_0-last\" class=\"wpforms-field-name-last wpforms-field-required\" name=\"wpforms[fields][0][last]\" required><label for=\"wpforms-6268-field_0-last\" class=\"wpforms-field-sublabel after\">Nom<\/label><\/div><\/div><\/div><div id=\"wpforms-6268-field_1-container\" class=\"wpforms-field wpforms-field-email\" data-field-id=\"1\"><label class=\"wpforms-field-label\" for=\"wpforms-6268-field_1\">E-mail <span class=\"wpforms-required-label\">*<\/span><\/label><input type=\"email\" id=\"wpforms-6268-field_1\" class=\"wpforms-field-medium wpforms-field-required\" name=\"wpforms[fields][1]\" spellcheck=\"false\" required><\/div><div id=\"wpforms-6268-field_14-container\" class=\"wpforms-field wpforms-field-phone\" data-field-id=\"14\"><label class=\"wpforms-field-label\" for=\"wpforms-6268-field_14\">T\u00e9l\u00e9phone <span class=\"wpforms-required-label\">*<\/span><\/label><input type=\"tel\" id=\"wpforms-6268-field_14\" class=\"wpforms-field-medium wpforms-field-required wpforms-smart-phone-field\" data-rule-smart-phone-field=\"true\" name=\"wpforms[fields][14]\" aria-label=\"T\u00e9l\u00e9phone\" required><\/div><div id=\"wpforms-6268-field_2-container\" class=\"wpforms-field wpforms-field-textarea\" data-field-id=\"2\"><label class=\"wpforms-field-label\" for=\"wpforms-6268-field_2\">Informations compl\u00e9mentaires <span class=\"wpforms-required-label\">*<\/span><\/label><textarea id=\"wpforms-6268-field_2\" class=\"wpforms-field-medium wpforms-field-required\" name=\"wpforms[fields][2]\" required><\/textarea><\/div><\/div><!-- .wpforms-field-container --><div class=\"wpforms-field wpforms-field-hp\"><label for=\"wpforms-6268-field-hp\" class=\"wpforms-field-label\">Email<\/label><input type=\"text\" name=\"wpforms[hp]\" id=\"wpforms-6268-field-hp\" class=\"wpforms-field-medium\"><\/div><div class=\"wpforms-submit-container\" ><input type=\"hidden\" name=\"wpforms[id]\" value=\"6268\"><input type=\"hidden\" name=\"page_title\" value=\"\"><input type=\"hidden\" name=\"page_url\" value=\"https:\/\/essencial-portugal.com\/fr\/wp-json\/wp\/v2\/pages\/3878\"><input type=\"hidden\" name=\"url_referer\" value=\"\"><button type=\"submit\" name=\"wpforms[submit]\" id=\"wpforms-submit-6268\" class=\"wpforms-submit\" data-alt-text=\"Envoi...\" data-submit-text=\"Envoyer\" aria-live=\"assertive\" value=\"wpforms-submit\">Envoyer<\/button><\/div><\/form><\/div>  <!-- .wpforms-container --><\/p><blockquote><p>En validant le formulaire de contact, vous m&rsquo;autorisez \u00e0 transmettre votre demande \u00e0 un intervenant francophone bas\u00e9 au Portugal qui pourra vous recontacter directement, discuter de votre projet et de la meilleure fa\u00e7on de vous accompagner.<\/p><\/blockquote><h2>Assurances au Portugal<\/h2><p>Vous trouverez ci-dessous toutes les assurances au Portugal pour lesquelles vous pouvez faire appel \u00e0 mon courtier partenaire sp\u00e9cialis\u00e9 :<\/p><ul><li><a href=\"https:\/\/essencial-portugal.com\/fr\/actualite-portugal\/mutuelles-au-portugal-comment-choisir\/\">Mutuelle Portugal<\/a><\/li><li><a href=\"https:\/\/essencial-portugal.com\/fr\/assurance-portugal\/assurance-moto-portugal\/\">Assurance moto Portugal<\/a><\/li><li><a href=\"https:\/\/essencial-portugal.com\/fr\/assurance-portugal\/assurance-vie-portugal\/\">Assurance vie Portugal<\/a><\/li><li><a href=\"https:\/\/essencial-portugal.com\/fr\/assurance-portugal\/assurance-dentaire-portugal\/\">Assurance dentaire Portugal<\/a><\/li><li><a href=\"https:\/\/essencial-portugal.com\/fr\/assurance-portugal\/assurance-voiture-portugal\/\">Assurance voiture Portugal<\/a><\/li><li><a href=\"https:\/\/essencial-portugal.com\/fr\/assurance-portugal\/assurance-bateau-portugal\/\">Assurance bateau Portugal<\/a><\/li><\/ul>\t\t\t\t\t\t\t\t<\/div>\n\t\t\t\t<\/div>\n\t\t\t\t\t<\/div>\n\t\t<\/div>\n\t\t\t\t\t<\/div>\n\t\t<\/section>\n\t\t\t\t<\/div>\n\t\t","protected":false},"excerpt":{"rendered":"<p>L&rsquo;assurance habitation au Portugal est obligatoire pour les propri\u00e9taires mais pas pour les locataires. La prime d&rsquo;assurance d\u00e9pend de beaucoup de facteurs et le choix de la bonne assurance habitation de ce que vous souhaitez couvrir au nom. L&rsquo;assurance multirisques n&rsquo;est pas obligatoire mais le propri\u00e9taire d&rsquo;un bien immobilier au Portugal est oblig\u00e9 de souscrire [&hellip;]<\/p>\n","protected":false},"author":1,"featured_media":3970,"parent":3166,"menu_order":0,"comment_status":"closed","ping_status":"closed","template":"","meta":{"om_disable_all_campaigns":false,"_monsterinsights_skip_tracking":false,"_monsterinsights_sitenote_active":false,"_monsterinsights_sitenote_note":"","_monsterinsights_sitenote_category":0,"_uf_show_specific_survey":0,"_uf_disable_surveys":false,"site-sidebar-layout":"default","site-content-layout":"default","ast-site-content-layout":"default","site-content-style":"default","site-sidebar-style":"default","ast-global-header-display":"","ast-banner-title-visibility":"","ast-main-header-display":"","ast-hfb-above-header-display":"","ast-hfb-below-header-display":"","ast-hfb-mobile-header-display":"","site-post-title":"","ast-breadcrumbs-content":"","ast-featured-img":"","footer-sml-layout":"","ast-disable-related-posts":"","theme-transparent-header-meta":"default","adv-header-id-meta":"","stick-header-meta":"","header-above-stick-meta":"","header-main-stick-meta":"","header-below-stick-meta":"","astra-migrate-meta-layouts":"default","ast-page-background-enabled":"default","ast-page-background-meta":{"desktop":{"background-color":"","background-image":"","background-repeat":"repeat","background-position":"center center","background-size":"auto","background-attachment":"scroll","background-type":"","background-media":"","overlay-type":"","overlay-color":"","overlay-opacity":"","overlay-gradient":""},"tablet":{"background-color":"","background-image":"","background-repeat":"repeat","background-position":"center center","background-size":"auto","background-attachment":"scroll","background-type":"","background-media":"","overlay-type":"","overlay-color":"","overlay-opacity":"","overlay-gradient":""},"mobile":{"background-color":"","background-image":"","background-repeat":"repeat","background-position":"center center","background-size":"auto","background-attachment":"scroll","background-type":"","background-media":"","overlay-type":"","overlay-color":"","overlay-opacity":"","overlay-gradient":""}},"ast-content-background-meta":{"desktop":{"background-color":"var(--ast-global-color-5)","background-image":"","background-repeat":"repeat","background-position":"center center","background-size":"auto","background-attachment":"scroll","background-type":"","background-media":"","overlay-type":"","overlay-color":"","overlay-opacity":"","overlay-gradient":""},"tablet":{"background-color":"var(--ast-global-color-5)","background-image":"","background-repeat":"repeat","background-position":"center center","background-size":"auto","background-attachment":"scroll","background-type":"","background-media":"","overlay-type":"","overlay-color":"","overlay-opacity":"","overlay-gradient":""},"mobile":{"background-color":"var(--ast-global-color-5)","background-image":"","background-repeat":"repeat","background-position":"center center","background-size":"auto","background-attachment":"scroll","background-type":"","background-media":"","overlay-type":"","overlay-color":"","overlay-opacity":"","overlay-gradient":""}},"footnotes":""},"class_list":["post-3878","page","type-page","status-publish","has-post-thumbnail","hentry"],"aioseo_notices":[],"_links":{"self":[{"href":"https:\/\/essencial-portugal.com\/fr\/wp-json\/wp\/v2\/pages\/3878","targetHints":{"allow":["GET"]}}],"collection":[{"href":"https:\/\/essencial-portugal.com\/fr\/wp-json\/wp\/v2\/pages"}],"about":[{"href":"https:\/\/essencial-portugal.com\/fr\/wp-json\/wp\/v2\/types\/page"}],"author":[{"embeddable":true,"href":"https:\/\/essencial-portugal.com\/fr\/wp-json\/wp\/v2\/users\/1"}],"replies":[{"embeddable":true,"href":"https:\/\/essencial-portugal.com\/fr\/wp-json\/wp\/v2\/comments?post=3878"}],"version-history":[{"count":3,"href":"https:\/\/essencial-portugal.com\/fr\/wp-json\/wp\/v2\/pages\/3878\/revisions"}],"predecessor-version":[{"id":11847,"href":"https:\/\/essencial-portugal.com\/fr\/wp-json\/wp\/v2\/pages\/3878\/revisions\/11847"}],"up":[{"embeddable":true,"href":"https:\/\/essencial-portugal.com\/fr\/wp-json\/wp\/v2\/pages\/3166"}],"wp:featuredmedia":[{"embeddable":true,"href":"https:\/\/essencial-portugal.com\/fr\/wp-json\/wp\/v2\/media\/3970"}],"wp:attachment":[{"href":"https:\/\/essencial-portugal.com\/fr\/wp-json\/wp\/v2\/media?parent=3878"}],"curies":[{"name":"wp","href":"https:\/\/api.w.org\/{rel}","templated":true}]}}