{"id":3888,"date":"2019-06-30T10:01:21","date_gmt":"2019-06-30T10:01:21","guid":{"rendered":"https:\/\/essencial-portugal.com\/fr\/?page_id=3888"},"modified":"2023-03-06T14:38:23","modified_gmt":"2023-03-06T14:38:23","slug":"assurance-dentaire-portugal","status":"publish","type":"page","link":"https:\/\/essencial-portugal.com\/fr\/assurance-portugal\/assurance-dentaire-portugal\/","title":{"rendered":"Assurance dentaire au Portugal"},"content":{"rendered":"\t\t<div data-elementor-type=\"wp-page\" data-elementor-id=\"3888\" class=\"elementor elementor-3888\" data-elementor-post-type=\"page\">\n\t\t\t\t\t\t<section class=\"elementor-section elementor-top-section elementor-element elementor-element-1ed34f4f elementor-section-boxed elementor-section-height-default elementor-section-height-default\" data-id=\"1ed34f4f\" data-element_type=\"section\" data-e-type=\"section\">\n\t\t\t\t\t\t<div class=\"elementor-container elementor-column-gap-default\">\n\t\t\t\t\t<div class=\"elementor-column elementor-col-100 elementor-top-column elementor-element elementor-element-7323cc57\" data-id=\"7323cc57\" data-element_type=\"column\" data-e-type=\"column\">\n\t\t\t<div class=\"elementor-widget-wrap elementor-element-populated\">\n\t\t\t\t\t\t<div class=\"elementor-element elementor-element-099cc2f elementor-toc--minimized-on-tablet elementor-widget elementor-widget-table-of-contents\" data-id=\"099cc2f\" data-element_type=\"widget\" data-e-type=\"widget\" data-settings=\"{&quot;headings_by_tags&quot;:[&quot;h2&quot;],&quot;exclude_headings_by_selector&quot;:[],&quot;marker_view&quot;:&quot;bullets&quot;,&quot;icon&quot;:{&quot;value&quot;:&quot;fas fa-check-square&quot;,&quot;library&quot;:&quot;fa-solid&quot;},&quot;no_headings_message&quot;:&quot;Aucun titre n\\u2019a \\u00e9t\\u00e9 trouv\\u00e9 sur cette page.&quot;,&quot;minimize_box&quot;:&quot;yes&quot;,&quot;minimized_on&quot;:&quot;tablet&quot;,&quot;hierarchical_view&quot;:&quot;yes&quot;,&quot;min_height&quot;:{&quot;unit&quot;:&quot;px&quot;,&quot;size&quot;:&quot;&quot;,&quot;sizes&quot;:[]},&quot;min_height_tablet&quot;:{&quot;unit&quot;:&quot;px&quot;,&quot;size&quot;:&quot;&quot;,&quot;sizes&quot;:[]},&quot;min_height_mobile&quot;:{&quot;unit&quot;:&quot;px&quot;,&quot;size&quot;:&quot;&quot;,&quot;sizes&quot;:[]}}\" data-widget_type=\"table-of-contents.default\">\n\t\t\t\t<div class=\"elementor-widget-container\">\n\t\t\t\t\t\t\t\t\t<div class=\"elementor-toc__header\">\n\t\t\t\t\t\t<h2 class=\"elementor-toc__header-title\">\n\t\t\t\tAssurance dentaire au Portugal\t\t\t<\/h2>\n\t\t\t\t\t\t\t\t\t\t<div class=\"elementor-toc__toggle-button elementor-toc__toggle-button--expand\" role=\"button\" tabindex=\"0\" aria-controls=\"elementor-toc__099cc2f\" aria-expanded=\"true\" aria-label=\"Ouvrir la table des mati\u00e8res\"><i aria-hidden=\"true\" class=\"fas fa-caret-square-down\"><\/i><\/div>\n\t\t\t\t<div class=\"elementor-toc__toggle-button elementor-toc__toggle-button--collapse\" role=\"button\" tabindex=\"0\" aria-controls=\"elementor-toc__099cc2f\" aria-expanded=\"true\" aria-label=\"Fermer la table des mati\u00e8res\"><i aria-hidden=\"true\" class=\"fas fa-angle-double-up\"><\/i><\/div>\n\t\t\t\t\t<\/div>\n\t\t\t\t<div id=\"elementor-toc__099cc2f\" class=\"elementor-toc__body\">\n\t\t\t<div class=\"elementor-toc__spinner-container\">\n\t\t\t\t<i class=\"elementor-toc__spinner eicon-animation-spin eicon-loading\" aria-hidden=\"true\"><\/i>\t\t\t<\/div>\n\t\t<\/div>\n\t\t\t\t\t\t<\/div>\n\t\t\t\t<\/div>\n\t\t\t\t<div class=\"elementor-element elementor-element-30269b19 elementor-widget elementor-widget-text-editor\" data-id=\"30269b19\" data-element_type=\"widget\" data-e-type=\"widget\" data-widget_type=\"text-editor.default\">\n\t\t\t\t<div class=\"elementor-widget-container\">\n\t\t\t\t\t\t\t\t\t<p>L&rsquo;assurance dentaire au Portugal ou ailleurs est une assurance qui peut \u00eatre incluse dans votre assurance sant\u00e9 mais ce n&rsquo;est pas toujours le cas. Vous avez donc un moyen de la souscrire de mani\u00e8re ind\u00e9pendante pour un prix qui n&rsquo;est pas tr\u00e8s \u00e9lev\u00e9, ce qui vous permettra de traiter correctement votre sant\u00e9 bucco-dentaire une fois install\u00e9s dans le pays.<\/p><p><img fetchpriority=\"high\" decoding=\"async\" class=\"aligncenter size-full wp-image-3961\" src=\"https:\/\/essencial-portugal.com\/fr\/wp-content\/uploads\/2019\/06\/assurance-dentaire-portugal.jpg\" alt=\"assurance dentaire portugal\" width=\"1920\" height=\"600\" srcset=\"https:\/\/essencial-portugal.com\/fr\/wp-content\/uploads\/2019\/06\/assurance-dentaire-portugal.jpg 1920w, https:\/\/essencial-portugal.com\/fr\/wp-content\/uploads\/2019\/06\/assurance-dentaire-portugal-300x94.jpg 300w, https:\/\/essencial-portugal.com\/fr\/wp-content\/uploads\/2019\/06\/assurance-dentaire-portugal-768x240.jpg 768w, https:\/\/essencial-portugal.com\/fr\/wp-content\/uploads\/2019\/06\/assurance-dentaire-portugal-1024x320.jpg 1024w\" sizes=\"(max-width: 1920px) 100vw, 1920px\" \/><\/p><p>Il faut savoir que le Service national de sant\u00e9 ne garantit pas les soins dentaires au Portugal. Et cette sp\u00e9cialit\u00e9 n&rsquo;est pas couverte par la plupart des assurances maladie si vous n&rsquo;en faites pas la demande au moment de la souscription.<\/p><h2>Choix de votre assurance dentaire au Portugal<\/h2><p>Conna\u00eetre les diff\u00e9rentes assurances dentaires disponibles au Portugal, comparer leur offres, lire les contrats, comprendre les remboursement, les diff\u00e9rentes interventions prises en compte et faire le bon choix selon vos besoins me para\u00eet tr\u00e8s compliqu\u00e9 si vous ne parlez pas couramment le portugais. Je vous propose donc d&rsquo;entrer en contact avec un sp\u00e9cialiste de l&rsquo;assurance au Portugal francophone, bas\u00e9 \u00e0 Lisbonne et qui se chargera de tout \u00e7a pour vous. Un bon moyen de vous simplifier la vie et de laisser faire les professionnels. Ils vous aideront dans la comparaison, le choix, la souscription et resteront votre interm\u00e9diaire francophone tout au long de votre assurance pour faire le lien avec la soci\u00e9t\u00e9.<\/p><p>Pour entrer en contact avec eux, il vous suffit d&rsquo;utiliser le bouton ci-dessous et de remplir le formulaire associ\u00e9. Ils reviendront vers vous rapidement.<\/p><p style=\"text-align: center;\"><a class=\"maxbutton-1 maxbutton maxbutton-contact\" href=\"#formulaire\"><span class='mb-text'>Formulaire<\/span><\/a><\/p><p>\u00a0<\/p><h2>Assurance dentaire au Portugal: fonctionnement<\/h2><p>Apr\u00e8s avoir fait un bilan de sant\u00e9 pour savoir ce dont vous aurez besoin au niveau de votre couverture dentaire ou de celle de votre famille, vous serez en mesure de faire effectuer des simulations par un professionnel de l&rsquo;assurance au Portugal ou bien de les effectuer vous-m\u00eame. Vous pourrez ainsi d\u00e9couvrir les offres et trouver celle qui r\u00e9pond le mieux \u00e0 vos objectifs.<\/p><p>La plupart des assurances ont des r\u00e9seaux de m\u00e9decins dans lesquels vous devrez vous rendre pour que la couverture fonctionne. Ne vous inqui\u00e9tez pas, le r\u00e9seaux de dentistes au Portugal est tr\u00e8s vaste mais il est toujours conseill\u00e9 de prendre connaissance du r\u00e9seaux \u00e0 l&rsquo;avance pour savoir si vous avez des sp\u00e9cialistes pr\u00e8s de chez vous.<\/p><p>Une fois que vous avez choisi votre assurance dentaire au Portugal, vous recevrez une carte de sant\u00e9 dentaire que vous devrez pr\u00e9senter au dentiste au moment du paiement. Avec cette carte, vous ne payez que la part correspondant \u00e0 l&rsquo;acte m\u00e9dical effectu\u00e9. Les montants sont d\u00e9finis \u00e0 l&rsquo;avance, dans un tableau convenu entre l&rsquo;assureur dentaire et le dentiste.<\/p><p>En tant que titulaire d&rsquo;une assurance maladie dentaire au Portugal vous paierez beaucoup moins cher qu&rsquo;un patient non couvert, puisque vous ne payez que la diff\u00e9rence entre le co\u00fbt de la consultation et la prise en charge de votre <a href=\"https:\/\/essencial-portugal.com\/fr\/assurance-portugal\/\" target=\"_blank\" rel=\"noopener noreferrer\">assurance au Portugal<\/a>.<\/p><p>Sur le march\u00e9 de l&rsquo;assurance dentaire portugaise, les prix parient entre 80,00 et 200,00 euros par an, en fonction du nombre de personnes de votre famille que vous souhaitez inclure dans votre assurance.<\/p><p>Mais que se passerait-il si, au lieu de d\u00e9penser trop peu, vous ne d\u00e9pensiez pas un seul euro pour votre sant\u00e9 bucco-dentaire ? C&rsquo;est possible si vous r\u00e9pondez \u00e0 certains des crit\u00e8res pour faire partie du groupe de personnes qui ont droit au ch\u00e8que du dentiste.<\/p><h2>Couverture de l&rsquo;assurance dentaire au Portugal<\/h2><p><img decoding=\"async\" class=\"aligncenter wp-image-3962 size-full\" src=\"https:\/\/essencial-portugal.com\/fr\/wp-content\/uploads\/2019\/06\/assurance-dentaire-portugal-couverture.jpg\" alt=\"couverture assurance dentaire portugal\" width=\"900\" height=\"474\" srcset=\"https:\/\/essencial-portugal.com\/fr\/wp-content\/uploads\/2019\/06\/assurance-dentaire-portugal-couverture.jpg 900w, https:\/\/essencial-portugal.com\/fr\/wp-content\/uploads\/2019\/06\/assurance-dentaire-portugal-couverture-300x158.jpg 300w, https:\/\/essencial-portugal.com\/fr\/wp-content\/uploads\/2019\/06\/assurance-dentaire-portugal-couverture-768x404.jpg 768w\" sizes=\"(max-width: 900px) 100vw, 900px\" \/><\/p><p>Sachez que l&rsquo;assurance dentaire ne couvre pas toujours la pose d&rsquo;implants et d&rsquo;appareils dentaires. Certaines compagnies incluent ces traitements dans le r\u00e9gime le plus courant, d&rsquo;autres exigent une couverture additionnelle.<\/p><p>Vous pouvez trouver ci-dessous certaines op\u00e9rations prises en charge par une assurance dentaire au Portugal mais attention, ceci n&rsquo;est qu&rsquo;un exemple, le d\u00e9tail sera mentionn\u00e9 dans votre contrat d&rsquo;assurance :<\/p><ul><li>Consultations<\/li><li>Chirurgies simples, telles que l&rsquo;extraction de dents<\/li><li>Soins dentaires urgents ou urgents<\/li><li>Restauration des dents<\/li><li>Pr\u00e9vention des maladies buccales<\/li><li>Radiologie<\/li><li>Traitement du canal<\/li><li>Application de fluor et de mastic<\/li><\/ul><h2>L&rsquo;assurance dentaire en vaut-elle la peine ?<\/h2><p>L&rsquo;assurance dentaire en vaut la peine pour plusieurs raisons.\u00a0Pour commencer, elle pr\u00e9sente un meilleur rapport qualit\u00e9 &#8211; prix qu&rsquo;une assurance maladie ayant la couverture dentaire compl\u00e8te. Ce genre d&rsquo;option de base ne rend pas l&rsquo;assurance beaucoup plus ch\u00e8re mais si il vous faut quelque chose de plus complet, cela peut rapidement faire grimper la note.<\/p><p>Une assurance dentaire am\u00e9liorera sans doute votre sant\u00e9 buccale. Les interventions chez le dentiste sans couverture vous co\u00fbteront tr\u00e8s cher et vous irez donc moins souvent. L&rsquo;assurance dentaire \u00e9tant \u00e0 payer chaque mois, vous pourrez vous y rendre \u00e0 moindre frais plus r\u00e9guli\u00e8rement. Une mani\u00e8re sure de prendre soins de vos dents et d&rsquo;\u00e9viter les caries.<br \/><img decoding=\"async\" class=\"aligncenter size-full wp-image-3963\" src=\"https:\/\/essencial-portugal.com\/fr\/wp-content\/uploads\/2019\/06\/courtier-assurance-dentaire-portugal.jpg\" alt=\"courtier assurance dentaire portugal\" width=\"900\" height=\"600\" srcset=\"https:\/\/essencial-portugal.com\/fr\/wp-content\/uploads\/2019\/06\/courtier-assurance-dentaire-portugal.jpg 900w, https:\/\/essencial-portugal.com\/fr\/wp-content\/uploads\/2019\/06\/courtier-assurance-dentaire-portugal-300x200.jpg 300w, https:\/\/essencial-portugal.com\/fr\/wp-content\/uploads\/2019\/06\/courtier-assurance-dentaire-portugal-768x512.jpg 768w\" sizes=\"(max-width: 900px) 100vw, 900px\" \/><br \/>Un autre point important \u00e0 noter et que le mal de dent ne pr\u00e9vient pas et appara\u00eet sans pr\u00e9venir. A ce moment l\u00e0 il faut agir vite et vous n&rsquo;aurez pas de solution si vous n&rsquo;\u00eates pas couvert. L&rsquo;assurance dentaire se paye \u00e0 l&rsquo;ann\u00e9e et vous assure d&rsquo;\u00eatre pr\u00e9par\u00e9 aux probl\u00e8mes qui peuvent surgir \u00e0 tout moment et de pouvoir prendre rapidement rendez-vous chez votre dentiste.<\/p><div id=\"formulaire\">\u00a0<\/div><p>Je pense que le prix sera largement rembours\u00e9 tout au long de l&rsquo;ann\u00e9e et je vous conseille donc sans h\u00e9siter de souscrire \u00e0 une assurance dentaire au Portugal.<\/p><h2>Courtier francophone assurance dentaire Portugal<\/h2><p style=\"text-align: center;\"><div class=\"wpforms-container wpforms-container-full\" id=\"wpforms-6270\"><form id=\"wpforms-form-6270\" class=\"wpforms-validate wpforms-form\" data-formid=\"6270\" method=\"post\" enctype=\"multipart\/form-data\" action=\"\/fr\/wp-json\/wp\/v2\/pages\/3888\" data-token=\"892cb09b48dd836745b6170681a8368f\" data-token-time=\"1776850255\"><noscript class=\"wpforms-error-noscript\">Veuillez activer JavaScript dans votre navigateur pour remplir ce formulaire.<\/noscript><div class=\"wpforms-field-container\"><div id=\"wpforms-6270-field_0-container\" class=\"wpforms-field wpforms-field-name\" data-field-id=\"0\"><label class=\"wpforms-field-label\">Nom <span class=\"wpforms-required-label\">*<\/span><\/label><div class=\"wpforms-field-row wpforms-field-medium\"><div class=\"wpforms-field-row-block wpforms-first wpforms-one-half\"><input type=\"text\" id=\"wpforms-6270-field_0\" class=\"wpforms-field-name-first wpforms-field-required\" name=\"wpforms[fields][0][first]\" required><label for=\"wpforms-6270-field_0\" class=\"wpforms-field-sublabel after\">Pr\u00e9nom<\/label><\/div><div class=\"wpforms-field-row-block wpforms-one-half\"><input type=\"text\" id=\"wpforms-6270-field_0-last\" class=\"wpforms-field-name-last wpforms-field-required\" name=\"wpforms[fields][0][last]\" required><label for=\"wpforms-6270-field_0-last\" class=\"wpforms-field-sublabel after\">Nom<\/label><\/div><\/div><\/div><div id=\"wpforms-6270-field_1-container\" class=\"wpforms-field wpforms-field-email\" data-field-id=\"1\"><label class=\"wpforms-field-label\" for=\"wpforms-6270-field_1\">E-mail <span class=\"wpforms-required-label\">*<\/span><\/label><input type=\"email\" id=\"wpforms-6270-field_1\" class=\"wpforms-field-medium wpforms-field-required\" name=\"wpforms[fields][1]\" spellcheck=\"false\" required><\/div><div id=\"wpforms-6270-field_10-container\" class=\"wpforms-field wpforms-field-phone\" data-field-id=\"10\"><label class=\"wpforms-field-label\" for=\"wpforms-6270-field_10\">T\u00e9l\u00e9phone <span class=\"wpforms-required-label\">*<\/span><\/label><input type=\"tel\" id=\"wpforms-6270-field_10\" class=\"wpforms-field-medium wpforms-field-required wpforms-smart-phone-field\" data-rule-smart-phone-field=\"true\" name=\"wpforms[fields][10]\" aria-label=\"T\u00e9l\u00e9phone\" required><\/div><div id=\"wpforms-6270-field_2-container\" class=\"wpforms-field wpforms-field-textarea\" data-field-id=\"2\"><label class=\"wpforms-field-label\" for=\"wpforms-6270-field_2\">Informations compl\u00e9mentaires <span class=\"wpforms-required-label\">*<\/span><\/label><textarea id=\"wpforms-6270-field_2\" class=\"wpforms-field-medium wpforms-field-required\" name=\"wpforms[fields][2]\" required><\/textarea><\/div><\/div><!-- .wpforms-field-container --><div class=\"wpforms-field wpforms-field-hp\"><label for=\"wpforms-6270-field-hp\" class=\"wpforms-field-label\">Website<\/label><input type=\"text\" name=\"wpforms[hp]\" id=\"wpforms-6270-field-hp\" class=\"wpforms-field-medium\"><\/div><div class=\"wpforms-submit-container\" ><input type=\"hidden\" name=\"wpforms[id]\" value=\"6270\"><input type=\"hidden\" name=\"page_title\" value=\"\"><input type=\"hidden\" name=\"page_url\" value=\"https:\/\/essencial-portugal.com\/fr\/wp-json\/wp\/v2\/pages\/3888\"><input type=\"hidden\" name=\"url_referer\" value=\"\"><button type=\"submit\" name=\"wpforms[submit]\" id=\"wpforms-submit-6270\" class=\"wpforms-submit\" data-alt-text=\"Envoi...\" data-submit-text=\"Envoyer\" aria-live=\"assertive\" value=\"wpforms-submit\">Envoyer<\/button><\/div><\/form><\/div>  <!-- .wpforms-container --><\/p><blockquote><p>En validant le formulaire de contact, vous m&rsquo;autorisez \u00e0 transmettre votre demande \u00e0 un intervenant francophone bas\u00e9 au Portugal qui pourra vous recontacter directement, discuter de votre projet et de la meilleure fa\u00e7on de vous accompagner.<\/p><\/blockquote><h2>Assurances au Portugal<\/h2><p>Vous trouverez ci-dessous toutes les assurances au Portugal pour lesquelles vous pouvez faire appel \u00e0 mon courtier partenaire sp\u00e9cialis\u00e9 :<\/p><ul><li><a href=\"https:\/\/essencial-portugal.com\/fr\/actualite-portugal\/mutuelles-au-portugal-comment-choisir\/\">Mutuelle Portugal<\/a><\/li><li><a href=\"https:\/\/essencial-portugal.com\/fr\/assurance-portugal\/assurance-moto-portugal\/\">Assurance moto Portugal<\/a><\/li><li><a href=\"https:\/\/essencial-portugal.com\/fr\/assurance-portugal\/assurance-habitation-portugal\/\">Assurance habitation Portugal<\/a><\/li><li><a href=\"https:\/\/essencial-portugal.com\/fr\/assurance-portugal\/assurance-vie-portugal\/\">Assurance vie Portugal<\/a><\/li><li><a href=\"https:\/\/essencial-portugal.com\/fr\/assurance-portugal\/assurance-voiture-portugal\/\">Assurance automobile Portugal<\/a><\/li><li><a href=\"https:\/\/essencial-portugal.com\/fr\/assurance-portugal\/assurance-bateau-portugal\/\">Assurance bateau Portugal<\/a><\/li><\/ul>\t\t\t\t\t\t\t\t<\/div>\n\t\t\t\t<\/div>\n\t\t\t\t\t<\/div>\n\t\t<\/div>\n\t\t\t\t\t<\/div>\n\t\t<\/section>\n\t\t\t\t<\/div>\n\t\t","protected":false},"excerpt":{"rendered":"<p>L&rsquo;assurance dentaire au Portugal ou ailleurs est une assurance qui peut \u00eatre incluse dans votre assurance sant\u00e9 mais ce n&rsquo;est pas toujours le cas. Vous avez donc un moyen de la souscrire de mani\u00e8re ind\u00e9pendante pour un prix qui n&rsquo;est pas tr\u00e8s \u00e9lev\u00e9, ce qui vous permettra de traiter correctement votre sant\u00e9 bucco-dentaire une fois [&hellip;]<\/p>\n","protected":false},"author":1,"featured_media":3962,"parent":3166,"menu_order":0,"comment_status":"closed","ping_status":"closed","template":"","meta":{"om_disable_all_campaigns":false,"_monsterinsights_skip_tracking":false,"_monsterinsights_sitenote_active":false,"_monsterinsights_sitenote_note":"","_monsterinsights_sitenote_category":0,"_uf_show_specific_survey":0,"_uf_disable_surveys":false,"site-sidebar-layout":"default","site-content-layout":"default","ast-site-content-layout":"default","site-content-style":"default","site-sidebar-style":"default","ast-global-header-display":"","ast-banner-title-visibility":"","ast-main-header-display":"","ast-hfb-above-header-display":"","ast-hfb-below-header-display":"","ast-hfb-mobile-header-display":"","site-post-title":"","ast-breadcrumbs-content":"","ast-featured-img":"","footer-sml-layout":"","ast-disable-related-posts":"","theme-transparent-header-meta":"default","adv-header-id-meta":"","stick-header-meta":"","header-above-stick-meta":"","header-main-stick-meta":"","header-below-stick-meta":"","astra-migrate-meta-layouts":"default","ast-page-background-enabled":"default","ast-page-background-meta":{"desktop":{"background-color":"","background-image":"","background-repeat":"repeat","background-position":"center center","background-size":"auto","background-attachment":"scroll","background-type":"","background-media":"","overlay-type":"","overlay-color":"","overlay-opacity":"","overlay-gradient":""},"tablet":{"background-color":"","background-image":"","background-repeat":"repeat","background-position":"center center","background-size":"auto","background-attachment":"scroll","background-type":"","background-media":"","overlay-type":"","overlay-color":"","overlay-opacity":"","overlay-gradient":""},"mobile":{"background-color":"","background-image":"","background-repeat":"repeat","background-position":"center center","background-size":"auto","background-attachment":"scroll","background-type":"","background-media":"","overlay-type":"","overlay-color":"","overlay-opacity":"","overlay-gradient":""}},"ast-content-background-meta":{"desktop":{"background-color":"var(--ast-global-color-5)","background-image":"","background-repeat":"repeat","background-position":"center center","background-size":"auto","background-attachment":"scroll","background-type":"","background-media":"","overlay-type":"","overlay-color":"","overlay-opacity":"","overlay-gradient":""},"tablet":{"background-color":"var(--ast-global-color-5)","background-image":"","background-repeat":"repeat","background-position":"center center","background-size":"auto","background-attachment":"scroll","background-type":"","background-media":"","overlay-type":"","overlay-color":"","overlay-opacity":"","overlay-gradient":""},"mobile":{"background-color":"var(--ast-global-color-5)","background-image":"","background-repeat":"repeat","background-position":"center center","background-size":"auto","background-attachment":"scroll","background-type":"","background-media":"","overlay-type":"","overlay-color":"","overlay-opacity":"","overlay-gradient":""}},"footnotes":""},"class_list":["post-3888","page","type-page","status-publish","has-post-thumbnail","hentry"],"aioseo_notices":[],"_links":{"self":[{"href":"https:\/\/essencial-portugal.com\/fr\/wp-json\/wp\/v2\/pages\/3888","targetHints":{"allow":["GET"]}}],"collection":[{"href":"https:\/\/essencial-portugal.com\/fr\/wp-json\/wp\/v2\/pages"}],"about":[{"href":"https:\/\/essencial-portugal.com\/fr\/wp-json\/wp\/v2\/types\/page"}],"author":[{"embeddable":true,"href":"https:\/\/essencial-portugal.com\/fr\/wp-json\/wp\/v2\/users\/1"}],"replies":[{"embeddable":true,"href":"https:\/\/essencial-portugal.com\/fr\/wp-json\/wp\/v2\/comments?post=3888"}],"version-history":[{"count":0,"href":"https:\/\/essencial-portugal.com\/fr\/wp-json\/wp\/v2\/pages\/3888\/revisions"}],"up":[{"embeddable":true,"href":"https:\/\/essencial-portugal.com\/fr\/wp-json\/wp\/v2\/pages\/3166"}],"wp:featuredmedia":[{"embeddable":true,"href":"https:\/\/essencial-portugal.com\/fr\/wp-json\/wp\/v2\/media\/3962"}],"wp:attachment":[{"href":"https:\/\/essencial-portugal.com\/fr\/wp-json\/wp\/v2\/media?parent=3888"}],"curies":[{"name":"wp","href":"https:\/\/api.w.org\/{rel}","templated":true}]}}