{"id":3891,"date":"2019-06-30T10:01:29","date_gmt":"2019-06-30T10:01:29","guid":{"rendered":"https:\/\/essencial-portugal.com\/fr\/?page_id=3891"},"modified":"2023-03-06T14:40:26","modified_gmt":"2023-03-06T14:40:26","slug":"assurance-vie-portugal-2","status":"publish","type":"page","link":"https:\/\/essencial-portugal.com\/fr\/assurance-portugal\/assurance-vie-portugal-2\/","title":{"rendered":"Assurance vie Portugal: meilleurs prix et assurances"},"content":{"rendered":"\t\t<div data-elementor-type=\"wp-page\" data-elementor-id=\"3891\" class=\"elementor elementor-3891\" data-elementor-post-type=\"page\">\n\t\t\t\t\t\t<section class=\"elementor-section elementor-top-section elementor-element elementor-element-141ec7ab elementor-section-boxed elementor-section-height-default elementor-section-height-default\" data-id=\"141ec7ab\" data-element_type=\"section\" data-e-type=\"section\">\n\t\t\t\t\t\t<div class=\"elementor-container elementor-column-gap-default\">\n\t\t\t\t\t<div class=\"elementor-column elementor-col-100 elementor-top-column elementor-element elementor-element-71b9590f\" data-id=\"71b9590f\" data-element_type=\"column\" data-e-type=\"column\">\n\t\t\t<div class=\"elementor-widget-wrap elementor-element-populated\">\n\t\t\t\t\t\t<div class=\"elementor-element elementor-element-7643007 elementor-toc--minimized-on-tablet elementor-widget elementor-widget-table-of-contents\" data-id=\"7643007\" data-element_type=\"widget\" data-e-type=\"widget\" data-settings=\"{&quot;headings_by_tags&quot;:[&quot;h2&quot;],&quot;exclude_headings_by_selector&quot;:[],&quot;marker_view&quot;:&quot;bullets&quot;,&quot;icon&quot;:{&quot;value&quot;:&quot;fas fa-check-square&quot;,&quot;library&quot;:&quot;fa-solid&quot;},&quot;no_headings_message&quot;:&quot;Aucun titre n\\u2019a \\u00e9t\\u00e9 trouv\\u00e9 sur cette page.&quot;,&quot;minimize_box&quot;:&quot;yes&quot;,&quot;minimized_on&quot;:&quot;tablet&quot;,&quot;hierarchical_view&quot;:&quot;yes&quot;,&quot;min_height&quot;:{&quot;unit&quot;:&quot;px&quot;,&quot;size&quot;:&quot;&quot;,&quot;sizes&quot;:[]},&quot;min_height_tablet&quot;:{&quot;unit&quot;:&quot;px&quot;,&quot;size&quot;:&quot;&quot;,&quot;sizes&quot;:[]},&quot;min_height_mobile&quot;:{&quot;unit&quot;:&quot;px&quot;,&quot;size&quot;:&quot;&quot;,&quot;sizes&quot;:[]}}\" data-widget_type=\"table-of-contents.default\">\n\t\t\t\t<div class=\"elementor-widget-container\">\n\t\t\t\t\t\t\t\t\t<div class=\"elementor-toc__header\">\n\t\t\t\t\t\t<h2 class=\"elementor-toc__header-title\">\n\t\t\t\tAssurance vie au Portugal\t\t\t<\/h2>\n\t\t\t\t\t\t\t\t\t\t<div class=\"elementor-toc__toggle-button elementor-toc__toggle-button--expand\" role=\"button\" tabindex=\"0\" aria-controls=\"elementor-toc__7643007\" aria-expanded=\"true\" aria-label=\"Ouvrir la table des mati\u00e8res\"><i aria-hidden=\"true\" class=\"fas fa-caret-square-down\"><\/i><\/div>\n\t\t\t\t<div class=\"elementor-toc__toggle-button elementor-toc__toggle-button--collapse\" role=\"button\" tabindex=\"0\" aria-controls=\"elementor-toc__7643007\" aria-expanded=\"true\" aria-label=\"Fermer la table des mati\u00e8res\"><i aria-hidden=\"true\" class=\"fas fa-angle-double-up\"><\/i><\/div>\n\t\t\t\t\t<\/div>\n\t\t\t\t<div id=\"elementor-toc__7643007\" class=\"elementor-toc__body\">\n\t\t\t<div class=\"elementor-toc__spinner-container\">\n\t\t\t\t<i class=\"elementor-toc__spinner eicon-animation-spin eicon-loading\" aria-hidden=\"true\"><\/i>\t\t\t<\/div>\n\t\t<\/div>\n\t\t\t\t\t\t<\/div>\n\t\t\t\t<\/div>\n\t\t\t\t<div class=\"elementor-element elementor-element-1441c217 elementor-widget elementor-widget-text-editor\" data-id=\"1441c217\" data-element_type=\"widget\" data-e-type=\"widget\" data-widget_type=\"text-editor.default\">\n\t\t\t\t<div class=\"elementor-widget-container\">\n\t\t\t\t\t\t\t\t\t<p><img fetchpriority=\"high\" decoding=\"async\" class=\"aligncenter size-full wp-image-3965\" src=\"https:\/\/essencial-portugal.com\/fr\/wp-content\/uploads\/2019\/06\/assurance-vie-portugal.jpg\" alt=\"assurance vie Portugal\" width=\"1600\" height=\"800\" srcset=\"https:\/\/essencial-portugal.com\/fr\/wp-content\/uploads\/2019\/06\/assurance-vie-portugal.jpg 1600w, https:\/\/essencial-portugal.com\/fr\/wp-content\/uploads\/2019\/06\/assurance-vie-portugal-300x150.jpg 300w, https:\/\/essencial-portugal.com\/fr\/wp-content\/uploads\/2019\/06\/assurance-vie-portugal-768x384.jpg 768w, https:\/\/essencial-portugal.com\/fr\/wp-content\/uploads\/2019\/06\/assurance-vie-portugal-1024x512.jpg 1024w\" sizes=\"(max-width: 1600px) 100vw, 1600px\" \/><\/p><p>Qu&rsquo;est-ce que l&rsquo;assurance vie et comment fonctionne-t-elle ? Quelles sont les protections et exclusions ? Et pour quelles raisons souscrire une assurance vie ? Vous trouverez sur cette page tout ce qu&rsquo;il faut savoir pour souscrire une assurance vie au Portugal.<\/p><p>Pour la plupart des Portugais ou des expatri\u00e9s au Portugal, l&rsquo;assurance vie est \u00e9troitement li\u00e9e aux pr\u00eats immobiliers. Tout simplement parce qu&rsquo;une grande majorit\u00e9 des <a href=\"https:\/\/essencial-portugal.com\/fr\/actualite-portugal\/banques-portugal\/\" target=\"_blank\" rel=\"noopener noreferrer\">banques au Portugal<\/a> demandent une police d&rsquo;assurance vie comme garantie pour un pr\u00eat immobilier.<\/p><p>La raison est simple : en cas de d\u00e9c\u00e8s ou d&rsquo;invalidit\u00e9 de l&rsquo;un des titulaires, la dette est rembours\u00e9e sans hypoth\u00e8que. Toutefois, l&rsquo;utilisation de l&rsquo;assurance vie au Portugal peut \u00e9galement \u00eatre li\u00e9e \u00e0 un besoin de protection et de pr\u00e9vention, \u00e0 savoir celui d&rsquo;assurer la s\u00e9curit\u00e9 du patrimoine financier de la famille (surtout si vous avez des enfants) en cas de d\u00e9c\u00e8s.<\/p><h2>Assurance vie: courtier francophone au Portugal<\/h2><p>Les contrats d&rsquo;assurance vie, leur comparaison, leur compr\u00e9hension et le choix de la meilleure assurance vie pour vos besoins n&rsquo;est d\u00e9j\u00e0 pas une chose facile dans les pays francophone mais \u00e7a le sera encore moins dans un langue \u00e9trang\u00e8re qu&rsquo;est le portugais. Il est important de laisser faire un expert de l&rsquo;assurance au Portugal qui pourra \u00eatre votre repr\u00e9sentant, consulter toutes les offres des compagnies d&rsquo;assurance du pays et trouver celle qui est la plus int\u00e9ressante pour vous.<\/p><p>Si vous souhaitez vous faire accompagner et discuter de votre projet, utilisez le bouton ci-dessous et remplissez le formulaire associ\u00e9. Ces informations permettront \u00e0 un courtier en assurances francophone, bas\u00e9 \u00e0 Lisbonne, d&rsquo;entrer en contact avec vous pour discuter de votre projet et de la mani\u00e8re dont il peut vous accompagner au mieux.<\/p><p style=\"text-align: center;\"><a class=\"maxbutton-1 maxbutton maxbutton-contact\" href=\"#formulaire\"><span class='mb-text'>Formulaire<\/span><\/a><\/p><p>\u00a0<\/p><h2>Fonctionnement de l&rsquo;assurance vie au Portugal<\/h2><p>Il s&rsquo;agit d&rsquo;une assurance dont la couverture principale est le risque de d\u00e9c\u00e8s ou de survie (ou les deux) d&rsquo;une ou de plusieurs personnes. Dans certains cas, elle garantit \u00e9galement d&rsquo;autres couvertures compl\u00e9mentaires comme le risque d&rsquo;invalidit\u00e9, d&rsquo;accident ou m\u00eame de ch\u00f4mage.<\/p><p>Lorsque l&rsquo;assurance vie couvre le risque de d\u00e9c\u00e8s, l&rsquo;assureur verse au b\u00e9n\u00e9ficiaire (d\u00e9sign\u00e9 par la personne assur\u00e9e) le capital convenu, si la personne assur\u00e9e d\u00e9c\u00e8de dans le d\u00e9lai convenu dans le contrat. Il s&rsquo;agit d&rsquo;un type d&rsquo;assurance qui est g\u00e9n\u00e9ralement li\u00e9 aux pr\u00eats immobiliers.<\/p><p>Dans le cas d&rsquo;une assurance vie couvrant la survie de la personne assur\u00e9e, l&rsquo;assureur verse au b\u00e9n\u00e9ficiaire (indiqu\u00e9 par la personne assur\u00e9e) le capital convenu si la personne assur\u00e9e est vivante \u00e0 la fin du contrat. Ce type d&rsquo;assurance est habituel lors de l&rsquo;ouverture d&rsquo;un compte d&rsquo;\u00e9pargne. En outre, le b\u00e9n\u00e9ficiaire peut m\u00eame \u00eatre l&rsquo;assur\u00e9 lui-m\u00eame.<\/p><p>Il est \u00e9galement possible de souscrire \u00e0 des assurances vie qui incluent ces deux situations.<\/p><h2>Couverture de l&rsquo;assurance vie portugaise<\/h2><p>L&rsquo;assurance vie la plus large couvre le d\u00e9c\u00e8s et l&rsquo;invalidit\u00e9 totale et permanente: l&rsquo;indemnisation en cas de maladie ou d&rsquo;accident entra\u00eenant une incapacit\u00e9 totale et permanente d&rsquo;exercer la profession habituelle ou toute autre profession r\u00e9mun\u00e9r\u00e9e compatible avec les capacit\u00e9s et les valeurs de l&rsquo;individu.<\/p><p>Le degr\u00e9 d&rsquo;incapacit\u00e9 doit \u00eatre sup\u00e9rieur \u00e0 65% et n\u00e9cessite la pr\u00e9sentation d&rsquo;un certificat m\u00e9dical indiquant les causes de l&rsquo;incapacit\u00e9, ainsi qu&rsquo;un rapport sur l&rsquo;activit\u00e9 professionnelle exerc\u00e9e au moment de l&rsquo;accident. Toutefois, il faut noter que ces protections peuvent \u00e9galement augmenter la prime d&rsquo;assurance.<\/p><p>Les polices d&rsquo;assurance vie au Portugal les plus simples ne couvrent que l&rsquo;Invalidit\u00e9 Absolue et Permanente, d\u00e9clar\u00e9e lorsqu&rsquo;une personne par maladie ou accident, devient totalement inapte \u00e0 exercer une activit\u00e9 et d\u00e9pend de l&rsquo;assistance d&rsquo;une tierce personne pour les t\u00e2ches quotidiennes.<\/p><p><img decoding=\"async\" class=\"aligncenter size-full wp-image-3966\" src=\"https:\/\/essencial-portugal.com\/fr\/wp-content\/uploads\/2019\/06\/couverture-assurance-vie-portugal.jpg\" alt=\"Couverture assurance vie portugal\" width=\"1000\" height=\"500\" srcset=\"https:\/\/essencial-portugal.com\/fr\/wp-content\/uploads\/2019\/06\/couverture-assurance-vie-portugal.jpg 1000w, https:\/\/essencial-portugal.com\/fr\/wp-content\/uploads\/2019\/06\/couverture-assurance-vie-portugal-300x150.jpg 300w, https:\/\/essencial-portugal.com\/fr\/wp-content\/uploads\/2019\/06\/couverture-assurance-vie-portugal-768x384.jpg 768w\" sizes=\"(max-width: 1000px) 100vw, 1000px\" \/><\/p><h3>Exclusions de la couverture d&rsquo;assurance vie<\/h3><p>Les principales exclusions en assurance vie sont habituellement le d\u00e9c\u00e8s ou l&rsquo;invalidit\u00e9 :<\/p><ul><li>Suicide (pendant la premi\u00e8re ou les deux premi\u00e8res ann\u00e9es du contrat)<\/li><li>Consommation d&rsquo;alcool ou de drogues<\/li><li>Participation \u00e0 des actes criminels<\/li><li>Accidents d&rsquo;aviation non commerciaux et comp\u00e9titions de sports de vitesse<\/li><li>Terrorisme ou guerre<\/li><li>Catastrophes naturelles<\/li><\/ul><h2>Assurance vie au Portugal et pr\u00eat immobilier<\/h2><p>Le d\u00e9cret-loi n\u00b0 222\/2009 a apport\u00e9 d&rsquo;importants changements au r\u00e9gime de signature des contrats d&rsquo;assurance vie li\u00e9s aux pr\u00eats immobiliers au Portugal. L&rsquo;accent a \u00e9t\u00e9 mis sur la protection des droits des consommateurs, afin que les conditions associ\u00e9es ne d\u00e9passent pas l&rsquo;int\u00e9r\u00eat l\u00e9gitime des banques pour prot\u00e9ger leurs int\u00e9r\u00eats (C&rsquo;est \u00e0 dire la s\u00e9curit\u00e9 des cr\u00e9anciers en cas de d\u00e9c\u00e8s ou d&rsquo;invalidit\u00e9 des contractants).<\/p><p>Un autre point important est la possibilit\u00e9 du contractant du pr\u00eat immobilier de transf\u00e9rer son contrat assurance vie d&rsquo;une assurance vie \u00e0 une autre durant son pr\u00eat immobilier. Ce qui lui permet de profiter tout au long de son pr\u00eat de meilleures conditions d&rsquo;assurance vie. Attention, il faut que la nouvelle assurance assurance r\u00e9ponde aux exigences contractuelles.<\/p><p>M\u00eame si l&rsquo;assurance vie n&rsquo;est pas n\u00e9cessaire pour obtenir un cr\u00e9dit logement, la plupart des banques l&rsquo;exigent. Toutefois, les banques ne peuvent pas forcer le client \u00e0 formaliser l&rsquo;assurance vie qu&rsquo;il souhaite pour lui. C&rsquo;est aux clients de choisir et les banques ont l&rsquo;obligation d&rsquo;informer les clients qu&rsquo;elles peuvent transf\u00e9rer l&rsquo;assurance vie du pr\u00eat immobilier pour la dur\u00e9e du contrat.<\/p><p>Si vous souhaitez effectuer ce transfert d&rsquo;assurance vie en cas cr\u00e9dit immobilier, alors il est fortement conseill\u00e9 de faire appel \u00e0 un professionnel. Pour rappel, le bouton ci-dessous et le formulaire associ\u00e9 vous mettra en relation avec un professionnel de l&rsquo;assurance au Portugal qui pourra servir vos int\u00e9r\u00eats au mieux. En effet, en cas de transfert il faut faire attention \u00e0 deux choses importantes :<\/p><ul><li>Aux conditions impos\u00e9es par la banque et qui doivent \u00eatre respect\u00e9es par le nouvel assureur<\/li><li>A la possibilit\u00e9 d&rsquo;un assureur \u00e0 l&rsquo;autre, de perdre un petit degr\u00e9 de bonus<\/li><\/ul><p><img decoding=\"async\" class=\"aligncenter size-full wp-image-3967\" src=\"https:\/\/essencial-portugal.com\/fr\/wp-content\/uploads\/2019\/06\/courtier-assurance-vie-portugal.jpg\" alt=\"Courtier assurance vie Portugal\" width=\"900\" height=\"601\" srcset=\"https:\/\/essencial-portugal.com\/fr\/wp-content\/uploads\/2019\/06\/courtier-assurance-vie-portugal.jpg 900w, https:\/\/essencial-portugal.com\/fr\/wp-content\/uploads\/2019\/06\/courtier-assurance-vie-portugal-300x200.jpg 300w, https:\/\/essencial-portugal.com\/fr\/wp-content\/uploads\/2019\/06\/courtier-assurance-vie-portugal-768x513.jpg 768w\" sizes=\"(max-width: 900px) 100vw, 900px\" \/><\/p><h3>Transf\u00e9rer son assurance vie de pr\u00eat immobilier \u00e9tape par \u00e9tape<\/h3><p>Voici les diff\u00e9rentes \u00e9tapes du transfert de l&rsquo;assurance vie au Portugal. Toutes ces \u00e9tapes peuvent \u00eatre faites par vous-m\u00eame mais seront faites par la personne qui vous accompagne si vous vous faites accompagner.<\/p><ul><li>Consultez un sp\u00e9cialiste de l&rsquo;assurance au Portugal, francophone de pr\u00e9f\u00e9rence<\/li><li>Analysez et comparez les garanties, les avantages, les primes et les p\u00e9nalit\u00e9s possibles d&rsquo;un transfert de votre assurance vie associ\u00e9e au cr\u00e9dit immobilier et autres assurances vie disponibles sur le march\u00e9<\/li><li>Pour transf\u00e9rer l&rsquo;assurance vie au Portugal, avisez par \u00e9crit l&rsquo;ancien assureur et la banque de votre intention d&rsquo;annuler l&rsquo;<a href=\"https:\/\/essencial-portugal.com\/fr\/assurance-portugal\/\">assurance portugaise<\/a> et de votre intention de transf\u00e9rer l&rsquo;assurance, dans un d\u00e9lai de 30 jours<\/li><li>Envoyez une copie de la nouvelle police d&rsquo;assurance \u00e0 la banque lorsque vous l&rsquo;informez que vous transf\u00e9rez l&rsquo;assurance vie du pr\u00eat au logement \u00e0 une autre soci\u00e9t\u00e9<\/li><li>Annulez l&rsquo;autorisation de pr\u00e9l\u00e8vement automatique pour le paiement de la police d&rsquo;assurance pr\u00e9c\u00e9dente, afin de ne pas courir le risque de se voir imputer les primes de la police d&rsquo;assurance pr\u00e9c\u00e9dente sur votre compte<\/li><\/ul><h2>Pourquoi souscrire une assurance vie au Portugal<\/h2><p>La raison principale est la pr\u00e9vention. Pr\u00e9venir \u00e9conomiquement les cons\u00e9quences du d\u00e9c\u00e8s (le capital assur\u00e9 peut compenser l&rsquo;absence de ce revenu) ou de la survie \u00e0 un certain \u00e2ge qui peut entra\u00eener des co\u00fbts (inabordables) pour les personnes \u00e2g\u00e9es et\/ou leurs proches, afin de garantir les soins n\u00e9cessaires (ces soins sont transf\u00e9r\u00e9s ou partag\u00e9s avec l&rsquo;assureur).<\/p><p>Une autre raison est l&rsquo;imposition d&rsquo;une banque comme garantie par exemple, pour un pr\u00eat immobilier ou un compte d&rsquo;\u00e9pargne.<\/p><h3>Les questions importantes avant de souscrire<\/h3><ul><li style=\"list-style-type: none;\"><ul><li>Quelles sont les caract\u00e9ristiques et la d\u00e9finition de chaque couverture ?<\/li><li>Quel est le montant de la prime pour chaque couverture ?<\/li><li>Comment la participation aux b\u00e9n\u00e9fices est-elle calcul\u00e9e et vers\u00e9e ?<\/li><li>Quel est le revenu minimum garanti, le taux d&rsquo;int\u00e9r\u00eat minimum garanti et sa dur\u00e9e ?<\/li><\/ul><\/li><\/ul><div id=\"formulaire\">\u00a0<\/div><ul><li>Quelles sont les valeurs de rachat, de r\u00e9duction et de p\u00e9nalit\u00e9 ?<\/li><li>Quels sont les frais et le calendrier de recouvrement ?<\/li><li>Quel est le r\u00e9gime fiscal et les avantages fiscaux existants ?<\/li><\/ul><h2>Courtier francophone assurance vie Portugal<\/h2><p style=\"text-align: center;\"><div class=\"wpforms-container wpforms-container-full\" id=\"wpforms-6269\"><form id=\"wpforms-form-6269\" class=\"wpforms-validate wpforms-form\" data-formid=\"6269\" method=\"post\" enctype=\"multipart\/form-data\" action=\"\/fr\/wp-json\/wp\/v2\/pages\/3891\" data-token=\"08956e9f0bde2b0f9b47d8b60396e97f\" data-token-time=\"1776648958\"><noscript class=\"wpforms-error-noscript\">Veuillez activer JavaScript dans votre navigateur pour remplir ce formulaire.<\/noscript><div class=\"wpforms-field-container\"><div id=\"wpforms-6269-field_0-container\" class=\"wpforms-field wpforms-field-name\" data-field-id=\"0\"><label class=\"wpforms-field-label\">Nom <span class=\"wpforms-required-label\">*<\/span><\/label><div class=\"wpforms-field-row wpforms-field-medium\"><div class=\"wpforms-field-row-block wpforms-first wpforms-one-half\"><input type=\"text\" id=\"wpforms-6269-field_0\" class=\"wpforms-field-name-first wpforms-field-required\" name=\"wpforms[fields][0][first]\" required><label for=\"wpforms-6269-field_0\" class=\"wpforms-field-sublabel after\">Pr\u00e9nom<\/label><\/div><div class=\"wpforms-field-row-block wpforms-one-half\"><input type=\"text\" id=\"wpforms-6269-field_0-last\" class=\"wpforms-field-name-last wpforms-field-required\" name=\"wpforms[fields][0][last]\" required><label for=\"wpforms-6269-field_0-last\" class=\"wpforms-field-sublabel after\">Nom<\/label><\/div><\/div><\/div><div id=\"wpforms-6269-field_1-container\" class=\"wpforms-field wpforms-field-email\" data-field-id=\"1\"><label class=\"wpforms-field-label\" for=\"wpforms-6269-field_1\">E-mail <span class=\"wpforms-required-label\">*<\/span><\/label><input type=\"email\" id=\"wpforms-6269-field_1\" class=\"wpforms-field-medium wpforms-field-required\" name=\"wpforms[fields][1]\" spellcheck=\"false\" required><\/div><div id=\"wpforms-6269-field_12-container\" class=\"wpforms-field wpforms-field-phone\" data-field-id=\"12\"><label class=\"wpforms-field-label\" for=\"wpforms-6269-field_12\">T\u00e9l\u00e9phone <span class=\"wpforms-required-label\">*<\/span><\/label><input type=\"tel\" id=\"wpforms-6269-field_12\" class=\"wpforms-field-medium wpforms-field-required wpforms-smart-phone-field\" data-rule-smart-phone-field=\"true\" name=\"wpforms[fields][12]\" aria-label=\"T\u00e9l\u00e9phone\" required><\/div><div id=\"wpforms-6269-field_2-container\" class=\"wpforms-field wpforms-field-textarea\" data-field-id=\"2\"><label class=\"wpforms-field-label\" for=\"wpforms-6269-field_2\">Informations compl\u00e9mentaires <span class=\"wpforms-required-label\">*<\/span><\/label><textarea id=\"wpforms-6269-field_2\" class=\"wpforms-field-medium wpforms-field-required\" name=\"wpforms[fields][2]\" required><\/textarea><\/div><\/div><!-- .wpforms-field-container --><div class=\"wpforms-field wpforms-field-hp\"><label for=\"wpforms-6269-field-hp\" class=\"wpforms-field-label\">Website<\/label><input type=\"text\" name=\"wpforms[hp]\" id=\"wpforms-6269-field-hp\" class=\"wpforms-field-medium\"><\/div><div class=\"wpforms-submit-container\" ><input type=\"hidden\" name=\"wpforms[id]\" value=\"6269\"><input type=\"hidden\" name=\"page_title\" value=\"\"><input type=\"hidden\" name=\"page_url\" value=\"https:\/\/essencial-portugal.com\/fr\/wp-json\/wp\/v2\/pages\/3891\"><input type=\"hidden\" name=\"url_referer\" value=\"\"><button type=\"submit\" name=\"wpforms[submit]\" id=\"wpforms-submit-6269\" class=\"wpforms-submit\" data-alt-text=\"Envoi...\" data-submit-text=\"Envoyer\" aria-live=\"assertive\" value=\"wpforms-submit\">Envoyer<\/button><\/div><\/form><\/div>  <!-- .wpforms-container --><\/p><blockquote><p>En validant le formulaire de contact, vous m&rsquo;autorisez \u00e0 transmettre votre demande \u00e0 un intervenant francophone bas\u00e9 au Portugal qui pourra vous recontacter directement, discuter de votre projet et de la meilleure fa\u00e7on de vous accompagner.<\/p><\/blockquote><h2>Assurances au Portugal<\/h2><p>Vous trouverez ci-dessous toutes les assurances au Portugal pour lesquelles vous pouvez faire appel \u00e0 mon courtier partenaire sp\u00e9cialis\u00e9 :<\/p><ul><li><a href=\"https:\/\/essencial-portugal.com\/fr\/actualite-portugal\/mutuelles-au-portugal-comment-choisir\/\">Mutuelle Portugal<\/a><\/li><li><a href=\"https:\/\/essencial-portugal.com\/fr\/assurance-portugal\/assurance-moto-portugal\/\">Assurance moto Portugal<\/a><\/li><li><a href=\"https:\/\/essencial-portugal.com\/fr\/assurance-portugal\/assurance-habitation-portugal\/\">Assurance habitation Portugal<\/a><\/li><li><a href=\"https:\/\/essencial-portugal.com\/fr\/assurance-portugal\/assurance-dentaire-portugal\/\">Assurance dentaire Portugal<\/a><\/li><li><a href=\"https:\/\/essencial-portugal.com\/fr\/assurance-portugal\/assurance-voiture-portugal\/\">Assurance voiture Portugal<\/a><\/li><li><a href=\"https:\/\/essencial-portugal.com\/fr\/assurance-portugal\/assurance-bateau-portugal\/\">Assurance bateau Portugal<\/a><\/li><\/ul><p>\u00a0<\/p>\t\t\t\t\t\t\t\t<\/div>\n\t\t\t\t<\/div>\n\t\t\t\t\t<\/div>\n\t\t<\/div>\n\t\t\t\t\t<\/div>\n\t\t<\/section>\n\t\t\t\t<\/div>\n\t\t","protected":false},"excerpt":{"rendered":"<p>Assurance vie au Portugal Qu&rsquo;est-ce que l&rsquo;assurance vie et comment fonctionne-t-elle ? Quelles sont les protections et exclusions ? Et pour quelles raisons souscrire une assurance vie ? Vous trouverez sur cette page tout ce qu&rsquo;il faut savoir pour souscrire une assurance vie au Portugal. Pour la plupart des Portugais ou des expatri\u00e9s au Portugal, [&hellip;]<\/p>\n","protected":false},"author":1,"featured_media":3965,"parent":3166,"menu_order":0,"comment_status":"closed","ping_status":"closed","template":"","meta":{"om_disable_all_campaigns":false,"_monsterinsights_skip_tracking":false,"_monsterinsights_sitenote_active":false,"_monsterinsights_sitenote_note":"","_monsterinsights_sitenote_category":0,"_uf_show_specific_survey":0,"_uf_disable_surveys":false,"site-sidebar-layout":"default","site-content-layout":"default","ast-site-content-layout":"default","site-content-style":"default","site-sidebar-style":"default","ast-global-header-display":"","ast-banner-title-visibility":"","ast-main-header-display":"","ast-hfb-above-header-display":"","ast-hfb-below-header-display":"","ast-hfb-mobile-header-display":"","site-post-title":"","ast-breadcrumbs-content":"","ast-featured-img":"","footer-sml-layout":"","ast-disable-related-posts":"","theme-transparent-header-meta":"default","adv-header-id-meta":"","stick-header-meta":"","header-above-stick-meta":"","header-main-stick-meta":"","header-below-stick-meta":"","astra-migrate-meta-layouts":"default","ast-page-background-enabled":"default","ast-page-background-meta":{"desktop":{"background-color":"","background-image":"","background-repeat":"repeat","background-position":"center center","background-size":"auto","background-attachment":"scroll","background-type":"","background-media":"","overlay-type":"","overlay-color":"","overlay-opacity":"","overlay-gradient":""},"tablet":{"background-color":"","background-image":"","background-repeat":"repeat","background-position":"center center","background-size":"auto","background-attachment":"scroll","background-type":"","background-media":"","overlay-type":"","overlay-color":"","overlay-opacity":"","overlay-gradient":""},"mobile":{"background-color":"","background-image":"","background-repeat":"repeat","background-position":"center center","background-size":"auto","background-attachment":"scroll","background-type":"","background-media":"","overlay-type":"","overlay-color":"","overlay-opacity":"","overlay-gradient":""}},"ast-content-background-meta":{"desktop":{"background-color":"var(--ast-global-color-5)","background-image":"","background-repeat":"repeat","background-position":"center center","background-size":"auto","background-attachment":"scroll","background-type":"","background-media":"","overlay-type":"","overlay-color":"","overlay-opacity":"","overlay-gradient":""},"tablet":{"background-color":"var(--ast-global-color-5)","background-image":"","background-repeat":"repeat","background-position":"center center","background-size":"auto","background-attachment":"scroll","background-type":"","background-media":"","overlay-type":"","overlay-color":"","overlay-opacity":"","overlay-gradient":""},"mobile":{"background-color":"var(--ast-global-color-5)","background-image":"","background-repeat":"repeat","background-position":"center center","background-size":"auto","background-attachment":"scroll","background-type":"","background-media":"","overlay-type":"","overlay-color":"","overlay-opacity":"","overlay-gradient":""}},"footnotes":""},"class_list":["post-3891","page","type-page","status-publish","has-post-thumbnail","hentry"],"aioseo_notices":[],"_links":{"self":[{"href":"https:\/\/essencial-portugal.com\/fr\/wp-json\/wp\/v2\/pages\/3891","targetHints":{"allow":["GET"]}}],"collection":[{"href":"https:\/\/essencial-portugal.com\/fr\/wp-json\/wp\/v2\/pages"}],"about":[{"href":"https:\/\/essencial-portugal.com\/fr\/wp-json\/wp\/v2\/types\/page"}],"author":[{"embeddable":true,"href":"https:\/\/essencial-portugal.com\/fr\/wp-json\/wp\/v2\/users\/1"}],"replies":[{"embeddable":true,"href":"https:\/\/essencial-portugal.com\/fr\/wp-json\/wp\/v2\/comments?post=3891"}],"version-history":[{"count":0,"href":"https:\/\/essencial-portugal.com\/fr\/wp-json\/wp\/v2\/pages\/3891\/revisions"}],"up":[{"embeddable":true,"href":"https:\/\/essencial-portugal.com\/fr\/wp-json\/wp\/v2\/pages\/3166"}],"wp:featuredmedia":[{"embeddable":true,"href":"https:\/\/essencial-portugal.com\/fr\/wp-json\/wp\/v2\/media\/3965"}],"wp:attachment":[{"href":"https:\/\/essencial-portugal.com\/fr\/wp-json\/wp\/v2\/media?parent=3891"}],"curies":[{"name":"wp","href":"https:\/\/api.w.org\/{rel}","templated":true}]}}