{"id":3895,"date":"2019-06-30T10:01:48","date_gmt":"2019-06-30T10:01:48","guid":{"rendered":"https:\/\/essencial-portugal.com\/fr\/?page_id=3895"},"modified":"2023-03-06T14:38:02","modified_gmt":"2023-03-06T14:38:02","slug":"assurance-bateau-portugal","status":"publish","type":"page","link":"https:\/\/essencial-portugal.com\/fr\/assurance-portugal\/assurance-bateau-portugal\/","title":{"rendered":"Assurance bateau au Portugal"},"content":{"rendered":"\t\t<div data-elementor-type=\"wp-page\" data-elementor-id=\"3895\" class=\"elementor elementor-3895\" data-elementor-post-type=\"page\">\n\t\t\t\t\t\t<section class=\"elementor-section elementor-top-section elementor-element elementor-element-6fbb1ddf elementor-section-boxed elementor-section-height-default elementor-section-height-default\" data-id=\"6fbb1ddf\" data-element_type=\"section\" data-e-type=\"section\">\n\t\t\t\t\t\t<div class=\"elementor-container elementor-column-gap-default\">\n\t\t\t\t\t<div class=\"elementor-column elementor-col-100 elementor-top-column elementor-element elementor-element-19a7405e\" data-id=\"19a7405e\" data-element_type=\"column\" data-e-type=\"column\">\n\t\t\t<div class=\"elementor-widget-wrap elementor-element-populated\">\n\t\t\t\t\t\t<div class=\"elementor-element elementor-element-513c0f9 elementor-toc--minimized-on-tablet elementor-widget elementor-widget-table-of-contents\" data-id=\"513c0f9\" data-element_type=\"widget\" data-e-type=\"widget\" data-settings=\"{&quot;headings_by_tags&quot;:[&quot;h2&quot;],&quot;exclude_headings_by_selector&quot;:[],&quot;marker_view&quot;:&quot;bullets&quot;,&quot;icon&quot;:{&quot;value&quot;:&quot;fas fa-check-square&quot;,&quot;library&quot;:&quot;fa-solid&quot;},&quot;no_headings_message&quot;:&quot;Aucun titre n\\u2019a \\u00e9t\\u00e9 trouv\\u00e9 sur cette page.&quot;,&quot;minimize_box&quot;:&quot;yes&quot;,&quot;minimized_on&quot;:&quot;tablet&quot;,&quot;hierarchical_view&quot;:&quot;yes&quot;,&quot;min_height&quot;:{&quot;unit&quot;:&quot;px&quot;,&quot;size&quot;:&quot;&quot;,&quot;sizes&quot;:[]},&quot;min_height_tablet&quot;:{&quot;unit&quot;:&quot;px&quot;,&quot;size&quot;:&quot;&quot;,&quot;sizes&quot;:[]},&quot;min_height_mobile&quot;:{&quot;unit&quot;:&quot;px&quot;,&quot;size&quot;:&quot;&quot;,&quot;sizes&quot;:[]}}\" data-widget_type=\"table-of-contents.default\">\n\t\t\t\t<div class=\"elementor-widget-container\">\n\t\t\t\t\t\t\t\t\t<div class=\"elementor-toc__header\">\n\t\t\t\t\t\t<h2 class=\"elementor-toc__header-title\">\n\t\t\t\tAssurance bateau au Portugal\t\t\t<\/h2>\n\t\t\t\t\t\t\t\t\t\t<div class=\"elementor-toc__toggle-button elementor-toc__toggle-button--expand\" role=\"button\" tabindex=\"0\" aria-controls=\"elementor-toc__513c0f9\" aria-expanded=\"true\" aria-label=\"Ouvrir la table des mati\u00e8res\"><i aria-hidden=\"true\" class=\"fas fa-caret-square-down\"><\/i><\/div>\n\t\t\t\t<div class=\"elementor-toc__toggle-button elementor-toc__toggle-button--collapse\" role=\"button\" tabindex=\"0\" aria-controls=\"elementor-toc__513c0f9\" aria-expanded=\"true\" aria-label=\"Fermer la table des mati\u00e8res\"><i aria-hidden=\"true\" class=\"fas fa-angle-double-up\"><\/i><\/div>\n\t\t\t\t\t<\/div>\n\t\t\t\t<div id=\"elementor-toc__513c0f9\" class=\"elementor-toc__body\">\n\t\t\t<div class=\"elementor-toc__spinner-container\">\n\t\t\t\t<i class=\"elementor-toc__spinner eicon-animation-spin eicon-loading\" aria-hidden=\"true\"><\/i>\t\t\t<\/div>\n\t\t<\/div>\n\t\t\t\t\t\t<\/div>\n\t\t\t\t<\/div>\n\t\t\t\t<div class=\"elementor-element elementor-element-5be9bf9f elementor-widget elementor-widget-text-editor\" data-id=\"5be9bf9f\" data-element_type=\"widget\" data-e-type=\"widget\" data-widget_type=\"text-editor.default\">\n\t\t\t\t<div class=\"elementor-widget-container\">\n\t\t\t\t\t\t\t\t\tEn cas d&rsquo;accident nautique, votre assurance bateau au Portugal peut assumer la valeur des dommages que vous pourriez causer \u00e0 des tiers ou ceux subis par votre bateau et ses occupants, en fonction du niveau de protection que vous choisissez.\r\n\r\n<img fetchpriority=\"high\" decoding=\"async\" class=\"aligncenter size-full wp-image-3972\" src=\"https:\/\/essencial-portugal.com\/fr\/wp-content\/uploads\/2019\/06\/assurance-bateau-portugal.jpg\" alt=\"assurance bateau portugal\" width=\"1900\" height=\"1069\" srcset=\"https:\/\/essencial-portugal.com\/fr\/wp-content\/uploads\/2019\/06\/assurance-bateau-portugal.jpg 1900w, https:\/\/essencial-portugal.com\/fr\/wp-content\/uploads\/2019\/06\/assurance-bateau-portugal-300x169.jpg 300w, https:\/\/essencial-portugal.com\/fr\/wp-content\/uploads\/2019\/06\/assurance-bateau-portugal-768x432.jpg 768w, https:\/\/essencial-portugal.com\/fr\/wp-content\/uploads\/2019\/06\/assurance-bateau-portugal-1024x576.jpg 1024w\" sizes=\"(max-width: 1900px) 100vw, 1900px\" \/>\r\n\r\nVotre assurance nautique peut contenir diff\u00e9rents types de protections comme :\r\n<ul>\r\n \t<li>La responsabilit\u00e9 civile : la valeur des dommages que vous causez \u00e0 d&rsquo;autres personnes ou bateaux, dans les accidents r\u00e9sultant de votre responsabilit\u00e9<\/li>\r\n \t<li>Vos dommages personnels : la perte totale de votre bateau ou le co\u00fbt de sa r\u00e9paration<\/li>\r\n \t<li>Les accidents personnels (occupants) : l&rsquo;indemnisation en cas de d\u00e9c\u00e8s ou d&rsquo;hospitalisation des occupants du bateau<\/li>\r\n<\/ul>\r\nDans le cas de votre bateau, l&rsquo;assurance de vos dommages personnels s&rsquo;appliquent g\u00e9n\u00e9ralement uniquement dans les situations suivantes :\r\n<ul>\r\n \t<li>Accident dans l&rsquo;eau, y compris les frais de sauvetage ou d&rsquo;enl\u00e8vement de l&rsquo;\u00e9pave<\/li>\r\n \t<li>Accident \u00e0 terre<\/li>\r\n \t<li>Accident lors de la mise \u00e0 l&rsquo;eau \/ de la sortie du bateau de l&rsquo;eau<\/li>\r\n \t<li>Accident lors du transport du navire \u00e0 terre<\/li>\r\n<\/ul>\r\nL&rsquo;assurance responsabilit\u00e9 civile est obligatoire pour les propri\u00e9taires de bateaux de plaisance qui ont au moins un moteur comme moyen de propulsion.\r\nCette obligation est \u00e9galement \u00e9tendue aux voiliers de plus de 7 m de long.\r\n<h2>Courtier francophone en assurances au Portugal<\/h2>\r\nSi vous souhaitez souscrire \u00e0 une assurance bateau au Portugal mais ne savez pas par o\u00f9 commencer, comment identifier les diff\u00e9rents assureurs, comprendre les contrats ou encore souscrire \u00e0 la bonne assurance pour votre bateau, alors vous pouvez utiliser le bouton ci-dessous et remplir le formulaire d\u00e9di\u00e9. Vos informations seront transmises \u00e0 un courtier en assurance francophone bas\u00e9 \u00e0 Lisbonne et sp\u00e9cialis\u00e9 dans les assurances au Portugal.\r\n\r\nIl pourra vous aider dans tout le processus et \u00eatre votre interm\u00e9diaire francophone avec les principales compagnies d&rsquo;assurance bateau au Portugal.\r\n<p style=\"text-align: center;\"><a class=\"maxbutton-1 maxbutton maxbutton-contact\" href=\"#formulaire\"><span class='mb-text'>Formulaire<\/span><\/a><\/p>\r\n&nbsp;\r\n<h2>Offres d&rsquo;assurance bateau au Portugal<\/h2>\r\nVous trouverez ci-dessous un exemple de 3 couvertures propos\u00e9es par une assurance bateau au Portugal. Cela vous permettra d&rsquo;avoir une id\u00e9e des prises en charge et des couvertures. Ce n&rsquo;est bien s\u00fbr qu&rsquo;un exemple et les couvertures peuvent changer d&rsquo;un assureur \u00e0 un autre mais elles sont toutes sensiblement similaires.\r\n<h3>Assurance bateau de base<\/h3>\r\nCette assurance est g\u00e9n\u00e9ralement pour ceux qui souhaitent simplement r\u00e9pondre \u00e0 l&rsquo;obligation l\u00e9gale d&rsquo;avoir une assurance responsabilit\u00e9 pour les bateaux de plaisance.\r\n<ul>\r\n \t<li>Prise en charge de la valeur des dommages caus\u00e9s dans la limite de 250.000 euros au Portugal ou 337.000 euros en Espagne, conform\u00e9ment \u00e0 la l\u00e9gislation en vigueur<\/li>\r\n \t<li>Protection juridique et assistance aux Navires et aux Personnes, c&rsquo;est-\u00e0-dire que si vous avez un probl\u00e8me en mer, l&rsquo;assureur enverra un remorqueur pour vous assister (dans les eaux d\u00e9finies dans les conditions de l&rsquo;assurance &#8211; Cela peut-\u00eatre jusqu&rsquo;\u00e0 20 miles d&rsquo;un port et 6 miles des c\u00f4tes, variable selon les assureurs)<\/li>\r\n<\/ul>\r\n<h3>Assurance bateau interm\u00e9diaire<\/h3>\r\nCette assurance bateau au Portugal est interm\u00e9diaire, pour ceux qui souhaitent avoir une les prestations incluses dans l&rsquo;assurance minimum mais aussi plus de couverture en cas d&rsquo;autres probl\u00e8mes :\r\n<ul>\r\n \t<li>Responsabilit\u00e9 civile volontaire : si \u00e0 la suite d&rsquo;un accident nautique, la valeur des dommages caus\u00e9s aux tiers d\u00e9passe la limite garantie par la Responsabilit\u00e9 Civile Obligatoire<\/li>\r\n \t<li>Demande de dommages int\u00e9r\u00eats et avance d&rsquo;indemnit\u00e9s : assistance juridique en cas de litige avec une autre entit\u00e9 avec laquelle vous avez eu un accident<\/li>\r\n \t<li>Accidents personnels des occupants de navires : En cas d&rsquo;accident entra\u00eenant des blessures, l&rsquo;assurance remboursera les frais de traitement ou vous indemnisera vous ou votre famille en cas de d\u00e9c\u00e8s ou d&rsquo;invalidit\u00e9 r\u00e9sultant de l&rsquo;accident<\/li>\r\n \t<li>Assistance suppl\u00e9mentaire aux personnes et au bateau : cela permet d&rsquo;augmenter la distance g\u00e9ographique du service d&rsquo;assistance \u00e0 la navigation<\/li>\r\n<\/ul>\r\n<img decoding=\"async\" class=\"aligncenter size-full wp-image-3973\" src=\"https:\/\/essencial-portugal.com\/fr\/wp-content\/uploads\/2019\/06\/souscrire-assurance-bateau-portugal.jpg\" alt=\"Souscrire une assurance bateau au Portugal\" width=\"1900\" height=\"1267\" srcset=\"https:\/\/essencial-portugal.com\/fr\/wp-content\/uploads\/2019\/06\/souscrire-assurance-bateau-portugal.jpg 1900w, https:\/\/essencial-portugal.com\/fr\/wp-content\/uploads\/2019\/06\/souscrire-assurance-bateau-portugal-300x200.jpg 300w, https:\/\/essencial-portugal.com\/fr\/wp-content\/uploads\/2019\/06\/souscrire-assurance-bateau-portugal-768x512.jpg 768w, https:\/\/essencial-portugal.com\/fr\/wp-content\/uploads\/2019\/06\/souscrire-assurance-bateau-portugal-1024x683.jpg 1024w\" sizes=\"(max-width: 1900px) 100vw, 1900px\" \/>\r\n<h3>Assurance bateau sup\u00e9rieure<\/h3>\r\nCe type d&rsquo;assurance comprend beaucoup de couvertures et est bien s\u00fbr l&rsquo;assurance bateau au Portugal la plus ch\u00e8re. Mais c&rsquo;est aussi celle qui vous assure le plus de s\u00e9r\u00e9nit\u00e9 pour sortie en bateau depuis Lisbonne, l\u2019Algarve ou ailleurs au Portugal.\r\n\r\nSi vous choisissez ce type d&rsquo;assurance bateau, alors vous aurez les couvertures apport\u00e9es par les deux premi\u00e8res versions de l&rsquo;assurances mais aussi des options suppl\u00e9mentaires comme :\r\n<ul>\r\n \t<li>Perte totale et enl\u00e8vement de l&rsquo;\u00e9pave du bateau : si \u00e0 la suite d&rsquo;un accident de bateau garanti par la Police votre navire devient compl\u00e8tement inutilisable, l&rsquo;assureur portugais pourra vous indemniser \u00e0 hauteur de la valeur du navire au moment de l&rsquo;accident et garantira le remboursement des frais d&rsquo;enl\u00e8vement de l&rsquo;\u00e9pave dans les limites \u00e9tablies par votre contrat d&rsquo;<a href=\"https:\/\/essencial-portugal.com\/fr\/assurance-portugal\/\">assurance au Portugal<\/a><\/li>\r\n \t<li>Vol : l&rsquo;assureur bateau vous indemnisera \u00e0 hauteur de la valeur de votre bateau au moment du vol ou \u00e0 hauteur de la valeur de tout dommage caus\u00e9 au navire suite \u00e0 une tentative de vol, dans les limites \u00e9tablies par votre contrat d&rsquo;assurance<\/li>\r\n \t<li>Dommages partiels : si \u00e0 la suite d&rsquo;un accident garanti par la police le navire doit \u00eatre r\u00e9par\u00e9, l&rsquo;assurance peut assumer la valeur de la r\u00e9paration (\u00e0 hauteur de la valeur assur\u00e9e ou de la valeur du bateau au moment du dommage)<\/li>\r\n \t<li>Actes sociopolitiques : si \u00e0 la suite d&rsquo;un acte terroriste, d&rsquo;un sabotage, de gr\u00e8ves ou de troubles sociaux et de troubles civils, votre bateau est endommag\u00e9, l&rsquo;assurance bateau au Portugal peut prendre en charge la valeur de la r\u00e9paration (\u00e0 hauteur de la valeur assur\u00e9e ou de la valeur du bateau au moment du dommage)<\/li>\r\n \t<li>Objets \u00e0 usage personnel : l&rsquo;assureur peut enfin vous indemniser pour les objets personnels identifi\u00e9s par la police, qui sont transport\u00e9s \u00e0 bord du bateau, \u00e0 la suite d&rsquo;un accident nautique ou d&rsquo;un vol lorsque le navire est amarr\u00e9 au port.<\/li>\r\n<\/ul>\r\nIl faut noter bien s\u00fbr que toutes les prises en charge sont variables selon ce qui a \u00e9t\u00e9 d\u00e9fini au moment de la souscription \u00e0 votre assurance bateau au Portugal.\r\n<h2>Exclusion des assurance pour bateaux au Portugal<\/h2>\r\nIl y a des \u00e9v\u00e9nements qui ne sont g\u00e9n\u00e9ralement pas \u00eatre inclus dans votre contrat d&rsquo;assurance bateau, par exemple les accidents qui surviennent lorsque le voiturier est sous l&rsquo;influence de l&rsquo;alcool ou n&rsquo;a pas de permis valide pour conduire le bateau.\r\n\r\nDans ces situations, l&rsquo;assurance n&rsquo;a aucune obligation d&rsquo;indemnisation. Il ne s&rsquo;agit l\u00e0 que de deux exemples, la liste compl\u00e8te des situations qui ne donnent pas lieu \u00e0 indemnisation se trouve dans les conditions g\u00e9n\u00e9rales de la police qu&rsquo;ils vous faut conna\u00eetre et auxquelles faire attention.\r\n\r\nDans ce type de situations, l&rsquo;assureur peut vous demander de rembourser toute indemnisation que vous auriez re\u00e7u \u00e0 la suite de l&rsquo;accident.\r\n\r\nLe montant \u00e0 payer pour votre assurance bateau au Portugal d\u00e9pend des caract\u00e9ristiques individuelles du bateau et de l&rsquo;option de couverture que vous aurez choisi. Avant de contracter l&rsquo;assurance, il est fortement recommand\u00e9 de vous faire accompagner par un professionnel de l&rsquo;assurance au Portugal. Pour \u00eatre mis en relation avec un professionnel francophone des assurances bas\u00e9 \u00e0 Lisbonne, vous pouvez utiliser le bouton ci-dessus et le formulaire associ\u00e9.\r\n<img decoding=\"async\" class=\"aligncenter size-full wp-image-3974\" src=\"https:\/\/essencial-portugal.com\/fr\/wp-content\/uploads\/2019\/06\/courtier-assurance-bateau-portugal.png\" alt=\"courtier assurance bateau portugal\" width=\"908\" height=\"414\" srcset=\"https:\/\/essencial-portugal.com\/fr\/wp-content\/uploads\/2019\/06\/courtier-assurance-bateau-portugal.png 908w, https:\/\/essencial-portugal.com\/fr\/wp-content\/uploads\/2019\/06\/courtier-assurance-bateau-portugal-300x137.png 300w, https:\/\/essencial-portugal.com\/fr\/wp-content\/uploads\/2019\/06\/courtier-assurance-bateau-portugal-768x350.png 768w\" sizes=\"(max-width: 908px) 100vw, 908px\" \/>\r\n<div id=\"formulaire\"><\/div>\r\nLa valeur de votre assurance peut \u00eatre pay\u00e9e annuellement, semestriellement ou trimestriellement. Si vous choisissez de payer votre assurance bateau portugaise annuellement par d\u00e9bit bancaire automatique, vous pourrez g\u00e9n\u00e9ralement obtenir une r\u00e9duction qui pourra \u00eatre de l&rsquo;ordre de 5%.\r\n<h2>Courtier francophone assurance bateau Portugal<\/h2>\r\n<p style=\"text-align: center;\"><div class=\"wpforms-container wpforms-container-full\" id=\"wpforms-6274\"><form id=\"wpforms-form-6274\" class=\"wpforms-validate wpforms-form\" data-formid=\"6274\" method=\"post\" enctype=\"multipart\/form-data\" action=\"\/fr\/wp-json\/wp\/v2\/pages\/3895\" data-token=\"bba4b22e769e16088644b7ba6d05df6f\" data-token-time=\"1776648906\"><noscript class=\"wpforms-error-noscript\">Veuillez activer JavaScript dans votre navigateur pour remplir ce formulaire.<\/noscript><div class=\"wpforms-field-container\"><div id=\"wpforms-6274-field_0-container\" class=\"wpforms-field wpforms-field-name\" data-field-id=\"0\"><label class=\"wpforms-field-label\">Nom <span class=\"wpforms-required-label\">*<\/span><\/label><div class=\"wpforms-field-row wpforms-field-medium\"><div class=\"wpforms-field-row-block wpforms-first wpforms-one-half\"><input type=\"text\" id=\"wpforms-6274-field_0\" class=\"wpforms-field-name-first wpforms-field-required\" name=\"wpforms[fields][0][first]\" required><label for=\"wpforms-6274-field_0\" class=\"wpforms-field-sublabel after\">Pr\u00e9nom<\/label><\/div><div class=\"wpforms-field-row-block wpforms-one-half\"><input type=\"text\" id=\"wpforms-6274-field_0-last\" class=\"wpforms-field-name-last wpforms-field-required\" name=\"wpforms[fields][0][last]\" required><label for=\"wpforms-6274-field_0-last\" class=\"wpforms-field-sublabel after\">Nom<\/label><\/div><\/div><\/div><div id=\"wpforms-6274-field_1-container\" class=\"wpforms-field wpforms-field-email\" data-field-id=\"1\"><label class=\"wpforms-field-label\" for=\"wpforms-6274-field_1\">E-mail <span class=\"wpforms-required-label\">*<\/span><\/label><input type=\"email\" id=\"wpforms-6274-field_1\" class=\"wpforms-field-medium wpforms-field-required\" name=\"wpforms[fields][1]\" spellcheck=\"false\" required><\/div><div id=\"wpforms-6274-field_18-container\" class=\"wpforms-field wpforms-field-phone\" data-field-id=\"18\"><label class=\"wpforms-field-label\" for=\"wpforms-6274-field_18\">T\u00e9l\u00e9phone <span class=\"wpforms-required-label\">*<\/span><\/label><input type=\"tel\" id=\"wpforms-6274-field_18\" class=\"wpforms-field-medium wpforms-field-required wpforms-smart-phone-field\" data-rule-smart-phone-field=\"true\" name=\"wpforms[fields][18]\" aria-label=\"T\u00e9l\u00e9phone\" required><\/div><div id=\"wpforms-6274-field_2-container\" class=\"wpforms-field wpforms-field-textarea\" data-field-id=\"2\"><label class=\"wpforms-field-label\" for=\"wpforms-6274-field_2\">Informations compl\u00e9mentaires <span class=\"wpforms-required-label\">*<\/span><\/label><textarea id=\"wpforms-6274-field_2\" class=\"wpforms-field-medium wpforms-field-required\" name=\"wpforms[fields][2]\" required><\/textarea><\/div><\/div><!-- .wpforms-field-container --><div class=\"wpforms-submit-container\" ><input type=\"hidden\" name=\"wpforms[id]\" value=\"6274\"><input type=\"hidden\" name=\"page_title\" value=\"\"><input type=\"hidden\" name=\"page_url\" value=\"https:\/\/essencial-portugal.com\/fr\/wp-json\/wp\/v2\/pages\/3895\"><input type=\"hidden\" name=\"url_referer\" value=\"\"><button type=\"submit\" name=\"wpforms[submit]\" id=\"wpforms-submit-6274\" class=\"wpforms-submit\" aria-live=\"assertive\" value=\"wpforms-submit\">Envoyer<\/button><\/div><\/form><\/div>  <!-- .wpforms-container --><\/p>\r\n\r\n<blockquote>En validant le formulaire de contact, vous m&rsquo;autorisez \u00e0 transmettre votre demande \u00e0 un intervenant francophone bas\u00e9 au Portugal qui pourra vous recontacter directement, discuter de votre projet et de la meilleure fa\u00e7on de vous accompagner.<\/blockquote>\r\n<h2>Assurances au Portugal<\/h2>\r\nVous trouverez ci-dessous toutes les assurances au Portugal pour lesquelles vous pouvez faire appel \u00e0 mon courtier partenaire sp\u00e9cialis\u00e9 :\r\n<ul>\r\n \t<li><a href=\"https:\/\/essencial-portugal.com\/fr\/actualite-portugal\/mutuelles-au-portugal-comment-choisir\/\">Mutuelle Portugal<\/a><\/li>\r\n \t<li><a href=\"https:\/\/essencial-portugal.com\/fr\/assurance-portugal\/assurance-moto-portugal\/\">Assurance moto Portugal<\/a><\/li>\r\n \t<li><a href=\"https:\/\/essencial-portugal.com\/fr\/assurance-portugal\/assurance-vie-portugal\/\">Assurance vie Portugal<\/a><\/li>\r\n \t<li><a href=\"https:\/\/essencial-portugal.com\/fr\/assurance-portugal\/assurance-dentaire-portugal\/\">Assurance dentaire Portugal<\/a><\/li>\r\n \t<li><a href=\"https:\/\/essencial-portugal.com\/fr\/assurance-portugal\/assurance-voiture-portugal\/\">Assurance auto Portugal<\/a><\/li>\r\n \t<li><a href=\"https:\/\/essencial-portugal.com\/fr\/assurance-portugal\/assurance-habitation-portugal\/\">Assurance habitation Portugal<\/a><\/li>\r\n<\/ul>\t\t\t\t\t\t\t\t<\/div>\n\t\t\t\t<\/div>\n\t\t\t\t\t<\/div>\n\t\t<\/div>\n\t\t\t\t\t<\/div>\n\t\t<\/section>\n\t\t\t\t<\/div>\n\t\t","protected":false},"excerpt":{"rendered":"<p>En cas d&rsquo;accident nautique, votre assurance bateau au Portugal peut assumer la valeur des dommages que vous pourriez causer \u00e0 des tiers ou ceux subis par votre bateau et ses occupants, en fonction du niveau de protection que vous choisissez. Votre assurance nautique peut contenir diff\u00e9rents types de protections comme : La responsabilit\u00e9 civile : [&hellip;]<\/p>\n","protected":false},"author":1,"featured_media":3972,"parent":3166,"menu_order":0,"comment_status":"closed","ping_status":"closed","template":"","meta":{"om_disable_all_campaigns":false,"_monsterinsights_skip_tracking":false,"_monsterinsights_sitenote_active":false,"_monsterinsights_sitenote_note":"","_monsterinsights_sitenote_category":0,"_uf_show_specific_survey":0,"_uf_disable_surveys":false,"site-sidebar-layout":"default","site-content-layout":"default","ast-site-content-layout":"default","site-content-style":"default","site-sidebar-style":"default","ast-global-header-display":"","ast-banner-title-visibility":"","ast-main-header-display":"","ast-hfb-above-header-display":"","ast-hfb-below-header-display":"","ast-hfb-mobile-header-display":"","site-post-title":"","ast-breadcrumbs-content":"","ast-featured-img":"","footer-sml-layout":"","ast-disable-related-posts":"","theme-transparent-header-meta":"default","adv-header-id-meta":"","stick-header-meta":"","header-above-stick-meta":"","header-main-stick-meta":"","header-below-stick-meta":"","astra-migrate-meta-layouts":"default","ast-page-background-enabled":"default","ast-page-background-meta":{"desktop":{"background-color":"","background-image":"","background-repeat":"repeat","background-position":"center center","background-size":"auto","background-attachment":"scroll","background-type":"","background-media":"","overlay-type":"","overlay-color":"","overlay-opacity":"","overlay-gradient":""},"tablet":{"background-color":"","background-image":"","background-repeat":"repeat","background-position":"center center","background-size":"auto","background-attachment":"scroll","background-type":"","background-media":"","overlay-type":"","overlay-color":"","overlay-opacity":"","overlay-gradient":""},"mobile":{"background-color":"","background-image":"","background-repeat":"repeat","background-position":"center center","background-size":"auto","background-attachment":"scroll","background-type":"","background-media":"","overlay-type":"","overlay-color":"","overlay-opacity":"","overlay-gradient":""}},"ast-content-background-meta":{"desktop":{"background-color":"var(--ast-global-color-5)","background-image":"","background-repeat":"repeat","background-position":"center center","background-size":"auto","background-attachment":"scroll","background-type":"","background-media":"","overlay-type":"","overlay-color":"","overlay-opacity":"","overlay-gradient":""},"tablet":{"background-color":"var(--ast-global-color-5)","background-image":"","background-repeat":"repeat","background-position":"center center","background-size":"auto","background-attachment":"scroll","background-type":"","background-media":"","overlay-type":"","overlay-color":"","overlay-opacity":"","overlay-gradient":""},"mobile":{"background-color":"var(--ast-global-color-5)","background-image":"","background-repeat":"repeat","background-position":"center center","background-size":"auto","background-attachment":"scroll","background-type":"","background-media":"","overlay-type":"","overlay-color":"","overlay-opacity":"","overlay-gradient":""}},"footnotes":""},"class_list":["post-3895","page","type-page","status-publish","has-post-thumbnail","hentry"],"aioseo_notices":[],"_links":{"self":[{"href":"https:\/\/essencial-portugal.com\/fr\/wp-json\/wp\/v2\/pages\/3895","targetHints":{"allow":["GET"]}}],"collection":[{"href":"https:\/\/essencial-portugal.com\/fr\/wp-json\/wp\/v2\/pages"}],"about":[{"href":"https:\/\/essencial-portugal.com\/fr\/wp-json\/wp\/v2\/types\/page"}],"author":[{"embeddable":true,"href":"https:\/\/essencial-portugal.com\/fr\/wp-json\/wp\/v2\/users\/1"}],"replies":[{"embeddable":true,"href":"https:\/\/essencial-portugal.com\/fr\/wp-json\/wp\/v2\/comments?post=3895"}],"version-history":[{"count":0,"href":"https:\/\/essencial-portugal.com\/fr\/wp-json\/wp\/v2\/pages\/3895\/revisions"}],"up":[{"embeddable":true,"href":"https:\/\/essencial-portugal.com\/fr\/wp-json\/wp\/v2\/pages\/3166"}],"wp:featuredmedia":[{"embeddable":true,"href":"https:\/\/essencial-portugal.com\/fr\/wp-json\/wp\/v2\/media\/3972"}],"wp:attachment":[{"href":"https:\/\/essencial-portugal.com\/fr\/wp-json\/wp\/v2\/media?parent=3895"}],"curies":[{"name":"wp","href":"https:\/\/api.w.org\/{rel}","templated":true}]}}