{"id":3905,"date":"2019-06-30T10:01:08","date_gmt":"2019-06-30T10:01:08","guid":{"rendered":"https:\/\/essencial-portugal.com\/fr\/?page_id=3905"},"modified":"2023-03-06T14:39:36","modified_gmt":"2023-03-06T14:39:36","slug":"assurance-moto-portugal","status":"publish","type":"page","link":"https:\/\/essencial-portugal.com\/fr\/assurance-portugal\/assurance-moto-portugal\/","title":{"rendered":"Assurance moto au Portugal"},"content":{"rendered":"\t\t<div data-elementor-type=\"wp-page\" data-elementor-id=\"3905\" class=\"elementor elementor-3905\" data-elementor-post-type=\"page\">\n\t\t\t\t\t\t<section class=\"elementor-section elementor-top-section elementor-element elementor-element-284910ab elementor-section-boxed elementor-section-height-default elementor-section-height-default\" data-id=\"284910ab\" data-element_type=\"section\" data-e-type=\"section\">\n\t\t\t\t\t\t<div class=\"elementor-container elementor-column-gap-default\">\n\t\t\t\t\t<div class=\"elementor-column elementor-col-100 elementor-top-column elementor-element elementor-element-7acc777b\" data-id=\"7acc777b\" data-element_type=\"column\" data-e-type=\"column\">\n\t\t\t<div class=\"elementor-widget-wrap elementor-element-populated\">\n\t\t\t\t\t\t<div class=\"elementor-element elementor-element-db22832 elementor-toc--minimized-on-tablet elementor-widget elementor-widget-table-of-contents\" data-id=\"db22832\" data-element_type=\"widget\" data-e-type=\"widget\" data-settings=\"{&quot;headings_by_tags&quot;:[&quot;h2&quot;],&quot;exclude_headings_by_selector&quot;:[],&quot;marker_view&quot;:&quot;bullets&quot;,&quot;icon&quot;:{&quot;value&quot;:&quot;fas fa-check-square&quot;,&quot;library&quot;:&quot;fa-solid&quot;},&quot;no_headings_message&quot;:&quot;Aucun titre n\\u2019a \\u00e9t\\u00e9 trouv\\u00e9 sur cette page.&quot;,&quot;minimize_box&quot;:&quot;yes&quot;,&quot;minimized_on&quot;:&quot;tablet&quot;,&quot;hierarchical_view&quot;:&quot;yes&quot;,&quot;min_height&quot;:{&quot;unit&quot;:&quot;px&quot;,&quot;size&quot;:&quot;&quot;,&quot;sizes&quot;:[]},&quot;min_height_tablet&quot;:{&quot;unit&quot;:&quot;px&quot;,&quot;size&quot;:&quot;&quot;,&quot;sizes&quot;:[]},&quot;min_height_mobile&quot;:{&quot;unit&quot;:&quot;px&quot;,&quot;size&quot;:&quot;&quot;,&quot;sizes&quot;:[]}}\" data-widget_type=\"table-of-contents.default\">\n\t\t\t\t<div class=\"elementor-widget-container\">\n\t\t\t\t\t\t\t\t\t<div class=\"elementor-toc__header\">\n\t\t\t\t\t\t<h2 class=\"elementor-toc__header-title\">\n\t\t\t\tAssurance moto au Portugal\t\t\t<\/h2>\n\t\t\t\t\t\t\t\t\t\t<div class=\"elementor-toc__toggle-button elementor-toc__toggle-button--expand\" role=\"button\" tabindex=\"0\" aria-controls=\"elementor-toc__db22832\" aria-expanded=\"true\" aria-label=\"Ouvrir la table des mati\u00e8res\"><i aria-hidden=\"true\" class=\"fas fa-caret-square-down\"><\/i><\/div>\n\t\t\t\t<div class=\"elementor-toc__toggle-button elementor-toc__toggle-button--collapse\" role=\"button\" tabindex=\"0\" aria-controls=\"elementor-toc__db22832\" aria-expanded=\"true\" aria-label=\"Fermer la table des mati\u00e8res\"><i aria-hidden=\"true\" class=\"fas fa-angle-double-up\"><\/i><\/div>\n\t\t\t\t\t<\/div>\n\t\t\t\t<div id=\"elementor-toc__db22832\" class=\"elementor-toc__body\">\n\t\t\t<div class=\"elementor-toc__spinner-container\">\n\t\t\t\t<i class=\"elementor-toc__spinner eicon-animation-spin eicon-loading\" aria-hidden=\"true\"><\/i>\t\t\t<\/div>\n\t\t<\/div>\n\t\t\t\t\t\t<\/div>\n\t\t\t\t<\/div>\n\t\t\t\t<div class=\"elementor-element elementor-element-5e950202 elementor-widget elementor-widget-text-editor\" data-id=\"5e950202\" data-element_type=\"widget\" data-e-type=\"widget\" data-widget_type=\"text-editor.default\">\n\t\t\t\t<div class=\"elementor-widget-container\">\n\t\t\t\t\t\t\t\t\t<p>Les obligations l\u00e9gales pour les deux-roues sont les m\u00eames que pour les automobilistes en termes d&rsquo;assurance moto au Portugal. L&rsquo;assurance responsabilit\u00e9 civile est obligatoire et donc si vous recherchez l&rsquo;assurance moto la moins ch\u00e8re, sachez que ce n&rsquo;est pas toujours la meilleure option.<\/p><p>Plusieurs options s&rsquo;offrent \u00e0 vous et par cons\u00e9quent, il sera n\u00e9cessaire de conna\u00eetre toutes les conditions offertes par les diff\u00e9rentes compagnies d&rsquo;assurance moto portugaises.<\/p><p><img fetchpriority=\"high\" decoding=\"async\" class=\"aligncenter size-full wp-image-3957\" src=\"https:\/\/essencial-portugal.com\/fr\/wp-content\/uploads\/2019\/06\/assurance-moto-portugal.jpg\" alt=\"assurance moto portugal\" width=\"1200\" height=\"700\" srcset=\"https:\/\/essencial-portugal.com\/fr\/wp-content\/uploads\/2019\/06\/assurance-moto-portugal.jpg 1200w, https:\/\/essencial-portugal.com\/fr\/wp-content\/uploads\/2019\/06\/assurance-moto-portugal-300x175.jpg 300w, https:\/\/essencial-portugal.com\/fr\/wp-content\/uploads\/2019\/06\/assurance-moto-portugal-768x448.jpg 768w, https:\/\/essencial-portugal.com\/fr\/wp-content\/uploads\/2019\/06\/assurance-moto-portugal-1024x597.jpg 1024w\" sizes=\"(max-width: 1200px) 100vw, 1200px\" \/><\/p><h2>Assurance moto au Portugal : accompagnement francophone<\/h2><p>Vous arrivez au Portugal et souhaitez profiter des beaux paysages du pays avec votre moto ? Sachez qu&rsquo;une assurance minimum ici est obligatoires, que toutes les compagnies d&rsquo;assurances portugaises ne les proposent pas et trouver celle qui correspond parfaitement \u00e0 vos besoin et \u00e0 votre moto n&rsquo;est peut-\u00eatre pas quelque chose dont vous souhaitez vous occuper.<\/p><p>Vous pouvez donc utiliser le bouton ci-dessous et remplir le formulaire associ\u00e9 pour \u00eatre mis en relation avec un courtier francophone bas\u00e9 \u00e0 Lisbonne et sp\u00e9cialis\u00e9 dans l&rsquo;assurance au Portugal. Il prendre en compte vos besoin, vos informations, vos recherches et vous accompagnera dans la souscription de la meilleure assurance moto au Portugal.<\/p><p style=\"text-align: center;\"><a class=\"maxbutton-1 maxbutton maxbutton-contact\" href=\"#formulaire\"><span class='mb-text'>Formulaire<\/span><\/a><\/p><p>\u00a0<\/p><h2>Informations sur l&rsquo;assurance moto au Portugal<\/h2><p>Selon la loi, l&rsquo;assurance responsabilit\u00e9 civile \u00e0 souscrire par les motocyclistes doit couvrir un million d&rsquo;euros pour les dommages mat\u00e9riels et cinq millions d&rsquo;euros pour les dommages corporels.<\/p><p>Bien que l&rsquo;assurance soit exig\u00e9e par la loi, certaines compagnies limitent encore la souscription de ce type d&rsquo;assurance aux personnes qui font d\u00e9j\u00e0 partie de leur portefeuille de clients ou aux motocyclistes qui n&rsquo;ont aucune trace d&rsquo;accident. Une raison de plus pour se faire accompagner par un professionnel de l&rsquo;assurance au Portugal qui saura vous guider vers les compagnies qui accepteront de vous assurer au mieux selon votre situation personnelle.<\/p><p>L&rsquo;assurance de dommages personnelle est la plus appropri\u00e9e car elle vous prot\u00e8ge contre les dommages caus\u00e9s \u00e0 la moto :<\/p><ul><li>Vol<\/li><li>Choc<\/li><li>Retournement<\/li><li>Collision<\/li><li>Incendie<\/li><li>Explosion<\/li><li>Foudre<\/li><\/ul><p>Si vous regroupez toutes vos assurances au sein d&rsquo;une m\u00eame compagnie (assurance vie, assurance sant\u00e9 ou assurance automobile par exemple), il est possible qu&rsquo;un sp\u00e9cialiste n\u00e9gocie plus facilement votre contrat et pour un co\u00fbt annuel plus abordable.<\/p><p>De nombreux assureurs moto au Portugal, en raison du risque encouru, ne souscrivent pas d&rsquo;assurance moto surtout si vous n&rsquo;\u00eates pas d\u00e9j\u00e0 client d&rsquo;autres types de services. Il en est de m\u00eame si vous avez votre permis moto depuis moins de deux ans, que vous avez moins de 25 ans ou que vous avez d\u00e9j\u00e0 eu des accidents : trois cas dans lesquels souscrire une assurance moto au Portugal sera plus difficile.<\/p><p>Vous pouvez parfois souscrire une assurance moto moins ch\u00e8re en passant par un interm\u00e9diaire qui se chargera de la n\u00e9gociation : il a en effet l&rsquo;avantage d&rsquo;apporter beaucoup de contrats \u00e0 la compagnie d&rsquo;assurance et de pouvoir vous y inscrire plus facilement et pour moins cher.<\/p><p>Si les assureurs moto portugais refusent de vous souscrire une assurance, sachez que vous pouvez et devez faire trois d\u00e9clarations de refus. Pr\u00e9sentez alors ces documents \u00e0 l&rsquo;Institut d&rsquo;assurance au Portugal et cette entit\u00e9 vous d\u00e9signera une compagnie d&rsquo;assurance moto qui souscrira l&rsquo;assurance.<\/p><p>La grande majorit\u00e9 des assureurs d\u00e9finissent deux classes de cylindr\u00e9e pour d\u00e9finir les prix des assurance moto :<\/p><ul><li>Motos jusqu&rsquo;\u00e0 500 centim\u00e8tres cubes<\/li><li>Motos de plus de 500 centim\u00e8tres cubes<\/li><\/ul><p>Ils se peut que d&rsquo;autres assureurs de moto proposent une cat\u00e9gorie de 250 centim\u00e8tres cubes ou moins mais majoritairement ce n&rsquo;est pas le cas.<\/p><p>Comme pour l&rsquo;assurance auto au Portugal, les motocyclistes vivant dans des zones \u00e0 faible risque ont droit \u00e0 un rabais sur la prime d&rsquo;assurance, qui peut varier entre 5 % et 25 %.<\/p><p>D&rsquo;un autre c\u00f4t\u00e9, les motards accident\u00e9s voient leur prime augmenter qui peut aller jusqu&rsquo;\u00e0 200% selon le nombre de sinistres que vous d\u00e9clarez. Les jeunes motards avec un permis r\u00e9cent sont \u00e9galement lourdement p\u00e9nalis\u00e9s : ils paient environ 40% suppl\u00e9mentaires pour leur assurance moto au Portugal.<\/p><h2>Types d&rsquo;assurances moto au Portugal<\/h2><p><img decoding=\"async\" class=\"aligncenter size-full wp-image-3958\" src=\"https:\/\/essencial-portugal.com\/fr\/wp-content\/uploads\/2019\/06\/courtier-assurance-moto-portugal.jpg\" alt=\"courtier assurance moto portugal\" width=\"1000\" height=\"500\" srcset=\"https:\/\/essencial-portugal.com\/fr\/wp-content\/uploads\/2019\/06\/courtier-assurance-moto-portugal.jpg 1000w, https:\/\/essencial-portugal.com\/fr\/wp-content\/uploads\/2019\/06\/courtier-assurance-moto-portugal-300x150.jpg 300w, https:\/\/essencial-portugal.com\/fr\/wp-content\/uploads\/2019\/06\/courtier-assurance-moto-portugal-768x384.jpg 768w\" sizes=\"(max-width: 1000px) 100vw, 1000px\" \/><\/p><p>Choisir le type d&rsquo;assurance moto qui convient le mieux \u00e0 vos besoins est tr\u00e8s important pour votre protection, celle de votre moto et les dommages qui peuvent \u00eatre caus\u00e9s \u00e0 des tiers. L&rsquo;assurance\u00a0 fournira un soutien \u00e9conomique et une assistance en cas d&rsquo;accident, de vol ou de tout autre accident.<\/p><p>L&rsquo;assurance moto \u00e0 choisir et son prix d\u00e9pend non seulement du type d&rsquo;assurance mais aussi de son utilisation. Vous n&rsquo;aurez pas la m\u00eame assurance si vous avez une moto pour faire de grands trajets ou simplement utilitaire. Les r\u00e9parations et les pi\u00e8ces sont beaucoup plus ch\u00e8res sur les grosses motos et dans ce cas, avoir une assurance qui s&rsquo;occupe des r\u00e9parations sera certainement plus rentable.<\/p><p>Vous trouverez g\u00e9n\u00e9ralement sur le march\u00e9 trois types d&rsquo;assurances moto :<\/p><ul><li>Assurance moto au tiers<\/li><li>Assurance moto tous risques<\/li><\/ul><h3>Assurance moto au tiers<\/h3><p>L&rsquo;assurance responsabilit\u00e9 civile pour moto est \u00e9galement connue sous le nom d&rsquo;assurance responsabilit\u00e9 civile obligatoire. Il s&rsquo;agit d&rsquo;une assurance de base obligatoire qui est assez \u00e9conomique m\u00eame si c&rsquo;est aussi celle qui a la plus faible couverture.<\/p><p>Ainsi, parmi les couvertures obligatoires figurent :<\/p><ul><li>L&rsquo;assurance obligatoire<\/li><li>La couverture p\u00e9nale<\/li><li>Les demandes d&rsquo;indemnisation<\/li><li>L&rsquo;assistance routi\u00e8re<\/li><\/ul><p>D&rsquo;autres couvertures additionnelles sont g\u00e9n\u00e9ralement apport\u00e9es par l&rsquo;assurance au tiers. Tous ceci n&rsquo;est qu&rsquo;\u00e0 titre informatif et d\u00e9pendra bien s\u00fbr de votre contrat d&rsquo;assurance.<\/p><ul><li>Remplacement de motos<\/li><li>Vol<\/li><li>Assistance voyage<\/li><li>Dommage caus\u00e9s \u00e0 des tiers<\/li><\/ul><h3>Assurance moto tous risques<\/h3><p><img decoding=\"async\" class=\"aligncenter size-full wp-image-3959\" src=\"https:\/\/essencial-portugal.com\/fr\/wp-content\/uploads\/2019\/06\/assurance-moto-tous-risques-portugal.png\" alt=\"assurance moto tous risques portugal\" width=\"1170\" height=\"827\" srcset=\"https:\/\/essencial-portugal.com\/fr\/wp-content\/uploads\/2019\/06\/assurance-moto-tous-risques-portugal.png 1170w, https:\/\/essencial-portugal.com\/fr\/wp-content\/uploads\/2019\/06\/assurance-moto-tous-risques-portugal-300x212.png 300w, https:\/\/essencial-portugal.com\/fr\/wp-content\/uploads\/2019\/06\/assurance-moto-tous-risques-portugal-768x543.png 768w, https:\/\/essencial-portugal.com\/fr\/wp-content\/uploads\/2019\/06\/assurance-moto-tous-risques-portugal-1024x724.png 1024w\" sizes=\"(max-width: 1170px) 100vw, 1170px\" \/><\/p><p>L&rsquo;assurance moto tous risques au Portugal est principalement recommand\u00e9e pour ceux qui utilisent la moto de mani\u00e8re intensive et qui pr\u00e9f\u00e9reront s&rsquo;assurer qu&rsquo;ils seront couverts quels que soient les probl\u00e8mes qui pourraient survenir.\u00a0Ce type d&rsquo;assurance prot\u00e8ge \u00e0 la fois la moto, le conducteur et les tiers qui pourraient \u00eatre impliqu\u00e9s dans un accident de la route.<\/p><p>Le plus grand inconv\u00e9nient d&rsquo;une telle assurance moto est bien s\u00fbr le co\u00fbt de l&rsquo;assurance mais malgr\u00e9 le prix \u00e9lev\u00e9, l&rsquo;assurance tous risques offre toutes sortes de protections, ce qui assure une plus grande tranquillit\u00e9 d&rsquo;esprit \u00e0 l&rsquo;assur\u00e9.<\/p><div id=\"formulaire\">\u00a0<\/div><p>Notez \u00e9galement que l&rsquo;assurance moto tous risques au Portugal peut \u00eatre souscrite avec ou sans franchise. Ainsi, une bonne fa\u00e7on de choisir le type d&rsquo;assurance moto qui vous convient le mieux est de comparer ce que les diff\u00e9rents assureurs vous offrent en fonction de vos renseignements personnels et de votre moto.<\/p><p>Si vous venez d&rsquo;arriver au Portugal sera sera tr\u00e8s compliqu\u00e9 et je vous conseille donc fortement de vous faire accompagner d&rsquo;un professionnel francophone en utilisant le bouton plus haut sur la page.<\/p><h2>Courtier francophone assurance moto Portugal<\/h2><p style=\"text-align: center;\"><div class=\"wpforms-container wpforms-container-full\" id=\"wpforms-6271\"><form id=\"wpforms-form-6271\" class=\"wpforms-validate wpforms-form\" data-formid=\"6271\" method=\"post\" enctype=\"multipart\/form-data\" action=\"\/fr\/wp-json\/wp\/v2\/pages\/3905\" data-token=\"473cd70847c1d2c0255be34cdefa0c62\" data-token-time=\"1777982784\"><noscript class=\"wpforms-error-noscript\">Veuillez activer JavaScript dans votre navigateur pour remplir ce formulaire.<\/noscript><div class=\"wpforms-field-container\"><div id=\"wpforms-6271-field_0-container\" class=\"wpforms-field wpforms-field-name\" data-field-id=\"0\"><label class=\"wpforms-field-label\">Nom <span class=\"wpforms-required-label\">*<\/span><\/label><div class=\"wpforms-field-row wpforms-field-medium\"><div class=\"wpforms-field-row-block wpforms-first wpforms-one-half\"><input type=\"text\" id=\"wpforms-6271-field_0\" class=\"wpforms-field-name-first wpforms-field-required\" name=\"wpforms[fields][0][first]\" required><label for=\"wpforms-6271-field_0\" class=\"wpforms-field-sublabel after\">Pr\u00e9nom<\/label><\/div><div class=\"wpforms-field-row-block wpforms-one-half\"><input type=\"text\" id=\"wpforms-6271-field_0-last\" class=\"wpforms-field-name-last wpforms-field-required\" name=\"wpforms[fields][0][last]\" required><label for=\"wpforms-6271-field_0-last\" class=\"wpforms-field-sublabel after\">Nom<\/label><\/div><\/div><\/div><div id=\"wpforms-6271-field_1-container\" class=\"wpforms-field wpforms-field-email\" data-field-id=\"1\"><label class=\"wpforms-field-label\" for=\"wpforms-6271-field_1\">E-mail <span class=\"wpforms-required-label\">*<\/span><\/label><input type=\"email\" id=\"wpforms-6271-field_1\" class=\"wpforms-field-medium wpforms-field-required\" name=\"wpforms[fields][1]\" spellcheck=\"false\" required><\/div><div id=\"wpforms-6271-field_19-container\" class=\"wpforms-field wpforms-field-phone\" data-field-id=\"19\"><label class=\"wpforms-field-label\" for=\"wpforms-6271-field_19\">T\u00e9l\u00e9phone <span class=\"wpforms-required-label\">*<\/span><\/label><input type=\"tel\" id=\"wpforms-6271-field_19\" class=\"wpforms-field-medium wpforms-field-required wpforms-smart-phone-field\" data-rule-smart-phone-field=\"true\" name=\"wpforms[fields][19]\" aria-label=\"T\u00e9l\u00e9phone\" required><\/div><div id=\"wpforms-6271-field_2-container\" class=\"wpforms-field wpforms-field-textarea\" data-field-id=\"2\"><label class=\"wpforms-field-label\" for=\"wpforms-6271-field_2\">Informations compl\u00e9mentaires <span class=\"wpforms-required-label\">*<\/span><\/label><textarea id=\"wpforms-6271-field_2\" class=\"wpforms-field-medium wpforms-field-required\" name=\"wpforms[fields][2]\" required><\/textarea><\/div><\/div><!-- .wpforms-field-container --><div class=\"wpforms-field wpforms-field-hp\"><label for=\"wpforms-6271-field-hp\" class=\"wpforms-field-label\">Phone<\/label><input type=\"text\" name=\"wpforms[hp]\" id=\"wpforms-6271-field-hp\" class=\"wpforms-field-medium\"><\/div><div class=\"wpforms-submit-container\" ><input type=\"hidden\" name=\"wpforms[id]\" value=\"6271\"><input type=\"hidden\" name=\"page_title\" value=\"\"><input type=\"hidden\" name=\"page_url\" value=\"https:\/\/essencial-portugal.com\/fr\/wp-json\/wp\/v2\/pages\/3905\"><input type=\"hidden\" name=\"url_referer\" value=\"\"><button type=\"submit\" name=\"wpforms[submit]\" id=\"wpforms-submit-6271\" class=\"wpforms-submit\" data-alt-text=\"Envoi...\" data-submit-text=\"Envoyer\" aria-live=\"assertive\" value=\"wpforms-submit\">Envoyer<\/button><\/div><\/form><\/div>  <!-- .wpforms-container --><\/p><blockquote><p>En validant le formulaire de contact, vous m&rsquo;autorisez \u00e0 transmettre votre demande \u00e0 un intervenant francophone bas\u00e9 au Portugal qui pourra vous recontacter directement, discuter de votre projet et de la meilleure fa\u00e7on de vous accompagner.<\/p><\/blockquote><h2>Assurances au Portugal<\/h2><p>Vous trouverez ci-dessous toutes les assurances au Portugal pour lesquelles vous pouvez faire appel \u00e0 mon courtier partenaire sp\u00e9cialis\u00e9 :<\/p><ul><li><a href=\"https:\/\/essencial-portugal.com\/fr\/actualite-portugal\/mutuelles-au-portugal-comment-choisir\/\">Assurance sant\u00e9 Portugal<\/a><\/li><li><a href=\"https:\/\/essencial-portugal.com\/fr\/assurance-portugal\/assurance-voiture-portugal\/\">Assurance voiture Portugal<\/a><\/li><li><a href=\"https:\/\/essencial-portugal.com\/fr\/assurance-portugal\/assurance-habitation-portugal\/\">Assurance habitation Portugal<\/a><\/li><li><a href=\"https:\/\/essencial-portugal.com\/fr\/assurance-portugal\/assurance-vie-portugal\/\">Assurance vie Portugal<\/a><\/li><li><a href=\"https:\/\/essencial-portugal.com\/fr\/assurance-portugal\/assurance-dentaire-portugal\/\">Assurance dentaire Portugal<\/a><\/li><li><a href=\"https:\/\/essencial-portugal.com\/fr\/assurance-portugal\/assurance-bateau-portugal\/\">Assurance bateau Portugal<\/a><\/li><\/ul>\t\t\t\t\t\t\t\t<\/div>\n\t\t\t\t<\/div>\n\t\t\t\t\t<\/div>\n\t\t<\/div>\n\t\t\t\t\t<\/div>\n\t\t<\/section>\n\t\t\t\t<\/div>\n\t\t","protected":false},"excerpt":{"rendered":"<p>Les obligations l\u00e9gales pour les deux-roues sont les m\u00eames que pour les automobilistes en termes d&rsquo;assurance moto au Portugal. L&rsquo;assurance responsabilit\u00e9 civile est obligatoire et donc si vous recherchez l&rsquo;assurance moto la moins ch\u00e8re, sachez que ce n&rsquo;est pas toujours la meilleure option. Plusieurs options s&rsquo;offrent \u00e0 vous et par cons\u00e9quent, il sera n\u00e9cessaire de [&hellip;]<\/p>\n","protected":false},"author":1,"featured_media":3957,"parent":3166,"menu_order":0,"comment_status":"closed","ping_status":"closed","template":"","meta":{"om_disable_all_campaigns":false,"_monsterinsights_skip_tracking":false,"_monsterinsights_sitenote_active":false,"_monsterinsights_sitenote_note":"","_monsterinsights_sitenote_category":0,"_uf_show_specific_survey":0,"_uf_disable_surveys":false,"site-sidebar-layout":"default","site-content-layout":"default","ast-site-content-layout":"default","site-content-style":"default","site-sidebar-style":"default","ast-global-header-display":"","ast-banner-title-visibility":"","ast-main-header-display":"","ast-hfb-above-header-display":"","ast-hfb-below-header-display":"","ast-hfb-mobile-header-display":"","site-post-title":"","ast-breadcrumbs-content":"","ast-featured-img":"","footer-sml-layout":"","ast-disable-related-posts":"","theme-transparent-header-meta":"default","adv-header-id-meta":"","stick-header-meta":"","header-above-stick-meta":"","header-main-stick-meta":"","header-below-stick-meta":"","astra-migrate-meta-layouts":"default","ast-page-background-enabled":"default","ast-page-background-meta":{"desktop":{"background-color":"","background-image":"","background-repeat":"repeat","background-position":"center center","background-size":"auto","background-attachment":"scroll","background-type":"","background-media":"","overlay-type":"","overlay-color":"","overlay-opacity":"","overlay-gradient":""},"tablet":{"background-color":"","background-image":"","background-repeat":"repeat","background-position":"center center","background-size":"auto","background-attachment":"scroll","background-type":"","background-media":"","overlay-type":"","overlay-color":"","overlay-opacity":"","overlay-gradient":""},"mobile":{"background-color":"","background-image":"","background-repeat":"repeat","background-position":"center center","background-size":"auto","background-attachment":"scroll","background-type":"","background-media":"","overlay-type":"","overlay-color":"","overlay-opacity":"","overlay-gradient":""}},"ast-content-background-meta":{"desktop":{"background-color":"var(--ast-global-color-5)","background-image":"","background-repeat":"repeat","background-position":"center center","background-size":"auto","background-attachment":"scroll","background-type":"","background-media":"","overlay-type":"","overlay-color":"","overlay-opacity":"","overlay-gradient":""},"tablet":{"background-color":"var(--ast-global-color-5)","background-image":"","background-repeat":"repeat","background-position":"center center","background-size":"auto","background-attachment":"scroll","background-type":"","background-media":"","overlay-type":"","overlay-color":"","overlay-opacity":"","overlay-gradient":""},"mobile":{"background-color":"var(--ast-global-color-5)","background-image":"","background-repeat":"repeat","background-position":"center center","background-size":"auto","background-attachment":"scroll","background-type":"","background-media":"","overlay-type":"","overlay-color":"","overlay-opacity":"","overlay-gradient":""}},"footnotes":""},"class_list":["post-3905","page","type-page","status-publish","has-post-thumbnail","hentry"],"aioseo_notices":[],"_links":{"self":[{"href":"https:\/\/essencial-portugal.com\/fr\/wp-json\/wp\/v2\/pages\/3905","targetHints":{"allow":["GET"]}}],"collection":[{"href":"https:\/\/essencial-portugal.com\/fr\/wp-json\/wp\/v2\/pages"}],"about":[{"href":"https:\/\/essencial-portugal.com\/fr\/wp-json\/wp\/v2\/types\/page"}],"author":[{"embeddable":true,"href":"https:\/\/essencial-portugal.com\/fr\/wp-json\/wp\/v2\/users\/1"}],"replies":[{"embeddable":true,"href":"https:\/\/essencial-portugal.com\/fr\/wp-json\/wp\/v2\/comments?post=3905"}],"version-history":[{"count":0,"href":"https:\/\/essencial-portugal.com\/fr\/wp-json\/wp\/v2\/pages\/3905\/revisions"}],"up":[{"embeddable":true,"href":"https:\/\/essencial-portugal.com\/fr\/wp-json\/wp\/v2\/pages\/3166"}],"wp:featuredmedia":[{"embeddable":true,"href":"https:\/\/essencial-portugal.com\/fr\/wp-json\/wp\/v2\/media\/3957"}],"wp:attachment":[{"href":"https:\/\/essencial-portugal.com\/fr\/wp-json\/wp\/v2\/media?parent=3905"}],"curies":[{"name":"wp","href":"https:\/\/api.w.org\/{rel}","templated":true}]}}