{"id":4234,"date":"2019-07-28T10:35:54","date_gmt":"2019-07-28T10:35:54","guid":{"rendered":"https:\/\/essencial-portugal.com\/fr\/?page_id=4234"},"modified":"2023-03-28T13:29:27","modified_gmt":"2023-03-28T13:29:27","slug":"reservation-visites-lisbonne","status":"publish","type":"page","link":"https:\/\/essencial-portugal.com\/fr\/reservation-visites-lisbonne\/","title":{"rendered":"R\u00e9servez vos visites et activit\u00e9s \u00e0 Lisbonne"},"content":{"rendered":"\t\t<div data-elementor-type=\"wp-page\" data-elementor-id=\"4234\" class=\"elementor elementor-4234\" data-elementor-post-type=\"page\">\n\t\t\t\t\t\t<section class=\"elementor-section elementor-top-section elementor-element elementor-element-2b7bd036 elementor-section-boxed elementor-section-height-default elementor-section-height-default\" data-id=\"2b7bd036\" data-element_type=\"section\" data-e-type=\"section\">\n\t\t\t\t\t\t<div class=\"elementor-container elementor-column-gap-default\">\n\t\t\t\t\t<div class=\"elementor-column elementor-col-100 elementor-top-column elementor-element elementor-element-208589bb\" data-id=\"208589bb\" data-element_type=\"column\" data-e-type=\"column\">\n\t\t\t<div class=\"elementor-widget-wrap elementor-element-populated\">\n\t\t\t\t\t\t<div class=\"elementor-element elementor-element-0332b17 elementor-widget elementor-widget-table-of-contents\" data-id=\"0332b17\" data-element_type=\"widget\" data-e-type=\"widget\" data-settings=\"{&quot;headings_by_tags&quot;:[&quot;h2&quot;],&quot;exclude_headings_by_selector&quot;:[],&quot;min_height&quot;:{&quot;unit&quot;:&quot;px&quot;,&quot;size&quot;:0,&quot;sizes&quot;:[]},&quot;marker_view&quot;:&quot;bullets&quot;,&quot;icon&quot;:{&quot;value&quot;:&quot;fas fa-check-square&quot;,&quot;library&quot;:&quot;fa-solid&quot;},&quot;no_headings_message&quot;:&quot;Aucun titre n\\u2019a \\u00e9t\\u00e9 trouv\\u00e9 sur cette page.&quot;,&quot;hierarchical_view&quot;:&quot;yes&quot;,&quot;min_height_tablet&quot;:{&quot;unit&quot;:&quot;px&quot;,&quot;size&quot;:&quot;&quot;,&quot;sizes&quot;:[]},&quot;min_height_mobile&quot;:{&quot;unit&quot;:&quot;px&quot;,&quot;size&quot;:&quot;&quot;,&quot;sizes&quot;:[]}}\" data-widget_type=\"table-of-contents.default\">\n\t\t\t\t<div class=\"elementor-widget-container\">\n\t\t\t\t\t\t\t\t\t<div class=\"elementor-toc__header\">\n\t\t\t\t\t\t<h2 class=\"elementor-toc__header-title\">\n\t\t\t\tD\u00e9couvrez Lisbonne : les meilleures visites et activit\u00e9s\t\t\t<\/h2>\n\t\t\t\t\t\t\t\t<\/div>\n\t\t\t\t<div id=\"elementor-toc__0332b17\" class=\"elementor-toc__body\">\n\t\t\t<div class=\"elementor-toc__spinner-container\">\n\t\t\t\t<i class=\"elementor-toc__spinner eicon-animation-spin eicon-loading\" aria-hidden=\"true\"><\/i>\t\t\t<\/div>\n\t\t<\/div>\n\t\t\t\t\t\t<\/div>\n\t\t\t\t<\/div>\n\t\t\t\t<div class=\"elementor-element elementor-element-309895d4 elementor-widget elementor-widget-text-editor\" data-id=\"309895d4\" data-element_type=\"widget\" data-e-type=\"widget\" data-widget_type=\"text-editor.default\">\n\t\t\t\t<div class=\"elementor-widget-container\">\n\t\t\t\t\t\t\t\t\tRetrouvez ci-dessous toutes les visites ou activit\u00e9s les mieux not\u00e9es de la ville de Lisbonne, organis\u00e9es par des guides francophones et que vous pourrez annuler 24 heures avant le d\u00e9but si vous d\u00e9cidez de changer de programme. Diff\u00e9rents moyens de d\u00e9couvrir la capitale, ses alentours, ses paysages, ses richesses et de rythmer vos vacances.\n<script async defer src=\"https:\/\/widget.getyourguide.com\/dist\/pa.umd.production.min.js\" data-gyg-partner-id=\"8JHIOAN\"><\/script>\n<div data-gyg-href=\"https:\/\/widget.getyourguide.com\/default\/city.frame\" data-gyg-location-id=\"42\" data-gyg-locale-code=\"fr-FR\" data-gyg-widget=\"city\" data-gyg-partner-id=\"8JHIOAN\"><\/div>\n<h2>Visites \u00e0 pied<\/h2>\nD\u00e9couvrez les plus jolis coins de Lisbonne et les meilleurs points de vue en r\u00e9servant l&rsquo;une des visites \u00e0 pied de Lisbonne ci-dessous. Ces visites sont les mieux not\u00e9es, les plus appr\u00e9ci\u00e9es et toutes r\u00e9alis\u00e9es par un guide francophone.\n\n<script async=\"\" defer=\"\" src=\"https:\/\/widget.getyourguide.com\/v2\/widget.js\"><\/script>\n<div data-gyg-href=\"https:\/\/widget.getyourguide.com\/default\/activites.frame\" data-gyg-locale-code=\"fr-FR\" data-gyg-widget=\"activities\" data-gyg-number-of-items=\"4\" data-gyg-cmp=\"book\" data-gyg-currency=\"EUR\" data-gyg-partner-id=\"8JHIOAN\" data-gyg-placement=\"other\" data-gyg-tour-ids=\"2397,48147,46394,48172\"><\/div>\n<h2>Visites en bus<\/h2>\nVisitez les plus beaux coins de Lisbonne gr\u00e2ce \u00e0 un guide ou audio-guide francophone. Restez dans le bus, prenez de la hauteur et parcourez la ville pour ne rien manquer de la capitale portugaise.\n\n<script async=\"\" defer=\"\" src=\"https:\/\/widget.getyourguide.com\/v2\/widget.js\"><\/script>\n<div data-gyg-href=\"https:\/\/widget.getyourguide.com\/default\/activites.frame\" data-gyg-locale-code=\"fr-FR\" data-gyg-widget=\"activities\" data-gyg-number-of-items=\"8\" data-gyg-cmp=\"book\" data-gyg-currency=\"EUR\" data-gyg-partner-id=\"8JHIOAN\" data-gyg-placement=\"other\" data-gyg-tour-ids=\"4273,14085,15122,63419,50079,136442,69835,59871\"><\/div>\n<h2>Visites en Tuk Tuk<\/h2>\nLe Tuk Tuk est le moyen de transport le plus appr\u00e9ci\u00e9 des touristes \u00e0 Lisbonne. Des v\u00e9hicules souvent \u00e9lectriques, des \u00e9changes avec des conducteurs francophones qui connaissent la ville comme leur poche et un moyen original de pimenter vos vacances et d\u00e9couvrir le TOP de Lisbonne.\n\n<script async=\"\" defer=\"\" src=\"https:\/\/widget.getyourguide.com\/v2\/widget.js\"><\/script>\n<div data-gyg-href=\"https:\/\/widget.getyourguide.com\/default\/activites.frame\" data-gyg-locale-code=\"fr-FR\" data-gyg-widget=\"activities\" data-gyg-number-of-items=\"8\" data-gyg-cmp=\"book\" data-gyg-currency=\"EUR\" data-gyg-partner-id=\"8JHIOAN\" data-gyg-placement=\"other\" data-gyg-tour-ids=\"63535,63507,140727,56539,145803,63541,198346,200554\"><\/div>\n<div id=\"velo\"><\/div>\n<h2>Visites en v\u00e9lo<\/h2>\nLe v\u00e9lo, qu&rsquo;il soit \u00e9lectrique ou non, est un moyen de transport incontournable pour d\u00e9couvrir Lisbonne sous le soleil. Suivez les guides francophones et parcourez la ville en groupe pour des moments de partage et de d\u00e9couverte que vous n&rsquo;oublierez pas.\n\n<script async=\"\" defer=\"\" src=\"https:\/\/widget.getyourguide.com\/v2\/widget.js\"><\/script>\n<div data-gyg-href=\"https:\/\/widget.getyourguide.com\/default\/activites.frame\" data-gyg-locale-code=\"fr-FR\" data-gyg-widget=\"activities\" data-gyg-number-of-items=\"8\" data-gyg-cmp=\"book\" data-gyg-currency=\"EUR\" data-gyg-partner-id=\"8JHIOAN\" data-gyg-placement=\"other\" data-gyg-tour-ids=\"52218,74027,17133,58901,173049,52670,59119,52727\"><\/div>\n<h2>Visites \u00e0 segway<\/h2>\nLe segway est le nouveau moyen de transport qui fait sensation \u00e0 Lisbonne. Penchez votre corps en avant ou en arri\u00e8re pour avancer, reculer et d\u00e9couvrir les plus beaux coins de la capitale. Les visites ci-dessous sont toutes organis\u00e9es par des guides francophone.\n\n<script async=\"\" defer=\"\" src=\"https:\/\/widget.getyourguide.com\/v2\/widget.js\"><\/script>\n<div data-gyg-href=\"https:\/\/widget.getyourguide.com\/default\/activites.frame\" data-gyg-locale-code=\"fr-FR\" data-gyg-widget=\"activities\" data-gyg-number-of-items=\"8\" data-gyg-cmp=\"book\" data-gyg-currency=\"EUR\" data-gyg-partner-id=\"8JHIOAN\" data-gyg-placement=\"other\" data-gyg-tour-ids=\"69327,15602,14000,69325,69101,173469,5831,156420\"><\/div>\n<h2>D\u00e9couvrir le Fado<\/h2>\nLa musique traditionnelle portugaise est une institution. Que ce soit par le mus\u00e9e du Fado ou en allant directement aux spectacles organis\u00e9s dans Lisbonne, c&rsquo;est une d\u00e9couverte capitale si vous vous int\u00e9ress\u00e9s aux traditions et \u00e0 la culture portugaise. Ces visites sont les mieux not\u00e9es et organis\u00e9es par un guide francophone.\n\n<script async=\"\" defer=\"\" src=\"https:\/\/widget.getyourguide.com\/v2\/widget.js\"><\/script>\n<div data-gyg-href=\"https:\/\/widget.getyourguide.com\/default\/activites.frame\" data-gyg-locale-code=\"fr-FR\" data-gyg-widget=\"activities\" data-gyg-number-of-items=\"6\" data-gyg-cmp=\"book\" data-gyg-currency=\"EUR\" data-gyg-partner-id=\"8JHIOAN\" data-gyg-placement=\"other\" data-gyg-tour-ids=\"31632,108835,48172,188988,82218,56594\"><\/div>\n<h2>D\u00e9couvrir la gastronomie<\/h2>\nLe Portugal propose une gastronomie riche \u00e0 base de p\u00e2tisseries traditionnelles, de poissons grill\u00e9s et d&rsquo;autres sp\u00e9cialit\u00e9s que vous pourrez d\u00e9couvrir \u00e0 pied, en tuk tuk ou en segway, en r\u00e9servant l&rsquo;une de ces visites guid\u00e9es gastronomiques de Lisbonne.\n\n<script async=\"\" defer=\"\" src=\"https:\/\/widget.getyourguide.com\/v2\/widget.js\"><\/script>\n<div data-gyg-href=\"https:\/\/widget.getyourguide.com\/default\/activites.frame\" data-gyg-locale-code=\"fr-FR\" data-gyg-widget=\"activities\" data-gyg-number-of-items=\"8\" data-gyg-cmp=\"book\" data-gyg-currency=\"EUR\" data-gyg-partner-id=\"8JHIOAN\" data-gyg-placement=\"other\" data-gyg-tour-ids=\"101894,64087,128502,59119,104348,48147,173082,14000\"><\/div>\n<h2>D\u00e9couvrir le street art<\/h2>\n\u00c7a ne se sait pas forc\u00e9ment mais Lisbonne est un haut lieu de l&rsquo;art urbain, aussi appel\u00e9 Street Art. Ceux qui souhaitent d\u00e9couvrir la ville diff\u00e9remment peuvent r\u00e9server l&rsquo;un de ces visites guid\u00e9es en fran\u00e7ais, organis\u00e9es par des passionn\u00e9s qui vous diront tout sur la culture Street Art de la capitale.\n\n<script async=\"\" defer=\"\" src=\"https:\/\/widget.getyourguide.com\/v2\/widget.js\"><\/script>\n<div data-gyg-href=\"https:\/\/widget.getyourguide.com\/default\/activites.frame\" data-gyg-locale-code=\"fr-FR\" data-gyg-widget=\"activities\" data-gyg-number-of-items=\"4\" data-gyg-cmp=\"book\" data-gyg-currency=\"EUR\" data-gyg-partner-id=\"8JHIOAN\" data-gyg-placement=\"other\" data-gyg-tour-ids=\"79244,193301,58234,120792\"><\/div>\n<h2>Croisi\u00e8res autour de Lisbonne<\/h2>\nLisbonne est une ville portuaire que vous pourrez visiter depuis l&rsquo;eau gr\u00e2ce \u00e0 des croisi\u00e8res en groupe, priv\u00e9es, de jour ou de nuit. Une activit\u00e9 que je conseille fortement : admirer le coucher de soleil en buvant un verre sur un voilier vous laissera un souvenir m\u00e9morable de vos vacances !\n\n<script async=\"\" defer=\"\" src=\"https:\/\/widget.getyourguide.com\/v2\/widget.js\"><\/script>\n<div data-gyg-href=\"https:\/\/widget.getyourguide.com\/default\/activites.frame\" data-gyg-locale-code=\"fr-FR\" data-gyg-widget=\"activities\" data-gyg-number-of-items=\"8\" data-gyg-cmp=\"book\" data-gyg-currency=\"EUR\" data-gyg-partner-id=\"8JHIOAN\" data-gyg-placement=\"other\" data-gyg-tour-ids=\"35911,45783,48358,45788,51939,122466,104510,66287\"><\/div>\n<h2>Activit\u00e9s nautiques<\/h2>\nParcourez les alentours de Lisbonne en kayak, en paddle ou prenez des cours de surf sur les plages les plus proches de la capitale portugaise. des activit\u00e9s en francophones qui ont \u00e9t\u00e9 grandement appr\u00e9ci\u00e9es par ceux qui sont pass\u00e9s avant vous.\n\n<script async=\"\" defer=\"\" src=\"https:\/\/widget.getyourguide.com\/v2\/widget.js\"><\/script>\n<div data-gyg-href=\"https:\/\/widget.getyourguide.com\/default\/activites.frame\" data-gyg-locale-code=\"fr-FR\" data-gyg-widget=\"activities\" data-gyg-number-of-items=\"4\" data-gyg-cmp=\"book\" data-gyg-currency=\"EUR\" data-gyg-partner-id=\"8JHIOAN\" data-gyg-placement=\"other\" data-gyg-tour-ids=\"44041,189705,64237,64235\"><\/div>\t\t\t\t\t\t\t\t<\/div>\n\t\t\t\t<\/div>\n\t\t\t\t\t<\/div>\n\t\t<\/div>\n\t\t\t\t\t<\/div>\n\t\t<\/section>\n\t\t\t\t<\/div>\n\t\t","protected":false},"excerpt":{"rendered":"<p>D\u00e9couvrez Lisbonne : les meilleures visites et activit\u00e9s Retrouvez ci-dessous toutes les visites ou activit\u00e9s les mieux not\u00e9es de la ville de Lisbonne, organis\u00e9es par des guides francophones et que vous pourrez annuler 24 heures avant le d\u00e9but si vous d\u00e9cidez de changer de programme. Diff\u00e9rents moyens de d\u00e9couvrir la capitale, ses alentours, ses paysages, [&hellip;]<\/p>\n","protected":false},"author":1,"featured_media":0,"parent":0,"menu_order":0,"comment_status":"closed","ping_status":"closed","template":"","meta":{"om_disable_all_campaigns":false,"_monsterinsights_skip_tracking":false,"_monsterinsights_sitenote_active":false,"_monsterinsights_sitenote_note":"","_monsterinsights_sitenote_category":0,"_uf_show_specific_survey":0,"_uf_disable_surveys":false,"site-sidebar-layout":"default","site-content-layout":"default","ast-site-content-layout":"default","site-content-style":"default","site-sidebar-style":"default","ast-global-header-display":"","ast-banner-title-visibility":"","ast-main-header-display":"","ast-hfb-above-header-display":"","ast-hfb-below-header-display":"","ast-hfb-mobile-header-display":"","site-post-title":"","ast-breadcrumbs-content":"","ast-featured-img":"","footer-sml-layout":"","ast-disable-related-posts":"","theme-transparent-header-meta":"default","adv-header-id-meta":"","stick-header-meta":"","header-above-stick-meta":"","header-main-stick-meta":"","header-below-stick-meta":"","astra-migrate-meta-layouts":"default","ast-page-background-enabled":"default","ast-page-background-meta":{"desktop":{"background-color":"","background-image":"","background-repeat":"repeat","background-position":"center center","background-size":"auto","background-attachment":"scroll","background-type":"","background-media":"","overlay-type":"","overlay-color":"","overlay-opacity":"","overlay-gradient":""},"tablet":{"background-color":"","background-image":"","background-repeat":"repeat","background-position":"center center","background-size":"auto","background-attachment":"scroll","background-type":"","background-media":"","overlay-type":"","overlay-color":"","overlay-opacity":"","overlay-gradient":""},"mobile":{"background-color":"","background-image":"","background-repeat":"repeat","background-position":"center center","background-size":"auto","background-attachment":"scroll","background-type":"","background-media":"","overlay-type":"","overlay-color":"","overlay-opacity":"","overlay-gradient":""}},"ast-content-background-meta":{"desktop":{"background-color":"var(--ast-global-color-5)","background-image":"","background-repeat":"repeat","background-position":"center center","background-size":"auto","background-attachment":"scroll","background-type":"","background-media":"","overlay-type":"","overlay-color":"","overlay-opacity":"","overlay-gradient":""},"tablet":{"background-color":"var(--ast-global-color-5)","background-image":"","background-repeat":"repeat","background-position":"center center","background-size":"auto","background-attachment":"scroll","background-type":"","background-media":"","overlay-type":"","overlay-color":"","overlay-opacity":"","overlay-gradient":""},"mobile":{"background-color":"var(--ast-global-color-5)","background-image":"","background-repeat":"repeat","background-position":"center center","background-size":"auto","background-attachment":"scroll","background-type":"","background-media":"","overlay-type":"","overlay-color":"","overlay-opacity":"","overlay-gradient":""}},"footnotes":""},"class_list":["post-4234","page","type-page","status-publish","hentry"],"aioseo_notices":[],"_links":{"self":[{"href":"https:\/\/essencial-portugal.com\/fr\/wp-json\/wp\/v2\/pages\/4234","targetHints":{"allow":["GET"]}}],"collection":[{"href":"https:\/\/essencial-portugal.com\/fr\/wp-json\/wp\/v2\/pages"}],"about":[{"href":"https:\/\/essencial-portugal.com\/fr\/wp-json\/wp\/v2\/types\/page"}],"author":[{"embeddable":true,"href":"https:\/\/essencial-portugal.com\/fr\/wp-json\/wp\/v2\/users\/1"}],"replies":[{"embeddable":true,"href":"https:\/\/essencial-portugal.com\/fr\/wp-json\/wp\/v2\/comments?post=4234"}],"version-history":[{"count":9,"href":"https:\/\/essencial-portugal.com\/fr\/wp-json\/wp\/v2\/pages\/4234\/revisions"}],"predecessor-version":[{"id":10355,"href":"https:\/\/essencial-portugal.com\/fr\/wp-json\/wp\/v2\/pages\/4234\/revisions\/10355"}],"wp:attachment":[{"href":"https:\/\/essencial-portugal.com\/fr\/wp-json\/wp\/v2\/media?parent=4234"}],"curies":[{"name":"wp","href":"https:\/\/api.w.org\/{rel}","templated":true}]}}