{"id":4884,"date":"2020-07-23T08:12:08","date_gmt":"2020-07-23T08:12:08","guid":{"rendered":"https:\/\/essencial-portugal.com\/fr\/?page_id=4884"},"modified":"2023-02-28T07:37:37","modified_gmt":"2023-02-28T07:37:37","slug":"achat-vehicule-portugal","status":"publish","type":"page","link":"https:\/\/essencial-portugal.com\/fr\/entreprise-portugal\/achat-vehicule-portugal\/","title":{"rendered":"Achat d&rsquo;un v\u00e9hicule au Portugal"},"content":{"rendered":"<p><img fetchpriority=\"high\" decoding=\"async\" class=\"aligncenter size-full wp-image-4886\" src=\"https:\/\/essencial-portugal.com\/fr\/wp-content\/uploads\/2020\/07\/achat-vehicule-portugal.jpg\" alt=\"achat vehicule portugal\" width=\"1060\" height=\"594\" srcset=\"https:\/\/essencial-portugal.com\/fr\/wp-content\/uploads\/2020\/07\/achat-vehicule-portugal.jpg 1060w, https:\/\/essencial-portugal.com\/fr\/wp-content\/uploads\/2020\/07\/achat-vehicule-portugal-300x168.jpg 300w, https:\/\/essencial-portugal.com\/fr\/wp-content\/uploads\/2020\/07\/achat-vehicule-portugal-1024x574.jpg 1024w, https:\/\/essencial-portugal.com\/fr\/wp-content\/uploads\/2020\/07\/achat-vehicule-portugal-768x430.jpg 768w\" sizes=\"(max-width: 1060px) 100vw, 1060px\" \/><\/p>\n<p>Ce n&rsquo;est pas un secret, les <strong>voitures \u00e0 acheter au Portugal<\/strong> sont g\u00e9n\u00e9ralement plus ch\u00e8res que dans le reste de l&rsquo;Europe et l&rsquo;imp\u00f4t sur les v\u00e9hicules (ISV) peut devenir tr\u00e8s important puisqu&rsquo;il prend d\u00e9sormais en compte les \u00e9missions de CO\u00b2 du v\u00e9hicule.\u00a0 Il y aura donc de nombreux cas dans lesquels l&rsquo;immatriculation de votre v\u00e9hicule ne sera pas avantageux et o\u00f9 vous souhaiterez vous orienter vers l&rsquo;achat d&rsquo;un v\u00e9hicule \u00e0 l&rsquo;\u00e9tranger que vous importerez au Portugal pour une immatriculation.<\/p>\n<p>Vous trouverez sur cette page les diff\u00e9rentes choses \u00e0 savoir sur l&rsquo;<strong>achat d&rsquo;un v\u00e9hicule au Portugal<\/strong> mais vous pouvez \u00e9galement si vous le souhaitez vous faire accompagner dans toute la proc\u00e9dure par une soci\u00e9t\u00e9 francophone sp\u00e9cialis\u00e9e, implant\u00e9e au Portugal.<\/p>\n<h2>Achat et importation d&rsquo;une voiture au Portugal : accompagnement<\/h2>\n<p>Ma soci\u00e9t\u00e9 partenaire francophone est une soci\u00e9t\u00e9 \u00e0 taille humaine install\u00e9e depuis plusieurs ann\u00e9es au Portugal et ayant acquis une forte expertise automobile, domaine dans lequel elle exerce depuis plus de 30 ans : savoir-faire fran\u00e7ais, tr\u00e8s grand nombre de v\u00e9hicules disponibles \u00e0 l&rsquo;achat (Neufs ou d&rsquo;occasion) dont certains introuvables au Portugal, r\u00e9seau comptant les plus gros fournisseurs Europ\u00e9ens et donc prix tr\u00e8s avantageux sur les voitures \u00e0 acheter et importer au Portugal.<\/p>\n<p>Ces sp\u00e9cialistes de l&rsquo;importation de v\u00e9hicule au Portugal se charge de toute la proc\u00e9dure et vous garanti une tranquillit\u00e9 dans vos d\u00e9marches : achat du v\u00e9hicule, importation, immatriculation, livraison, aide \u00e0 la souscription d&rsquo;une assurance, etc..<\/p>\n<p>Si vous souhaitez vous faire accompagner dans votre d\u00e9marche d&rsquo;achat de voiture au Portugal, utilisez le bouton ci-dessous et remplissez le formulaire associ\u00e9. Cette soci\u00e9t\u00e9 et ses intervenants que je connais personnellement, prendront contact avec vous pour discuter de votre projet.<\/p>\n<p style=\"text-align: center;\"><a class=\"maxbutton-1 maxbutton maxbutton-contact\" href=\"#formulaire\"><span class='mb-text'>Formulaire<\/span><\/a><\/p>\n<p>&nbsp;<\/p>\n<h2>Le prix des v\u00e9hicules au Portugal<\/h2>\n<p>Il y a pas moins de deux ans, une \u00e9tude effectu\u00e9e par le site web anglais \u00ab\u00a0Compare the Market\u00a0\u00bb a conclut que le Portugal \u00e9tait le pays dans lequel les v\u00e9hicules \u00e9taient les plus chers, parmi 24 pays d&rsquo;Europe et du monde : le Portugal, l&rsquo;Inde, la Pologne, la Roumanie, la Nouvelle-Z\u00e9lande, la Belgique, l&rsquo;Allemagne, le Canada, la France, les \u00c9tats-Unis d&rsquo;Am\u00e9rique, l&rsquo;Australie, la Russie, la Gr\u00e8ce, le Royaume-Uni, l&rsquo;Espagne, l&rsquo;Afrique du Sud, le Br\u00e9sil, l&rsquo;Irlande, le Mexique, L&rsquo;Italie, le Japon, la Hollande et enfin les Emirats Arabes Unis.<\/p>\n<p><img decoding=\"async\" class=\"aligncenter size-full wp-image-4891\" src=\"https:\/\/essencial-portugal.com\/fr\/wp-content\/uploads\/2020\/07\/achat-voiture-portugal.jpg\" alt=\"achat voiture portugal\" width=\"626\" height=\"417\" srcset=\"https:\/\/essencial-portugal.com\/fr\/wp-content\/uploads\/2020\/07\/achat-voiture-portugal.jpg 626w, https:\/\/essencial-portugal.com\/fr\/wp-content\/uploads\/2020\/07\/achat-voiture-portugal-300x200.jpg 300w\" sizes=\"(max-width: 626px) 100vw, 626px\" \/><\/p>\n<p>\u00abCompare the Market\u00bb a divis\u00e9 le march\u00e9 en six segments: citadins, petits membres de la famille, grands membres de la famille, SUV, luxe et sport. Puis il a choisi un mod\u00e8le pour servir de barom\u00e8tre dans chaque segment, les choisis \u00e9tant respectivement: la Fiat 500 , la Volkswagen Golf , la Volkswagen Passat , la Volkswagen Tiguan , la BMW S\u00e9rie 5 et la Porsche 911 .\u00a0En plus du co\u00fbt d&rsquo;acquisition, l&rsquo;\u00e9tude a compt\u00e9 l&rsquo;argent d\u00e9pens\u00e9 pour les assurances, les taxes ou encore le prix du carburant.<\/p>\n<p>Deux exemples frappants sur le co\u00fbt des v\u00e9hicules au Portugal compar\u00e9 au reste de l&rsquo;Europe :<\/p>\n<ul>\n<li>C&rsquo;est au <strong>Portugal que l&rsquo;achat d&rsquo;une Golf est le plus on\u00e9reux<\/strong> avec un co\u00fbt pouvant aller jusqu&rsquo;\u00e0 27 354 euros contre seulement 21 842 euros en Espagne.<\/li>\n<li>Un v\u00e9hicule familial comme le Volkswagen Tiguan : sa valeur il y a 2 ans en Allemagne \u00e9tait de 29021\u20ac quand c&rsquo;\u00e9tait encore au Portugal qu&rsquo;il \u00e9tait le plus ch\u00e8re avec un co\u00fbt de 36804\u20ac et donc une diff\u00e9rence astronomique de 7783\u20ac entre ces deux pays d&rsquo;Europe pour un m\u00eame v\u00e9hicule.<\/li>\n<\/ul>\n<p>Il est donc tr\u00e8s simple de faire le rapprochement et de comprendre que faire appel \u00e0 un courtier en achat de v\u00e9hicules au Portugal capable de n\u00e9gocier les prix \u00e0 l&rsquo;\u00e9tranger, d&rsquo;organiser le transport et l&rsquo;<a href=\"https:\/\/essencial-portugal.com\/fr\/installation-lisbonne-portugal\/immatriculer-vehicule-portugal\/\">immatriculation de votre v\u00e9hicule au Portugal<\/a> reviendra souvent moins cher que d&rsquo;acheter directement une voiture neuve ici.<\/p>\n<h2>Qui peut acheter une voiture au Portugal ?<\/h2>\n<p>Comme vous vous en doutez, tout le monde peut acheter un v\u00e9hicule au Portugal et il vous faudra pour cela tr\u00e8s peu de documents. Il vous faut toutefois avoir une adresse physique au Portugal puisque les documents n\u00e9cessaires sont :<\/p>\n<ul>\n<li>Un NIF (<a href=\"https:\/\/essencial-portugal.com\/fr\/installation-lisbonne-portugal\/obtenir-numero-identification-fiscal\/\">Num\u00e9ro d&rsquo;identification fiscal portugais<\/a>)<\/li>\n<li>Un justificatif de domicile au Portugal<\/li>\n<li>Une pi\u00e8ce d&rsquo;identit\u00e9 comme votre passeport ou m\u00eame votre permis de conduire<\/li>\n<\/ul>\n<p>Attention, votre <strong>v\u00e9hicule fran\u00e7ais devra \u00eatre immatricul\u00e9<\/strong> dans les 12 mois suivants votre installation au Portugal si vous y r\u00e9sidez plus de 6 mois par an.<\/p>\n<h2>Acheter une voiture au Portugal par vos propres moyens<\/h2>\n<p>Vous pouvez parfaitement acheter une voiture au Portugal par vos propres moyens mais comme pour toutes les proc\u00e9dures administratives ou d\u00e9marches pr\u00e9sent\u00e9es sur essencial-portugal, je vous conseille d&rsquo;\u00eatre tr\u00e8s prudent et d&rsquo;\u00e9viter les pi\u00e8ges.<\/p>\n<p><img decoding=\"async\" class=\"aligncenter size-full wp-image-4892\" src=\"https:\/\/essencial-portugal.com\/fr\/wp-content\/uploads\/2020\/07\/acheter-vehicule-portugal.jpg\" alt=\"acheter vehicule portugal\" width=\"730\" height=\"340\" srcset=\"https:\/\/essencial-portugal.com\/fr\/wp-content\/uploads\/2020\/07\/acheter-vehicule-portugal.jpg 730w, https:\/\/essencial-portugal.com\/fr\/wp-content\/uploads\/2020\/07\/acheter-vehicule-portugal-300x140.jpg 300w\" sizes=\"(max-width: 730px) 100vw, 730px\" \/><\/p>\n<p>Vous aurez deux moyens d&rsquo;acheter un v\u00e9hicules au Portugal :<\/p>\n<p>Directement aupr\u00e8s des concessionnaires au Portugal. Vous trouverez au Portugal tous les grands concessionnaires connus comme BMW, Mercedes, Renault, Peugeot, Toyota, Fiat, Seat et les autres mais comme vu plus haut, le prix des v\u00e9hicules neufs dans ces concessionnaires seront pour certains mod\u00e8les beaucoup plus chers qu&rsquo;ailleurs en Europe.<\/p>\n<p>Directement aupr\u00e8s des particuliers qui vendent leurs voitures au Portugal sur de nombreux sites internet. Cette m\u00e9thode peut \u00eatre appr\u00e9ciable pour les connaisseurs mais tout comme en France ou ailleurs en Europe, il faudra faire extr\u00eamement attention aux documents transmis par le vendeur. Ces documents seront en portugais, les documents n\u00e9cessaires pour valider la vente sont propres au pays et en tant qu&rsquo;\u00e9tranger vous pourriez \u00eatre victime d&rsquo;arnaques. En choisissant cette m\u00e9thode, vous ne serez pas accompagn\u00e9 lors de l&rsquo;achat de votre voiture au Portugal et ce sera donc \u00e0 vous de v\u00e9rifier que les informations transmises par le vendeur sont exactes :<\/p>\n<ul>\n<li>Num\u00e9ro du ch\u00e2ssis<\/li>\n<li>Informations de la carte grise<\/li>\n<li>Documento \u00fanico autom\u00f3vel<\/li>\n<li>Enregistrement de la propri\u00e9t\u00e9, des amendes&#8230;<\/li>\n<\/ul>\n<p>Attention, il faut savoir qu&rsquo;au Portugal, le rachat d&rsquo;une voiture d&rsquo;occasion \u00e9quivaut \u00e9galement au rachat des dettes et hypoth\u00e8ques associ\u00e9es : vous aurez donc compris le sens de ma mise en garde et mon conseil syst\u00e9matique aux expatri\u00e9s de se faire accompagner par des soci\u00e9t\u00e9s francophones implant\u00e9es au Portugal pour les assister.<\/p>\n<h2>Voitures les plus achet\u00e9es au Portugal<\/h2>\n<p>D\u00e9couvrez ci-dessous les voitures les plus vendues au Portugal en 2019. Une liste qui est propos\u00e9e chaque ann\u00e9e par l&rsquo;<a href=\"https:\/\/www.acap.pt\/pt\/home\">ACAP<\/a>, Association Automobile du Portugal, des informations qui peuvent vous donner des id\u00e9es sur le v\u00e9hicule que vous souhaitez acheter :<\/p>\n<ul>\n<li>Renault Clio, 10649 voitures achet\u00e9es<\/li>\n<li>Mercedes-Benz Classe A, 7830 voitures achet\u00e9es<\/li>\n<li>Renault Captur, 7730 voitures achet\u00e9es<\/li>\n<li>Fiat Tipo, 5953 voitures achet\u00e9es<\/li>\n<li>Citro\u00ebn C3, 5709 voitures achet\u00e9es<\/li>\n<li>Peugeot 208, 5667 voitures achet\u00e9es<\/li>\n<li>Renault Megane, 5654 voitures achet\u00e9es<\/li>\n<li>Peugeot 2008, 4979 voitures achet\u00e9es<\/li>\n<li>Peugeot 308, 4970 voitures achet\u00e9es<\/li>\n<li id=\"formulaire\">Ford Focus, 4345 voitures achet\u00e9es<\/li>\n<\/ul>\n<h2>Achat et importation d&rsquo;une voiture au Portugal<\/h2>\n<div class=\"wpforms-container wpforms-container-full\" id=\"wpforms-4887\"><form id=\"wpforms-form-4887\" class=\"wpforms-validate wpforms-form\" data-formid=\"4887\" method=\"post\" enctype=\"multipart\/form-data\" action=\"\/fr\/wp-json\/wp\/v2\/pages\/4884\" data-token=\"659e4cac77224b20453dcaacd5a1bbe8\" data-token-time=\"1777711753\"><noscript class=\"wpforms-error-noscript\">Veuillez activer JavaScript dans votre navigateur pour remplir ce formulaire.<\/noscript><div class=\"wpforms-field-container\"><div id=\"wpforms-4887-field_0-container\" class=\"wpforms-field wpforms-field-name\" data-field-id=\"0\"><label class=\"wpforms-field-label\">Nom <span class=\"wpforms-required-label\">*<\/span><\/label><div class=\"wpforms-field-row wpforms-field-medium\"><div class=\"wpforms-field-row-block wpforms-first wpforms-one-half\"><input type=\"text\" id=\"wpforms-4887-field_0\" class=\"wpforms-field-name-first wpforms-field-required\" name=\"wpforms[fields][0][first]\" required><label for=\"wpforms-4887-field_0\" class=\"wpforms-field-sublabel after\">Pr\u00e9nom<\/label><\/div><div class=\"wpforms-field-row-block wpforms-one-half\"><input type=\"text\" id=\"wpforms-4887-field_0-last\" class=\"wpforms-field-name-last wpforms-field-required\" name=\"wpforms[fields][0][last]\" required><label for=\"wpforms-4887-field_0-last\" class=\"wpforms-field-sublabel after\">Nom<\/label><\/div><\/div><\/div><div id=\"wpforms-4887-field_1-container\" class=\"wpforms-field wpforms-field-email\" data-field-id=\"1\"><label class=\"wpforms-field-label\" for=\"wpforms-4887-field_1\">E-mail <span class=\"wpforms-required-label\">*<\/span><\/label><input type=\"email\" id=\"wpforms-4887-field_1\" class=\"wpforms-field-medium wpforms-field-required\" name=\"wpforms[fields][1]\" spellcheck=\"false\" required><\/div><div id=\"wpforms-4887-field_5-container\" class=\"wpforms-field wpforms-field-phone\" data-field-id=\"5\"><label class=\"wpforms-field-label\" for=\"wpforms-4887-field_5\">T\u00e9l\u00e9phone <span class=\"wpforms-required-label\">*<\/span><\/label><input type=\"tel\" id=\"wpforms-4887-field_5\" class=\"wpforms-field-medium wpforms-field-required wpforms-smart-phone-field\" data-rule-smart-phone-field=\"true\" name=\"wpforms[fields][5]\" aria-label=\"T\u00e9l\u00e9phone\" required><\/div><div id=\"wpforms-4887-field_2-container\" class=\"wpforms-field wpforms-field-textarea\" data-field-id=\"2\"><label class=\"wpforms-field-label\" for=\"wpforms-4887-field_2\">Besoins et Projet <span class=\"wpforms-required-label\">*<\/span><\/label><textarea id=\"wpforms-4887-field_2\" class=\"wpforms-field-medium wpforms-field-required\" name=\"wpforms[fields][2]\" required><\/textarea><\/div><\/div><!-- .wpforms-field-container --><div class=\"wpforms-field wpforms-field-hp\"><label for=\"wpforms-4887-field-hp\" class=\"wpforms-field-label\">Name<\/label><input type=\"text\" name=\"wpforms[hp]\" id=\"wpforms-4887-field-hp\" class=\"wpforms-field-medium\"><\/div><div class=\"wpforms-submit-container\" ><input type=\"hidden\" name=\"wpforms[id]\" value=\"4887\"><input type=\"hidden\" name=\"page_title\" value=\"\"><input type=\"hidden\" name=\"page_url\" value=\"https:\/\/essencial-portugal.com\/fr\/wp-json\/wp\/v2\/pages\/4884\"><input type=\"hidden\" name=\"url_referer\" value=\"\"><button type=\"submit\" name=\"wpforms[submit]\" id=\"wpforms-submit-4887\" class=\"wpforms-submit\" data-alt-text=\"Envoi...\" data-submit-text=\"Envoyer\" aria-live=\"assertive\" value=\"wpforms-submit\">Envoyer<\/button><\/div><\/form><\/div>  <!-- .wpforms-container -->\n<blockquote><p>En validant le formulaire de contact, vous m&rsquo;autorisez \u00e0 transmettre votre demande \u00e0 un intervenant francophone bas\u00e9 au Portugal qui pourra vous recontacter directement, discuter de votre projet et de la meilleure fa\u00e7on de vous accompagner.<\/p>\n<p>Essencial Portugal est un site internet de mise en relation entre des particuliers \/ entreprises et professionnels agr\u00e9\u00e9s de confiance au Portugal pour la r\u00e9alisation de projets dans le pays. Seuls ces professionnels certifi\u00e9s et agr\u00e9\u00e9s sont en mesure de vous informer, de proposer et de facturer ces services.<\/p><\/blockquote>\n","protected":false},"excerpt":{"rendered":"<p>Ce n&rsquo;est pas un secret, les voitures \u00e0 acheter au Portugal sont g\u00e9n\u00e9ralement plus ch\u00e8res que dans le reste de l&rsquo;Europe et l&rsquo;imp\u00f4t sur les v\u00e9hicules (ISV) peut devenir tr\u00e8s important puisqu&rsquo;il prend d\u00e9sormais en compte les \u00e9missions de CO\u00b2 du v\u00e9hicule.\u00a0 Il y aura donc de nombreux cas dans lesquels l&rsquo;immatriculation de votre v\u00e9hicule [&hellip;]<\/p>\n","protected":false},"author":1,"featured_media":4886,"parent":2946,"menu_order":0,"comment_status":"closed","ping_status":"closed","template":"","meta":{"om_disable_all_campaigns":false,"_monsterinsights_skip_tracking":false,"_monsterinsights_sitenote_active":false,"_monsterinsights_sitenote_note":"","_monsterinsights_sitenote_category":0,"_uf_show_specific_survey":0,"_uf_disable_surveys":false,"site-sidebar-layout":"default","site-content-layout":"default","ast-site-content-layout":"default","site-content-style":"default","site-sidebar-style":"default","ast-global-header-display":"","ast-banner-title-visibility":"","ast-main-header-display":"","ast-hfb-above-header-display":"","ast-hfb-below-header-display":"","ast-hfb-mobile-header-display":"","site-post-title":"","ast-breadcrumbs-content":"","ast-featured-img":"","footer-sml-layout":"","ast-disable-related-posts":"","theme-transparent-header-meta":"default","adv-header-id-meta":"","stick-header-meta":"","header-above-stick-meta":"","header-main-stick-meta":"","header-below-stick-meta":"","astra-migrate-meta-layouts":"default","ast-page-background-enabled":"default","ast-page-background-meta":{"desktop":{"background-color":"","background-image":"","background-repeat":"repeat","background-position":"center center","background-size":"auto","background-attachment":"scroll","background-type":"","background-media":"","overlay-type":"","overlay-color":"","overlay-opacity":"","overlay-gradient":""},"tablet":{"background-color":"","background-image":"","background-repeat":"repeat","background-position":"center center","background-size":"auto","background-attachment":"scroll","background-type":"","background-media":"","overlay-type":"","overlay-color":"","overlay-opacity":"","overlay-gradient":""},"mobile":{"background-color":"","background-image":"","background-repeat":"repeat","background-position":"center center","background-size":"auto","background-attachment":"scroll","background-type":"","background-media":"","overlay-type":"","overlay-color":"","overlay-opacity":"","overlay-gradient":""}},"ast-content-background-meta":{"desktop":{"background-color":"var(--ast-global-color-5)","background-image":"","background-repeat":"repeat","background-position":"center center","background-size":"auto","background-attachment":"scroll","background-type":"","background-media":"","overlay-type":"","overlay-color":"","overlay-opacity":"","overlay-gradient":""},"tablet":{"background-color":"var(--ast-global-color-5)","background-image":"","background-repeat":"repeat","background-position":"center center","background-size":"auto","background-attachment":"scroll","background-type":"","background-media":"","overlay-type":"","overlay-color":"","overlay-opacity":"","overlay-gradient":""},"mobile":{"background-color":"var(--ast-global-color-5)","background-image":"","background-repeat":"repeat","background-position":"center center","background-size":"auto","background-attachment":"scroll","background-type":"","background-media":"","overlay-type":"","overlay-color":"","overlay-opacity":"","overlay-gradient":""}},"footnotes":""},"class_list":["post-4884","page","type-page","status-publish","has-post-thumbnail","hentry"],"aioseo_notices":[],"_links":{"self":[{"href":"https:\/\/essencial-portugal.com\/fr\/wp-json\/wp\/v2\/pages\/4884","targetHints":{"allow":["GET"]}}],"collection":[{"href":"https:\/\/essencial-portugal.com\/fr\/wp-json\/wp\/v2\/pages"}],"about":[{"href":"https:\/\/essencial-portugal.com\/fr\/wp-json\/wp\/v2\/types\/page"}],"author":[{"embeddable":true,"href":"https:\/\/essencial-portugal.com\/fr\/wp-json\/wp\/v2\/users\/1"}],"replies":[{"embeddable":true,"href":"https:\/\/essencial-portugal.com\/fr\/wp-json\/wp\/v2\/comments?post=4884"}],"version-history":[{"count":0,"href":"https:\/\/essencial-portugal.com\/fr\/wp-json\/wp\/v2\/pages\/4884\/revisions"}],"up":[{"embeddable":true,"href":"https:\/\/essencial-portugal.com\/fr\/wp-json\/wp\/v2\/pages\/2946"}],"wp:featuredmedia":[{"embeddable":true,"href":"https:\/\/essencial-portugal.com\/fr\/wp-json\/wp\/v2\/media\/4886"}],"wp:attachment":[{"href":"https:\/\/essencial-portugal.com\/fr\/wp-json\/wp\/v2\/media?parent=4884"}],"curies":[{"name":"wp","href":"https:\/\/api.w.org\/{rel}","templated":true}]}}