{"id":6181,"date":"2021-02-28T11:15:32","date_gmt":"2021-02-28T11:15:32","guid":{"rendered":"https:\/\/essencial-portugal.com\/fr\/?page_id=6181"},"modified":"2023-01-04T09:37:34","modified_gmt":"2023-01-04T09:37:34","slug":"architecte-francophone-portugal","status":"publish","type":"page","link":"https:\/\/essencial-portugal.com\/fr\/entreprise-portugal\/architecte-francophone-portugal\/","title":{"rendered":"Architecte francophone au Portugal"},"content":{"rendered":"<p>&nbsp;<\/p>\n<p><img fetchpriority=\"high\" decoding=\"async\" class=\"aligncenter size-full wp-image-6184\" src=\"https:\/\/essencial-portugal.com\/fr\/wp-content\/uploads\/2021\/02\/architecte-francophone-portugal.jpg\" alt=\"Architecte Francophone Portugal\" width=\"1653\" height=\"411\" srcset=\"https:\/\/essencial-portugal.com\/fr\/wp-content\/uploads\/2021\/02\/architecte-francophone-portugal.jpg 1653w, https:\/\/essencial-portugal.com\/fr\/wp-content\/uploads\/2021\/02\/architecte-francophone-portugal-300x75.jpg 300w, https:\/\/essencial-portugal.com\/fr\/wp-content\/uploads\/2021\/02\/architecte-francophone-portugal-1024x255.jpg 1024w, https:\/\/essencial-portugal.com\/fr\/wp-content\/uploads\/2021\/02\/architecte-francophone-portugal-768x191.jpg 768w, https:\/\/essencial-portugal.com\/fr\/wp-content\/uploads\/2021\/02\/architecte-francophone-portugal-1536x382.jpg 1536w\" sizes=\"(max-width: 1653px) 100vw, 1653px\" \/><\/p>\n<h2>Architecte francophone au Portugal : accompagnement<\/h2>\n<p>Votre projet d&rsquo;expatriation, d&rsquo;achat immobilier ou d&rsquo;investissement immobilier au Portugal se concr\u00e9tise et vous souhaitez entrer en contact avec un architecte francophone implant\u00e9 dans le pays pour mener \u00e0 bien votre projet ? Essencial Portugal vous met en relation avec un architecte francophone au Portugal, exp\u00e9riment\u00e9 et en relation avec les entreprises les plus s\u00e9rieuses et efficaces du pays pour vous accompagner dans vos diff\u00e9rents projets de construction et de r\u00e9novation :<\/p>\n<ul>\n<li>Une couverture national o\u00f9 que vous soyez : Lisbonne, Porto, Algarve et autres<\/li>\n<li>Une exp\u00e9rience internationale avent de se baser au Portugal il y a 9 ans<\/li>\n<li>Plusieurs centaines de projets men\u00e9s \u00e0 bien au Portugal<\/li>\n<\/ul>\n<p>Utilisez le bouton ci-dessous et remplissez le formulaire associ\u00e9 pour \u00eatre recontact\u00e9 par cette architecte francophone au Portugal et avoir un premier \u00e9change autour de votre projet. Cet architecte est une personne s\u00e9rieuse que je connais personnellement et qui pourra mener \u00e0 bien tous types de projets.<\/p>\n<p>Toutes les photos utilis\u00e9es sur cette pages sont des photos de projets r\u00e9alis\u00e9s par cet architecte francophone au Portugal.<\/p>\n<p style=\"text-align: center;\"><a class=\"maxbutton-1 maxbutton maxbutton-contact\" href=\"#formulaire\"><span class='mb-text'>Formulaire<\/span><\/a><\/p>\n<p>Je ne propose sur Essencial Portugal que des prestataires francophones que je connais, dont les retours clients sont grandement positifs et dont le travail est reconnu pour sa grande qualit\u00e9.<\/p>\n<h2>Ce que cet architecte francophone de Lisbonne peut faire pour vous<\/h2>\n<p>Cet architecte francophone du Portugal, implant\u00e9 \u00e0 Lisbonne plus pr\u00e9cis\u00e9ment prend en charge des projets de tr\u00e8s grandes envergures comme de plus petites. Il pourra vous accompagner dans vos projets de construction comme de r\u00e9novation :<\/p>\n<ul>\n<li>Prise de contact : \u00e9change autour de votre projet et de vos besoins<\/li>\n<li>\u00c9tude de faisabilit\u00e9 : votre projet est-il possible ? Les conditions sont elles favorables d&rsquo;un point de vue de l&rsquo;administration portugaise ?<\/li>\n<li>S\u00e9curisation de votre projet d&rsquo;un point de vue l\u00e9gal : v\u00e9rification des conditions, permis, d\u00e9marches aupr\u00e8s des administrations portugaises<\/li>\n<li>\u00c9tude de pr\u00eat travaux : \u00e9valuation du co\u00fbt de votre projet si vous souhaitez le soumettre \u00e0 la banque pour obtenir un pr\u00eat immobilier par exemple<\/li>\n<li>S\u00e9lection des artisans et soci\u00e9t\u00e9s portugaises de confiance pour obtenir les meilleures offres, d\u00e9lais et prix<\/li>\n<li>S\u00e9lection des meilleurs entreprises et n\u00e9gociation des meilleurs prix<\/li>\n<li>Centralisation : coordination de tous les corps de m\u00e9tiers travaux concern\u00e9s et suivi du projet pour n&rsquo;avoir qu&rsquo;un seul interlocuteur de confiance<\/li>\n<\/ul>\n<p><img decoding=\"async\" class=\"aligncenter size-full wp-image-6185\" src=\"https:\/\/essencial-portugal.com\/fr\/wp-content\/uploads\/2021\/02\/architecte-francophone-lisbonne.jpg\" alt=\"architecte francophone Lisbonne\" width=\"1657\" height=\"443\" srcset=\"https:\/\/essencial-portugal.com\/fr\/wp-content\/uploads\/2021\/02\/architecte-francophone-lisbonne.jpg 1657w, https:\/\/essencial-portugal.com\/fr\/wp-content\/uploads\/2021\/02\/architecte-francophone-lisbonne-300x80.jpg 300w, https:\/\/essencial-portugal.com\/fr\/wp-content\/uploads\/2021\/02\/architecte-francophone-lisbonne-1024x274.jpg 1024w, https:\/\/essencial-portugal.com\/fr\/wp-content\/uploads\/2021\/02\/architecte-francophone-lisbonne-768x205.jpg 768w, https:\/\/essencial-portugal.com\/fr\/wp-content\/uploads\/2021\/02\/architecte-francophone-lisbonne-1536x411.jpg 1536w\" sizes=\"(max-width: 1657px) 100vw, 1657px\" \/><\/p>\n<p>Faire appel \u00e0 un architecte francophone au Portugal pour vos projets de construction et de r\u00e9novation est grandement recommand\u00e9. Il n&rsquo;est pas rare au Portugal d&rsquo;avoir de nombreux probl\u00e8mes juridiques ou de qualit\u00e9 : un terrain vendu non constructible, une soci\u00e9t\u00e9 de r\u00e9novation incomp\u00e9tente, l&rsquo;impossibilit\u00e9 d&rsquo;obtenir les permis n\u00e9cessaires ou autres. Cet architecte implant\u00e9 \u00e0 Lisbonne vous servira d&rsquo;interm\u00e9diaire et de garant pour vous assurer de la bonne r\u00e9alisation de vos travaux.<\/p>\n<h2>Le m\u00e9tier d&rsquo;architecte<\/h2>\n<p>Le m\u00e9tier d&rsquo;architecte sur le fond ne change pas qu&rsquo;il soit au Portugal ou ailleurs en Europe. Mais les l\u00e9gislations et le contexte immobiliers diff\u00e8rent. Un bon architecte saura s&rsquo;adapter \u00e0 ces lois et ces contextes pour s&rsquo;assurer que rien ne viennent g\u00eaner la bonne r\u00e9alisation de votre projet.<\/p>\n<p>L&rsquo;architecte va donc dessiner, concevoir et superviser la construction d&rsquo;un b\u00e2timent mais aussi sa r\u00e9novation si tel est le projet. Il pourra effectuer ces missions aussi bien pour une maison individuelle que des logements collectifs ou des b\u00e2timents publics. Ses qualit\u00e9s premi\u00e8res doivent \u00eatre la cr\u00e9ativit\u00e9 mais aussi l&rsquo;\u00e9coute ou encore le respects des normes applicables dans le pays dans lequel il exerce.<\/p>\n<p><img decoding=\"async\" class=\"aligncenter size-full wp-image-6186\" src=\"https:\/\/essencial-portugal.com\/fr\/wp-content\/uploads\/2021\/02\/architecte-francophone-au-Portugal.jpg\" alt=\"Architecte Fran\u00e7ais portugal\" width=\"1349\" height=\"410\" srcset=\"https:\/\/essencial-portugal.com\/fr\/wp-content\/uploads\/2021\/02\/architecte-francophone-au-Portugal.jpg 1349w, https:\/\/essencial-portugal.com\/fr\/wp-content\/uploads\/2021\/02\/architecte-francophone-au-Portugal-300x91.jpg 300w, https:\/\/essencial-portugal.com\/fr\/wp-content\/uploads\/2021\/02\/architecte-francophone-au-Portugal-1024x311.jpg 1024w, https:\/\/essencial-portugal.com\/fr\/wp-content\/uploads\/2021\/02\/architecte-francophone-au-Portugal-768x233.jpg 768w\" sizes=\"(max-width: 1349px) 100vw, 1349px\" \/><\/p>\n<ul>\n<li>Dessin des plans pour la construction et la r\u00e9novation : les plans sont issus des \u00e9changes avec le clients et seront soumis \u00e0 des modifications au fur et \u00e0 mesure du projet. Ces plans peuvent varier selon les exigences des clients, les lois sur l&rsquo;urbanisation, les caract\u00e9ristiques du terrain ou les lois en vigueur dans le pays.<\/li>\n<li>S&rsquo;assurer de la faisabilit\u00e9 du projet est essentiel et l&rsquo;architecte est en charge de r\u00e9aliser toutes les \u00e9tudes n\u00e9cessaires \u00e0 cette faisabilit\u00e9. Il est \u00e9galement en charge de visiter les administrations portugaises pour \u00e9viter les mauvaises surprises au cours du projet.<\/li>\n<li>Une fois le projet de construction ou r\u00e9novation valid\u00e9 par le client, cet architecte francophone au Portugal sera en charge de s\u00e9lectionner les entreprises qui interviendront. Ce sont des entreprises avec lesquelles il travaille r\u00e9guli\u00e8rement : ma\u00e7onnerie, \u00e9lectricit\u00e9, plomberie, charpente, isolation&#8230;<\/li>\n<li>L&rsquo;architecte a un r\u00f4le de ma\u00eetre d&rsquo;oeuvre et doit \u00e9tablir un planning prenant en compte les diff\u00e9rentes phases du chantier. Il produira des comptes rendus r\u00e9guliers \u00e0 transmettre aux clients concernant l&rsquo;avanc\u00e9e des travaux.<\/li>\n<li>Si c&rsquo;est n\u00e9cessaire, l&rsquo;architecte a \u00e9galement la charge de la demande des diff\u00e9rents permis et la production de dossiers complets contenant des plans, croquis ou photographies.<\/li>\n<li id=\"formulaire\">Il est enfin le garant du bon d\u00e9roulement des chantiers dont il a la charge et s&rsquo;assurer que les entreprises intervenantes agissent dans le respect du projet, de ses plans et de ses d\u00e9lais.<\/li>\n<\/ul>\n<h2>Contactez notre architecte francophone au Portugal<\/h2>\n<p>&nbsp;<\/p>\n<p style=\"text-align: center;\"><div class=\"wpforms-container wpforms-container-full\" id=\"wpforms-4533\"><form id=\"wpforms-form-4533\" class=\"wpforms-validate wpforms-form\" data-formid=\"4533\" method=\"post\" enctype=\"multipart\/form-data\" action=\"\/fr\/wp-json\/wp\/v2\/pages\/6181\" data-token=\"0c4248c215cf942ffca2255bd7852826\" data-token-time=\"1778192501\"><noscript class=\"wpforms-error-noscript\">Veuillez activer JavaScript dans votre navigateur pour remplir ce formulaire.<\/noscript><div class=\"wpforms-field-container\"><div id=\"wpforms-4533-field_3-container\" class=\"wpforms-field wpforms-field-name\" data-field-id=\"3\"><label class=\"wpforms-field-label\">Nom <span class=\"wpforms-required-label\">*<\/span><\/label><div class=\"wpforms-field-row wpforms-field-medium\"><div class=\"wpforms-field-row-block wpforms-first wpforms-one-half\"><input type=\"text\" id=\"wpforms-4533-field_3\" class=\"wpforms-field-name-first wpforms-field-required\" name=\"wpforms[fields][3][first]\" required><label for=\"wpforms-4533-field_3\" class=\"wpforms-field-sublabel after\">Pr\u00e9nom<\/label><\/div><div class=\"wpforms-field-row-block wpforms-one-half\"><input type=\"text\" id=\"wpforms-4533-field_3-last\" class=\"wpforms-field-name-last wpforms-field-required\" name=\"wpforms[fields][3][last]\" required><label for=\"wpforms-4533-field_3-last\" class=\"wpforms-field-sublabel after\">Nom<\/label><\/div><\/div><\/div><div id=\"wpforms-4533-field_4-container\" class=\"wpforms-field wpforms-field-email\" data-field-id=\"4\"><label class=\"wpforms-field-label\" for=\"wpforms-4533-field_4\">E-mail <span class=\"wpforms-required-label\">*<\/span><\/label><input type=\"email\" id=\"wpforms-4533-field_4\" class=\"wpforms-field-medium wpforms-field-required\" name=\"wpforms[fields][4]\" spellcheck=\"false\" required><\/div><div id=\"wpforms-4533-field_8-container\" class=\"wpforms-field wpforms-field-phone\" data-field-id=\"8\"><label class=\"wpforms-field-label\" for=\"wpforms-4533-field_8\">T\u00e9l\u00e9phone <span class=\"wpforms-required-label\">*<\/span><\/label><input type=\"tel\" id=\"wpforms-4533-field_8\" class=\"wpforms-field-medium wpforms-field-required wpforms-smart-phone-field\" data-rule-smart-phone-field=\"true\" name=\"wpforms[fields][8]\" aria-label=\"T\u00e9l\u00e9phone\" required><\/div><div id=\"wpforms-4533-field_6-container\" class=\"wpforms-field wpforms-field-text\" data-field-id=\"6\"><label class=\"wpforms-field-label\" for=\"wpforms-4533-field_6\">Objet <span class=\"wpforms-required-label\">*<\/span><\/label><input type=\"text\" id=\"wpforms-4533-field_6\" class=\"wpforms-field-medium wpforms-field-required\" name=\"wpforms[fields][6]\" required><\/div><div id=\"wpforms-4533-field_7-container\" class=\"wpforms-field wpforms-field-textarea\" data-field-id=\"7\"><label class=\"wpforms-field-label\" for=\"wpforms-4533-field_7\">Votre projet <span class=\"wpforms-required-label\">*<\/span><\/label><textarea id=\"wpforms-4533-field_7\" class=\"wpforms-field-medium wpforms-field-required\" name=\"wpforms[fields][7]\" required><\/textarea><\/div><\/div><!-- .wpforms-field-container --><div class=\"wpforms-field wpforms-field-hp\"><label for=\"wpforms-4533-field-hp\" class=\"wpforms-field-label\">Comment<\/label><input type=\"text\" name=\"wpforms[hp]\" id=\"wpforms-4533-field-hp\" class=\"wpforms-field-medium\"><\/div><div class=\"wpforms-submit-container\" ><input type=\"hidden\" name=\"wpforms[id]\" value=\"4533\"><input type=\"hidden\" name=\"page_title\" value=\"\"><input type=\"hidden\" name=\"page_url\" value=\"https:\/\/essencial-portugal.com\/fr\/wp-json\/wp\/v2\/pages\/6181\"><input type=\"hidden\" name=\"url_referer\" value=\"\"><button type=\"submit\" name=\"wpforms[submit]\" id=\"wpforms-submit-4533\" class=\"wpforms-submit\" data-alt-text=\"Envoi...\" data-submit-text=\"Envoyer\" aria-live=\"assertive\" value=\"wpforms-submit\">Envoyer<\/button><\/div><\/form><\/div>  <!-- .wpforms-container --><\/p>\n<blockquote><p>En validant le formulaire de contact, vous m&rsquo;autorisez \u00e0 transmettre votre demande \u00e0 un intervenant francophone bas\u00e9 au Portugal qui pourra vous recontacter directement, discuter de votre projet et de la meilleure fa\u00e7on de vous accompagner.<\/p>\n<p>Essencial Portugal est un site internet de mise en relation entre des particuliers \/ entreprises et professionnels agr\u00e9\u00e9s de confiance au Portugal pour la r\u00e9alisation de projets dans le pays. Seuls ces professionnels certifi\u00e9s et agr\u00e9\u00e9s sont en mesure de vous informer, de proposer et de facturer ces services.<\/p><\/blockquote>\n","protected":false},"excerpt":{"rendered":"<p>&nbsp; Architecte francophone au Portugal : accompagnement Votre projet d&rsquo;expatriation, d&rsquo;achat immobilier ou d&rsquo;investissement immobilier au Portugal se concr\u00e9tise et vous souhaitez entrer en contact avec un architecte francophone implant\u00e9 dans le pays pour mener \u00e0 bien votre projet ? Essencial Portugal vous met en relation avec un architecte francophone au Portugal, exp\u00e9riment\u00e9 et en [&hellip;]<\/p>\n","protected":false},"author":1,"featured_media":6187,"parent":2946,"menu_order":0,"comment_status":"closed","ping_status":"closed","template":"","meta":{"om_disable_all_campaigns":false,"_monsterinsights_skip_tracking":false,"_monsterinsights_sitenote_active":false,"_monsterinsights_sitenote_note":"","_monsterinsights_sitenote_category":0,"_uf_show_specific_survey":0,"_uf_disable_surveys":false,"site-sidebar-layout":"default","site-content-layout":"default","ast-site-content-layout":"default","site-content-style":"default","site-sidebar-style":"default","ast-global-header-display":"","ast-banner-title-visibility":"","ast-main-header-display":"","ast-hfb-above-header-display":"","ast-hfb-below-header-display":"","ast-hfb-mobile-header-display":"","site-post-title":"","ast-breadcrumbs-content":"","ast-featured-img":"","footer-sml-layout":"","ast-disable-related-posts":"","theme-transparent-header-meta":"default","adv-header-id-meta":"","stick-header-meta":"","header-above-stick-meta":"","header-main-stick-meta":"","header-below-stick-meta":"","astra-migrate-meta-layouts":"default","ast-page-background-enabled":"default","ast-page-background-meta":{"desktop":{"background-color":"","background-image":"","background-repeat":"repeat","background-position":"center center","background-size":"auto","background-attachment":"scroll","background-type":"","background-media":"","overlay-type":"","overlay-color":"","overlay-opacity":"","overlay-gradient":""},"tablet":{"background-color":"","background-image":"","background-repeat":"repeat","background-position":"center center","background-size":"auto","background-attachment":"scroll","background-type":"","background-media":"","overlay-type":"","overlay-color":"","overlay-opacity":"","overlay-gradient":""},"mobile":{"background-color":"","background-image":"","background-repeat":"repeat","background-position":"center center","background-size":"auto","background-attachment":"scroll","background-type":"","background-media":"","overlay-type":"","overlay-color":"","overlay-opacity":"","overlay-gradient":""}},"ast-content-background-meta":{"desktop":{"background-color":"var(--ast-global-color-5)","background-image":"","background-repeat":"repeat","background-position":"center center","background-size":"auto","background-attachment":"scroll","background-type":"","background-media":"","overlay-type":"","overlay-color":"","overlay-opacity":"","overlay-gradient":""},"tablet":{"background-color":"var(--ast-global-color-5)","background-image":"","background-repeat":"repeat","background-position":"center center","background-size":"auto","background-attachment":"scroll","background-type":"","background-media":"","overlay-type":"","overlay-color":"","overlay-opacity":"","overlay-gradient":""},"mobile":{"background-color":"var(--ast-global-color-5)","background-image":"","background-repeat":"repeat","background-position":"center center","background-size":"auto","background-attachment":"scroll","background-type":"","background-media":"","overlay-type":"","overlay-color":"","overlay-opacity":"","overlay-gradient":""}},"footnotes":""},"class_list":["post-6181","page","type-page","status-publish","has-post-thumbnail","hentry"],"aioseo_notices":[],"_links":{"self":[{"href":"https:\/\/essencial-portugal.com\/fr\/wp-json\/wp\/v2\/pages\/6181","targetHints":{"allow":["GET"]}}],"collection":[{"href":"https:\/\/essencial-portugal.com\/fr\/wp-json\/wp\/v2\/pages"}],"about":[{"href":"https:\/\/essencial-portugal.com\/fr\/wp-json\/wp\/v2\/types\/page"}],"author":[{"embeddable":true,"href":"https:\/\/essencial-portugal.com\/fr\/wp-json\/wp\/v2\/users\/1"}],"replies":[{"embeddable":true,"href":"https:\/\/essencial-portugal.com\/fr\/wp-json\/wp\/v2\/comments?post=6181"}],"version-history":[{"count":0,"href":"https:\/\/essencial-portugal.com\/fr\/wp-json\/wp\/v2\/pages\/6181\/revisions"}],"up":[{"embeddable":true,"href":"https:\/\/essencial-portugal.com\/fr\/wp-json\/wp\/v2\/pages\/2946"}],"wp:featuredmedia":[{"embeddable":true,"href":"https:\/\/essencial-portugal.com\/fr\/wp-json\/wp\/v2\/media\/6187"}],"wp:attachment":[{"href":"https:\/\/essencial-portugal.com\/fr\/wp-json\/wp\/v2\/media?parent=6181"}],"curies":[{"name":"wp","href":"https:\/\/api.w.org\/{rel}","templated":true}]}}