{"id":6540,"date":"2021-11-05T14:09:02","date_gmt":"2021-11-05T14:09:02","guid":{"rendered":"https:\/\/essencial-portugal.com\/fr\/?page_id=6540"},"modified":"2023-03-28T13:34:27","modified_gmt":"2023-03-28T13:34:27","slug":"reservation-visites-activites-algarve","status":"publish","type":"page","link":"https:\/\/essencial-portugal.com\/fr\/reservation-visites-activites-algarve\/","title":{"rendered":"R\u00e9servez vos visites et activit\u00e9s en Algarve"},"content":{"rendered":"\t\t<div data-elementor-type=\"wp-page\" data-elementor-id=\"6540\" class=\"elementor elementor-6540\" data-elementor-post-type=\"page\">\n\t\t\t\t\t\t<section class=\"elementor-section elementor-top-section elementor-element elementor-element-63953a6 elementor-section-boxed elementor-section-height-default elementor-section-height-default\" data-id=\"63953a6\" data-element_type=\"section\" data-e-type=\"section\">\n\t\t\t\t\t\t<div class=\"elementor-container elementor-column-gap-default\">\n\t\t\t\t\t<div class=\"elementor-column elementor-col-100 elementor-top-column elementor-element elementor-element-c0f8078\" data-id=\"c0f8078\" data-element_type=\"column\" data-e-type=\"column\">\n\t\t\t<div class=\"elementor-widget-wrap elementor-element-populated\">\n\t\t\t\t\t\t<div class=\"elementor-element elementor-element-5df6aff elementor-widget elementor-widget-table-of-contents\" data-id=\"5df6aff\" data-element_type=\"widget\" data-e-type=\"widget\" data-settings=\"{&quot;headings_by_tags&quot;:[&quot;h2&quot;],&quot;exclude_headings_by_selector&quot;:[],&quot;marker_view&quot;:&quot;bullets&quot;,&quot;icon&quot;:{&quot;value&quot;:&quot;fas fa-check-square&quot;,&quot;library&quot;:&quot;fa-solid&quot;},&quot;no_headings_message&quot;:&quot;Aucun titre n\\u2019a \\u00e9t\\u00e9 trouv\\u00e9 sur cette page.&quot;,&quot;hierarchical_view&quot;:&quot;yes&quot;,&quot;min_height&quot;:{&quot;unit&quot;:&quot;px&quot;,&quot;size&quot;:&quot;&quot;,&quot;sizes&quot;:[]},&quot;min_height_tablet&quot;:{&quot;unit&quot;:&quot;px&quot;,&quot;size&quot;:&quot;&quot;,&quot;sizes&quot;:[]},&quot;min_height_mobile&quot;:{&quot;unit&quot;:&quot;px&quot;,&quot;size&quot;:&quot;&quot;,&quot;sizes&quot;:[]}}\" data-widget_type=\"table-of-contents.default\">\n\t\t\t\t<div class=\"elementor-widget-container\">\n\t\t\t\t\t\t\t\t\t<div class=\"elementor-toc__header\">\n\t\t\t\t\t\t<h3 class=\"elementor-toc__header-title\">\n\t\t\t\tR\u00e9servation directe des visites et activit\u00e9s en Algarve\t\t\t<\/h3>\n\t\t\t\t\t\t\t\t<\/div>\n\t\t\t\t<div id=\"elementor-toc__5df6aff\" class=\"elementor-toc__body\">\n\t\t\t<div class=\"elementor-toc__spinner-container\">\n\t\t\t\t<i class=\"elementor-toc__spinner eicon-animation-spin eicon-loading\" aria-hidden=\"true\"><\/i>\t\t\t<\/div>\n\t\t<\/div>\n\t\t\t\t\t\t<\/div>\n\t\t\t\t<\/div>\n\t\t\t\t\t<\/div>\n\t\t<\/div>\n\t\t\t\t\t<\/div>\n\t\t<\/section>\n\t\t\t\t<section class=\"elementor-section elementor-top-section elementor-element elementor-element-410d535 elementor-section-boxed elementor-section-height-default elementor-section-height-default\" data-id=\"410d535\" data-element_type=\"section\" data-e-type=\"section\">\n\t\t\t\t\t\t<div class=\"elementor-container elementor-column-gap-default\">\n\t\t\t\t\t<div class=\"elementor-column elementor-col-100 elementor-top-column elementor-element elementor-element-264874c\" data-id=\"264874c\" data-element_type=\"column\" data-e-type=\"column\">\n\t\t\t<div class=\"elementor-widget-wrap elementor-element-populated\">\n\t\t\t\t\t\t<div class=\"elementor-element elementor-element-20c7d1a elementor-widget elementor-widget-text-editor\" data-id=\"20c7d1a\" data-element_type=\"widget\" data-e-type=\"widget\" data-widget_type=\"text-editor.default\">\n\t\t\t\t<div class=\"elementor-widget-container\">\n\t\t\t\t\t\t\t\t\tL&rsquo;Algarve est l&rsquo;une des r\u00e9gions les plus touristiques du Portugal et propose \u00e9norm\u00e9ment de visites guid\u00e9es ou activit\u00e9s pour vous occuper et d\u00e9couvrir la r\u00e9gion pendant vos vacances.\n<script async defer src=\"https:\/\/widget.getyourguide.com\/dist\/pa.umd.production.min.js\" data-gyg-partner-id=\"8JHIOAN\"><\/script>\n<div data-gyg-href=\"https:\/\/widget.getyourguide.com\/default\/city.frame\" data-gyg-location-id=\"66\" data-gyg-locale-code=\"fr-FR\" data-gyg-widget=\"city\" data-gyg-partner-id=\"8JHIOAN\"><\/div>\n\nPour vous faciliter les choses, Essencial Portugal a effectu\u00e9 une s\u00e9lection des meilleures visites guid\u00e9es et activit\u00e9s de l&rsquo;Algarve, class\u00e9es par villes. Ces activit\u00e9s et visites guid\u00e9es ont toutes \u00e9t\u00e9 not\u00e9es 5 \u00e9toiles, vous assurant de passer un excellent moment entre amis ou en famille sans avoir \u00e0 vous pr\u00e9occuper de la qualit\u00e9 de ce que vous r\u00e9serverez.\n\nToutes vos r\u00e9servations peuvent \u00eatre annul\u00e9es jusqu&rsquo;\u00e0 24h avant le d\u00e9part, vous pouvez donc r\u00e9server en toute s\u00e9curit\u00e9.\n<h2>Albufeira<\/h2>\n<script src=\"https:\/\/widget.getyourguide.com\/v2\/widget.js\" async=\"\" defer=\"defer\"><\/script>\n<div data-gyg-href=\"https:\/\/widget.getyourguide.com\/default\/activites.frame\" data-gyg-locale-code=\"fr-FR\" data-gyg-widget=\"activities\" data-gyg-number-of-items=\"12\" data-gyg-cmp=\"algarve\" data-gyg-currency=\"EUR\" data-gyg-partner-id=\"8JHIOAN\" data-gyg-placement=\"other\" data-gyg-tour-ids=\"397978,182564,393522,16182,84582,29574,29576,102671,261762,156591,62596,403972\"><\/div>\n<h2>Faro<\/h2>\n<script src=\"https:\/\/widget.getyourguide.com\/v2\/widget.js\" async=\"\" defer=\"defer\"><\/script>\n<div data-gyg-href=\"https:\/\/widget.getyourguide.com\/default\/activites.frame\" data-gyg-locale-code=\"fr-FR\" data-gyg-widget=\"activities\" data-gyg-number-of-items=\"12\" data-gyg-cmp=\"algarve\" data-gyg-currency=\"EUR\" data-gyg-partner-id=\"8JHIOAN\" data-gyg-placement=\"other\" data-gyg-tour-ids=\"102995,389508,64208,16237,274562,399362,397187,397400,29417,16314,301533,62598\"><\/div>\n<h2>Portim\u00e3o<\/h2>\n<script src=\"https:\/\/widget.getyourguide.com\/v2\/widget.js\" async=\"\" defer=\"defer\"><\/script>\n<div data-gyg-href=\"https:\/\/widget.getyourguide.com\/default\/activites.frame\" data-gyg-locale-code=\"fr-FR\" data-gyg-widget=\"activities\" data-gyg-number-of-items=\"12\" data-gyg-cmp=\"algarve\" data-gyg-currency=\"EUR\" data-gyg-partner-id=\"8JHIOAN\" data-gyg-placement=\"other\" data-gyg-tour-ids=\"397931,310848,216582,69765,372400,69367,321043,53491,58170,72911,108442,396968\"><\/div>\n<h2>Lagos<\/h2>\n<script src=\"https:\/\/widget.getyourguide.com\/v2\/widget.js\" async=\"\" defer=\"defer\"><\/script>\n<div data-gyg-href=\"https:\/\/widget.getyourguide.com\/default\/activites.frame\" data-gyg-locale-code=\"fr-FR\" data-gyg-widget=\"activities\" data-gyg-number-of-items=\"12\" data-gyg-cmp=\"algarve\" data-gyg-currency=\"EUR\" data-gyg-partner-id=\"8JHIOAN\" data-gyg-placement=\"other\" data-gyg-tour-ids=\"305978,306718,162090,188832,387188,220974,169192,69765,69367,53491,72911,306683\"><\/div>\n<h2>Vilamoura<\/h2>\n<script src=\"https:\/\/widget.getyourguide.com\/v2\/widget.js\" async=\"\" defer=\"defer\"><\/script>\n<div data-gyg-href=\"https:\/\/widget.getyourguide.com\/default\/activites.frame\" data-gyg-locale-code=\"fr-FR\" data-gyg-widget=\"activities\" data-gyg-number-of-items=\"8\" data-gyg-cmp=\"algarve\" data-gyg-currency=\"EUR\" data-gyg-partner-id=\"8JHIOAN\" data-gyg-placement=\"other\" data-gyg-tour-ids=\"72911,293125,228733,397559,66547,147054,397539,62596\"><\/div>\n<h2>Tavira<\/h2>\n<script src=\"https:\/\/widget.getyourguide.com\/v2\/widget.js\" async=\"\" defer=\"defer\"><\/script>\n<div data-gyg-href=\"https:\/\/widget.getyourguide.com\/default\/activites.frame\" data-gyg-locale-code=\"fr-FR\" data-gyg-widget=\"activities\" data-gyg-number-of-items=\"4\" data-gyg-cmp=\"algarve\" data-gyg-currency=\"EUR\" data-gyg-partner-id=\"8JHIOAN\" data-gyg-placement=\"other\" data-gyg-tour-ids=\"388492,389200,389067,388996\"><\/div>\n<h2>Olh\u00e3o<\/h2>\n<script src=\"https:\/\/widget.getyourguide.com\/v2\/widget.js\" async=\"\" defer=\"defer\"><\/script>\n<div data-gyg-href=\"https:\/\/widget.getyourguide.com\/default\/activites.frame\" data-gyg-locale-code=\"fr-FR\" data-gyg-widget=\"activities\" data-gyg-number-of-items=\"4\" data-gyg-cmp=\"algarve\" data-gyg-currency=\"EUR\" data-gyg-partner-id=\"8JHIOAN\" data-gyg-placement=\"other\" data-gyg-tour-ids=\"397187,397373,397400,389508\"><\/div>\t\t\t\t\t\t\t\t<\/div>\n\t\t\t\t<\/div>\n\t\t\t\t\t<\/div>\n\t\t<\/div>\n\t\t\t\t\t<\/div>\n\t\t<\/section>\n\t\t\t\t<\/div>\n\t\t","protected":false},"excerpt":{"rendered":"<p>R\u00e9servation directe des visites et activit\u00e9s en Algarve L&rsquo;Algarve est l&rsquo;une des r\u00e9gions les plus touristiques du Portugal et propose \u00e9norm\u00e9ment de visites guid\u00e9es ou activit\u00e9s pour vous occuper et d\u00e9couvrir la r\u00e9gion pendant vos vacances. Pour vous faciliter les choses, Essencial Portugal a effectu\u00e9 une s\u00e9lection des meilleures visites guid\u00e9es et activit\u00e9s de l&rsquo;Algarve, [&hellip;]<\/p>\n","protected":false},"author":1,"featured_media":0,"parent":0,"menu_order":0,"comment_status":"closed","ping_status":"closed","template":"","meta":{"om_disable_all_campaigns":false,"_monsterinsights_skip_tracking":false,"_monsterinsights_sitenote_active":false,"_monsterinsights_sitenote_note":"","_monsterinsights_sitenote_category":0,"_uf_show_specific_survey":0,"_uf_disable_surveys":false,"site-sidebar-layout":"no-sidebar","site-content-layout":"page-builder","ast-site-content-layout":"default","site-content-style":"default","site-sidebar-style":"default","ast-global-header-display":"","ast-banner-title-visibility":"","ast-main-header-display":"","ast-hfb-above-header-display":"","ast-hfb-below-header-display":"","ast-hfb-mobile-header-display":"","site-post-title":"disabled","ast-breadcrumbs-content":"","ast-featured-img":"disabled","footer-sml-layout":"","ast-disable-related-posts":"","theme-transparent-header-meta":"default","adv-header-id-meta":"","stick-header-meta":"","header-above-stick-meta":"","header-main-stick-meta":"","header-below-stick-meta":"","astra-migrate-meta-layouts":"default","ast-page-background-enabled":"default","ast-page-background-meta":{"desktop":{"background-color":"","background-image":"","background-repeat":"repeat","background-position":"center center","background-size":"auto","background-attachment":"scroll","background-type":"","background-media":"","overlay-type":"","overlay-color":"","overlay-opacity":"","overlay-gradient":""},"tablet":{"background-color":"","background-image":"","background-repeat":"repeat","background-position":"center center","background-size":"auto","background-attachment":"scroll","background-type":"","background-media":"","overlay-type":"","overlay-color":"","overlay-opacity":"","overlay-gradient":""},"mobile":{"background-color":"","background-image":"","background-repeat":"repeat","background-position":"center center","background-size":"auto","background-attachment":"scroll","background-type":"","background-media":"","overlay-type":"","overlay-color":"","overlay-opacity":"","overlay-gradient":""}},"ast-content-background-meta":{"desktop":{"background-color":"var(--ast-global-color-5)","background-image":"","background-repeat":"repeat","background-position":"center center","background-size":"auto","background-attachment":"scroll","background-type":"","background-media":"","overlay-type":"","overlay-color":"","overlay-opacity":"","overlay-gradient":""},"tablet":{"background-color":"var(--ast-global-color-5)","background-image":"","background-repeat":"repeat","background-position":"center center","background-size":"auto","background-attachment":"scroll","background-type":"","background-media":"","overlay-type":"","overlay-color":"","overlay-opacity":"","overlay-gradient":""},"mobile":{"background-color":"var(--ast-global-color-5)","background-image":"","background-repeat":"repeat","background-position":"center center","background-size":"auto","background-attachment":"scroll","background-type":"","background-media":"","overlay-type":"","overlay-color":"","overlay-opacity":"","overlay-gradient":""}},"footnotes":""},"class_list":["post-6540","page","type-page","status-publish","hentry"],"aioseo_notices":[],"_links":{"self":[{"href":"https:\/\/essencial-portugal.com\/fr\/wp-json\/wp\/v2\/pages\/6540","targetHints":{"allow":["GET"]}}],"collection":[{"href":"https:\/\/essencial-portugal.com\/fr\/wp-json\/wp\/v2\/pages"}],"about":[{"href":"https:\/\/essencial-portugal.com\/fr\/wp-json\/wp\/v2\/types\/page"}],"author":[{"embeddable":true,"href":"https:\/\/essencial-portugal.com\/fr\/wp-json\/wp\/v2\/users\/1"}],"replies":[{"embeddable":true,"href":"https:\/\/essencial-portugal.com\/fr\/wp-json\/wp\/v2\/comments?post=6540"}],"version-history":[{"count":3,"href":"https:\/\/essencial-portugal.com\/fr\/wp-json\/wp\/v2\/pages\/6540\/revisions"}],"predecessor-version":[{"id":10367,"href":"https:\/\/essencial-portugal.com\/fr\/wp-json\/wp\/v2\/pages\/6540\/revisions\/10367"}],"wp:attachment":[{"href":"https:\/\/essencial-portugal.com\/fr\/wp-json\/wp\/v2\/media?parent=6540"}],"curies":[{"name":"wp","href":"https:\/\/api.w.org\/{rel}","templated":true}]}}