{"id":69,"date":"2018-03-23T14:53:40","date_gmt":"2018-03-23T14:53:40","guid":{"rendered":"https:\/\/essencial-portugal.com\/fr\/?page_id=69"},"modified":"2023-02-28T07:53:38","modified_gmt":"2023-02-28T07:53:38","slug":"ouvrir-compte-banque-portugal","status":"publish","type":"page","link":"https:\/\/essencial-portugal.com\/fr\/installation-lisbonne-portugal\/ouvrir-compte-banque-portugal\/","title":{"rendered":"Ouvrir un compte en banque au Portugal"},"content":{"rendered":"<p><img fetchpriority=\"high\" decoding=\"async\" class=\"wp-image-47 size-full aligncenter\" src=\"https:\/\/essencial-portugal.com\/fr\/wp-content\/uploads\/2018\/03\/ouvrir-un-compte-en-banque-portugal.png\" alt=\"\" width=\"306\" height=\"305\" srcset=\"https:\/\/essencial-portugal.com\/fr\/wp-content\/uploads\/2018\/03\/ouvrir-un-compte-en-banque-portugal.png 306w, https:\/\/essencial-portugal.com\/fr\/wp-content\/uploads\/2018\/03\/ouvrir-un-compte-en-banque-portugal-150x150.png 150w, https:\/\/essencial-portugal.com\/fr\/wp-content\/uploads\/2018\/03\/ouvrir-un-compte-en-banque-portugal-300x300.png 300w\" sizes=\"(max-width: 306px) 100vw, 306px\" \/><\/p>\n<p>L\u2019<strong>ouverture d\u2019un compte bancaire au Portugal<\/strong> est accessible \u00e0 tous. Que vous soyez employ\u00e9 ou non, r\u00e9sident portugais, retrait\u00e9, \u00e9tudiant\u2026Mais comme toute d\u00e9marche administrative au Portugal, il est pr\u00e9f\u00e9rable de comprendre le portugais ou d\u2019\u00eatre accompagn\u00e9 par un local pour les rendez-vous, les signatures ou m\u00eame la comparaison entre les diff\u00e9rentes possibilit\u00e9s qui s&rsquo;offrent \u00e0 vous.<\/p>\n<blockquote><p>Si vous souhaitez vous faire accompagner dans votre expatriation au Portugal, utilisez le bouton ci-dessous et remplissez le formulaire d\u00e9di\u00e9. Selon votre demande, je la transf\u00e9rerais \u00e0 Lucy, francophone install\u00e9e dans le pays depuis plus de 15 ans qui pourra vous accompagner dans de nombreuses d\u00e9marches : expatriation globale, recherche immobili\u00e8re, ouverture d&rsquo;un compte en banque, d\u00e9marches administratives&#8230;<\/p><\/blockquote>\n<p>&nbsp;<\/p>\n<p style=\"text-align: center;\"><a class=\"Cbutton\" href=\"#formulaire\" rel=\"noopener noreferrer\">FORMULAIRE<\/a><\/p>\n<h2>Les banques au Portugal<\/h2>\n<p>Comme en France, vous aurez le choix entre de nombreuses banques qui offrent des services similaires mais pas identiques. Les frais peuvent varier d&rsquo;un \u00e9tablissement \u00e0 un autre et il est donc pr\u00e9f\u00e9rable d&rsquo;avoir une id\u00e9e de leurs diff\u00e9rences avant d&rsquo;ouvrir votre compte en banque au Portugal.<br \/>\nIl existe pour cela deux solutions : vous rendre sur les sites internet des banques portugaises pour identifier les prix \/ prestations des plus importantes ou vous faire conseiller par un portugais utilisant une banque en particulier depuis plusieurs ann\u00e9es sans aucun probl\u00e8me.<\/p>\n<p>Vous aurez \u00e9galement le choix entre les banques physiques ou les banques digitales, qui offrent souvent plus de rapidit\u00e9 et de simplicit\u00e9 dans les op\u00e9rations bancaires. Les frais associ\u00e9s sont \u00e9galement g\u00e9n\u00e9ralement plus faibles que pour les banques physiques. Sachez que m\u00eame en vous installant dans le grand Lisbonne, vous aurez la possibilit\u00e9 de conserver votre compte fran\u00e7ais \u00e0 distance afin de conserver certains pr\u00e9l\u00e8vements bancaires ou continuer \u00e0 effectuer d&rsquo;autres op\u00e9rations \u00e0 distance.<\/p>\n<p>Pour citer quelques banques recommand\u00e9es par le petit fut\u00e9 2017 qui peut pour certains \u00eatre marque de confiance :<\/p>\n<ul>\n<li>Banco Popular<\/li>\n<li>BCP Millenium<\/li>\n<li>BNP Paribas<\/li>\n<li>Barclays<\/li>\n<li>Mais il existe aussi : Novo Banco, BPI, Montepio, Santander, Cr\u00e9dito Agricola, etc&#8230;<\/li>\n<\/ul>\n<p>Certaines d&rsquo;entres elles vous proposeront des services annexes comme des cr\u00e9dits \u00e0 la consommation, des cr\u00e9dits automobiles ainsi que des assurances telles que l\u2019habitation, la voiture ou encore le t\u00e9l\u00e9phone mobile\u2026Il peut \u00eatre pratique pour plus de simplicit\u00e9 de regrouper sous une m\u00eame entreprise diff\u00e9rentes d\u00e9marches \u00e0 effectuer au Portugal.<\/p>\n<p>Une banque physique a fait beaucoup parler d&rsquo;elle ces deux derni\u00e8res ann\u00e9es pour son entr\u00e9e fracassante sur le march\u00e9 portugais : la banco CTT. Avec plus de 55 magasins dans plus de 18 districts portugais, elle propose une forte pr\u00e9sence de proximit\u00e9, des horaires plus larges pour s&rsquo;y rendre et une simplicit\u00e9 d&rsquo;utilisation. Elle poss\u00e8de une application mobile pour effectuer des consultations ou op\u00e9rations bancaires facilement mais surtout une carte de d\u00e9bit livr\u00e9e \u00e0 l&rsquo;ouverture de votre compte et sans aucun frais associ\u00e9. Votre compte en banque et vos op\u00e9rations ne vous co\u00fbtent rien, ce qui en fait un redoutable concurrent de plus en plus appr\u00e9ci\u00e9 au Portugal. L&rsquo;ouverture d&rsquo;un compte en banque \u00e0 la CTT Banco se fait \u00e0 partir de 100\u20ac.<\/p>\n<p><img decoding=\"async\" class=\"aligncenter wp-image-18 \" src=\"https:\/\/essencial-portugal.com\/fr\/wp-content\/uploads\/2018\/03\/compte-en-banque-CTT-portugal.jpg\" alt=\"\" width=\"678\" height=\"509\" srcset=\"https:\/\/essencial-portugal.com\/fr\/wp-content\/uploads\/2018\/03\/compte-en-banque-CTT-portugal.jpg 1024w, https:\/\/essencial-portugal.com\/fr\/wp-content\/uploads\/2018\/03\/compte-en-banque-CTT-portugal-300x225.jpg 300w, https:\/\/essencial-portugal.com\/fr\/wp-content\/uploads\/2018\/03\/compte-en-banque-CTT-portugal-768x576.jpg 768w\" sizes=\"(max-width: 678px) 100vw, 678px\" \/><\/p>\n<h2>Comment ouvrir votre compte en banque au Portugal<\/h2>\n<p>Votre compte bancaire peut \u00eatre ouvert au nom d\u2019une personne ou d&rsquo;une entreprise. L&rsquo;ouverture d&rsquo;un compte joint est \u00e9galement possible mais il vaut mieux le faire d\u00e8s le d\u00e9part pour \u00e9viter de retourner dans la banque signer tous les papiers pour rajouter un propri\u00e9taire. Les attentes de 40 minutes sont courantes pour arriver jusqu&rsquo;au guichet.<\/p>\n<p>Pour l&rsquo;ouverture de votre compte en banque au Portugal, vous devrez pr\u00e9senter\u00a0divers documents :<\/p>\n<ul>\n<li>Une carte d&rsquo;identit\u00e9 ou un passeport<\/li>\n<li>Un justificatif de domicile (<a href=\"https:\/\/essencial-portugal.com\/fr\/installation-lisbonne-portugal\/eau-gaz-electricite\/\">facture d&rsquo;eau, d&rsquo;\u00e9lectricit\u00e9, de gaz ou de t\u00e9l\u00e9phone<\/a>)<\/li>\n<li>Le NIF (<a href=\"https:\/\/essencial-portugal.com\/fr\/installation-lisbonne-portugal\/obtenir-numero-identification-fiscal\/\">num\u00e9ro d\u2019identification fiscal ou num\u00e9ro de contribuente<\/a> ) que l\u2019on obtient au service administratif des Financias ( les imp\u00f4ts en fran\u00e7ais)<\/li>\n<li>Un justificatif de votre situation (Contrat de travail, extrait d\u2019entreprise, certificat \u00e9tudiant ou encore attestation ch\u00f4mage obtenue aupr\u00e8s du Centro de Emprego)<\/li>\n<\/ul>\n<p>Apr\u00e8s l\u2019ouverture de votre compte portugais, vous disposerez d\u2019une carte de paiement. Il existe deux types de cartes bancaires au Portugal : une carte de paiement (cr\u00e9dit) tr\u00e8s r\u00e9pandue au Portugal, ou une carte de retrait (d\u00e9bit). Votre carte, selon les offres bancaires, pourra vous permettre de r\u00e9aliser ou non\u00a0 des achats en ligne. Si vous souhaitez l\u2019utiliser \u00e0 l\u2019\u00e9tranger n\u2019h\u00e9sitez pas \u00e0 en parler \u00e0 votre conseiller bancaire afin de connaitre vos droits avec la carte propos\u00e9e.<\/p>\n<p>Les distributeurs bancaires au Portugal permettent d&rsquo;effectuer plus d&rsquo;op\u00e9rations que dans d&rsquo;autres pays francophones : vous pourrez y r\u00e9gler directement vos factures comme le t\u00e9l\u00e9phone, payer des services divers ou encore effectuer des virements bancaires. Cela offre une alternative \u00e0 ceux qui ne veulent pas \u00eatre directement pr\u00e9lev\u00e9s par les entreprises sur leur compte bancaire au cas o\u00f9 il y ait une erreur de montant. Les distributeurs portugais sont appel\u00e9s <strong>Multibanco<\/strong> et sont pr\u00e9sents un peu partout \u00e0 Lisbonne et dans le reste du pays.<\/p>\n<p><img decoding=\"async\" class=\"wp-image-39 size-large aligncenter\" src=\"https:\/\/essencial-portugal.com\/fr\/wp-content\/uploads\/2018\/03\/multibanco-portugal-1024x797.jpg\" alt=\"\" width=\"600\" height=\"467\" srcset=\"https:\/\/essencial-portugal.com\/fr\/wp-content\/uploads\/2018\/03\/multibanco-portugal.jpg 1024w, https:\/\/essencial-portugal.com\/fr\/wp-content\/uploads\/2018\/03\/multibanco-portugal-300x233.jpg 300w, https:\/\/essencial-portugal.com\/fr\/wp-content\/uploads\/2018\/03\/multibanco-portugal-768x598.jpg 768w\" sizes=\"(max-width: 600px) 100vw, 600px\" \/><\/p>\n<div id=\"formulaire\"><\/div>\n<h2>Accompagnement francophone \u00e0 l&rsquo;expatriation au Portugal<\/h2>\n<p style=\"text-align: center;\"><div class=\"wpforms-container wpforms-container-full\" id=\"wpforms-4006\"><form id=\"wpforms-form-4006\" class=\"wpforms-validate wpforms-form\" data-formid=\"4006\" method=\"post\" enctype=\"multipart\/form-data\" action=\"\/fr\/wp-json\/wp\/v2\/pages\/69\" data-token=\"a1fa67834b10083df9af00a9a831d90b\" data-token-time=\"1776963835\"><noscript class=\"wpforms-error-noscript\">Veuillez activer JavaScript dans votre navigateur pour remplir ce formulaire.<\/noscript><div class=\"wpforms-field-container\"><div id=\"wpforms-4006-field_0-container\" class=\"wpforms-field wpforms-field-name\" data-field-id=\"0\"><label class=\"wpforms-field-label\">Nom <span class=\"wpforms-required-label\">*<\/span><\/label><div class=\"wpforms-field-row wpforms-field-medium\"><div class=\"wpforms-field-row-block wpforms-first wpforms-one-half\"><input type=\"text\" id=\"wpforms-4006-field_0\" class=\"wpforms-field-name-first wpforms-field-required\" name=\"wpforms[fields][0][first]\" required><label for=\"wpforms-4006-field_0\" class=\"wpforms-field-sublabel after\">Pr\u00e9nom<\/label><\/div><div class=\"wpforms-field-row-block wpforms-one-half\"><input type=\"text\" id=\"wpforms-4006-field_0-last\" class=\"wpforms-field-name-last wpforms-field-required\" name=\"wpforms[fields][0][last]\" required><label for=\"wpforms-4006-field_0-last\" class=\"wpforms-field-sublabel after\">Nom<\/label><\/div><\/div><\/div><div id=\"wpforms-4006-field_1-container\" class=\"wpforms-field wpforms-field-email\" data-field-id=\"1\"><label class=\"wpforms-field-label\" for=\"wpforms-4006-field_1\">E-mail <span class=\"wpforms-required-label\">*<\/span><\/label><input type=\"email\" id=\"wpforms-4006-field_1\" class=\"wpforms-field-medium wpforms-field-required\" name=\"wpforms[fields][1]\" spellcheck=\"false\" required><\/div><div id=\"wpforms-4006-field_6-container\" class=\"wpforms-field wpforms-field-phone\" data-field-id=\"6\"><label class=\"wpforms-field-label\" for=\"wpforms-4006-field_6\">T\u00e9l\u00e9phone <span class=\"wpforms-required-label\">*<\/span><\/label><input type=\"tel\" id=\"wpforms-4006-field_6\" class=\"wpforms-field-medium wpforms-field-required wpforms-smart-phone-field\" data-rule-smart-phone-field=\"true\" name=\"wpforms[fields][6]\" aria-label=\"T\u00e9l\u00e9phone\" required><\/div><div id=\"wpforms-4006-field_5-container\" class=\"wpforms-field wpforms-field-text\" data-field-id=\"5\"><label class=\"wpforms-field-label\" for=\"wpforms-4006-field_5\">Objet <span class=\"wpforms-required-label\">*<\/span><\/label><input type=\"text\" id=\"wpforms-4006-field_5\" class=\"wpforms-field-medium wpforms-field-required\" name=\"wpforms[fields][5]\" required><\/div><div id=\"wpforms-4006-field_2-container\" class=\"wpforms-field wpforms-field-textarea\" data-field-id=\"2\"><label class=\"wpforms-field-label\" for=\"wpforms-4006-field_2\">Votre projet \/ Vos besoins <span class=\"wpforms-required-label\">*<\/span><\/label><textarea id=\"wpforms-4006-field_2\" class=\"wpforms-field-medium wpforms-field-required\" name=\"wpforms[fields][2]\" required><\/textarea><\/div><\/div><!-- .wpforms-field-container --><div class=\"wpforms-field wpforms-field-hp\"><label for=\"wpforms-4006-field-hp\" class=\"wpforms-field-label\">Website<\/label><input type=\"text\" name=\"wpforms[hp]\" id=\"wpforms-4006-field-hp\" class=\"wpforms-field-medium\"><\/div><div class=\"wpforms-submit-container\" ><input type=\"hidden\" name=\"wpforms[id]\" value=\"4006\"><input type=\"hidden\" name=\"page_title\" value=\"\"><input type=\"hidden\" name=\"page_url\" value=\"https:\/\/essencial-portugal.com\/fr\/wp-json\/wp\/v2\/pages\/69\"><input type=\"hidden\" name=\"url_referer\" value=\"\"><button type=\"submit\" name=\"wpforms[submit]\" id=\"wpforms-submit-4006\" class=\"wpforms-submit\" data-alt-text=\"Envoi...\" data-submit-text=\"Envoyer\" aria-live=\"assertive\" value=\"wpforms-submit\">Envoyer<\/button><\/div><\/form><\/div>  <!-- .wpforms-container --><\/p>\n","protected":false},"excerpt":{"rendered":"<p>L\u2019ouverture d\u2019un compte bancaire au Portugal est accessible \u00e0 tous. Que vous soyez employ\u00e9 ou non, r\u00e9sident portugais, retrait\u00e9, \u00e9tudiant\u2026Mais comme toute d\u00e9marche administrative au Portugal, il est pr\u00e9f\u00e9rable de comprendre le portugais ou d\u2019\u00eatre accompagn\u00e9 par un local pour les rendez-vous, les signatures ou m\u00eame la comparaison entre les diff\u00e9rentes possibilit\u00e9s qui s&rsquo;offrent \u00e0 [&hellip;]<\/p>\n","protected":false},"author":1,"featured_media":47,"parent":67,"menu_order":0,"comment_status":"closed","ping_status":"closed","template":"","meta":{"om_disable_all_campaigns":false,"_monsterinsights_skip_tracking":false,"_monsterinsights_sitenote_active":false,"_monsterinsights_sitenote_note":"","_monsterinsights_sitenote_category":0,"_uf_show_specific_survey":0,"_uf_disable_surveys":false,"site-sidebar-layout":"default","site-content-layout":"default","ast-site-content-layout":"default","site-content-style":"default","site-sidebar-style":"default","ast-global-header-display":"","ast-banner-title-visibility":"","ast-main-header-display":"","ast-hfb-above-header-display":"","ast-hfb-below-header-display":"","ast-hfb-mobile-header-display":"","site-post-title":"","ast-breadcrumbs-content":"","ast-featured-img":"","footer-sml-layout":"","ast-disable-related-posts":"","theme-transparent-header-meta":"default","adv-header-id-meta":"","stick-header-meta":"","header-above-stick-meta":"","header-main-stick-meta":"","header-below-stick-meta":"","astra-migrate-meta-layouts":"default","ast-page-background-enabled":"default","ast-page-background-meta":{"desktop":{"background-color":"","background-image":"","background-repeat":"repeat","background-position":"center center","background-size":"auto","background-attachment":"scroll","background-type":"","background-media":"","overlay-type":"","overlay-color":"","overlay-opacity":"","overlay-gradient":""},"tablet":{"background-color":"","background-image":"","background-repeat":"repeat","background-position":"center center","background-size":"auto","background-attachment":"scroll","background-type":"","background-media":"","overlay-type":"","overlay-color":"","overlay-opacity":"","overlay-gradient":""},"mobile":{"background-color":"","background-image":"","background-repeat":"repeat","background-position":"center center","background-size":"auto","background-attachment":"scroll","background-type":"","background-media":"","overlay-type":"","overlay-color":"","overlay-opacity":"","overlay-gradient":""}},"ast-content-background-meta":{"desktop":{"background-color":"var(--ast-global-color-5)","background-image":"","background-repeat":"repeat","background-position":"center center","background-size":"auto","background-attachment":"scroll","background-type":"","background-media":"","overlay-type":"","overlay-color":"","overlay-opacity":"","overlay-gradient":""},"tablet":{"background-color":"var(--ast-global-color-5)","background-image":"","background-repeat":"repeat","background-position":"center center","background-size":"auto","background-attachment":"scroll","background-type":"","background-media":"","overlay-type":"","overlay-color":"","overlay-opacity":"","overlay-gradient":""},"mobile":{"background-color":"var(--ast-global-color-5)","background-image":"","background-repeat":"repeat","background-position":"center center","background-size":"auto","background-attachment":"scroll","background-type":"","background-media":"","overlay-type":"","overlay-color":"","overlay-opacity":"","overlay-gradient":""}},"footnotes":""},"class_list":["post-69","page","type-page","status-publish","has-post-thumbnail","hentry"],"aioseo_notices":[],"_links":{"self":[{"href":"https:\/\/essencial-portugal.com\/fr\/wp-json\/wp\/v2\/pages\/69","targetHints":{"allow":["GET"]}}],"collection":[{"href":"https:\/\/essencial-portugal.com\/fr\/wp-json\/wp\/v2\/pages"}],"about":[{"href":"https:\/\/essencial-portugal.com\/fr\/wp-json\/wp\/v2\/types\/page"}],"author":[{"embeddable":true,"href":"https:\/\/essencial-portugal.com\/fr\/wp-json\/wp\/v2\/users\/1"}],"replies":[{"embeddable":true,"href":"https:\/\/essencial-portugal.com\/fr\/wp-json\/wp\/v2\/comments?post=69"}],"version-history":[{"count":0,"href":"https:\/\/essencial-portugal.com\/fr\/wp-json\/wp\/v2\/pages\/69\/revisions"}],"up":[{"embeddable":true,"href":"https:\/\/essencial-portugal.com\/fr\/wp-json\/wp\/v2\/pages\/67"}],"wp:featuredmedia":[{"embeddable":true,"href":"https:\/\/essencial-portugal.com\/fr\/wp-json\/wp\/v2\/media\/47"}],"wp:attachment":[{"href":"https:\/\/essencial-portugal.com\/fr\/wp-json\/wp\/v2\/media?parent=69"}],"curies":[{"name":"wp","href":"https:\/\/api.w.org\/{rel}","templated":true}]}}