{"id":71,"date":"2018-03-23T15:54:57","date_gmt":"2018-03-23T15:54:57","guid":{"rendered":"https:\/\/essencial-portugal.com\/fr\/?page_id=71"},"modified":"2023-02-28T07:54:35","modified_gmt":"2023-02-28T07:54:35","slug":"securite-sociale","status":"publish","type":"page","link":"https:\/\/essencial-portugal.com\/fr\/installation-lisbonne-portugal\/securite-sociale\/","title":{"rendered":"S\u00e9curit\u00e9 sociale"},"content":{"rendered":"<p><img fetchpriority=\"high\" decoding=\"async\" class=\"wp-image-34 size-full aligncenter\" src=\"https:\/\/essencial-portugal.com\/fr\/wp-content\/uploads\/2018\/03\/inscription-securite-sociale-portugaise.jpg\" alt=\"\" width=\"682\" height=\"362\" srcset=\"https:\/\/essencial-portugal.com\/fr\/wp-content\/uploads\/2018\/03\/inscription-securite-sociale-portugaise.jpg 682w, https:\/\/essencial-portugal.com\/fr\/wp-content\/uploads\/2018\/03\/inscription-securite-sociale-portugaise-300x159.jpg 300w\" sizes=\"(max-width: 682px) 100vw, 682px\" \/><\/p>\n<p>Contrairement \u00e0 ce que l&rsquo;on pourrait penser, le syst\u00e8me de sant\u00e9 au Portugal est tr\u00e8s d\u00e9velopp\u00e9, comp\u00e9tent et proche de ce celui de la France. Le fonctionnement de prise en charge s&rsquo;articule entre le priv\u00e9 et le public. Le syst\u00e8me de sant\u00e9 public est tr\u00e8s performant si vous \u00eates inscrit \u00e0 la s\u00e9curit\u00e9 sociale portugaise appel\u00e9e \u00a0\u00bb Seguran\u00e7a Social\u00a0\u00bb. Vous pourrez cependant \u00eatre confront\u00e9s \u00e0 des d\u00e9lais d&rsquo;attente tr\u00e8s long et \u00e0 un manque de certaines comp\u00e9tences m\u00e9dicales tr\u00e8s sp\u00e9cialis\u00e9es. Le priv\u00e9 quand \u00e0 lui vous permettra de prendre tr\u00e8s rapidement des rendez-vous via internet mais pour un co\u00fbt plus \u00e9lev\u00e9 et donc le besoin (Mais pas l&rsquo;obligation) d&rsquo;\u00eatre couvert par une <a href=\"https:\/\/essencial-portugal.com\/fr\/actualite-portugal\/mutuelles-au-portugal-comment-choisir\/\">mutuelle au Portugal<\/a>.<\/p>\n<blockquote><p>Il est fortement conseill\u00e9 en cas d&rsquo;expatriation au Portugal de souscrire \u00e0 une mutuelle qui vous permettra de b\u00e9n\u00e9ficier du syst\u00e8me de sant\u00e9 priv\u00e9 plus rapide et performant. Utilisez le bouton ci-dessous et remplissez le formulaire d\u00e9di\u00e9 pour \u00eatre mis en relation avec un courtier en assurance francophone bas\u00e9 \u00e0 Lisbonne, sp\u00e9cialis\u00e9 dans les assurances au Portugal. Il pourra \u00e9couter vos besoins et vous proposer les meilleures offres de mutuelles portugaises aupr\u00e8s des entreprises sp\u00e9cialis\u00e9es du pays.<\/p><\/blockquote>\n<p>&nbsp;<\/p>\n<p style=\"text-align: center;\"><a class=\"Cbutton\" href=\"#formulaire\" rel=\"noopener noreferrer\">FORMULAIRE<\/a><\/p>\n<p>Pour vous inscrire aupr\u00e8s de la s\u00e9curit\u00e9 sociale portugaise\u00a0 il vous faudra pr\u00e9senter divers documents tels que :<\/p>\n<ul>\n<li>Votre NIF (<a href=\"https:\/\/essencial-portugal.com\/fr\/installation-lisbonne-portugal\/obtenir-numero-identification-fiscal\/\">Num\u00e9ro d&rsquo;Identification Fiscale portugais<\/a>) ou num\u00e9ro de contribuente<\/li>\n<li>Un document d&rsquo;identit\u00e9 ( passeport ou pi\u00e8ce d&rsquo;identit\u00e9)<\/li>\n<li>Un justificatif de votre situation professionnelle ( salari\u00e9, entrepreneur, ch\u00f4meur, stagiaire )&#8230;<\/li>\n<\/ul>\n<p>Sachez que la s\u00e9curit\u00e9 sociale portugaise g\u00e8re \u00e9galement les aides sociales et familiales. Leurs locaux se trouvent g\u00e9n\u00e9ralement proches des Loja do Cidado dans lesquelles r\u00e9aliser une grande partie<strong> des d\u00e9marches administratives au Portugal.<\/strong><\/p>\n<p>Il vous sera alors remis un num\u00e9ro de s\u00e9curit\u00e9 social qui vous permettra ensuite de vous inscrire aupr\u00e8s d&rsquo;un centre de sant\u00e9 dans la ville ou vous r\u00e9sidez !<\/p>\n<p><img decoding=\"async\" class=\" wp-image-276 aligncenter\" src=\"https:\/\/essencial-portugal.com\/fr\/wp-content\/uploads\/2018\/04\/ImageGen.jpg\" alt=\"s\u00e9curit\u00e9 sociale\" width=\"555\" height=\"370\" \/><\/p>\n<p>Vous pourrez alors choisir de consulter un m\u00e9decin dans des centre de sant\u00e9 publics appel\u00e9s \u00a0\u00bb <strong>centro de saude<\/strong> \u00a0\u00bb , mais sachez que les d\u00e9lais peuvent \u00eatre long dans certains cas pour obtenir un rendez vous aupr\u00e8s d&rsquo;un m\u00e9decin g\u00e9n\u00e9raliste ou sp\u00e9cialis\u00e9 par exemple !<\/p>\n<p>Vous pouvez \u00e9galement gr\u00e2ce a votre inscription vous rendre dans les h\u00f4pitaux publics ou centres de sant\u00e9 lorsqu&rsquo;il s&rsquo;agit d&rsquo;une urgence.<\/p>\n<p>Les tarifs vont de 4\u00a0 \u00e0 7 euros en moyenne pour une consultation en m\u00e9decine g\u00e9n\u00e9rale et sp\u00e9cialis\u00e9e. Le co\u00fbt est l\u00e9g\u00e8rement plus \u00e9lev\u00e9 pour des urgences.<\/p>\n<p>Il est donc primordiale de vous inscrire d\u00e8s votre arriv\u00e9 au Portugal \u00e0 la <strong>S\u00e9curit\u00e9 sociale portugaise<\/strong> pour avoir acc\u00e8s a des soins dans le public et de b\u00e9n\u00e9ficier d&rsquo;aides sociales et familiales.<\/p>\n<p><img decoding=\"async\" class=\"size-full wp-image-59 aligncenter\" src=\"https:\/\/essencial-portugal.com\/fr\/wp-content\/uploads\/2018\/03\/securite-social-portugal-centre-saude.jpg\" alt=\"\" width=\"547\" height=\"422\" srcset=\"https:\/\/essencial-portugal.com\/fr\/wp-content\/uploads\/2018\/03\/securite-social-portugal-centre-saude.jpg 547w, https:\/\/essencial-portugal.com\/fr\/wp-content\/uploads\/2018\/03\/securite-social-portugal-centre-saude-300x231.jpg 300w\" sizes=\"(max-width: 547px) 100vw, 547px\" \/><\/p>\n<div id=\"formulaire\"><\/div>\n<h2>Assurance sant\u00e9 portugaise : accompagnement francophone<\/h2>\n<p style=\"text-align: center;\"><div class=\"wpforms-container wpforms-container-full\" id=\"wpforms-4012\"><form id=\"wpforms-form-4012\" class=\"wpforms-validate wpforms-form\" data-formid=\"4012\" method=\"post\" enctype=\"multipart\/form-data\" action=\"\/fr\/wp-json\/wp\/v2\/pages\/71\" data-token=\"dbd0360fb6b3c10712ef1ff401f9f82f\" data-token-time=\"1776655982\"><noscript class=\"wpforms-error-noscript\">Veuillez activer JavaScript dans votre navigateur pour remplir ce formulaire.<\/noscript><div class=\"wpforms-field-container\"><div id=\"wpforms-4012-field_0-container\" class=\"wpforms-field wpforms-field-name\" data-field-id=\"0\"><label class=\"wpforms-field-label\">Nom <span class=\"wpforms-required-label\">*<\/span><\/label><div class=\"wpforms-field-row wpforms-field-medium\"><div class=\"wpforms-field-row-block wpforms-first wpforms-one-half\"><input type=\"text\" id=\"wpforms-4012-field_0\" class=\"wpforms-field-name-first wpforms-field-required\" name=\"wpforms[fields][0][first]\" required><label for=\"wpforms-4012-field_0\" class=\"wpforms-field-sublabel after\">Pr\u00e9nom<\/label><\/div><div class=\"wpforms-field-row-block wpforms-one-half\"><input type=\"text\" id=\"wpforms-4012-field_0-last\" class=\"wpforms-field-name-last wpforms-field-required\" name=\"wpforms[fields][0][last]\" required><label for=\"wpforms-4012-field_0-last\" class=\"wpforms-field-sublabel after\">Nom<\/label><\/div><\/div><\/div><div id=\"wpforms-4012-field_1-container\" class=\"wpforms-field wpforms-field-email\" data-field-id=\"1\"><label class=\"wpforms-field-label\" for=\"wpforms-4012-field_1\">E-mail <span class=\"wpforms-required-label\">*<\/span><\/label><input type=\"email\" id=\"wpforms-4012-field_1\" class=\"wpforms-field-medium wpforms-field-required\" name=\"wpforms[fields][1]\" spellcheck=\"false\" required><\/div><div id=\"wpforms-4012-field_4-container\" class=\"wpforms-field wpforms-field-text\" data-field-id=\"4\"><label class=\"wpforms-field-label\" for=\"wpforms-4012-field_4\">T\u00e9l\u00e9phone <span class=\"wpforms-required-label\">*<\/span><\/label><input type=\"text\" id=\"wpforms-4012-field_4\" class=\"wpforms-field-medium wpforms-field-required\" name=\"wpforms[fields][4]\" required><\/div><div id=\"wpforms-4012-field_11-container\" class=\"wpforms-field wpforms-field-text\" data-field-id=\"11\"><label class=\"wpforms-field-label\" for=\"wpforms-4012-field_11\">NIF <span class=\"wpforms-required-label\">*<\/span><\/label><input type=\"text\" id=\"wpforms-4012-field_11\" class=\"wpforms-field-medium wpforms-field-required\" name=\"wpforms[fields][11]\" required><\/div><div id=\"wpforms-4012-field_12-container\" class=\"wpforms-field wpforms-field-text\" data-field-id=\"12\"><label class=\"wpforms-field-label\" for=\"wpforms-4012-field_12\">Code Postal <span class=\"wpforms-required-label\">*<\/span><\/label><input type=\"text\" id=\"wpforms-4012-field_12\" class=\"wpforms-field-medium wpforms-field-required\" name=\"wpforms[fields][12]\" required><\/div><div id=\"wpforms-4012-field_5-container\" class=\"wpforms-field wpforms-field-text\" data-field-id=\"5\"><label class=\"wpforms-field-label\" for=\"wpforms-4012-field_5\">Date de naissance de l&#039;assur\u00e9 principal <span class=\"wpforms-required-label\">*<\/span><\/label><input type=\"text\" id=\"wpforms-4012-field_5\" class=\"wpforms-field-medium wpforms-field-required\" name=\"wpforms[fields][5]\" required><\/div><div id=\"wpforms-4012-field_6-container\" class=\"wpforms-field wpforms-field-text\" data-field-id=\"6\"><label class=\"wpforms-field-label\" for=\"wpforms-4012-field_6\">Date de naissance du second assur\u00e9<\/label><input type=\"text\" id=\"wpforms-4012-field_6\" class=\"wpforms-field-medium\" name=\"wpforms[fields][6]\" ><\/div><div id=\"wpforms-4012-field_7-container\" class=\"wpforms-field wpforms-field-text\" data-field-id=\"7\"><label class=\"wpforms-field-label\" for=\"wpforms-4012-field_7\">Date de naissance du premier enfant<\/label><input type=\"text\" id=\"wpforms-4012-field_7\" class=\"wpforms-field-medium\" name=\"wpforms[fields][7]\" ><\/div><div id=\"wpforms-4012-field_9-container\" class=\"wpforms-field wpforms-field-text\" data-field-id=\"9\"><label class=\"wpforms-field-label\" for=\"wpforms-4012-field_9\">Date de naissance du second enfant<\/label><input type=\"text\" id=\"wpforms-4012-field_9\" class=\"wpforms-field-medium\" name=\"wpforms[fields][9]\" ><\/div><div id=\"wpforms-4012-field_10-container\" class=\"wpforms-field wpforms-field-select\" data-field-id=\"10\"><label class=\"wpforms-field-label\" for=\"wpforms-4012-field_10\">Option assurance dentaire <span class=\"wpforms-required-label\">*<\/span><\/label><select id=\"wpforms-4012-field_10\" class=\"wpforms-field-medium wpforms-field-required\" name=\"wpforms[fields][10]\" required=\"required\"><option value=\"Oui\"  class=\"choice-1 depth-1\"  >Oui<\/option><option value=\"Non\"  class=\"choice-2 depth-1\"  >Non<\/option><\/select><\/div><div id=\"wpforms-4012-field_2-container\" class=\"wpforms-field wpforms-field-textarea\" data-field-id=\"2\"><label class=\"wpforms-field-label\" for=\"wpforms-4012-field_2\">Informations compl\u00e9mentaires <span class=\"wpforms-required-label\">*<\/span><\/label><textarea id=\"wpforms-4012-field_2\" class=\"wpforms-field-medium wpforms-field-required\" name=\"wpforms[fields][2]\" required><\/textarea><\/div><\/div><!-- .wpforms-field-container --><div class=\"wpforms-field wpforms-field-hp\"><label for=\"wpforms-4012-field-hp\" class=\"wpforms-field-label\">Comment<\/label><input type=\"text\" name=\"wpforms[hp]\" id=\"wpforms-4012-field-hp\" class=\"wpforms-field-medium\"><\/div><div class=\"wpforms-submit-container\" ><input type=\"hidden\" name=\"wpforms[id]\" value=\"4012\"><input type=\"hidden\" name=\"page_title\" value=\"\"><input type=\"hidden\" name=\"page_url\" value=\"https:\/\/essencial-portugal.com\/fr\/wp-json\/wp\/v2\/pages\/71\"><input type=\"hidden\" name=\"url_referer\" value=\"\"><button type=\"submit\" name=\"wpforms[submit]\" id=\"wpforms-submit-4012\" class=\"wpforms-submit\" data-alt-text=\"Envoi...\" data-submit-text=\"Envoyer\" aria-live=\"assertive\" value=\"wpforms-submit\">Envoyer<\/button><\/div><\/form><\/div>  <!-- .wpforms-container --><\/p>\n<blockquote><p>En validant le formulaire de contact, vous m&rsquo;autorisez \u00e0 transmettre votre demande \u00e0 un courtier francophone en assurances qui pourra vous recontacter directement. Rien n&rsquo;est automatis\u00e9 : ce sont des personnes que je connais, bas\u00e9es \u00e0 Lisbonne et qui sont qualifi\u00e9es pour vous accompagner dans votre d\u00e9marche &amp; votre projet.<\/p><\/blockquote>\n","protected":false},"excerpt":{"rendered":"<p>Contrairement \u00e0 ce que l&rsquo;on pourrait penser, le syst\u00e8me de sant\u00e9 au Portugal est tr\u00e8s d\u00e9velopp\u00e9, comp\u00e9tent et proche de ce celui de la France. Le fonctionnement de prise en charge s&rsquo;articule entre le priv\u00e9 et le public. Le syst\u00e8me de sant\u00e9 public est tr\u00e8s performant si vous \u00eates inscrit \u00e0 la s\u00e9curit\u00e9 sociale portugaise [&hellip;]<\/p>\n","protected":false},"author":1,"featured_media":34,"parent":67,"menu_order":0,"comment_status":"closed","ping_status":"closed","template":"","meta":{"om_disable_all_campaigns":false,"_monsterinsights_skip_tracking":false,"_monsterinsights_sitenote_active":false,"_monsterinsights_sitenote_note":"","_monsterinsights_sitenote_category":0,"_uf_show_specific_survey":0,"_uf_disable_surveys":false,"site-sidebar-layout":"default","site-content-layout":"default","ast-site-content-layout":"default","site-content-style":"default","site-sidebar-style":"default","ast-global-header-display":"","ast-banner-title-visibility":"","ast-main-header-display":"","ast-hfb-above-header-display":"","ast-hfb-below-header-display":"","ast-hfb-mobile-header-display":"","site-post-title":"","ast-breadcrumbs-content":"","ast-featured-img":"","footer-sml-layout":"","ast-disable-related-posts":"","theme-transparent-header-meta":"default","adv-header-id-meta":"","stick-header-meta":"","header-above-stick-meta":"","header-main-stick-meta":"","header-below-stick-meta":"","astra-migrate-meta-layouts":"default","ast-page-background-enabled":"default","ast-page-background-meta":{"desktop":{"background-color":"","background-image":"","background-repeat":"repeat","background-position":"center center","background-size":"auto","background-attachment":"scroll","background-type":"","background-media":"","overlay-type":"","overlay-color":"","overlay-opacity":"","overlay-gradient":""},"tablet":{"background-color":"","background-image":"","background-repeat":"repeat","background-position":"center center","background-size":"auto","background-attachment":"scroll","background-type":"","background-media":"","overlay-type":"","overlay-color":"","overlay-opacity":"","overlay-gradient":""},"mobile":{"background-color":"","background-image":"","background-repeat":"repeat","background-position":"center center","background-size":"auto","background-attachment":"scroll","background-type":"","background-media":"","overlay-type":"","overlay-color":"","overlay-opacity":"","overlay-gradient":""}},"ast-content-background-meta":{"desktop":{"background-color":"var(--ast-global-color-5)","background-image":"","background-repeat":"repeat","background-position":"center center","background-size":"auto","background-attachment":"scroll","background-type":"","background-media":"","overlay-type":"","overlay-color":"","overlay-opacity":"","overlay-gradient":""},"tablet":{"background-color":"var(--ast-global-color-5)","background-image":"","background-repeat":"repeat","background-position":"center center","background-size":"auto","background-attachment":"scroll","background-type":"","background-media":"","overlay-type":"","overlay-color":"","overlay-opacity":"","overlay-gradient":""},"mobile":{"background-color":"var(--ast-global-color-5)","background-image":"","background-repeat":"repeat","background-position":"center center","background-size":"auto","background-attachment":"scroll","background-type":"","background-media":"","overlay-type":"","overlay-color":"","overlay-opacity":"","overlay-gradient":""}},"footnotes":""},"class_list":["post-71","page","type-page","status-publish","has-post-thumbnail","hentry"],"aioseo_notices":[],"_links":{"self":[{"href":"https:\/\/essencial-portugal.com\/fr\/wp-json\/wp\/v2\/pages\/71","targetHints":{"allow":["GET"]}}],"collection":[{"href":"https:\/\/essencial-portugal.com\/fr\/wp-json\/wp\/v2\/pages"}],"about":[{"href":"https:\/\/essencial-portugal.com\/fr\/wp-json\/wp\/v2\/types\/page"}],"author":[{"embeddable":true,"href":"https:\/\/essencial-portugal.com\/fr\/wp-json\/wp\/v2\/users\/1"}],"replies":[{"embeddable":true,"href":"https:\/\/essencial-portugal.com\/fr\/wp-json\/wp\/v2\/comments?post=71"}],"version-history":[{"count":0,"href":"https:\/\/essencial-portugal.com\/fr\/wp-json\/wp\/v2\/pages\/71\/revisions"}],"up":[{"embeddable":true,"href":"https:\/\/essencial-portugal.com\/fr\/wp-json\/wp\/v2\/pages\/67"}],"wp:featuredmedia":[{"embeddable":true,"href":"https:\/\/essencial-portugal.com\/fr\/wp-json\/wp\/v2\/media\/34"}],"wp:attachment":[{"href":"https:\/\/essencial-portugal.com\/fr\/wp-json\/wp\/v2\/media?parent=71"}],"curies":[{"name":"wp","href":"https:\/\/api.w.org\/{rel}","templated":true}]}}