{"id":7570,"date":"2022-05-15T08:25:30","date_gmt":"2022-05-15T08:25:30","guid":{"rendered":"https:\/\/essencial-portugal.com\/fr\/?page_id=7570"},"modified":"2023-02-13T18:14:31","modified_gmt":"2023-02-13T18:14:31","slug":"galerie-art-portugal","status":"publish","type":"page","link":"https:\/\/essencial-portugal.com\/fr\/galerie-art-portugal\/","title":{"rendered":"Galerie d&rsquo;Art Portugal"},"content":{"rendered":"\t\t<div data-elementor-type=\"wp-page\" data-elementor-id=\"7570\" class=\"elementor elementor-7570\" data-elementor-post-type=\"page\">\n\t\t\t\t\t\t<section class=\"elementor-section elementor-top-section elementor-element elementor-element-7bc2d0b9 elementor-section-height-min-height elementor-section-full_width elementor-section-height-default elementor-section-items-middle\" data-id=\"7bc2d0b9\" data-element_type=\"section\" data-e-type=\"section\" data-settings=\"{&quot;background_background&quot;:&quot;classic&quot;}\">\n\t\t\t\t\t\t\t<div class=\"elementor-background-overlay\"><\/div>\n\t\t\t\t\t\t\t<div class=\"elementor-container elementor-column-gap-default\">\n\t\t\t\t\t<div class=\"elementor-column elementor-col-100 elementor-top-column elementor-element elementor-element-8521a4d\" data-id=\"8521a4d\" data-element_type=\"column\" data-e-type=\"column\">\n\t\t\t<div class=\"elementor-widget-wrap\">\n\t\t\t\t\t\t\t<\/div>\n\t\t<\/div>\n\t\t\t\t\t<\/div>\n\t\t<\/section>\n\t\t\t\t<section class=\"elementor-section elementor-top-section elementor-element elementor-element-6da86c9 elementor-section-full_width elementor-section-height-default elementor-section-height-default\" data-id=\"6da86c9\" data-element_type=\"section\" data-e-type=\"section\">\n\t\t\t\t\t\t<div class=\"elementor-container elementor-column-gap-default\">\n\t\t\t\t\t<div class=\"elementor-column elementor-col-100 elementor-top-column elementor-element elementor-element-731985c\" data-id=\"731985c\" data-element_type=\"column\" data-e-type=\"column\">\n\t\t\t<div class=\"elementor-widget-wrap elementor-element-populated\">\n\t\t\t\t\t\t<div class=\"elementor-element elementor-element-856487a elementor-widget elementor-widget-text-editor\" data-id=\"856487a\" data-element_type=\"widget\" data-e-type=\"widget\" data-widget_type=\"text-editor.default\">\n\t\t\t\t<div class=\"elementor-widget-container\">\n\t\t\t\t\t\t\t\t\t<p style=\"text-align: left;\">Le Portugal est un pays riche en histoire et en culture, et ses galeries d&rsquo;art en sont le reflet parfait. Depuis des si\u00e8cles, les artistes portugais ont cr\u00e9\u00e9 des \u0153uvres \u00e9poustouflantes, allant de la peinture \u00e0 la sculpture en passant par la gravure. Aujourd&rsquo;hui, ces \u0153uvres sont pr\u00e9sent\u00e9es dans des galeries d&rsquo;art \u00e0 travers le pays, offrant aux visiteurs l&rsquo;occasion de d\u00e9couvrir la cr\u00e9ativit\u00e9 et l&rsquo;imagination de l&rsquo;art portugais.<\/p><p style=\"text-align: left;\">Dans cet article, nous allons explorer les galeries d&rsquo;art les plus c\u00e9l\u00e8bres et les plus influentes au Portugal, ainsi que les \u0153uvres qui les caract\u00e9risent. En plus de d\u00e9couvrir la richesse de l&rsquo;art portugais, vous d\u00e9couvrirez \u00e9galement comment les galeries d&rsquo;art peuvent \u00eatre un atout pour le tourisme et pour l&rsquo;industrie culturelle du pays.<\/p>\t\t\t\t\t\t\t\t<\/div>\n\t\t\t\t<\/div>\n\t\t\t\t<div class=\"elementor-element elementor-element-bd7fdab elementor-widget elementor-widget-heading\" data-id=\"bd7fdab\" data-element_type=\"widget\" data-e-type=\"widget\" data-widget_type=\"heading.default\">\n\t\t\t\t<div class=\"elementor-widget-container\">\n\t\t\t\t\t<h2 class=\"elementor-heading-title elementor-size-default\">Galeries d'art \u00e0 Lisbonne<\/h2>\t\t\t\t<\/div>\n\t\t\t\t<\/div>\n\t\t\t\t<div class=\"elementor-element elementor-element-99d6eb9 elementor-widget elementor-widget-text-editor\" data-id=\"99d6eb9\" data-element_type=\"widget\" data-e-type=\"widget\" data-widget_type=\"text-editor.default\">\n\t\t\t\t<div class=\"elementor-widget-container\">\n\t\t\t\t\t\t\t\t\t<p style=\"text-align: left;\">Lisbonne est une ville vibrante qui abrite de nombreuses galeries d&rsquo;art de renom, chacune avec sa propre histoire et sa propre vision. Si vous \u00eates un amateur d&rsquo;art en qu\u00eate de d\u00e9couvertes, alors Lisbonne est la destination id\u00e9ale pour vous. D\u00e9couvrez les galeries les plus incontournables de la ville ci-dessous.<\/p><p style=\"text-align: left;\"><strong>Galerie Cordoaria Nacional<\/strong>: situ\u00e9e dans le quartier de Alc\u00e2ntara, cette galerie est une ancienne usine de cordes reconvertie en galerie d&rsquo;art contemporain. Vous pourrez y d\u00e9couvrir des expositions d&rsquo;artistes locaux ainsi que des artistes internationaux.<\/p><ul style=\"text-align: left;\"><li>Adresse : Av. da \u00cdndia, 1300-598 Lisboa<\/li><li>Horaires : du lundi au vendredi, de 10h \u00e0 13h et de 14h \u00e0 18h<\/li><li>T\u00e9l\u00e9phones : +351 213637635<\/li><\/ul><p style=\"text-align: left;\"><strong>Galerie de l&rsquo;Instituto de Arte Contempor\u00e2nea<\/strong>: cette galerie est un espace d\u00e9di\u00e9 \u00e0 l&rsquo;art contemporain portugais et international. Elle abrite r\u00e9guli\u00e8rement des expositions de peintures, sculptures, installations et autres formes d&rsquo;art.<\/p><ul style=\"text-align: left;\"><li>Adresse : R. Serpa Pinto 4, 1200-444 Lisboa<\/li><li>Horaires : du mardi au vendredi, de 10h \u00e0 13h et de 14h \u00e0 18h<\/li><li>T\u00e9l\u00e9phones : +351 213432148<\/li><\/ul><p style=\"text-align: left;\"><strong>Galerie de Arte Moderna de Lisbonne<\/strong>: cette galerie d&rsquo;art moderne est situ\u00e9e dans le quartier d&rsquo;Alc\u00e2ntara et abrite des expositions temporaires d&rsquo;art contemporain. Elle propose \u00e9galement des programmes \u00e9ducatifs pour les enfants et les jeunes pour leur faire d\u00e9couvrir l&rsquo;art de mani\u00e8re ludique.<\/p><ul style=\"text-align: left;\"><li>Adresse : R. Joly Braga Santos F, 1600-123 Lisboa<\/li><li>Horaires : du lundi au samedi, de 10h \u00e0 19h30<\/li><li>T\u00e9l\u00e9phones : +351 217261831<\/li><\/ul><p style=\"text-align: left;\"><strong>Galerie de Arte do Funda\u00e7\u00e3o EDP<\/strong>: situ\u00e9e dans le quartier de Belem, cette galerie abrite des expositions d&rsquo;art contemporain portugais et international. Elle propose \u00e9galement des ateliers pour les enfants et les adultes pour les aider \u00e0 d\u00e9couvrir leur cr\u00e9ativit\u00e9.<\/p><ul style=\"text-align: left;\"><li>Adresse : Tejo Power Station, Av. Bras\u00edlia, 1300-598 Lisboa<\/li><li>Horaires : du mercredi au lundi, de 11h \u00e0 19h00<\/li><li>T\u00e9l\u00e9phones : +351 210028130<\/li><\/ul><p style=\"text-align: left;\">En conclusion, Lisbonne est une ville qui offre une riche exp\u00e9rience culturelle aux amateurs d&rsquo;art. Il y a une galerie pour tous les go\u00fbts et tous les budgets, de l&rsquo;art contemporain \u00e0 l&rsquo;art moderne. N&rsquo;oubliez pas de consacrer un peu de temps \u00e0 explorer ces incroyables galeries lors de votre prochaine <a href=\"https:\/\/essencial-portugal.com\/fr\/visiter-lisbonne\/visite-guidee-lisbonne\/\">visite \u00e0 Lisbonne<\/a>.<\/p>\t\t\t\t\t\t\t\t<\/div>\n\t\t\t\t<\/div>\n\t\t\t\t<div class=\"elementor-element elementor-element-e8b4d64 elementor-widget elementor-widget-heading\" data-id=\"e8b4d64\" data-element_type=\"widget\" data-e-type=\"widget\" data-widget_type=\"heading.default\">\n\t\t\t\t<div class=\"elementor-widget-container\">\n\t\t\t\t\t<h2 class=\"elementor-heading-title elementor-size-default\">Galeries d'art \u00e0 Porto<\/h2>\t\t\t\t<\/div>\n\t\t\t\t<\/div>\n\t\t\t\t<div class=\"elementor-element elementor-element-36fed93 elementor-widget elementor-widget-text-editor\" data-id=\"36fed93\" data-element_type=\"widget\" data-e-type=\"widget\" data-widget_type=\"text-editor.default\">\n\t\t\t\t<div class=\"elementor-widget-container\">\n\t\t\t\t\t\t\t\t\t<p style=\"text-align: left;\">Porto est une ville charmante situ\u00e9e sur les rives du Douro qui regorge d&rsquo;histoire et de culture. Cette ville est \u00e9galement connue pour ses galeries d&rsquo;art de renom, qui attirent de nombreux visiteurs chaque ann\u00e9e. Si vous \u00eates un amateur d&rsquo;art en qu\u00eate de d\u00e9couvertes, Porto est la destination id\u00e9ale pour vous. D\u00e9couvrez les galeries les plus incontournables de la ville ci-dessous.<\/p><p style=\"text-align: left;\"><strong>Galerie de Arte Contempor\u00e2nea de Porto<\/strong>: situ\u00e9e dans le centre-ville de Porto, cette galerie d&rsquo;art contemporain est un espace d\u00e9di\u00e9 \u00e0 la promotion de l&rsquo;art moderne portugais et international. Elle propose r\u00e9guli\u00e8rement des expositions de peintures, sculptures et gravures d&rsquo;artistes talentueux.<\/p><ul style=\"text-align: left;\"><li>Adresse : Rua de Miguel Bombarda 221, 4050-381 Porto<\/li><li>Horaires : du mardi au samedi, de 11h \u00e0 14h et de 14h30 \u00e0 19h<\/li><\/ul><p style=\"text-align: left;\"><strong>Galerie de Arte do Centro Cultural de Belomonte<\/strong>: cette galerie abrite des expositions temporaires d&rsquo;art contemporain et propose des programmes \u00e9ducatifs pour les enfants et les jeunes pour les aider \u00e0 d\u00e9couvrir l&rsquo;art de mani\u00e8re ludique.<\/p><ul style=\"text-align: left;\"><li>Adresse : Jardins do Pal\u00e1cio de Cristal, R. de Dom Manuel II, 4050-239 Porto<\/li><li>Horaires : du mardi au dimanche, de 10h \u00e0 18h<\/li><li>T\u00e9l\u00e9phones : +351 225073305<\/li><\/ul><p style=\"text-align: left;\"><strong>Galerie de Arte do Funda\u00e7\u00e3o de Serralves<\/strong>: situ\u00e9e dans le quartier de Boavista, cette galerie d&rsquo;art moderne est une ancienne villa de luxe reconvertie en galerie d&rsquo;art. Elle abrite des expositions temporaires d&rsquo;art contemporain ainsi que des \u0153uvres d&rsquo;artistes internationaux.<\/p><ul style=\"text-align: left;\"><li>Adresse : R. Dom Jo\u00e3o de Castro 210, 4150-417 Porto<\/li><li>Horaires : du lundi au vendredi de 10h \u00e0 18h et le weekend de 10h \u00e0 19h<\/li><li>T\u00e9l\u00e9phones : +351 226156500<\/li><\/ul><p style=\"text-align: left;\">En conclusion, Porto est une ville qui offre une exp\u00e9rience culturelle inoubliable aux amateurs d&rsquo;art. Il y a une galerie pour tous les go\u00fbts et tous les budgets, de l&rsquo;art contemporain \u00e0 l&rsquo;art moderne. N&rsquo;oubliez pas de consacrer un peu de temps \u00e0 explorer ces incroyables galeries lors de votre prochaine <a href=\"https:\/\/essencial-portugal.com\/fr\/visite-nord-portugal\/visiter-porto-en-3-jours\/\">visite \u00e0 Porto<\/a>.<\/p>\t\t\t\t\t\t\t\t<\/div>\n\t\t\t\t<\/div>\n\t\t\t\t\t<\/div>\n\t\t<\/div>\n\t\t\t\t\t<\/div>\n\t\t<\/section>\n\t\t\t\t<\/div>\n\t\t","protected":false},"excerpt":{"rendered":"<p>Le Portugal est un pays riche en histoire et en culture, et ses galeries d&rsquo;art en sont le reflet parfait. Depuis des si\u00e8cles, les artistes portugais ont cr\u00e9\u00e9 des \u0153uvres \u00e9poustouflantes, allant de la peinture \u00e0 la sculpture en passant par la gravure. Aujourd&rsquo;hui, ces \u0153uvres sont pr\u00e9sent\u00e9es dans des galeries d&rsquo;art \u00e0 travers le [&hellip;]<\/p>\n","protected":false},"author":1,"featured_media":7578,"parent":0,"menu_order":0,"comment_status":"closed","ping_status":"closed","template":"","meta":{"om_disable_all_campaigns":false,"_monsterinsights_skip_tracking":false,"_monsterinsights_sitenote_active":false,"_monsterinsights_sitenote_note":"","_monsterinsights_sitenote_category":0,"_uf_show_specific_survey":0,"_uf_disable_surveys":false,"site-sidebar-layout":"no-sidebar","site-content-layout":"page-builder","ast-site-content-layout":"default","site-content-style":"default","site-sidebar-style":"default","ast-global-header-display":"","ast-banner-title-visibility":"","ast-main-header-display":"","ast-hfb-above-header-display":"","ast-hfb-below-header-display":"","ast-hfb-mobile-header-display":"","site-post-title":"disabled","ast-breadcrumbs-content":"","ast-featured-img":"disabled","footer-sml-layout":"","ast-disable-related-posts":"","theme-transparent-header-meta":"default","adv-header-id-meta":"","stick-header-meta":"","header-above-stick-meta":"","header-main-stick-meta":"","header-below-stick-meta":"","astra-migrate-meta-layouts":"default","ast-page-background-enabled":"default","ast-page-background-meta":{"desktop":{"background-color":"","background-image":"","background-repeat":"repeat","background-position":"center center","background-size":"auto","background-attachment":"scroll","background-type":"","background-media":"","overlay-type":"","overlay-color":"","overlay-opacity":"","overlay-gradient":""},"tablet":{"background-color":"","background-image":"","background-repeat":"repeat","background-position":"center center","background-size":"auto","background-attachment":"scroll","background-type":"","background-media":"","overlay-type":"","overlay-color":"","overlay-opacity":"","overlay-gradient":""},"mobile":{"background-color":"","background-image":"","background-repeat":"repeat","background-position":"center center","background-size":"auto","background-attachment":"scroll","background-type":"","background-media":"","overlay-type":"","overlay-color":"","overlay-opacity":"","overlay-gradient":""}},"ast-content-background-meta":{"desktop":{"background-color":"var(--ast-global-color-5)","background-image":"","background-repeat":"repeat","background-position":"center center","background-size":"auto","background-attachment":"scroll","background-type":"","background-media":"","overlay-type":"","overlay-color":"","overlay-opacity":"","overlay-gradient":""},"tablet":{"background-color":"var(--ast-global-color-5)","background-image":"","background-repeat":"repeat","background-position":"center center","background-size":"auto","background-attachment":"scroll","background-type":"","background-media":"","overlay-type":"","overlay-color":"","overlay-opacity":"","overlay-gradient":""},"mobile":{"background-color":"var(--ast-global-color-5)","background-image":"","background-repeat":"repeat","background-position":"center center","background-size":"auto","background-attachment":"scroll","background-type":"","background-media":"","overlay-type":"","overlay-color":"","overlay-opacity":"","overlay-gradient":""}},"footnotes":""},"class_list":["post-7570","page","type-page","status-publish","has-post-thumbnail","hentry"],"aioseo_notices":[],"_links":{"self":[{"href":"https:\/\/essencial-portugal.com\/fr\/wp-json\/wp\/v2\/pages\/7570","targetHints":{"allow":["GET"]}}],"collection":[{"href":"https:\/\/essencial-portugal.com\/fr\/wp-json\/wp\/v2\/pages"}],"about":[{"href":"https:\/\/essencial-portugal.com\/fr\/wp-json\/wp\/v2\/types\/page"}],"author":[{"embeddable":true,"href":"https:\/\/essencial-portugal.com\/fr\/wp-json\/wp\/v2\/users\/1"}],"replies":[{"embeddable":true,"href":"https:\/\/essencial-portugal.com\/fr\/wp-json\/wp\/v2\/comments?post=7570"}],"version-history":[{"count":0,"href":"https:\/\/essencial-portugal.com\/fr\/wp-json\/wp\/v2\/pages\/7570\/revisions"}],"wp:featuredmedia":[{"embeddable":true,"href":"https:\/\/essencial-portugal.com\/fr\/wp-json\/wp\/v2\/media\/7578"}],"wp:attachment":[{"href":"https:\/\/essencial-portugal.com\/fr\/wp-json\/wp\/v2\/media?parent=7570"}],"curies":[{"name":"wp","href":"https:\/\/api.w.org\/{rel}","templated":true}]}}