{"id":77,"date":"2018-03-23T15:57:32","date_gmt":"2018-03-23T15:57:32","guid":{"rendered":"https:\/\/essencial-portugal.com\/fr\/?page_id=77"},"modified":"2023-03-25T06:30:08","modified_gmt":"2023-03-25T06:30:08","slug":"obtenir-numero-identification-fiscal","status":"publish","type":"page","link":"https:\/\/essencial-portugal.com\/fr\/installation-lisbonne-portugal\/obtenir-numero-identification-fiscal\/","title":{"rendered":"NIF Portugal : Num\u00e9ro d&rsquo;Identification Fiscale &#8211; Accompagnement"},"content":{"rendered":"\t\t<div data-elementor-type=\"wp-page\" data-elementor-id=\"77\" class=\"elementor elementor-77\" data-elementor-post-type=\"page\">\n\t\t\t\t\t\t<section class=\"elementor-section elementor-top-section elementor-element elementor-element-4ef5ee6e elementor-section-boxed elementor-section-height-default elementor-section-height-default\" data-id=\"4ef5ee6e\" data-element_type=\"section\" data-e-type=\"section\">\n\t\t\t\t\t\t<div class=\"elementor-container elementor-column-gap-default\">\n\t\t\t\t\t<div class=\"elementor-column elementor-col-100 elementor-top-column elementor-element elementor-element-17df2da6\" data-id=\"17df2da6\" data-element_type=\"column\" data-e-type=\"column\">\n\t\t\t<div class=\"elementor-widget-wrap elementor-element-populated\">\n\t\t\t\t\t\t<div class=\"elementor-element elementor-element-60298d02 elementor-widget elementor-widget-text-editor\" data-id=\"60298d02\" data-element_type=\"widget\" data-e-type=\"widget\" data-widget_type=\"text-editor.default\">\n\t\t\t\t<div class=\"elementor-widget-container\">\n\t\t\t\t\t\t\t\t\t<p><img fetchpriority=\"high\" decoding=\"async\" class=\"size-full wp-image-42 aligncenter\" src=\"https:\/\/essencial-portugal.com\/fr\/wp-content\/uploads\/2018\/03\/numero-identification-fiscal-portugais.jpg\" alt=\"\" width=\"500\" height=\"333\" srcset=\"https:\/\/essencial-portugal.com\/fr\/wp-content\/uploads\/2018\/03\/numero-identification-fiscal-portugais.jpg 500w, https:\/\/essencial-portugal.com\/fr\/wp-content\/uploads\/2018\/03\/numero-identification-fiscal-portugais-300x200.jpg 300w\" sizes=\"(max-width: 500px) 100vw, 500px\" \/><\/p><h2>A quoi sert le num\u00e9ro d&rsquo;identification fiscale (NIF) ?<\/h2><p>Depuis quelques ann\u00e9es de nombreux \u00e9trangers et francophones souhaitent s&rsquo;installer au Portugal. Il faut pour cela obtenir le num\u00e9ro d&rsquo;identification fiscale (NIF) aupr\u00e8s de l&rsquo;administration comp\u00e9tente. Le \u00ab\u00a0Num\u00e9ro de Contribuinte\u00a0\u00bb comme il est appel\u00e9 ici, est demand\u00e9 dans une grande majorit\u00e9 des d\u00e9marches que vous aurez \u00e0 effectuer :\u00a0ouverture de comptes bancaires, transaction financi\u00e8re, location d&rsquo;appartement, <a href=\"https:\/\/essencial-portugal.com\/fr\/installation-lisbonne-portugal\/creation-entreprise-portugaise\/\" target=\"_blank\" rel=\"noopener noreferrer\">cr\u00e9ation d&rsquo;entreprise<\/a>&#8230;<\/p><blockquote><p>Si vous souhaitez vous faire accompagner pour l&rsquo;obtention de votre NIF portugais, merci d&rsquo;utiliser le bouton ci-dessous et de remplir le formulaire d\u00e9di\u00e9. Je transmettrais votre demande \u00e0 un cabinet francophone qui propose de r\u00e9aliser ces d\u00e9marches pour vous. Le prix est de 180\u20ac et la prestation se fait par procuration : vous n&rsquo;avez donc pas \u00e0 vous d\u00e9placer, l&rsquo;entreprise se rendra pour vous dans l&rsquo;administration et vous enverra votre NIF par courrier. Ce prix comprend la procuration, la constitution du dossier, la prise de RDV, le d\u00e9placement physique dans l&rsquo;administration (Tr\u00e8s perturb\u00e9e et difficile avec le Covid-19) et l&rsquo;envoi de votre NIF.<\/p><\/blockquote><p style=\"text-align: center;\"><a class=\"maxbutton-1 maxbutton maxbutton-contact\" href=\"#formulaire\"><span class='mb-text'>Formulaire<\/span><\/a><\/p><p>\u00a0<\/p><p>Il s&rsquo;ag\u00eet du num\u00e9ro d\u00e9tenu par chaque r\u00e9sident portugais et qui identifie les personnes aupr\u00e8s de l&rsquo;autorit\u00e9 fiscale. Il sera utilis\u00e9 pour d\u00e9clarer vos imp\u00f4ts mais peut aussi \u00eatre donn\u00e9 dans les magasins lors de vos achats. A la fin de l&rsquo;ann\u00e9e, vous pourrez avoir des r\u00e9ductions d&rsquo;imp\u00f4ts selon les types de d\u00e9penses effectu\u00e9es (Loyer, sant\u00e9, r\u00e9parations&#8230;). Chaque ann\u00e9e est m\u00eame organis\u00e9e une loterie de ces NIF qui permettent \u00e0 3 personnes de gagner entre 25000 et 50000 euros !<\/p><h2>Quand obtenir le NIF portugais ?<\/h2><p>Il s&rsquo;ag\u00eet de l&rsquo;une des premi\u00e8res d\u00e9marches administratives \u00e0 effectuer mais le paradoxe est que :<\/p><ul><li>Pour obtenir le NIF, vous devez \u00eatre r\u00e9sident portugais<\/li><li>Pour \u00eatre r\u00e9sident portugais, il vous faut une adresse au Portugal<\/li><li>Mais pour obtenir une adresse au Portugal (<a href=\"https:\/\/essencial-portugal.com\/fr\/installation-lisbonne-portugal\/recherche-bien-immobilier\/\" target=\"_blank\" rel=\"noopener noreferrer\">Location ou achat immobilier<\/a>), il vous faut un NIF<\/li><\/ul><p>Et oui tout n&rsquo;est pas si simple et il vous faudra retourner plusieurs fois dans les administrations portugaises pour boucler la boucle. Il vous faut donc dans un premier temps aller \u00e0 la loja de cidado afin d&rsquo;obtenir un certificat de r\u00e9sidence Europ\u00e9en. Elles existent depuis peu pour permettre de r\u00e9aliser plusieurs d\u00e9marches administratives au Portugal en un seul endroit. Il fallait avant se rendre dans plusieurs \u00e9tablissements, ce qui rendait les choses plus compliqu\u00e9es encore. Une fois ce certificat obtenu, vous pourrez vous rendre aux Financias pour obtenir un NIF temporaire, avec lequel vous pourrez louer votre premier logement.<\/p><p>Une fois votre logement et adresse obtenus, vous devrez retourner \u00e0 la loja de cidado pour obtenir un certificat de r\u00e9sidence au Portugal. Une fois de certificat de r\u00e9sidence obtenu, il vous faudra retourner aux Financias pour demander votre Num\u00e9ro d&rsquo;Identification Fiscale Portugais permanent.<\/p><p><img decoding=\"async\" class=\"size-full wp-image-41 aligncenter\" src=\"https:\/\/essencial-portugal.com\/fr\/wp-content\/uploads\/2018\/03\/nif-portugal-financas.jpg\" alt=\"finan\u00e7as Portugal\" width=\"860\" height=\"645\" srcset=\"https:\/\/essencial-portugal.com\/fr\/wp-content\/uploads\/2018\/03\/nif-portugal-financas.jpg 860w, https:\/\/essencial-portugal.com\/fr\/wp-content\/uploads\/2018\/03\/nif-portugal-financas-300x225.jpg 300w, https:\/\/essencial-portugal.com\/fr\/wp-content\/uploads\/2018\/03\/nif-portugal-financas-768x576.jpg 768w\" sizes=\"(max-width: 860px) 100vw, 860px\" \/><\/p><h2>Le repr\u00e9sentant fiscal pour le NIF<\/h2><p>Pour faire acc\u00e9l\u00e9rer les choses, vous pouvez \u00eatre fiscalement repr\u00e9sent\u00e9 par un habitant du Portugal. Il doit r\u00e9sider au Portugal et peut servir d&rsquo;interm\u00e9diaire entre les \u00e9trangers et l&rsquo;administration fiscale portugaise. Votre repr\u00e9sentant fiscal sera ainsi dans l&rsquo;obligation de vous transmettre tous les courriers que\u00a0vous recevez de l&rsquo;administration fiscale.<\/p><p>Il est donc souvent recommand\u00e9 de d\u00e9signer comme repr\u00e9sentant fiscal la famille ou les amis si ils r\u00e9sident sur le sol portugais. Dans ce cas l\u00e0, vous aurez uniquement besoin pour obtenir votre NIF :<\/p><ul><li>D&rsquo;un passeport valide<\/li><li>De la nomination de votre repr\u00e9sentant fiscal<\/li><li>D&rsquo;une preuve de r\u00e9sidence dans votre pays d&rsquo;origine (Eau, gaz, \u00e9lectricit\u00e9&#8230;)<\/li><\/ul><p>Attention, seules les copies authentifi\u00e9es seront accept\u00e9es !<\/p><h2 id=\"formulaire\">Besoin d&rsquo;aide pour obtenir votre Num\u00e9ro de contribuinte ?<\/h2><p>Remplissez le formulaire ci-dessous pour vous faire accompagner et obtenir votre NIF portugais \u00e0 distance. Vous serez recontact\u00e9 par un cabinet francophone afin de pr\u00e9parer votre dossier et votre procuration afin qu&rsquo;elle puisse se rendre \u00e0 votre place dans les administrations pour obtenir votre Num\u00e9ro d&rsquo;Identification Fiscale. Le prix est de 180\u20ac et la prestation se fait par procuration : vous n&rsquo;avez donc pas \u00e0 vous d\u00e9placer, l&rsquo;entreprise se rendra pour vous dans l&rsquo;administration et vous enverra votre NIF par courrier. Ce prix comprend la procuration, la constitution du dossier, la prise de RDV, le d\u00e9placement physique dans l&rsquo;administration (Tr\u00e8s perturb\u00e9e et difficile avec le Covid-19) et l&rsquo;envoi de votre NIF.<\/p>\t\t\t\t\t\t\t\t<\/div>\n\t\t\t\t<\/div>\n\t\t\t\t<div class=\"elementor-element elementor-element-1446964 elementor-widget elementor-widget-wpforms\" data-id=\"1446964\" data-element_type=\"widget\" data-e-type=\"widget\" data-widget_type=\"wpforms.default\">\n\t\t\t\t<div class=\"elementor-widget-container\">\n\t\t\t\t\t<div class=\"wpforms-container wpforms-container-full\" id=\"wpforms-4006\"><form id=\"wpforms-form-4006\" class=\"wpforms-validate wpforms-form\" data-formid=\"4006\" method=\"post\" enctype=\"multipart\/form-data\" action=\"\/fr\/wp-json\/wp\/v2\/pages\/77\" data-token=\"cbbc5f14c9963b3468f4ad02e328b6b4\" data-token-time=\"1776649333\"><noscript class=\"wpforms-error-noscript\">Veuillez activer JavaScript dans votre navigateur pour remplir ce formulaire.<\/noscript><div class=\"wpforms-field-container\"><div id=\"wpforms-4006-field_0-container\" class=\"wpforms-field wpforms-field-name\" data-field-id=\"0\"><label class=\"wpforms-field-label\">Nom <span class=\"wpforms-required-label\">*<\/span><\/label><div class=\"wpforms-field-row wpforms-field-medium\"><div class=\"wpforms-field-row-block wpforms-first wpforms-one-half\"><input type=\"text\" id=\"wpforms-4006-field_0\" class=\"wpforms-field-name-first wpforms-field-required\" name=\"wpforms[fields][0][first]\" required><label for=\"wpforms-4006-field_0\" class=\"wpforms-field-sublabel after\">Pr\u00e9nom<\/label><\/div><div class=\"wpforms-field-row-block wpforms-one-half\"><input type=\"text\" id=\"wpforms-4006-field_0-last\" class=\"wpforms-field-name-last wpforms-field-required\" name=\"wpforms[fields][0][last]\" required><label for=\"wpforms-4006-field_0-last\" class=\"wpforms-field-sublabel after\">Nom<\/label><\/div><\/div><\/div><div id=\"wpforms-4006-field_1-container\" class=\"wpforms-field wpforms-field-email\" data-field-id=\"1\"><label class=\"wpforms-field-label\" for=\"wpforms-4006-field_1\">E-mail <span class=\"wpforms-required-label\">*<\/span><\/label><input type=\"email\" id=\"wpforms-4006-field_1\" class=\"wpforms-field-medium wpforms-field-required\" name=\"wpforms[fields][1]\" spellcheck=\"false\" required><\/div><div id=\"wpforms-4006-field_6-container\" class=\"wpforms-field wpforms-field-phone\" data-field-id=\"6\"><label class=\"wpforms-field-label\" for=\"wpforms-4006-field_6\">T\u00e9l\u00e9phone <span class=\"wpforms-required-label\">*<\/span><\/label><input type=\"tel\" id=\"wpforms-4006-field_6\" class=\"wpforms-field-medium wpforms-field-required wpforms-smart-phone-field\" data-rule-smart-phone-field=\"true\" name=\"wpforms[fields][6]\" aria-label=\"T\u00e9l\u00e9phone\" required><\/div><div id=\"wpforms-4006-field_5-container\" class=\"wpforms-field wpforms-field-text\" data-field-id=\"5\"><label class=\"wpforms-field-label\" for=\"wpforms-4006-field_5\">Objet <span class=\"wpforms-required-label\">*<\/span><\/label><input type=\"text\" id=\"wpforms-4006-field_5\" class=\"wpforms-field-medium wpforms-field-required\" name=\"wpforms[fields][5]\" required><\/div><div id=\"wpforms-4006-field_2-container\" class=\"wpforms-field wpforms-field-textarea\" data-field-id=\"2\"><label class=\"wpforms-field-label\" for=\"wpforms-4006-field_2\">Votre projet \/ Vos besoins <span class=\"wpforms-required-label\">*<\/span><\/label><textarea id=\"wpforms-4006-field_2\" class=\"wpforms-field-medium wpforms-field-required\" name=\"wpforms[fields][2]\" required><\/textarea><\/div><\/div><!-- .wpforms-field-container --><div class=\"wpforms-field wpforms-field-hp\"><label for=\"wpforms-4006-field-hp\" class=\"wpforms-field-label\">Comment<\/label><input type=\"text\" name=\"wpforms[hp]\" id=\"wpforms-4006-field-hp\" class=\"wpforms-field-medium\"><\/div><div class=\"wpforms-submit-container\" ><input type=\"hidden\" name=\"wpforms[id]\" value=\"4006\"><input type=\"hidden\" name=\"page_title\" value=\"\"><input type=\"hidden\" name=\"page_url\" value=\"https:\/\/essencial-portugal.com\/fr\/wp-json\/wp\/v2\/pages\/77\"><input type=\"hidden\" name=\"url_referer\" value=\"\"><button type=\"submit\" name=\"wpforms[submit]\" id=\"wpforms-submit-4006\" class=\"wpforms-submit\" data-alt-text=\"Envoi...\" data-submit-text=\"Envoyer\" aria-live=\"assertive\" value=\"wpforms-submit\">Envoyer<\/button><\/div><\/form><\/div>  <!-- .wpforms-container -->\t\t\t\t<\/div>\n\t\t\t\t<\/div>\n\t\t\t\t<div class=\"elementor-element elementor-element-54047cc elementor-widget elementor-widget-text-editor\" data-id=\"54047cc\" data-element_type=\"widget\" data-e-type=\"widget\" data-widget_type=\"text-editor.default\">\n\t\t\t\t<div class=\"elementor-widget-container\">\n\t\t\t\t\t\t\t\t\t<p>\u00a0<\/p><p style=\"text-align: center;\"><span style=\"font-size: 17.6px;\">En validant le formulaire de contact, vous m&rsquo;autorisez \u00e0 transmettre votre demande \u00e0 un intervenant francophone bas\u00e9 au Portugal qui pourra vous recontacter directement, discuter de votre projet et de la meilleure fa\u00e7on de vous accompagner.<\/span><\/p><blockquote><p>Essencial Portugal est un site internet de mise en relation entre des particuliers \/ entreprises et professionnels agr\u00e9\u00e9s de confiance au Portugal pour la r\u00e9alisation de projets dans le pays. Seuls ces professionnels certifi\u00e9s et agr\u00e9\u00e9s sont en mesure de vous informer, de proposer et de facturer ces services.<\/p><\/blockquote>\t\t\t\t\t\t\t\t<\/div>\n\t\t\t\t<\/div>\n\t\t\t\t\t<\/div>\n\t\t<\/div>\n\t\t\t\t\t<\/div>\n\t\t<\/section>\n\t\t\t\t<\/div>\n\t\t","protected":false},"excerpt":{"rendered":"<p>A quoi sert le num\u00e9ro d&rsquo;identification fiscale (NIF) ? Depuis quelques ann\u00e9es de nombreux \u00e9trangers et francophones souhaitent s&rsquo;installer au Portugal. Il faut pour cela obtenir le num\u00e9ro d&rsquo;identification fiscale (NIF) aupr\u00e8s de l&rsquo;administration comp\u00e9tente. Le \u00ab\u00a0Num\u00e9ro de Contribuinte\u00a0\u00bb comme il est appel\u00e9 ici, est demand\u00e9 dans une grande majorit\u00e9 des d\u00e9marches que vous aurez [&hellip;]<\/p>\n","protected":false},"author":1,"featured_media":41,"parent":67,"menu_order":0,"comment_status":"closed","ping_status":"closed","template":"","meta":{"om_disable_all_campaigns":false,"_monsterinsights_skip_tracking":false,"_monsterinsights_sitenote_active":false,"_monsterinsights_sitenote_note":"","_monsterinsights_sitenote_category":0,"_uf_show_specific_survey":0,"_uf_disable_surveys":false,"site-sidebar-layout":"default","site-content-layout":"default","ast-site-content-layout":"default","site-content-style":"default","site-sidebar-style":"default","ast-global-header-display":"","ast-banner-title-visibility":"","ast-main-header-display":"","ast-hfb-above-header-display":"","ast-hfb-below-header-display":"","ast-hfb-mobile-header-display":"","site-post-title":"","ast-breadcrumbs-content":"","ast-featured-img":"","footer-sml-layout":"","ast-disable-related-posts":"","theme-transparent-header-meta":"default","adv-header-id-meta":"","stick-header-meta":"","header-above-stick-meta":"","header-main-stick-meta":"","header-below-stick-meta":"","astra-migrate-meta-layouts":"default","ast-page-background-enabled":"default","ast-page-background-meta":{"desktop":{"background-color":"","background-image":"","background-repeat":"repeat","background-position":"center center","background-size":"auto","background-attachment":"scroll","background-type":"","background-media":"","overlay-type":"","overlay-color":"","overlay-opacity":"","overlay-gradient":""},"tablet":{"background-color":"","background-image":"","background-repeat":"repeat","background-position":"center center","background-size":"auto","background-attachment":"scroll","background-type":"","background-media":"","overlay-type":"","overlay-color":"","overlay-opacity":"","overlay-gradient":""},"mobile":{"background-color":"","background-image":"","background-repeat":"repeat","background-position":"center center","background-size":"auto","background-attachment":"scroll","background-type":"","background-media":"","overlay-type":"","overlay-color":"","overlay-opacity":"","overlay-gradient":""}},"ast-content-background-meta":{"desktop":{"background-color":"var(--ast-global-color-5)","background-image":"","background-repeat":"repeat","background-position":"center center","background-size":"auto","background-attachment":"scroll","background-type":"","background-media":"","overlay-type":"","overlay-color":"","overlay-opacity":"","overlay-gradient":""},"tablet":{"background-color":"var(--ast-global-color-5)","background-image":"","background-repeat":"repeat","background-position":"center center","background-size":"auto","background-attachment":"scroll","background-type":"","background-media":"","overlay-type":"","overlay-color":"","overlay-opacity":"","overlay-gradient":""},"mobile":{"background-color":"var(--ast-global-color-5)","background-image":"","background-repeat":"repeat","background-position":"center center","background-size":"auto","background-attachment":"scroll","background-type":"","background-media":"","overlay-type":"","overlay-color":"","overlay-opacity":"","overlay-gradient":""}},"footnotes":""},"class_list":["post-77","page","type-page","status-publish","has-post-thumbnail","hentry"],"aioseo_notices":[],"_links":{"self":[{"href":"https:\/\/essencial-portugal.com\/fr\/wp-json\/wp\/v2\/pages\/77","targetHints":{"allow":["GET"]}}],"collection":[{"href":"https:\/\/essencial-portugal.com\/fr\/wp-json\/wp\/v2\/pages"}],"about":[{"href":"https:\/\/essencial-portugal.com\/fr\/wp-json\/wp\/v2\/types\/page"}],"author":[{"embeddable":true,"href":"https:\/\/essencial-portugal.com\/fr\/wp-json\/wp\/v2\/users\/1"}],"replies":[{"embeddable":true,"href":"https:\/\/essencial-portugal.com\/fr\/wp-json\/wp\/v2\/comments?post=77"}],"version-history":[{"count":3,"href":"https:\/\/essencial-portugal.com\/fr\/wp-json\/wp\/v2\/pages\/77\/revisions"}],"predecessor-version":[{"id":10308,"href":"https:\/\/essencial-portugal.com\/fr\/wp-json\/wp\/v2\/pages\/77\/revisions\/10308"}],"up":[{"embeddable":true,"href":"https:\/\/essencial-portugal.com\/fr\/wp-json\/wp\/v2\/pages\/67"}],"wp:featuredmedia":[{"embeddable":true,"href":"https:\/\/essencial-portugal.com\/fr\/wp-json\/wp\/v2\/media\/41"}],"wp:attachment":[{"href":"https:\/\/essencial-portugal.com\/fr\/wp-json\/wp\/v2\/media?parent=77"}],"curies":[{"name":"wp","href":"https:\/\/api.w.org\/{rel}","templated":true}]}}