{"id":79,"date":"2018-03-23T16:00:58","date_gmt":"2018-03-23T16:00:58","guid":{"rendered":"https:\/\/essencial-portugal.com\/fr\/?page_id=79"},"modified":"2023-02-28T07:50:04","modified_gmt":"2023-02-28T07:50:04","slug":"certificat-de-registre-portugais","status":"publish","type":"page","link":"https:\/\/essencial-portugal.com\/fr\/installation-lisbonne-portugal\/certificat-de-registre-portugais\/","title":{"rendered":"Certificat de registre Europ\u00e9en"},"content":{"rendered":"<p><img fetchpriority=\"high\" decoding=\"async\" class=\"aligncenter wp-image-16 size-full\" src=\"https:\/\/essencial-portugal.com\/fr\/wp-content\/uploads\/2018\/03\/certificat-registre-residence-portugal.jpg\" alt=\"Certificat de r\u00e9sidence europ\u00e9en portugal\" width=\"659\" height=\"450\" srcset=\"https:\/\/essencial-portugal.com\/fr\/wp-content\/uploads\/2018\/03\/certificat-registre-residence-portugal.jpg 659w, https:\/\/essencial-portugal.com\/fr\/wp-content\/uploads\/2018\/03\/certificat-registre-residence-portugal-300x205.jpg 300w\" sizes=\"(max-width: 659px) 100vw, 659px\" \/><\/p>\n<p>Le certificat de r\u00e9sidence dont vous aurez besoin pour vous installer au Portugal d\u00e9pendra du pays depuis lequel vous arrivez et de votre dur\u00e9e de s\u00e9jour. Le certificat n&rsquo;est en effet pas le m\u00eame si vous \u00eates r\u00e9sident de l&rsquo;Union Europ\u00e9enne ou non et si vous d\u00e9cidez de r\u00e9sider au Portugal plus ou moins de 3 mois. Si vous \u00eates r\u00e9sident de l&rsquo;UE et que vous souhaitez simplement venir 3 mois au Portugal, alors il ne vous faut qu&rsquo;une carte d&rsquo;identit\u00e9 valable et aucune d\u00e9marche administrative particuli\u00e8re n&rsquo;est demand\u00e9e. Nous nous int\u00e9resserons ici au cas des francophones souhaitant venir vivre d\u00e9finitivement au Portugal, \u00e0 Lisbonne ou ailleurs.<\/p>\n<blockquote><p>Si vous souhaitez vous faire accompagner dans votre expatriation au Portugal, utilisez le bouton ci-dessous et remplissez le formulaire d\u00e9di\u00e9. Selon votre demande, je la transf\u00e9rerais \u00e0 Lucy, francophone install\u00e9e dans le pays depuis plus de 15 ans qui pourra vous accompagner dans de nombreuses d\u00e9marches : expatriation globale, recherche immobili\u00e8re, ouverture d&rsquo;un compte en banque, d\u00e9marches administratives&#8230;<\/p><\/blockquote>\n<p>&nbsp;<\/p>\n<p style=\"text-align: center;\"><a class=\"Cbutton\" href=\"#formulaire\" rel=\"noopener noreferrer\">FORMULAIRE<\/a><\/p>\n<h2>Obtenir un certificat de registre Europ\u00e9en<\/h2>\n<p>Ce certificat de r\u00e9sidence portugais vous sera indispensable puisque comme indiqu\u00e9 dans les <a href=\"https:\/\/essencial-portugal.com\/fr\/installation-lisbonne-portugal\/obtenir-numero-identification-fiscal\/\">d\u00e9marches d&rsquo;obtention de votre Num\u00e9ro d&rsquo;Identification Fiscal au Portugal<\/a> (N\u00e9cessaire pour de nombreuses d\u00e9marches comme la location ou l&rsquo;<a href=\"https:\/\/essencial-portugal.com\/fr\/installation-lisbonne-portugal\/recherche-bien-immobilier\/\" target=\"_blank\" rel=\"noopener noreferrer\">achat immobilier<\/a>), il vous faudra pr\u00e9senter votre certificat de r\u00e9sidence aux Finan\u00e7as. Il est aussi appel\u00e9 <strong>Certificat de registre Europ\u00e9en<\/strong> et vous permettra d&rsquo;effectuer vos premi\u00e8res d\u00e9marches.<\/p>\n<p>Pour un citoyen Europ\u00e9en, il faudra en premier temps obtenir un certificat de registre aupr\u00e8s de la\u00a0C\u00e2mara Municipal (Pr\u00e9fecture) ou dans une Loja de Cidado. Des espaces dans lesquels il est possible d&rsquo;effectuer de nombreuses d\u00e9marches administratives portugaises. Attention, l&rsquo;obtention de ce certificat n\u00e9cessite une adresse au Portugal: il vous faudra donc avant cela obtenir un NIF temporaire avant de retourner aux Finan\u00e7as avec le certificat de registre europ\u00e9en pour le transformer en NIF d\u00e9finitif.<\/p>\n<p>Les documents n\u00e9cessaires pour l&rsquo;obtention du certificat\u00a0 de r\u00e9sidence Europ\u00e9en sont :<\/p>\n<ul>\n<li>Une pi\u00e8ce d&rsquo;identit\u00e9 ou un passeport valide<\/li>\n<li>Une d\u00e9claration sur l&rsquo;honneur de la disposition d&rsquo;une activit\u00e9 professionnelle au Portugal &#8230; OU<\/li>\n<li>Une d\u00e9claration sur l&rsquo;honneur que vous disposez de suffisamment de ressources pour faire vivre votre famille, ainsi qu&rsquo;une <a href=\"https:\/\/essencial-portugal.com\/fr\/actualite-portugal\/mutuelles-au-portugal-comment-choisir\/\" target=\"_blank\" rel=\"noopener noreferrer\">assurance sant\u00e9 au Portugal<\/a><\/li>\n<\/ul>\n<p>Le certificat de registre est valable 5 ans et devra \u00eatre modifi\u00e9 si vous changez de district. Il se peut que certaines administrations vous demandent de fournir une copie de votre bail en cas de location par exemple, pour v\u00e9rifier votre adresse. Il vous faudra payer \u00e0 la Loja de Cidadao 15\u20ac par adulte et 7,5\u20ac par enfant de moins de 6 ans pour l&rsquo;obtention du <strong>certificat de registre Europ\u00e9en<\/strong>.<\/p>\n<p><img decoding=\"async\" class=\"aligncenter wp-image-26 size-full\" src=\"https:\/\/essencial-portugal.com\/fr\/wp-content\/uploads\/2018\/03\/demarche-administratives-portugal-loja-cidado.jpg\" alt=\"Loja de cidado Portugal\" width=\"922\" height=\"614\" srcset=\"https:\/\/essencial-portugal.com\/fr\/wp-content\/uploads\/2018\/03\/demarche-administratives-portugal-loja-cidado.jpg 922w, https:\/\/essencial-portugal.com\/fr\/wp-content\/uploads\/2018\/03\/demarche-administratives-portugal-loja-cidado-300x200.jpg 300w, https:\/\/essencial-portugal.com\/fr\/wp-content\/uploads\/2018\/03\/demarche-administratives-portugal-loja-cidado-768x511.jpg 768w\" sizes=\"(max-width: 922px) 100vw, 922px\" \/><\/p>\n<div id=\"formulaire\"><\/div>\n<h2>Confiez-nous vos d\u00e9marches administratives<\/h2>\n<p>L&rsquo;obtention de ce certificat comme la r\u00e9alisation d&rsquo;autres d\u00e9marches administratives au Portugal peut \u00eatre difficile si vous ne ma\u00eetrisez pas la langue ou que le temps comme l&rsquo;envie vous manquent. Je vous propose de vous mettre en relation avec Lucy, fran\u00e7aise pr\u00e9sente au Portugal depuis plus de 15 ans et qui vous accompagnera dans vos d\u00e9marches administratives pour vous installer \u00e0 Lisbonne ou dans la r\u00e9gion:<\/p>\n<ul>\n<li>Elle prendra connaissance de votre projet<\/li>\n<li>Elle s&rsquo;assurera que vous ayez tous les documents n\u00e9cessaires pour vos d\u00e9marches d&rsquo;expatriation<\/li>\n<li>Elle vous accompagnera dans les administrations portugaises<\/li>\n<li>Elle s&rsquo;assurera que vous compreniez tout le processus et obteniez les documents administratifs finaux<\/li>\n<\/ul>\n<blockquote><p>Indiquez lors de votre prise de contact les services dont vous avez besoin.<\/p><\/blockquote>\n<p style=\"text-align: center;\"><div class=\"wpforms-container wpforms-container-full\" id=\"wpforms-4006\"><form id=\"wpforms-form-4006\" class=\"wpforms-validate wpforms-form\" data-formid=\"4006\" method=\"post\" enctype=\"multipart\/form-data\" action=\"\/fr\/wp-json\/wp\/v2\/pages\/79\" data-token=\"cbbc5f14c9963b3468f4ad02e328b6b4\" data-token-time=\"1776655982\"><noscript class=\"wpforms-error-noscript\">Veuillez activer JavaScript dans votre navigateur pour remplir ce formulaire.<\/noscript><div class=\"wpforms-field-container\"><div id=\"wpforms-4006-field_0-container\" class=\"wpforms-field wpforms-field-name\" data-field-id=\"0\"><label class=\"wpforms-field-label\">Nom <span class=\"wpforms-required-label\">*<\/span><\/label><div class=\"wpforms-field-row wpforms-field-medium\"><div class=\"wpforms-field-row-block wpforms-first wpforms-one-half\"><input type=\"text\" id=\"wpforms-4006-field_0\" class=\"wpforms-field-name-first wpforms-field-required\" name=\"wpforms[fields][0][first]\" required><label for=\"wpforms-4006-field_0\" class=\"wpforms-field-sublabel after\">Pr\u00e9nom<\/label><\/div><div class=\"wpforms-field-row-block wpforms-one-half\"><input type=\"text\" id=\"wpforms-4006-field_0-last\" class=\"wpforms-field-name-last wpforms-field-required\" name=\"wpforms[fields][0][last]\" required><label for=\"wpforms-4006-field_0-last\" class=\"wpforms-field-sublabel after\">Nom<\/label><\/div><\/div><\/div><div id=\"wpforms-4006-field_1-container\" class=\"wpforms-field wpforms-field-email\" data-field-id=\"1\"><label class=\"wpforms-field-label\" for=\"wpforms-4006-field_1\">E-mail <span class=\"wpforms-required-label\">*<\/span><\/label><input type=\"email\" id=\"wpforms-4006-field_1\" class=\"wpforms-field-medium wpforms-field-required\" name=\"wpforms[fields][1]\" spellcheck=\"false\" required><\/div><div id=\"wpforms-4006-field_6-container\" class=\"wpforms-field wpforms-field-phone\" data-field-id=\"6\"><label class=\"wpforms-field-label\" for=\"wpforms-4006-field_6\">T\u00e9l\u00e9phone <span class=\"wpforms-required-label\">*<\/span><\/label><input type=\"tel\" id=\"wpforms-4006-field_6\" class=\"wpforms-field-medium wpforms-field-required wpforms-smart-phone-field\" data-rule-smart-phone-field=\"true\" name=\"wpforms[fields][6]\" aria-label=\"T\u00e9l\u00e9phone\" required><\/div><div id=\"wpforms-4006-field_5-container\" class=\"wpforms-field wpforms-field-text\" data-field-id=\"5\"><label class=\"wpforms-field-label\" for=\"wpforms-4006-field_5\">Objet <span class=\"wpforms-required-label\">*<\/span><\/label><input type=\"text\" id=\"wpforms-4006-field_5\" class=\"wpforms-field-medium wpforms-field-required\" name=\"wpforms[fields][5]\" required><\/div><div id=\"wpforms-4006-field_2-container\" class=\"wpforms-field wpforms-field-textarea\" data-field-id=\"2\"><label class=\"wpforms-field-label\" for=\"wpforms-4006-field_2\">Votre projet \/ Vos besoins <span class=\"wpforms-required-label\">*<\/span><\/label><textarea id=\"wpforms-4006-field_2\" class=\"wpforms-field-medium wpforms-field-required\" name=\"wpforms[fields][2]\" required><\/textarea><\/div><\/div><!-- .wpforms-field-container --><div class=\"wpforms-field wpforms-field-hp\"><label for=\"wpforms-4006-field-hp\" class=\"wpforms-field-label\">Message<\/label><input type=\"text\" name=\"wpforms[hp]\" id=\"wpforms-4006-field-hp\" class=\"wpforms-field-medium\"><\/div><div class=\"wpforms-submit-container\" ><input type=\"hidden\" name=\"wpforms[id]\" value=\"4006\"><input type=\"hidden\" name=\"page_title\" value=\"\"><input type=\"hidden\" name=\"page_url\" value=\"https:\/\/essencial-portugal.com\/fr\/wp-json\/wp\/v2\/pages\/79\"><input type=\"hidden\" name=\"url_referer\" value=\"\"><button type=\"submit\" name=\"wpforms[submit]\" id=\"wpforms-submit-4006\" class=\"wpforms-submit\" data-alt-text=\"Envoi...\" data-submit-text=\"Envoyer\" aria-live=\"assertive\" value=\"wpforms-submit\">Envoyer<\/button><\/div><\/form><\/div>  <!-- .wpforms-container --><\/p>\n<blockquote><p>En validant le formulaire de contact, vous m&rsquo;autorisez \u00e0 transmettre votre demande \u00e0 une personne francophone qui pourra vous recontacter directement. Rien n&rsquo;est automatis\u00e9 : ce sont des personnes que je connais, bas\u00e9es \u00e0 Lisbonne et qui sont qualifi\u00e9es pour vous accompagner dans votre d\u00e9marche &amp; votre projet.<\/p><\/blockquote>\n","protected":false},"excerpt":{"rendered":"<p>Le certificat de r\u00e9sidence dont vous aurez besoin pour vous installer au Portugal d\u00e9pendra du pays depuis lequel vous arrivez et de votre dur\u00e9e de s\u00e9jour. Le certificat n&rsquo;est en effet pas le m\u00eame si vous \u00eates r\u00e9sident de l&rsquo;Union Europ\u00e9enne ou non et si vous d\u00e9cidez de r\u00e9sider au Portugal plus ou moins de [&hellip;]<\/p>\n","protected":false},"author":1,"featured_media":16,"parent":67,"menu_order":0,"comment_status":"closed","ping_status":"closed","template":"","meta":{"om_disable_all_campaigns":false,"_monsterinsights_skip_tracking":false,"_monsterinsights_sitenote_active":false,"_monsterinsights_sitenote_note":"","_monsterinsights_sitenote_category":0,"_uf_show_specific_survey":0,"_uf_disable_surveys":false,"site-sidebar-layout":"default","site-content-layout":"default","ast-site-content-layout":"default","site-content-style":"default","site-sidebar-style":"default","ast-global-header-display":"","ast-banner-title-visibility":"","ast-main-header-display":"","ast-hfb-above-header-display":"","ast-hfb-below-header-display":"","ast-hfb-mobile-header-display":"","site-post-title":"","ast-breadcrumbs-content":"","ast-featured-img":"","footer-sml-layout":"","ast-disable-related-posts":"","theme-transparent-header-meta":"default","adv-header-id-meta":"","stick-header-meta":"","header-above-stick-meta":"","header-main-stick-meta":"","header-below-stick-meta":"","astra-migrate-meta-layouts":"default","ast-page-background-enabled":"default","ast-page-background-meta":{"desktop":{"background-color":"","background-image":"","background-repeat":"repeat","background-position":"center center","background-size":"auto","background-attachment":"scroll","background-type":"","background-media":"","overlay-type":"","overlay-color":"","overlay-opacity":"","overlay-gradient":""},"tablet":{"background-color":"","background-image":"","background-repeat":"repeat","background-position":"center center","background-size":"auto","background-attachment":"scroll","background-type":"","background-media":"","overlay-type":"","overlay-color":"","overlay-opacity":"","overlay-gradient":""},"mobile":{"background-color":"","background-image":"","background-repeat":"repeat","background-position":"center center","background-size":"auto","background-attachment":"scroll","background-type":"","background-media":"","overlay-type":"","overlay-color":"","overlay-opacity":"","overlay-gradient":""}},"ast-content-background-meta":{"desktop":{"background-color":"var(--ast-global-color-5)","background-image":"","background-repeat":"repeat","background-position":"center center","background-size":"auto","background-attachment":"scroll","background-type":"","background-media":"","overlay-type":"","overlay-color":"","overlay-opacity":"","overlay-gradient":""},"tablet":{"background-color":"var(--ast-global-color-5)","background-image":"","background-repeat":"repeat","background-position":"center center","background-size":"auto","background-attachment":"scroll","background-type":"","background-media":"","overlay-type":"","overlay-color":"","overlay-opacity":"","overlay-gradient":""},"mobile":{"background-color":"var(--ast-global-color-5)","background-image":"","background-repeat":"repeat","background-position":"center center","background-size":"auto","background-attachment":"scroll","background-type":"","background-media":"","overlay-type":"","overlay-color":"","overlay-opacity":"","overlay-gradient":""}},"footnotes":""},"class_list":["post-79","page","type-page","status-publish","has-post-thumbnail","hentry"],"aioseo_notices":[],"_links":{"self":[{"href":"https:\/\/essencial-portugal.com\/fr\/wp-json\/wp\/v2\/pages\/79","targetHints":{"allow":["GET"]}}],"collection":[{"href":"https:\/\/essencial-portugal.com\/fr\/wp-json\/wp\/v2\/pages"}],"about":[{"href":"https:\/\/essencial-portugal.com\/fr\/wp-json\/wp\/v2\/types\/page"}],"author":[{"embeddable":true,"href":"https:\/\/essencial-portugal.com\/fr\/wp-json\/wp\/v2\/users\/1"}],"replies":[{"embeddable":true,"href":"https:\/\/essencial-portugal.com\/fr\/wp-json\/wp\/v2\/comments?post=79"}],"version-history":[{"count":0,"href":"https:\/\/essencial-portugal.com\/fr\/wp-json\/wp\/v2\/pages\/79\/revisions"}],"up":[{"embeddable":true,"href":"https:\/\/essencial-portugal.com\/fr\/wp-json\/wp\/v2\/pages\/67"}],"wp:featuredmedia":[{"embeddable":true,"href":"https:\/\/essencial-portugal.com\/fr\/wp-json\/wp\/v2\/media\/16"}],"wp:attachment":[{"href":"https:\/\/essencial-portugal.com\/fr\/wp-json\/wp\/v2\/media?parent=79"}],"curies":[{"name":"wp","href":"https:\/\/api.w.org\/{rel}","templated":true}]}}