{"id":81,"date":"2018-03-23T16:04:21","date_gmt":"2018-03-23T16:04:21","guid":{"rendered":"https:\/\/essencial-portugal.com\/fr\/?page_id=81"},"modified":"2023-02-28T07:50:53","modified_gmt":"2023-02-28T07:50:53","slug":"eau-gaz-electricite","status":"publish","type":"page","link":"https:\/\/essencial-portugal.com\/fr\/installation-lisbonne-portugal\/eau-gaz-electricite\/","title":{"rendered":"Contrats d&rsquo;eau, gaz et \u00e9lectricit\u00e9"},"content":{"rendered":"<p><img fetchpriority=\"high\" decoding=\"async\" class=\"aligncenter wp-image-45 size-full\" src=\"https:\/\/essencial-portugal.com\/fr\/wp-content\/uploads\/2018\/03\/ouvrir-contrat-eau-electricite-portugal.jpg\" alt=\"Contrat d'eau et d\u2019\u00e9lectricit\u00e9 u Portugal\" width=\"716\" height=\"275\" srcset=\"https:\/\/essencial-portugal.com\/fr\/wp-content\/uploads\/2018\/03\/ouvrir-contrat-eau-electricite-portugal.jpg 716w, https:\/\/essencial-portugal.com\/fr\/wp-content\/uploads\/2018\/03\/ouvrir-contrat-eau-electricite-portugal-300x115.jpg 300w\" sizes=\"(max-width: 716px) 100vw, 716px\" \/><\/p>\n<p>Pour <strong>souscrire \u00e0 un contrat de gaz, d&rsquo;\u00e9lectricit\u00e9 ou d&rsquo;eau au Portugal<\/strong> rien de plus simple, \u00e0 condition de pouvoir vous rendre directement dans les \u00e9tablissements concern\u00e9s avec les documents n\u00e9cessaires. Comme pour de nombreuses d\u00e9marches le temps d&rsquo;attente peut \u00eatre long, en esp\u00e9rant que vous n&rsquo;ayez pas \u00e0 y retourner pour cause de pi\u00e8ces manquantes \u00e0 votre dossier.<\/p>\n<p>Il s\u2019agira de l&rsquo;<strong>une des premi\u00e8res \u00e9tapes d&rsquo;installation \u00e0 Lisbonne<\/strong> ou ailleurs avec votre location ou votre <a href=\"https:\/\/essencial-portugal.com\/fr\/installation-lisbonne-portugal\/recherche-bien-immobilier\/\" target=\"_blank\" rel=\"noopener noreferrer\">achat immobilier au Portugal<\/a>. Sachez que certaines location n&rsquo;ont pas d&rsquo;\u00e9lectricit\u00e9 au premier jour de votre installation et qu&rsquo;il faudra donc anticiper les choses ou accepter cette situation le temps de la mise en place de votre contrat. Ce dernier peut \u00e9galement dans le cas d&rsquo;une location et pour plus de praticit\u00e9, rester au nom de votre propri\u00e9taire afin qu&rsquo;il n&rsquo;y ai aucune coupure.<\/p>\n<h2>Ouvrir un contrat d&rsquo;\u00e9lectricit\u00e9 au Portugal<\/h2>\n<p>Vous aurez besoin de divers documents pour ouvrir votre contrat d&rsquo;<strong>\u00e9lectricit\u00e9 au Portugal<\/strong> :<\/p>\n<ul>\n<li>Votre carte d&rsquo;identit\u00e9, passeport ou permis de conduire<\/li>\n<li>Votre num\u00e9ro de contribuinte (NIF)<\/li>\n<li>Votre contrat de location ou preuve d&rsquo;achat<\/li>\n<li>Un RIB (Relev\u00e9 d&rsquo;Identit\u00e9 Bancaire)<\/li>\n<\/ul>\n<p>Il existe des cas particulier pour les immeubles, qui n\u00e9cessiteront votre contrat d&rsquo;exploitation. Il en est de m\u00eame pour les entreprises : il vous faudra dans ce cas la carte d&rsquo;identification de l&rsquo;<a href=\"https:\/\/essencial-portugal.com\/fr\/entreprise-portugal\/\" target=\"_blank\" rel=\"noopener noreferrer\">entreprise au Portugal<\/a> ou ailleurs et votre contrat de soci\u00e9t\u00e9.<\/p>\n<p>Il existe diff\u00e9rents prestataires comme\u00a0EDP, Endesa, Gold energy, Galp&#8230; Ils proposent des <strong>contrats pour le gaz et l&rsquo;\u00e9lectricit\u00e9<\/strong>. Vous pouvez \u00e9galement choisir aussi de souscrire dans diff\u00e9rentes soci\u00e9t\u00e9s un contrat pour chaque \u00e9nergie. Sachant que <a href=\"https:\/\/www.edp.pt\/particulares\/\">EDP<\/a> est la plus r\u00e9pandue au Portugal et que les prix peuvent varier d&rsquo;un fournisseur \u00e0 l&rsquo;autre.<\/p>\n<p>Il faut garder \u00e0 l&rsquo;esprit que l&rsquo;\u00e9lectricit\u00e9 est globalement plus ch\u00e8re qu&rsquo;en France et que les logements sont g\u00e9n\u00e9ralement peu isol\u00e9s. La consommation d&rsquo;\u00e9lectricit\u00e9 est donc plus importante l&rsquo;hiver au Portugal mais tr\u00e8s faible le reste de l&rsquo;ann\u00e9e o\u00f9 il fait g\u00e9n\u00e9ralement tr\u00e8s chaud. Il est donc important de calculer votre budget d&rsquo;\u00e9lectricit\u00e9 sur l&rsquo;ann\u00e9e.<\/p>\n<p><img decoding=\"async\" class=\"aligncenter wp-image-19\" src=\"https:\/\/essencial-portugal.com\/fr\/wp-content\/uploads\/2018\/03\/contrat-electricite-portugal-edp.jpg\" alt=\"Contrat d'\u00e9lectricit\u00e9 EDP Lisbonne\" width=\"626\" height=\"416\" srcset=\"https:\/\/essencial-portugal.com\/fr\/wp-content\/uploads\/2018\/03\/contrat-electricite-portugal-edp.jpg 485w, https:\/\/essencial-portugal.com\/fr\/wp-content\/uploads\/2018\/03\/contrat-electricite-portugal-edp-300x200.jpg 300w\" sizes=\"(max-width: 626px) 100vw, 626px\" \/><\/p>\n<h2>Ouvrir un contrat d&rsquo;eau portugais<\/h2>\n<p>Il existe plusieurs cas de figure. Certaines localisations au Portugal vous fourniront l&rsquo;eau gratuitement : celle-ci n&rsquo;est bien s\u00fbr pas trait\u00e9e et impropre \u00e0 la consommation mais vous pourriez y trouver un int\u00e9r\u00eat si vous achetez une maison avec un grand jardin, une piscine ou 3 salles de bains occup\u00e9es tous les matins. L&rsquo;eau reste tout \u00e0 fait propre pour l&rsquo;hygi\u00e8ne du corps mais il vous faudra en contrepartie acheter de l&rsquo;eau en bidons pour faire la cuisine ou boire.<\/p>\n<p>D&rsquo;autres localisations ne vous laissent pas le choix d&rsquo;une eau trait\u00e9e et propre \u00e0 la consommation. Celle-ci est payante et la compagnie des eaux varie d&rsquo;une localisation \u00e0 une autre. Vous aurez par exemple la compagnie <a href=\"https:\/\/www.mafra-bewater.com.pt\/\">BEWATER<\/a> si vous r\u00e9sidez \u00e0\u00a0Mafra ou <a href=\"http:\/\/www.smas-leiria.pt\/\">SMAS Leira<\/a> si vous r\u00e9sidez \u00e0 Leiria. Le prix de l&rsquo;eau varie d&rsquo;une compagnie \u00e0 une autre mais comptez en moyenne 20\u20ac par mois pour une utilisation r\u00e9guli\u00e8re d&rsquo;un couple avec un enfant.<\/p>\n<p>Comme pour votre contrat d&rsquo;\u00e9lectricit\u00e9, il vous sera demand\u00e9 de pr\u00e9senter certains documents pour son ouverture :<\/p>\n<ul>\n<li>Un document d&rsquo;identit\u00e9 (type passeport\u00a0; pi\u00e8ce d\u2019identit\u00e9)<\/li>\n<li>Votre num\u00e9ro fiscal (NIF) appel\u00e9 \u00ab\u00a0num\u00e9ro de contribuente\u00a0\u00bb<\/li>\n<li>Votre contrat d&rsquo;achat ou de location de votre logement<\/li>\n<li>un RIB si vous souhaitez proc\u00e9der \u00e0 des pr\u00e9l\u00e8vements bancaire<\/li>\n<\/ul>\n<p>Dans le cas o\u00f9 vous ne souhaitez pas \u00eatre pr\u00e9lev\u00e9 automatiquement sur votre compte bancaire, sachez que vous avez la possibilit\u00e9 de proc\u00e9der au paiement de vos factures par le biais des distributeurs automatiques de billets appel\u00e9s \u00ab\u00a0Multibanco\u00a0\u00bb qui se trouvent de partout en ville : ils permettent de faire le paiement de services tels que les factures de gaz, d\u2019\u00e9lectricit\u00e9 ou d\u2019eau directement chaque mois.<\/p>\n<p>L&rsquo;intervention de techniciens dans votre logement sera n\u00e9cessaire afin de proc\u00e9der au relev\u00e9 de vos compteurs et\/ou \u00e9ventuellement de en place l\u2019arriv\u00e9e de gaz, d\u2019\u00e9lectricit\u00e9 ou d\u2019eau pour certains logements.<\/p>\n<h2>Ouvrir un contrat de gaz<\/h2>\n<p>Il existe au Portugal deux cas de figure \u00e9galement pour avoir acc\u00e8s au gaz. A Lisbonne, vous devrez tr\u00e8s certainement ouvrir un compte aupr\u00e8s d&rsquo;une soci\u00e9t\u00e9 sp\u00e9cialis\u00e9e. Mais il se peut ailleurs que vous deviez acheter des bouteilles de gaz qu&rsquo;il faudra changer r\u00e9guli\u00e8rement. En tant qu&rsquo;utilisateur de ce syst\u00e8me, je vous conseille d&rsquo;avoir toujours une bouteille de gaz de rechange pour ne pas vous retrouver dans une situation d\u00e9plaisante. Il faudra compter en moyenne une bouteille \u00e0 une bouteille et demi de gaz tous les deux mois. Celles-ci sont factur\u00e9es environ 25\u20ac la bouteille. Le prix sera plus \u00e9lev\u00e9 dans le cas o\u00f9 vous n&rsquo;amenez pas votre bouteille vide \u00e0 l&rsquo;achat de la nouvelle.<\/p>\n<p>Sachez \u00e9galement qu&rsquo;il existe des soci\u00e9t\u00e9s qui vous livrent et vous installent directement vos bouteilles de gaz \u00e0\u00a0 domicile. Il suffit de les appeler le matin pour avoir vos bouteilles neuves dans les deux heures qui suivent.<\/p>\n<p><img decoding=\"async\" class=\"aligncenter wp-image-37\" src=\"https:\/\/essencial-portugal.com\/fr\/wp-content\/uploads\/2018\/03\/livraison-gaz-domicile-portugal.png\" alt=\"Livraison de gaz \u00e0 domicile au portugal\" width=\"639\" height=\"358\" srcset=\"https:\/\/essencial-portugal.com\/fr\/wp-content\/uploads\/2018\/03\/livraison-gaz-domicile-portugal.png 400w, https:\/\/essencial-portugal.com\/fr\/wp-content\/uploads\/2018\/03\/livraison-gaz-domicile-portugal-300x168.png 300w\" sizes=\"(max-width: 639px) 100vw, 639px\" \/><\/p>\n","protected":false},"excerpt":{"rendered":"<p>Pour souscrire \u00e0 un contrat de gaz, d&rsquo;\u00e9lectricit\u00e9 ou d&rsquo;eau au Portugal rien de plus simple, \u00e0 condition de pouvoir vous rendre directement dans les \u00e9tablissements concern\u00e9s avec les documents n\u00e9cessaires. Comme pour de nombreuses d\u00e9marches le temps d&rsquo;attente peut \u00eatre long, en esp\u00e9rant que vous n&rsquo;ayez pas \u00e0 y retourner pour cause de pi\u00e8ces [&hellip;]<\/p>\n","protected":false},"author":1,"featured_media":45,"parent":67,"menu_order":0,"comment_status":"closed","ping_status":"closed","template":"","meta":{"om_disable_all_campaigns":false,"_monsterinsights_skip_tracking":false,"_monsterinsights_sitenote_active":false,"_monsterinsights_sitenote_note":"","_monsterinsights_sitenote_category":0,"_uf_show_specific_survey":0,"_uf_disable_surveys":false,"site-sidebar-layout":"default","site-content-layout":"default","ast-site-content-layout":"default","site-content-style":"default","site-sidebar-style":"default","ast-global-header-display":"","ast-banner-title-visibility":"","ast-main-header-display":"","ast-hfb-above-header-display":"","ast-hfb-below-header-display":"","ast-hfb-mobile-header-display":"","site-post-title":"","ast-breadcrumbs-content":"","ast-featured-img":"","footer-sml-layout":"","ast-disable-related-posts":"","theme-transparent-header-meta":"default","adv-header-id-meta":"","stick-header-meta":"","header-above-stick-meta":"","header-main-stick-meta":"","header-below-stick-meta":"","astra-migrate-meta-layouts":"default","ast-page-background-enabled":"default","ast-page-background-meta":{"desktop":{"background-color":"","background-image":"","background-repeat":"repeat","background-position":"center center","background-size":"auto","background-attachment":"scroll","background-type":"","background-media":"","overlay-type":"","overlay-color":"","overlay-opacity":"","overlay-gradient":""},"tablet":{"background-color":"","background-image":"","background-repeat":"repeat","background-position":"center center","background-size":"auto","background-attachment":"scroll","background-type":"","background-media":"","overlay-type":"","overlay-color":"","overlay-opacity":"","overlay-gradient":""},"mobile":{"background-color":"","background-image":"","background-repeat":"repeat","background-position":"center center","background-size":"auto","background-attachment":"scroll","background-type":"","background-media":"","overlay-type":"","overlay-color":"","overlay-opacity":"","overlay-gradient":""}},"ast-content-background-meta":{"desktop":{"background-color":"var(--ast-global-color-5)","background-image":"","background-repeat":"repeat","background-position":"center center","background-size":"auto","background-attachment":"scroll","background-type":"","background-media":"","overlay-type":"","overlay-color":"","overlay-opacity":"","overlay-gradient":""},"tablet":{"background-color":"var(--ast-global-color-5)","background-image":"","background-repeat":"repeat","background-position":"center center","background-size":"auto","background-attachment":"scroll","background-type":"","background-media":"","overlay-type":"","overlay-color":"","overlay-opacity":"","overlay-gradient":""},"mobile":{"background-color":"var(--ast-global-color-5)","background-image":"","background-repeat":"repeat","background-position":"center center","background-size":"auto","background-attachment":"scroll","background-type":"","background-media":"","overlay-type":"","overlay-color":"","overlay-opacity":"","overlay-gradient":""}},"footnotes":""},"class_list":["post-81","page","type-page","status-publish","has-post-thumbnail","hentry"],"aioseo_notices":[],"_links":{"self":[{"href":"https:\/\/essencial-portugal.com\/fr\/wp-json\/wp\/v2\/pages\/81","targetHints":{"allow":["GET"]}}],"collection":[{"href":"https:\/\/essencial-portugal.com\/fr\/wp-json\/wp\/v2\/pages"}],"about":[{"href":"https:\/\/essencial-portugal.com\/fr\/wp-json\/wp\/v2\/types\/page"}],"author":[{"embeddable":true,"href":"https:\/\/essencial-portugal.com\/fr\/wp-json\/wp\/v2\/users\/1"}],"replies":[{"embeddable":true,"href":"https:\/\/essencial-portugal.com\/fr\/wp-json\/wp\/v2\/comments?post=81"}],"version-history":[{"count":0,"href":"https:\/\/essencial-portugal.com\/fr\/wp-json\/wp\/v2\/pages\/81\/revisions"}],"up":[{"embeddable":true,"href":"https:\/\/essencial-portugal.com\/fr\/wp-json\/wp\/v2\/pages\/67"}],"wp:featuredmedia":[{"embeddable":true,"href":"https:\/\/essencial-portugal.com\/fr\/wp-json\/wp\/v2\/media\/45"}],"wp:attachment":[{"href":"https:\/\/essencial-portugal.com\/fr\/wp-json\/wp\/v2\/media?parent=81"}],"curies":[{"name":"wp","href":"https:\/\/api.w.org\/{rel}","templated":true}]}}