{"id":83,"date":"2018-03-23T16:07:16","date_gmt":"2018-03-23T16:07:16","guid":{"rendered":"https:\/\/essencial-portugal.com\/fr\/?page_id=83"},"modified":"2023-02-28T07:50:33","modified_gmt":"2023-02-28T07:50:33","slug":"contrat-de-telephonie-et-dinternet-portugais","status":"publish","type":"page","link":"https:\/\/essencial-portugal.com\/fr\/installation-lisbonne-portugal\/contrat-de-telephonie-et-dinternet-portugais\/","title":{"rendered":"Contrat de t\u00e9l\u00e9phonie et d&rsquo;internet portugais"},"content":{"rendered":"<p><img fetchpriority=\"high\" decoding=\"async\" class=\"aligncenter wp-image-46 size-full\" src=\"https:\/\/essencial-portugal.com\/fr\/wp-content\/uploads\/2018\/03\/ouvrir-contrat-telephone-internet-portugal.png\" alt=\"Contrat internet et t\u00e9l\u00e9phone au Portugal\" width=\"696\" height=\"496\" srcset=\"https:\/\/essencial-portugal.com\/fr\/wp-content\/uploads\/2018\/03\/ouvrir-contrat-telephone-internet-portugal.png 696w, https:\/\/essencial-portugal.com\/fr\/wp-content\/uploads\/2018\/03\/ouvrir-contrat-telephone-internet-portugal-300x214.png 300w\" sizes=\"(max-width: 696px) 100vw, 696px\" \/><\/p>\n<p>Il existe au Portugal de nombreux fournisseurs d&rsquo;internet ADSL ou Fibre et de t\u00e9l\u00e9phonie mobile et fixe. Les plus connus \u00e9tant Vodafone , NOS ou encore MEO. Ces fournisseurs vous proposent diff\u00e9rents packs \u00e0 partir de 30\u20ac comprenant des services tels que<\/p>\n<ul>\n<li>Internet illimit\u00e9<\/li>\n<li>Un pack de chaines de t\u00e9l\u00e9vision (Dont M6, France24, TV5 monde et Arte pour les fran\u00e7ais)<\/li>\n<li>Le t\u00e9l\u00e9phone fixe en illimit\u00e9 au Portugal et\/ou \u00e0 l&rsquo;\u00e9tranger<\/li>\n<li>Des offres pour mobiles avec acc\u00e8s internet illimit\u00e9 sur les mobiles et fixe au Portugal<\/li>\n<\/ul>\n<p>Tout comme dans d&rsquo;autres pays francophones, la dur\u00e9e des abonnement internet et t\u00e9l\u00e9phone au Portugal sont de 12 ou 24 mois. Vous pouvez ici obtenir de grosses r\u00e9ductions ou un paiement \u00e9chelonn\u00e9 int\u00e9ressant sur des t\u00e9l\u00e9phones mobiles derni\u00e8re g\u00e9n\u00e9ration \u00e0 votre souscription. Il est conseill\u00e9 de se rendre dans les 3 principales entreprises de t\u00e9l\u00e9phonie portugaises afin de conna\u00eetre ces offres et d\u2019opter pour la plus int\u00e9ressante. J&rsquo;ai personnellement obtenu chez NOS un Huawei P9 Lite gratuitement lors de mon engagement.<\/p>\n<p><img decoding=\"async\" class=\"alignnone size-full wp-image-44 aligncenter\" src=\"https:\/\/essencial-portugal.com\/fr\/wp-content\/uploads\/2018\/03\/offre-contrat-telephonie-nos-huawei.jpg\" alt=\"offre t\u00e9l\u00e9phonique nos lisbonne\" width=\"1024\" height=\"576\" srcset=\"https:\/\/essencial-portugal.com\/fr\/wp-content\/uploads\/2018\/03\/offre-contrat-telephonie-nos-huawei.jpg 1024w, https:\/\/essencial-portugal.com\/fr\/wp-content\/uploads\/2018\/03\/offre-contrat-telephonie-nos-huawei-300x169.jpg 300w, https:\/\/essencial-portugal.com\/fr\/wp-content\/uploads\/2018\/03\/offre-contrat-telephonie-nos-huawei-768x432.jpg 768w\" sizes=\"(max-width: 1024px) 100vw, 1024px\" \/><\/p>\n<p>Il est important de noter qu&rsquo;\u00e0 l&rsquo;heure o\u00f9 ce texte est r\u00e9dig\u00e9, le Portugal n&rsquo;a pas encore proc\u00e9d\u00e9 \u00e0 la gratuit\u00e9 des appels mobiles en Europe dans ses offres. Vous ne trouverez donc pas de forfaits illimit\u00e9s mobile en Europe et il vous faudra privil\u00e9gier les autres moyens de communication comme Skype ou Whatsapp. Ce changement est toutefois en cours et devrait s&rsquo;op\u00e9rer courant 2018.<\/p>\n<h2>Internet au Portugal : connexion et souscription<\/h2>\n<p>Contrairement aux id\u00e9es re\u00e7ues, la connexion au Portugal est tr\u00e8s rapide dans les grandes villes comme Lisbonne et dans d&rsquo;autres plus petites. La plupart des logements ont tout ce qu&rsquo;il faut pour installer un abonnement internet par la fibre et donc tr\u00e8s rapide. Je vous conseille tout de m\u00eame de demander en magasin la v\u00e9rification des installations sur votre nouvelle adresse en cas de d\u00e9m\u00e9nagement. Cette v\u00e9rification peut se faire par les agents \u00e0 distance par ordinateur.<\/p>\n<p>Vous pouvez proc\u00e9der \u00e0 la souscription des offres et services internet \/ t\u00e9l\u00e9phone aupr\u00e8s des nombreuses boutiques pr\u00e9sentes dans toutes les villes du Portugal. Il vous faudra pr\u00e9senter diff\u00e9rents documents tels que :<\/p>\n<ul>\n<li>Une pi\u00e8ce d&rsquo;identit\u00e9 ou passeport<\/li>\n<li>Un justificatif de domicile<\/li>\n<li>Un relev\u00e9 d&rsquo;identit\u00e9 bancaire pour les pr\u00e9l\u00e8vements automatique<\/li>\n<li>Votre <a href=\"https:\/\/essencial-portugal.com\/fr\/installation-lisbonne-portugal\/obtenir-numero-identification-fiscal\/\">num\u00e9ro de contribuente ( NIF)<\/a><\/li>\n<\/ul>\n<p>Sachez que fournir votre relev\u00e9 d&rsquo;identit\u00e9 bancaire\u00a0 (NIP) n&rsquo;est pas obligatoire. Il est possible de payer directement vos factures depuis les distributeurs automatiques de billets (MultiBanco). Cela \u00e9vitera les erreurs ou pr\u00e9l\u00e8vements erron\u00e9s sur votre compte bancaire portugais. Consultez notre page d&rsquo;<a href=\"https:\/\/essencial-portugal.com\/fr\/installation-lisbonne-portugal\/ouvrir-compte-banque-portugal\/\">ouverture d&rsquo;un compte en banque au Portugal<\/a> si votre choix n&rsquo;est pas encore fait.<\/p>\n<p>Une fois l&rsquo;offre souscrite la mise en service est rapide et est effectu\u00e9 au besoin par l&rsquo;intervention de techniciens \u00e0 votre domicile afin d&rsquo;installer \u00e9ventuellement une ligne par l&rsquo;ADSL ou la fibre. En cas de nouvelle souscription ou de contrat au nom d&rsquo;une <a href=\"https:\/\/essencial-portugal.com\/fr\/entreprise-portugal\/\" target=\"_blank\" rel=\"noopener noreferrer\">entreprise portugaise<\/a> ou \u00e9trang\u00e8re, il est possible de demander le remboursement de cette intervention qui peut se situer autour de 100 \u00e0 150\u20ac.<\/p>\n<p><img decoding=\"async\" class=\"size-full wp-image-20 aligncenter\" src=\"https:\/\/essencial-portugal.com\/fr\/wp-content\/uploads\/2018\/03\/contra-telephone-internet-portugal-nos.jpg\" alt=\"boutique t\u00e9l\u00e9phonie internet NOS\" width=\"624\" height=\"350\" srcset=\"https:\/\/essencial-portugal.com\/fr\/wp-content\/uploads\/2018\/03\/contra-telephone-internet-portugal-nos.jpg 624w, https:\/\/essencial-portugal.com\/fr\/wp-content\/uploads\/2018\/03\/contra-telephone-internet-portugal-nos-300x168.jpg 300w\" sizes=\"(max-width: 624px) 100vw, 624px\" \/><\/p>\n","protected":false},"excerpt":{"rendered":"<p>Il existe au Portugal de nombreux fournisseurs d&rsquo;internet ADSL ou Fibre et de t\u00e9l\u00e9phonie mobile et fixe. Les plus connus \u00e9tant Vodafone , NOS ou encore MEO. Ces fournisseurs vous proposent diff\u00e9rents packs \u00e0 partir de 30\u20ac comprenant des services tels que Internet illimit\u00e9 Un pack de chaines de t\u00e9l\u00e9vision (Dont M6, France24, TV5 monde [&hellip;]<\/p>\n","protected":false},"author":1,"featured_media":46,"parent":67,"menu_order":0,"comment_status":"closed","ping_status":"closed","template":"","meta":{"om_disable_all_campaigns":false,"_monsterinsights_skip_tracking":false,"_monsterinsights_sitenote_active":false,"_monsterinsights_sitenote_note":"","_monsterinsights_sitenote_category":0,"_uf_show_specific_survey":0,"_uf_disable_surveys":false,"site-sidebar-layout":"default","site-content-layout":"default","ast-site-content-layout":"default","site-content-style":"default","site-sidebar-style":"default","ast-global-header-display":"","ast-banner-title-visibility":"","ast-main-header-display":"","ast-hfb-above-header-display":"","ast-hfb-below-header-display":"","ast-hfb-mobile-header-display":"","site-post-title":"","ast-breadcrumbs-content":"","ast-featured-img":"","footer-sml-layout":"","ast-disable-related-posts":"","theme-transparent-header-meta":"default","adv-header-id-meta":"","stick-header-meta":"","header-above-stick-meta":"","header-main-stick-meta":"","header-below-stick-meta":"","astra-migrate-meta-layouts":"default","ast-page-background-enabled":"default","ast-page-background-meta":{"desktop":{"background-color":"","background-image":"","background-repeat":"repeat","background-position":"center center","background-size":"auto","background-attachment":"scroll","background-type":"","background-media":"","overlay-type":"","overlay-color":"","overlay-opacity":"","overlay-gradient":""},"tablet":{"background-color":"","background-image":"","background-repeat":"repeat","background-position":"center center","background-size":"auto","background-attachment":"scroll","background-type":"","background-media":"","overlay-type":"","overlay-color":"","overlay-opacity":"","overlay-gradient":""},"mobile":{"background-color":"","background-image":"","background-repeat":"repeat","background-position":"center center","background-size":"auto","background-attachment":"scroll","background-type":"","background-media":"","overlay-type":"","overlay-color":"","overlay-opacity":"","overlay-gradient":""}},"ast-content-background-meta":{"desktop":{"background-color":"var(--ast-global-color-5)","background-image":"","background-repeat":"repeat","background-position":"center center","background-size":"auto","background-attachment":"scroll","background-type":"","background-media":"","overlay-type":"","overlay-color":"","overlay-opacity":"","overlay-gradient":""},"tablet":{"background-color":"var(--ast-global-color-5)","background-image":"","background-repeat":"repeat","background-position":"center center","background-size":"auto","background-attachment":"scroll","background-type":"","background-media":"","overlay-type":"","overlay-color":"","overlay-opacity":"","overlay-gradient":""},"mobile":{"background-color":"var(--ast-global-color-5)","background-image":"","background-repeat":"repeat","background-position":"center center","background-size":"auto","background-attachment":"scroll","background-type":"","background-media":"","overlay-type":"","overlay-color":"","overlay-opacity":"","overlay-gradient":""}},"footnotes":""},"class_list":["post-83","page","type-page","status-publish","has-post-thumbnail","hentry"],"aioseo_notices":[],"_links":{"self":[{"href":"https:\/\/essencial-portugal.com\/fr\/wp-json\/wp\/v2\/pages\/83","targetHints":{"allow":["GET"]}}],"collection":[{"href":"https:\/\/essencial-portugal.com\/fr\/wp-json\/wp\/v2\/pages"}],"about":[{"href":"https:\/\/essencial-portugal.com\/fr\/wp-json\/wp\/v2\/types\/page"}],"author":[{"embeddable":true,"href":"https:\/\/essencial-portugal.com\/fr\/wp-json\/wp\/v2\/users\/1"}],"replies":[{"embeddable":true,"href":"https:\/\/essencial-portugal.com\/fr\/wp-json\/wp\/v2\/comments?post=83"}],"version-history":[{"count":0,"href":"https:\/\/essencial-portugal.com\/fr\/wp-json\/wp\/v2\/pages\/83\/revisions"}],"up":[{"embeddable":true,"href":"https:\/\/essencial-portugal.com\/fr\/wp-json\/wp\/v2\/pages\/67"}],"wp:featuredmedia":[{"embeddable":true,"href":"https:\/\/essencial-portugal.com\/fr\/wp-json\/wp\/v2\/media\/46"}],"wp:attachment":[{"href":"https:\/\/essencial-portugal.com\/fr\/wp-json\/wp\/v2\/media?parent=83"}],"curies":[{"name":"wp","href":"https:\/\/api.w.org\/{rel}","templated":true}]}}