{"id":99,"date":"2018-03-23T16:43:33","date_gmt":"2018-03-23T16:43:33","guid":{"rendered":"https:\/\/essencial-portugal.com\/fr\/?page_id=99"},"modified":"2023-02-28T07:51:43","modified_gmt":"2023-02-28T07:51:43","slug":"creation-entreprise-portugaise","status":"publish","type":"page","link":"https:\/\/essencial-portugal.com\/fr\/installation-lisbonne-portugal\/creation-entreprise-portugaise\/","title":{"rendered":"Cr\u00e9ation d&rsquo;entreprise Portugal : accompagnement de A \u00e0 Z"},"content":{"rendered":"<p><img fetchpriority=\"high\" decoding=\"async\" class=\"aligncenter size-full wp-image-21\" src=\"https:\/\/essencial-portugal.com\/fr\/wp-content\/uploads\/2018\/03\/creation-entreprise-au-portugal.jpg\" alt=\"Cr\u00e9er une entreprise au Portugal\" width=\"866\" height=\"495\" srcset=\"https:\/\/essencial-portugal.com\/fr\/wp-content\/uploads\/2018\/03\/creation-entreprise-au-portugal.jpg 866w, https:\/\/essencial-portugal.com\/fr\/wp-content\/uploads\/2018\/03\/creation-entreprise-au-portugal-300x171.jpg 300w, https:\/\/essencial-portugal.com\/fr\/wp-content\/uploads\/2018\/03\/creation-entreprise-au-portugal-768x439.jpg 768w\" sizes=\"(max-width: 866px) 100vw, 866px\" \/><\/p>\n<p>On observe depuis quelques ann\u00e9es que de nombreux retrait\u00e9s d&rsquo;Europe et d&rsquo;ailleurs viennent s&rsquo;installer au Portugal, \u00e0 Lisbonne ou dans l&rsquo;Algarve. Les conditions pour la retraite \u00e9trang\u00e8re peuvent \u00eatre avantageuses avec le <a href=\"https:\/\/essencial-portugal.com\/fr\/actualite-portugal\/rnh-portugal-questions-frequentes\/\">statut de R\u00e9sident Non Habituel<\/a>. Mais avec deux Websummit en 2016 et 2017, Lisbonne est \u00e9galement une ville attractive pour les jeunes entrepreneurs et actifs francophones ou anglophones. Le Portugal offre des avantages en termes de co\u00fbt salarial, d&rsquo;imposition ou de risque \u00e0 l&#8217;embauche permettant \u00e0 chacun de se lancer dans son activit\u00e9.<\/p>\n<h2>Cr\u00e9er une entreprise simplement au Portugal<\/h2>\n<p>Avant de d\u00e9couvrir ci-dessous les diff\u00e9rentes \u00e9tapes de cr\u00e9ation d&rsquo;entreprise au Portugal ou les statuts juridiques disponibles, sachez que vous pouvez remplir le formulaire ci-dessous pour vous faire accompagner par des comptables et experts comptables dans tout le processus de cr\u00e9ation d&rsquo;entreprise au Portugal, de rachat de soci\u00e9t\u00e9 dans le pays, de gestion comptable ou de gestion des ressources humaines.<\/p>\n<p>Ce cabinet de <strong>conseil<\/strong>, d\u2019expertise <strong>Comptable<\/strong> et <strong>RH<\/strong>, qui op\u00e8re sur le march\u00e9 europ\u00e9en depuis 2000 et au Portugal depuis 2011, travaille avec des entreprises de plusieurs secteurs et tailles et a d\u00e9j\u00e0 install\u00e9 plus de 200 soci\u00e9t\u00e9s au Portugal.\u00a0Utilisez le bouton de contact ci-dessous et remplissez le formulaire d\u00e9di\u00e9 afin qu&rsquo;ils puissent prendre connaissance de votre projet et revenir vers vous rapidement pour un premier \u00e9change.<\/p>\n<p style=\"text-align: center;\"><a class=\"maxbutton-1 maxbutton maxbutton-contact\" href=\"#formulaire\"><span class='mb-text'>Formulaire<\/span><\/a><\/p>\n<p>&nbsp;<\/p>\n<p>L&rsquo;acte de cr\u00e9ation d&rsquo;entreprise peut se faire tr\u00e8s rapidement au Portugal et vous avez la possibilit\u00e9 de <strong>vous faire accompagner d&rsquo;une personne parlant portugais<\/strong> qui d\u00e9clarera vous avoir expliqu\u00e9 tous les aspects important relatifs \u00e0 la cr\u00e9ation de votre entreprise. Il est difficilement envisageable de se rendre dans l&rsquo;administration concern\u00e9e et de se lancer seul sans connaissance de la langue. L&rsquo;anglais pourrait y \u00eatre parl\u00e9 mais tous les documents officiels \u00e0 remplir et signer seront en portugais.<\/p>\n<p>Avant de d\u00e9marrer ce processus de cr\u00e9ation, vous devrez \u00eatre d\u00e9tenteur d&rsquo;un <a href=\"https:\/\/essencial-portugal.com\/fr\/installation-lisbonne-portugal\/obtenir-numero-identification-fiscal\/\">Num\u00e9ro d&rsquo;Identification Fiscal portugais<\/a> (NIF). Nous pouvons effectuer cette d\u00e9marche administrative pour vous mais vous devrez \u00eatre pr\u00e9sent lors du processus de <strong>cr\u00e9ation de votre entreprise au Portugal<\/strong>. Il vous faudra dans un premier temps inscrire votre entreprise au registre du commerce. Renseignez vous sur les certificats que vous pouvez obtenir en ligne et qui vous seront demand\u00e9s par les administrations portugaises.<\/p>\n<p>Une entreprise portugaise doit \u00e9galement obtenir un num\u00e9ro d&rsquo;immatriculation et un <a href=\"https:\/\/essencial-portugal.com\/fr\/installation-lisbonne-portugal\/securite-sociale\/\">num\u00e9ro de s\u00e9curit\u00e9 sociale<\/a>. L&rsquo;obtention de ces \u00e9l\u00e9ments se fait par une inscription aupr\u00e8s des <a href=\"https:\/\/essencial-portugal.com\/fr\/installation-lisbonne-portugal\/obtenir-numero-identification-fiscal\/\">services financiers<\/a> et de la s\u00e9curit\u00e9 sociale. Vous pouvez mettre \u00e7a en place sur internet. Il reste toujours recommand\u00e9 de vous faire accompagner d&rsquo;un comptable portugais parlant le fran\u00e7ais ou l&rsquo;anglais (Selon votre langue maternelle). Les factures d&rsquo;entreprises au Portugal doivent \u00eatre r\u00e9alis\u00e9es par un logiciel agr\u00e9\u00e9 dont la licence \u00e0 l&rsquo;ann\u00e9e est payant. Le comptable vous assurera donc :<\/p>\n<ul>\n<li>D&rsquo;obtenir des factures r\u00e9glementaires<\/li>\n<li>D&rsquo;avoir une comptabilit\u00e9 bien tenue selon les lois en vigueur<\/li>\n<li>De vous faire accompagner dans certaines d\u00e9marches administratives relatives \u00e0 votre entreprise<\/li>\n<li>De <a href=\"https:\/\/essencial-portugal.com\/fr\/prestations-vie-courante\/declaration-de-revenus-portugais\/\">remplir vos d\u00e9clarations d&rsquo;imp\u00f4t<\/a> de la mani\u00e8re la plus avantageuse qui soit<\/li>\n<\/ul>\n<p>Contactez nous et confiez nous toutes vos d\u00e9marches administratives li\u00e9es \u00e0 la cr\u00e9ation de votre entreprise au Portugal. Nous vous accompagnons dans les d\u00e9marches administratives autour du grand Lisbonne, de la constitution du dossier \u00e0 la d\u00e9livrance des documents l\u00e9gaux finaux.<\/p>\n<p>Dans le cas o\u00f9 vos fonds proviendraient d&rsquo;un pays \u00e9tranger, il faudra alors vous manifester aupr\u00e8s de l&rsquo;office portugais du commerce de l&rsquo;investissement et du tourisme. Il sera \u00e9galement n\u00e9cessaire d&rsquo;<a href=\"https:\/\/essencial-portugal.com\/fr\/installation-lisbonne-portugal\/ouvrir-compte-banque-portugal\/\">ouvrir un compte en banque portugais<\/a>.<\/p>\n<h2>Les statuts d&rsquo;entreprises au Portugal<\/h2>\n<p>Il se peut que votre nouveau projet professionnel \u00e0 Lisbonne ou ailleurs n&rsquo;ai pas encore toutes ses bases. Voici donc un point sur les diff\u00e9rents statuts juridiques d&rsquo;entreprise pour lesquels opter au Portugal, afin de vous \u00e9clairer sur le plus avantageux pour votre entreprise.<\/p>\n<h3>L&rsquo;entreprise individuelle<\/h3>\n<p>Id\u00e9al pour les petites entreprises, cette forme juridique ne n\u00e9cessite pas de capital. Le fondateur est le seul \u00e0 diriger mais son patrimoine et celui de son entreprise sont communs. Une forme \u00e0 r\u00e9fl\u00e9chir \u00e9tant donn\u00e9 sa responsabilit\u00e9 illimit\u00e9e.<\/p>\n<h3>La Soci\u00e9t\u00e9 Unipessoal per Quotas (S.U.Q)<\/h3>\n<p>Le capital minimum de cette forme juridique est de 1\u20ac. Appr\u00e9ciable pour une cr\u00e9ation d&rsquo;entreprise facile, il faudra tout de m\u00eame garder \u00e0 l&rsquo;esprit qu&rsquo;en cas d&rsquo;activit\u00e9 florissante et de demande de pr\u00eats ou investissements, un capital de 1000\u20ac sera plus convaincant que 1\u20ac. Cette forme juridique ne n\u00e9cessit\u00e9 qu&rsquo;un seul associ\u00e9 (Physique ou morale) qui sera responsable \u00e0 hauteur de son apport.<\/p>\n<h3>Soci\u00e9t\u00e9 Portugaise per Quotas (L.D.A)<\/h3>\n<p>Forme juridique \u00e0 responsabilit\u00e9 limit\u00e9e qui doit avoir au moins 2 associ\u00e9s. Le capital minimum de cr\u00e9ation d&rsquo;entreprise sous la forme L.D.A est de 1\u20ac par associ\u00e9. L&rsquo;entreprise peut avoir un ou plusieurs g\u00e9rants. Les associ\u00e9s sont responsable \u00e0 hauteur de leurs apports et sont surtout solidaires les uns aux autres en cas de dettes.<\/p>\n<h3>La Soci\u00e9t\u00e9 Anonyme (S.A)<\/h3>\n<p>Forme juridique recommand\u00e9e pour les grandes entreprises. Il faut au minimum 5 actionnaires pour sa cr\u00e9ation et un capital minimum de 50000\u20ac.<\/p>\n<h3>La Soci\u00e9t\u00e9 en nom Collectif (S.N.C)<\/h3>\n<p>Le minimum d&rsquo;associ\u00e9s de cette forme juridique est de deux. Ils peuvent \u00eatre plus et poss\u00e8dent chacun une voix. Il n&rsquo;y a pas de capital minimum requis et toutes les d\u00e9cisions d&rsquo;entreprise sont prises \u00e0 la majorit\u00e9 simple. En cas de nomination d&rsquo;un g\u00e9rant non associ\u00e9, les d\u00e9cisions d&rsquo;entreprise devront \u00eatre unanimes.<\/p>\n<h2>Choisir le nom de votre entreprise au Portugal<\/h2>\n<p>Au moment de la cr\u00e9ation de votre entreprise au Portugal, le choix du nom de celle-ci sera tr\u00e8s important. C&rsquo;est le nom qui vous permettra d&rsquo;\u00eatre reconnu, reconnaissable et sous lequel vous allez promouvoir vos produits ou service, que ce soit sur le territoire portugais comme \u00e0 l&rsquo;international. Attention tout de m\u00eame puisqu&rsquo;une entreprise portugaise en cr\u00e9ation peut proposer un nom pour son entreprise mais n&rsquo;aura pas le dernier mot : c&rsquo;est en effet le Conservatoria do Registo Commercial qui donnera sa d\u00e9cision finale.<\/p>\n<p>Garder \u00e0 l&rsquo;esprit les diff\u00e9rentes options qui s&rsquo;offrent \u00e0 vous lors de la cr\u00e9ation de votre soci\u00e9t\u00e9 :<\/p>\n<ul>\n<li>Consultez une liste de noms d&rsquo;entreprises pr\u00e9d\u00e9finis et valid\u00e9s par le Conservatoria do Registo Commercial. Vous pourrez y ajouter une expression ou un mot li\u00e9 \u00e0 votre activit\u00e9 mais vous n&rsquo;aurez pas le choix de la totalit\u00e9 du nom mais seulement un choix parmi une longue liste. Ces noms pour votre future entreprise ne vous conviendront peut-\u00eatre pas parfaitement mais ils ont l&rsquo;avantage d&rsquo;avoir \u00e9t\u00e9 d\u00e9j\u00e0 valid\u00e9s, acc\u00e9l\u00e9rant ainsi tout le processus sans avoir \u00e0 attendre une validation des administrations portugaises.<\/li>\n<li>Consultez une liste, l\u00e0 encore d\u00e9j\u00e0 approuv\u00e9e mais \u00e9tant des marques. Bien s\u00fbr, vous n&rsquo;aurez toujours pas de choix vraiment libre mais ce sont des options \u00e0 envisager pour les personnes souhaitant cr\u00e9er une entreprise rapidement au Portugal.<\/li>\n<li>Choisir votre propre nom de soci\u00e9t\u00e9 et le soumettre aux administrations portugaises concern\u00e9es. Il vous faudra attendre environ 15 jours avant d&rsquo;avoir la r\u00e9ponse. Il vous faudra soumettre votre nom via un Certificado de Admissibilidade de Firma qui co\u00fbte 75\u20ac. Vous pourrez l&rsquo;obtenir en ligne ou par courrier via ce <a href=\"https:\/\/www.irn.mj.pt\/IRN\/sections\/irn\/a_registral\/rnpc\/docs_rnpc\/novos-impressos-do-rnpc\/downloadFile\/attachedFile_f0\/RNPC_Mod1.pdf\" target=\"_blank\" rel=\"noopener\">document \u00e0 remplir <\/a>et \u00e0 envoyer.<\/li>\n<\/ul>\n<h2>D\u00e9claration de d\u00e9but d&rsquo;activit\u00e9 de votre soci\u00e9t\u00e9 portugaise<\/h2>\n<p>Ce d\u00e9claration de d\u00e9but d&rsquo;activit\u00e9 est une \u00e9tape indispensable pour cr\u00e9er une entreprise au Portugal. Vous pouvez bien s\u00fbr le faire tout seul, comme chaque \u00e9tape indiqu\u00e9e sur cette page d\u00e9di\u00e9e mais encore une fois, je vous conseille fortement de faire appel \u00e0 un <a href=\"https:\/\/essencial-portugal.com\/fr\/entreprise-portugal\/comptable-francophone-lisbonne-portugal\/\" target=\"_blank\" rel=\"noopener\">comptable francophone au Portugal<\/a> pour \u00e9viter des erreurs ou des d\u00e9cisions qui sur le long termes ne conviendraient plus face \u00e0 la fa\u00e7on dont \u00e9volue votre entreprise.<\/p>\n<p>La d\u00e9claration de d\u00e9but d&rsquo;activit\u00e9 au Portugal doit se faire :<\/p>\n<ul>\n<li>Au moment o\u00f9 vous constituez votre soci\u00e9t\u00e9 et doit \u00eatre sign\u00e9 par un TOC (un comptable officiel au Portugal)<\/li>\n<li>Au moment o\u00f9 vous constituez votre soci\u00e9t\u00e9 et doit \u00eatre sign\u00e9 par un TOC que vous pourrez choisir parmi une liste mise \u00e0 disposition au guichet du Registre Commercial<\/li>\n<\/ul>\n<p>Dans les 15 jours suivants la d\u00e9claration de d\u00e9but d&rsquo;activit\u00e9, vous devrez la soumettre aux Finan\u00e7as, enti\u00e8rement compl\u00e9t\u00e9e et sign\u00e9e par un comptable officiel.<\/p>\n<h2>Le d\u00e9p\u00f4t de capital de votre soci\u00e9t\u00e9<\/h2>\n<p>Il est obligatoire de d\u00e9poser le capital avant la fin de la premi\u00e8re ann\u00e9e si vous voulez cr\u00e9er l&rsquo;une des deux soci\u00e9t\u00e9s suivantes :<\/p>\n<ul>\n<li>Sociedade por quotas (soci\u00e9t\u00e9 par actions)<\/li>\n<li>Unipessoal por quotas (soci\u00e9t\u00e9 par actions personnelle)<\/li>\n<\/ul>\n<p>C&rsquo;est dans une banque, au nom de la soci\u00e9t\u00e9 et dans les 5 jours ouvrables suivant la constitution de l&rsquo;entreprise, qu&rsquo;il faudra d\u00e9poser la valeur du capital social (dans le cas des soci\u00e9t\u00e9s par actions)<\/p>\n<h2>Cr\u00e9ation d&rsquo;entreprise et d\u00e9p\u00f4t de marque<\/h2>\n<p>Il vous est tout \u00e0 fait possible de cr\u00e9er une marque au m\u00eame moment que la cr\u00e9ation de votre entreprise. Si vous faites appel \u00e0 un comptable, il faudra l&rsquo;en informer puisque tout se fait au m\u00eame guichet de l&#8217;empresa na hora. Attention, cela concerne diff\u00e9rentes cat\u00e9gories de produits ou services que vous pouvez voir ci-dessous :<\/p>\n<ul>\n<li>Services de construction, de r\u00e9paration et d&rsquo;installation<\/li>\n<li>Assurances, parrainage financier et financier, mon\u00e9taire et immobilier<\/li>\n<li>Administration de services immobiliers et de m\u00e9diation dans l&rsquo;achat et la vente de biens immobiliers<\/li>\n<li>Boissons alcoolis\u00e9es, \u00e0 l&rsquo;exception des bi\u00e8res<\/li>\n<li>V\u00eatements, chaussures et chapellerie<\/li>\n<li>Services de restauration et d&rsquo;h\u00e9bergement temporaire<\/li>\n<li>Publicit\u00e9, gestion commerciale, administration des affaires, travail de bureau, revente \u00e0 des tiers et vente au d\u00e9tail ou en gros<\/li>\n<li>\u00c9ducation, formation et activit\u00e9s sportives et culturelles<\/li>\n<\/ul>\n<h2>Empresa na Hora : votre entreprise portugaise en 1h<\/h2>\n<p>Il existe \u00e0 Lisbonne et ailleurs des bureaux uniques dans lesquels il est possible pour les portugais ou non de cr\u00e9er une entreprise en moins d&rsquo;une heure. Ce service est propos\u00e9 pour la cr\u00e9ation de petites entreprises que sont la soci\u00e9t\u00e9 UNIPESSOAL et la Soci\u00e9t\u00e9 por Quotas. Une solution qui peut \u00eatre int\u00e9ressante puisque vous pourrez dans ces bureaux :<\/p>\n<ul>\n<li>Choisir le nom de votre soci\u00e9t\u00e9 portugaise<\/li>\n<li>Choisir son statut juridique<\/li>\n<li>D\u00e9finir son si\u00e8ge social<\/li>\n<li>D\u00e9finir votre capital<\/li>\n<li>D\u00e9finir votre domaine d&rsquo;activit\u00e9<\/li>\n<\/ul>\n<p>Une simple signature et un paiement finaliseront la cr\u00e9ation de votre <a href=\"https:\/\/essencial-portugal.com\/fr\/actualite-portugal\/entreprises-francaises-lisbonne\/\">entreprise fran\u00e7aise \u00e0 Lisbonne<\/a>. Pour avoir moi m\u00eame cr\u00e9\u00e9 mon entreprise dans ces bureaux, le d\u00e9lai d&rsquo;attente peut \u00eatre plus long selon les horaires choisis. Nous pouvons vous accompagner et vous conseiller sur les meilleurs horaires pour vous y rendre.<\/p>\n<div id=\"formulaire\"><\/div>\n<p>Le capital de votre entreprise doit \u00eatre d\u00e9pos\u00e9 sur un compte en banque portugais avant la constitution de votre dossier ou 5 jours apr\u00e8s sa remise aux administrations. Les statuts devront \u00e9galement par la suite \u00eatre sign\u00e9s devant un notaire et le d\u00e9but de votre activit\u00e9 d\u00e9clar\u00e9 : deux \u00e9l\u00e9ments qui peuvent n\u00e9cessiter l&rsquo;accompagnement d&rsquo;un comptable exp\u00e9riment\u00e9.<\/p>\n<h2>Cr\u00e9ation d&rsquo;entreprise au Portugal avec un comptable francophone<\/h2>\n<p>&nbsp;<\/p>\n<p style=\"text-align: center;\"><div class=\"wpforms-container wpforms-container-full\" id=\"wpforms-4007\"><form id=\"wpforms-form-4007\" class=\"wpforms-validate wpforms-form\" data-formid=\"4007\" method=\"post\" enctype=\"multipart\/form-data\" action=\"\/fr\/wp-json\/wp\/v2\/pages\/99\" data-token=\"6ebf38e284ea63baa31946439bfe5ed2\" data-token-time=\"1776648860\"><noscript class=\"wpforms-error-noscript\">Veuillez activer JavaScript dans votre navigateur pour remplir ce formulaire.<\/noscript><div class=\"wpforms-field-container\"><div id=\"wpforms-4007-field_0-container\" class=\"wpforms-field wpforms-field-name\" data-field-id=\"0\"><label class=\"wpforms-field-label\">Nom <span class=\"wpforms-required-label\">*<\/span><\/label><div class=\"wpforms-field-row wpforms-field-medium\"><div class=\"wpforms-field-row-block wpforms-first wpforms-one-half\"><input type=\"text\" id=\"wpforms-4007-field_0\" class=\"wpforms-field-name-first wpforms-field-required\" name=\"wpforms[fields][0][first]\" required><label for=\"wpforms-4007-field_0\" class=\"wpforms-field-sublabel after\">Pr\u00e9nom<\/label><\/div><div class=\"wpforms-field-row-block wpforms-one-half\"><input type=\"text\" id=\"wpforms-4007-field_0-last\" class=\"wpforms-field-name-last wpforms-field-required\" name=\"wpforms[fields][0][last]\" required><label for=\"wpforms-4007-field_0-last\" class=\"wpforms-field-sublabel after\">Nom<\/label><\/div><\/div><\/div><div id=\"wpforms-4007-field_1-container\" class=\"wpforms-field wpforms-field-email\" data-field-id=\"1\"><label class=\"wpforms-field-label\" for=\"wpforms-4007-field_1\">E-mail <span class=\"wpforms-required-label\">*<\/span><\/label><input type=\"email\" id=\"wpforms-4007-field_1\" class=\"wpforms-field-medium wpforms-field-required\" name=\"wpforms[fields][1]\" spellcheck=\"false\" required><\/div><div id=\"wpforms-4007-field_8-container\" class=\"wpforms-field wpforms-field-text\" data-field-id=\"8\"><label class=\"wpforms-field-label\" for=\"wpforms-4007-field_8\">T\u00e9l\u00e9phone <span class=\"wpforms-required-label\">*<\/span><\/label><input type=\"text\" id=\"wpforms-4007-field_8\" class=\"wpforms-field-medium wpforms-field-required\" name=\"wpforms[fields][8]\" required><\/div><div id=\"wpforms-4007-field_4-container\" class=\"wpforms-field wpforms-field-text\" data-field-id=\"4\"><label class=\"wpforms-field-label\" for=\"wpforms-4007-field_4\">O\u00f9 souhaitez vous cr\u00e9er votre entreprise <span class=\"wpforms-required-label\">*<\/span><\/label><input type=\"text\" id=\"wpforms-4007-field_4\" class=\"wpforms-field-medium wpforms-field-required\" name=\"wpforms[fields][4]\" required><\/div><div id=\"wpforms-4007-field_5-container\" class=\"wpforms-field wpforms-field-text\" data-field-id=\"5\"><label class=\"wpforms-field-label\" for=\"wpforms-4007-field_5\">Quel type d&#039;entreprise souhaitez vous cr\u00e9er <span class=\"wpforms-required-label\">*<\/span><\/label><input type=\"text\" id=\"wpforms-4007-field_5\" class=\"wpforms-field-medium wpforms-field-required\" name=\"wpforms[fields][5]\" required><\/div><div id=\"wpforms-4007-field_2-container\" class=\"wpforms-field wpforms-field-textarea\" data-field-id=\"2\"><label class=\"wpforms-field-label\" for=\"wpforms-4007-field_2\">Votre projet \/ Vos besoins <span class=\"wpforms-required-label\">*<\/span><\/label><textarea id=\"wpforms-4007-field_2\" class=\"wpforms-field-medium wpforms-field-required\" name=\"wpforms[fields][2]\" required><\/textarea><\/div><\/div><!-- .wpforms-field-container --><div class=\"wpforms-field wpforms-field-hp\"><label for=\"wpforms-4007-field-hp\" class=\"wpforms-field-label\">Website<\/label><input type=\"text\" name=\"wpforms[hp]\" id=\"wpforms-4007-field-hp\" class=\"wpforms-field-medium\"><\/div><div class=\"wpforms-submit-container\" ><input type=\"hidden\" name=\"wpforms[id]\" value=\"4007\"><input type=\"hidden\" name=\"page_title\" value=\"\"><input type=\"hidden\" name=\"page_url\" value=\"https:\/\/essencial-portugal.com\/fr\/wp-json\/wp\/v2\/pages\/99\"><input type=\"hidden\" name=\"url_referer\" value=\"\"><button type=\"submit\" name=\"wpforms[submit]\" id=\"wpforms-submit-4007\" class=\"wpforms-submit\" data-alt-text=\"Envoi...\" data-submit-text=\"Envoyer\" aria-live=\"assertive\" value=\"wpforms-submit\">Envoyer<\/button><\/div><\/form><\/div>  <!-- .wpforms-container --><\/p>\n<blockquote><p>En validant le formulaire de contact, vous m&rsquo;autorisez \u00e0 transmettre votre demande \u00e0 un intervenant francophone bas\u00e9 au Portugal qui pourra vous recontacter directement, discuter de votre projet et de la meilleure fa\u00e7on de vous accompagner.<\/p>\n<p>Essencial Portugal est un site internet de mise en relation entre des particuliers \/ entreprises et professionnels agr\u00e9\u00e9s de confiance au Portugal pour la r\u00e9alisation de projets dans le pays. Seuls ces professionnels certifi\u00e9s et agr\u00e9\u00e9s sont en mesure de vous informer, de proposer et de facturer ces services.<\/p><\/blockquote>\n<p>Vous trouverez ci-dessous d&rsquo;autres services li\u00e9s pour les entreprises francophones au Portugal, qui vous donneront un aper\u00e7u de l&rsquo;\u00e9tendu des professionnels qui peuvent vous accompagner :<\/p>\n<ul>\n<li><a href=\"https:\/\/essencial-portugal.com\/fr\/entreprise-portugal\/achat-entreprise-portugal\/\" target=\"_blank\" rel=\"noopener noreferrer\">Achat d&rsquo;entreprise au Portugal<\/a><\/li>\n<li><a href=\"https:\/\/essencial-portugal.com\/fr\/entreprise-portugal\/comptable-francophone-lisbonne-portugal\/\" target=\"_blank\" rel=\"noopener noreferrer\">Comptabilit\u00e9 francophone au Portugal<\/a><\/li>\n<li><a href=\"https:\/\/essencial-portugal.com\/fr\/entreprise-portugal\/gestion-rh-francophone-portugal\/\" target=\"_blank\" rel=\"noopener noreferrer\">Gestion RH francophone Lisbonne et Portugal<\/a><\/li>\n<li><a href=\"https:\/\/essencial-portugal.com\/fr\/entreprise-portugal\/\">Implantation d&rsquo;entreprise au Portugal<\/a><\/li>\n<\/ul>\n","protected":false},"excerpt":{"rendered":"<p>On observe depuis quelques ann\u00e9es que de nombreux retrait\u00e9s d&rsquo;Europe et d&rsquo;ailleurs viennent s&rsquo;installer au Portugal, \u00e0 Lisbonne ou dans l&rsquo;Algarve. Les conditions pour la retraite \u00e9trang\u00e8re peuvent \u00eatre avantageuses avec le statut de R\u00e9sident Non Habituel. Mais avec deux Websummit en 2016 et 2017, Lisbonne est \u00e9galement une ville attractive pour les jeunes entrepreneurs [&hellip;]<\/p>\n","protected":false},"author":1,"featured_media":21,"parent":67,"menu_order":0,"comment_status":"closed","ping_status":"closed","template":"","meta":{"om_disable_all_campaigns":false,"_monsterinsights_skip_tracking":false,"_monsterinsights_sitenote_active":false,"_monsterinsights_sitenote_note":"","_monsterinsights_sitenote_category":0,"_uf_show_specific_survey":0,"_uf_disable_surveys":false,"site-sidebar-layout":"default","site-content-layout":"default","ast-site-content-layout":"default","site-content-style":"default","site-sidebar-style":"default","ast-global-header-display":"","ast-banner-title-visibility":"","ast-main-header-display":"","ast-hfb-above-header-display":"","ast-hfb-below-header-display":"","ast-hfb-mobile-header-display":"","site-post-title":"","ast-breadcrumbs-content":"","ast-featured-img":"","footer-sml-layout":"","ast-disable-related-posts":"","theme-transparent-header-meta":"default","adv-header-id-meta":"","stick-header-meta":"","header-above-stick-meta":"","header-main-stick-meta":"","header-below-stick-meta":"","astra-migrate-meta-layouts":"default","ast-page-background-enabled":"default","ast-page-background-meta":{"desktop":{"background-color":"","background-image":"","background-repeat":"repeat","background-position":"center center","background-size":"auto","background-attachment":"scroll","background-type":"","background-media":"","overlay-type":"","overlay-color":"","overlay-opacity":"","overlay-gradient":""},"tablet":{"background-color":"","background-image":"","background-repeat":"repeat","background-position":"center center","background-size":"auto","background-attachment":"scroll","background-type":"","background-media":"","overlay-type":"","overlay-color":"","overlay-opacity":"","overlay-gradient":""},"mobile":{"background-color":"","background-image":"","background-repeat":"repeat","background-position":"center center","background-size":"auto","background-attachment":"scroll","background-type":"","background-media":"","overlay-type":"","overlay-color":"","overlay-opacity":"","overlay-gradient":""}},"ast-content-background-meta":{"desktop":{"background-color":"var(--ast-global-color-5)","background-image":"","background-repeat":"repeat","background-position":"center center","background-size":"auto","background-attachment":"scroll","background-type":"","background-media":"","overlay-type":"","overlay-color":"","overlay-opacity":"","overlay-gradient":""},"tablet":{"background-color":"var(--ast-global-color-5)","background-image":"","background-repeat":"repeat","background-position":"center center","background-size":"auto","background-attachment":"scroll","background-type":"","background-media":"","overlay-type":"","overlay-color":"","overlay-opacity":"","overlay-gradient":""},"mobile":{"background-color":"var(--ast-global-color-5)","background-image":"","background-repeat":"repeat","background-position":"center center","background-size":"auto","background-attachment":"scroll","background-type":"","background-media":"","overlay-type":"","overlay-color":"","overlay-opacity":"","overlay-gradient":""}},"footnotes":""},"class_list":["post-99","page","type-page","status-publish","has-post-thumbnail","hentry"],"aioseo_notices":[],"_links":{"self":[{"href":"https:\/\/essencial-portugal.com\/fr\/wp-json\/wp\/v2\/pages\/99","targetHints":{"allow":["GET"]}}],"collection":[{"href":"https:\/\/essencial-portugal.com\/fr\/wp-json\/wp\/v2\/pages"}],"about":[{"href":"https:\/\/essencial-portugal.com\/fr\/wp-json\/wp\/v2\/types\/page"}],"author":[{"embeddable":true,"href":"https:\/\/essencial-portugal.com\/fr\/wp-json\/wp\/v2\/users\/1"}],"replies":[{"embeddable":true,"href":"https:\/\/essencial-portugal.com\/fr\/wp-json\/wp\/v2\/comments?post=99"}],"version-history":[{"count":0,"href":"https:\/\/essencial-portugal.com\/fr\/wp-json\/wp\/v2\/pages\/99\/revisions"}],"up":[{"embeddable":true,"href":"https:\/\/essencial-portugal.com\/fr\/wp-json\/wp\/v2\/pages\/67"}],"wp:featuredmedia":[{"embeddable":true,"href":"https:\/\/essencial-portugal.com\/fr\/wp-json\/wp\/v2\/media\/21"}],"wp:attachment":[{"href":"https:\/\/essencial-portugal.com\/fr\/wp-json\/wp\/v2\/media?parent=99"}],"curies":[{"name":"wp","href":"https:\/\/api.w.org\/{rel}","templated":true}]}}